{"id":19809,"date":"2017-06-07T12:56:04","date_gmt":"2017-06-07T10:56:04","guid":{"rendered":"https:\/\/foliobooks.pl\/sklep\/caravaggio-the-complete-works\/"},"modified":"2022-09-20T15:24:46","modified_gmt":"2022-09-20T13:24:46","slug":"caravaggio-the-complete-works","status":"publish","type":"product","link":"https:\/\/foliobooks.pl\/en\/shop\/caravaggio-the-complete-works\/","title":{"rendered":"Caravaggio. The Complete Works"},"content":{"rendered":"<p>Caravaggio, or more accurately Michelangelo Merisi da Caravaggio (1571\u20131610), was always a name to be reckoned with. Notorious bad boy of Italian painting, the artist was at once celebrated and controversial: violent in temper, precise in technique, a creative master, and a man on the run. Today, he is considered one of the greatest influences in all art history.<\/p>\n<p>This Bibliotheca Universalis edition offers a neat and comprehensive Caravaggio catalogue raisonn\u00e9. Each of his paintings is reproduced from recent top-quality photography, allowing for a vivid encounter with the artist\u2019s ingenious repertoire of looks and gestures, as well as numerous detail shots of his boundary-breaking naturalism. Five accompanying chapters trace the complete arc of Caravaggio\u2019s career from his first public commissions in Rome through to his growing celebrity status and trace his tempestuous personal life, in which drama loomed as prominently as in his canvases.<\/p>\n","protected":false},"excerpt":{"rendered":"<p>Caravaggio, or more accurately Michelangelo Merisi da Caravaggio (1571\u20131610), was always a name to be reckoned with. Notorious bad boy of Italian painting, the artist was at once celebrated and controversial: violent in temper, precise in technique, a creative master, and a man on the run. Today, he is considered one of the greatest influences&#8230;<\/p>\n","protected":false},"featured_media":19800,"comment_status":"closed","ping_status":"closed","template":"","meta":[],"product_brand":[],"product_cat":[4522],"product_tag":[9083,2767,1146,154,524],"class_list":{"0":"post-19809","1":"product","2":"type-product","3":"status-publish","4":"has-post-thumbnail","6":"product_cat-art-en","7":"product_tag-art-en","8":"product_tag-art-history","9":"product_tag-great-masters-en","10":"product_tag-monographs","11":"product_tag-painting-en","12":"pa_author_att-sebastian-schutze-en","13":"pa_cover-hardcover","14":"pa_format-14-x-195-cm-en","15":"pa_isbn-9783836562867-en","16":"pa_language-eng","17":"pa_pages-524-en","18":"pa_published-2017-05-04-en","19":"pa_publisher-taschen-en-en","21":"first","22":"outofstock","23":"sold-individually","24":"shipping-taxable","25":"purchasable","26":"product-type-simple"},"yoast_head":"<!-- This site is optimized with the Yoast SEO plugin v27.4 - https:\/\/yoast.com\/product\/yoast-seo-wordpress\/ -->\n<title>Caravaggio. The Complete Works (Sebastian Sch\u00fctze) - book \/ album - Folio<\/title>\n<meta name=\"description\" content=\"Wejd\u017a i kup ksi\u0105\u017ck\u0119 Caravaggio. The Complete Works autorstwa Sebastian Sch\u00fctze wydan\u0105 przez TASCHEN (2017-05-04) w formacie 14 x 19,5 cm (ISBN: 9783836562867). Zapraszamy!\" \/>\n<meta name=\"robots\" content=\"index, follow, max-snippet:-1, max-image-preview:large, max-video-preview:-1\" \/>\n<link rel=\"canonical\" href=\"https:\/\/foliobooks.pl\/en\/shop\/caravaggio-the-complete-works\/\" \/>\n<meta property=\"og:locale\" content=\"en_US\" \/>\n<meta property=\"og:type\" content=\"article\" \/>\n<meta property=\"og:title\" content=\"Caravaggio. The Complete Works (Sebastian Sch\u00fctze) - book \/ album - Folio\" \/>\n<meta property=\"og:description\" content=\"Wejd\u017a i kup ksi\u0105\u017ck\u0119 Caravaggio. The Complete Works autorstwa Sebastian Sch\u00fctze wydan\u0105 przez TASCHEN (2017-05-04) w formacie 14 x 19,5 cm (ISBN: 9783836562867). Zapraszamy!\" \/>\n<meta property=\"og:url\" content=\"https:\/\/foliobooks.pl\/en\/shop\/caravaggio-the-complete-works\/\" \/>\n<meta property=\"og:site_name\" content=\"Folio\" \/>\n<meta property=\"article:modified_time\" content=\"2022-09-20T13:24:46+00:00\" \/>\n<meta property=\"og:image\" content=\"https:\/\/foliobooks.pl\/wp-content\/uploads\/2017\/06\/9783836562867.png\" \/>\n\t<meta property=\"og:image:width\" content=\"570\" \/>\n\t<meta property=\"og:image:height\" content=\"708\" \/>\n\t<meta property=\"og:image:type\" content=\"image\/png\" \/>\n<meta name=\"twitter:card\" content=\"summary_large_image\" \/>\n<meta name=\"twitter:label1\" content=\"Est. reading time\" \/>\n\t<meta name=\"twitter:data1\" content=\"1 minute\" \/>\n<script type=\"application\/ld+json\" class=\"yoast-schema-graph\">{\"@context\":\"https:\\\/\\\/schema.org\",\"@graph\":[{\"@type\":\"WebPage\",\"@id\":\"https:\\\/\\\/foliobooks.pl\\\/en\\\/shop\\\/caravaggio-the-complete-works\\\/\",\"url\":\"https:\\\/\\\/foliobooks.pl\\\/en\\\/shop\\\/caravaggio-the-complete-works\\\/\",\"name\":\"Caravaggio. The Complete Works (Sebastian Sch\u00fctze) - book \\\/ album - Folio\",\"isPartOf\":{\"@id\":\"https:\\\/\\\/foliobooks.pl\\\/en\\\/#website\"},\"primaryImageOfPage\":{\"@id\":\"https:\\\/\\\/foliobooks.pl\\\/en\\\/shop\\\/caravaggio-the-complete-works\\\/#primaryimage\"},\"image\":{\"@id\":\"https:\\\/\\\/foliobooks.pl\\\/en\\\/shop\\\/caravaggio-the-complete-works\\\/#primaryimage\"},\"thumbnailUrl\":\"https:\\\/\\\/foliobooks.pl\\\/wp-content\\\/uploads\\\/2017\\\/06\\\/9783836562867.png\",\"datePublished\":\"2017-06-07T10:56:04+00:00\",\"dateModified\":\"2022-09-20T13:24:46+00:00\",\"description\":\"Wejd\u017a i kup ksi\u0105\u017ck\u0119 Caravaggio. The Complete Works autorstwa Sebastian Sch\u00fctze wydan\u0105 przez TASCHEN (2017-05-04) w formacie 14 x 19,5 cm (ISBN: 9783836562867). Zapraszamy!\",\"breadcrumb\":{\"@id\":\"https:\\\/\\\/foliobooks.pl\\\/en\\\/shop\\\/caravaggio-the-complete-works\\\/#breadcrumb\"},\"inLanguage\":\"en-US\",\"potentialAction\":[{\"@type\":\"ReadAction\",\"target\":[\"https:\\\/\\\/foliobooks.pl\\\/en\\\/shop\\\/caravaggio-the-complete-works\\\/\"]}]},{\"@type\":\"ImageObject\",\"inLanguage\":\"en-US\",\"@id\":\"https:\\\/\\\/foliobooks.pl\\\/en\\\/shop\\\/caravaggio-the-complete-works\\\/#primaryimage\",\"url\":\"https:\\\/\\\/foliobooks.pl\\\/wp-content\\\/uploads\\\/2017\\\/06\\\/9783836562867.png\",\"contentUrl\":\"https:\\\/\\\/foliobooks.pl\\\/wp-content\\\/uploads\\\/2017\\\/06\\\/9783836562867.png\",\"width\":570,\"height\":708},{\"@type\":\"BreadcrumbList\",\"@id\":\"https:\\\/\\\/foliobooks.pl\\\/en\\\/shop\\\/caravaggio-the-complete-works\\\/#breadcrumb\",\"itemListElement\":[{\"@type\":\"ListItem\",\"position\":1,\"name\":\"Strona g\u0142\u00f3wna\",\"item\":\"https:\\\/\\\/foliobooks.pl\\\/en\\\/\"},{\"@type\":\"ListItem\",\"position\":2,\"name\":\"Shop\",\"item\":\"https:\\\/\\\/foliobooks.pl\\\/en\\\/shop\\\/\"},{\"@type\":\"ListItem\",\"position\":3,\"name\":\"Caravaggio. The Complete Works\"}]},{\"@type\":\"WebSite\",\"@id\":\"https:\\\/\\\/foliobooks.pl\\\/en\\\/#website\",\"url\":\"https:\\\/\\\/foliobooks.pl\\\/en\\\/\",\"name\":\"Folio\",\"description\":\"Ksi\u0119garnia internetowa\",\"potentialAction\":[{\"@type\":\"SearchAction\",\"target\":{\"@type\":\"EntryPoint\",\"urlTemplate\":\"https:\\\/\\\/foliobooks.pl\\\/en\\\/?s={search_term_string}\"},\"query-input\":{\"@type\":\"PropertyValueSpecification\",\"valueRequired\":true,\"valueName\":\"search_term_string\"}}],\"inLanguage\":\"en-US\"}]}<\/script>\n<!-- \/ Yoast SEO plugin. -->","yoast_head_json":{"title":"Caravaggio. The Complete Works (Sebastian Sch\u00fctze) - book \/ album - Folio","description":"Wejd\u017a i kup ksi\u0105\u017ck\u0119 Caravaggio. The Complete Works autorstwa Sebastian Sch\u00fctze wydan\u0105 przez TASCHEN (2017-05-04) w formacie 14 x 19,5 cm (ISBN: 9783836562867). Zapraszamy!","robots":{"index":"index","follow":"follow","max-snippet":"max-snippet:-1","max-image-preview":"max-image-preview:large","max-video-preview":"max-video-preview:-1"},"canonical":"https:\/\/foliobooks.pl\/en\/shop\/caravaggio-the-complete-works\/","og_locale":"en_US","og_type":"article","og_title":"Caravaggio. The Complete Works (Sebastian Sch\u00fctze) - book \/ album - Folio","og_description":"Wejd\u017a i kup ksi\u0105\u017ck\u0119 Caravaggio. The Complete Works autorstwa Sebastian Sch\u00fctze wydan\u0105 przez TASCHEN (2017-05-04) w formacie 14 x 19,5 cm (ISBN: 9783836562867). Zapraszamy!","og_url":"https:\/\/foliobooks.pl\/en\/shop\/caravaggio-the-complete-works\/","og_site_name":"Folio","article_modified_time":"2022-09-20T13:24:46+00:00","og_image":[{"width":570,"height":708,"url":"https:\/\/foliobooks.pl\/wp-content\/uploads\/2017\/06\/9783836562867.png","type":"image\/png"}],"twitter_card":"summary_large_image","twitter_misc":{"Est. reading time":"1 minute"},"schema":{"@context":"https:\/\/schema.org","@graph":[{"@type":"WebPage","@id":"https:\/\/foliobooks.pl\/en\/shop\/caravaggio-the-complete-works\/","url":"https:\/\/foliobooks.pl\/en\/shop\/caravaggio-the-complete-works\/","name":"Caravaggio. The Complete Works (Sebastian Sch\u00fctze) - book \/ album - Folio","isPartOf":{"@id":"https:\/\/foliobooks.pl\/en\/#website"},"primaryImageOfPage":{"@id":"https:\/\/foliobooks.pl\/en\/shop\/caravaggio-the-complete-works\/#primaryimage"},"image":{"@id":"https:\/\/foliobooks.pl\/en\/shop\/caravaggio-the-complete-works\/#primaryimage"},"thumbnailUrl":"https:\/\/foliobooks.pl\/wp-content\/uploads\/2017\/06\/9783836562867.png","datePublished":"2017-06-07T10:56:04+00:00","dateModified":"2022-09-20T13:24:46+00:00","description":"Wejd\u017a i kup ksi\u0105\u017ck\u0119 Caravaggio. The Complete Works autorstwa Sebastian Sch\u00fctze wydan\u0105 przez TASCHEN (2017-05-04) w formacie 14 x 19,5 cm (ISBN: 9783836562867). Zapraszamy!","breadcrumb":{"@id":"https:\/\/foliobooks.pl\/en\/shop\/caravaggio-the-complete-works\/#breadcrumb"},"inLanguage":"en-US","potentialAction":[{"@type":"ReadAction","target":["https:\/\/foliobooks.pl\/en\/shop\/caravaggio-the-complete-works\/"]}]},{"@type":"ImageObject","inLanguage":"en-US","@id":"https:\/\/foliobooks.pl\/en\/shop\/caravaggio-the-complete-works\/#primaryimage","url":"https:\/\/foliobooks.pl\/wp-content\/uploads\/2017\/06\/9783836562867.png","contentUrl":"https:\/\/foliobooks.pl\/wp-content\/uploads\/2017\/06\/9783836562867.png","width":570,"height":708},{"@type":"BreadcrumbList","@id":"https:\/\/foliobooks.pl\/en\/shop\/caravaggio-the-complete-works\/#breadcrumb","itemListElement":[{"@type":"ListItem","position":1,"name":"Strona g\u0142\u00f3wna","item":"https:\/\/foliobooks.pl\/en\/"},{"@type":"ListItem","position":2,"name":"Shop","item":"https:\/\/foliobooks.pl\/en\/shop\/"},{"@type":"ListItem","position":3,"name":"Caravaggio. The Complete Works"}]},{"@type":"WebSite","@id":"https:\/\/foliobooks.pl\/en\/#website","url":"https:\/\/foliobooks.pl\/en\/","name":"Folio","description":"Ksi\u0119garnia internetowa","potentialAction":[{"@type":"SearchAction","target":{"@type":"EntryPoint","urlTemplate":"https:\/\/foliobooks.pl\/en\/?s={search_term_string}"},"query-input":{"@type":"PropertyValueSpecification","valueRequired":true,"valueName":"search_term_string"}}],"inLanguage":"en-US"}]}},"_links":{"self":[{"href":"https:\/\/foliobooks.pl\/en\/wp-json\/wp\/v2\/product\/19809","targetHints":{"allow":["GET"]}}],"collection":[{"href":"https:\/\/foliobooks.pl\/en\/wp-json\/wp\/v2\/product"}],"about":[{"href":"https:\/\/foliobooks.pl\/en\/wp-json\/wp\/v2\/types\/product"}],"replies":[{"embeddable":true,"href":"https:\/\/foliobooks.pl\/en\/wp-json\/wp\/v2\/comments?post=19809"}],"wp:featuredmedia":[{"embeddable":true,"href":"https:\/\/foliobooks.pl\/en\/wp-json\/wp\/v2\/media\/19800"}],"wp:attachment":[{"href":"https:\/\/foliobooks.pl\/en\/wp-json\/wp\/v2\/media?parent=19809"}],"wp:term":[{"taxonomy":"product_brand","embeddable":true,"href":"https:\/\/foliobooks.pl\/en\/wp-json\/wp\/v2\/product_brand?post=19809"},{"taxonomy":"product_cat","embeddable":true,"href":"https:\/\/foliobooks.pl\/en\/wp-json\/wp\/v2\/product_cat?post=19809"},{"taxonomy":"product_tag","embeddable":true,"href":"https:\/\/foliobooks.pl\/en\/wp-json\/wp\/v2\/product_tag?post=19809"}],"curies":[{"name":"wp","href":"https:\/\/api.w.org\/{rel}","templated":true}]}}