{"id":19796,"date":"2017-06-07T12:37:19","date_gmt":"2017-06-07T10:37:19","guid":{"rendered":"https:\/\/foliobooks.pl\/sklep\/20th-century-classic-cars-100-years-of-automotive-ads-2\/"},"modified":"2017-06-07T12:37:19","modified_gmt":"2017-06-07T10:37:19","slug":"20th-century-classic-cars-100-years-of-automotive-ads-2","status":"publish","type":"product","link":"https:\/\/foliobooks.pl\/en\/shop\/20th-century-classic-cars-100-years-of-automotive-ads-2\/","title":{"rendered":"20th Century Classic Cars. 100 Years of Automotive Ads"},"content":{"rendered":"<p>Time-travel through the Automobile Age with a collection that puts you in the driver\u2019s seat. 20th Century Classic Cars offers a lush visual history of the automobile, decade by decade, via 400-plus print advertisements from the Jim Heimann Collection.<\/p>\n<p>Using imagery culled from a century of auto advertising, this book traces the evolution of the auto from horseless carriage to rocket on wheels\u2014and beyond. With an introduction and chapter text by New York Times automotive writer Phil Patton, as well as an illustrated timeline, this volume highlights the technological innovations, major manufacturers and dealers, historical events, and influence of popular culture on car design.<\/p>\n","protected":false},"excerpt":{"rendered":"<p>Time-travel through the Automobile Age with a collection that puts you in the driver\u2019s seat. 20th Century Classic Cars offers a lush visual history of the automobile, decade by decade, via 400-plus print advertisements from the Jim Heimann Collection. Using imagery culled from a century of auto advertising, this book traces the evolution of the&#8230;<\/p>\n","protected":false},"featured_media":19789,"comment_status":"closed","ping_status":"closed","template":"","meta":[],"product_brand":[],"product_cat":[],"product_tag":[],"class_list":{"0":"post-19796","1":"product","2":"type-product","3":"status-publish","4":"has-post-thumbnail","7":"first","8":"instock","9":"sold-individually","10":"shipping-taxable","11":"purchasable","12":"product-type-simple"},"yoast_head":"<!-- This site is optimized with the Yoast SEO plugin v27.5 - https:\/\/yoast.com\/product\/yoast-seo-wordpress\/ -->\n<title>20th Century Classic Cars. 100 Years of Automotive Ads () - book \/ album - Folio<\/title>\n<meta name=\"description\" content=\"Wejd\u017a i kup ksi\u0105\u017ck\u0119 20th Century Classic Cars. 100 Years of Automotive Ads autorstwa wydan\u0105 przez () w formacie (ISBN: ). Zapraszamy!\" \/>\n<meta name=\"robots\" content=\"index, follow, max-snippet:-1, max-image-preview:large, max-video-preview:-1\" \/>\n<link rel=\"canonical\" href=\"https:\/\/foliobooks.pl\/en\/shop\/20th-century-classic-cars-100-years-of-automotive-ads-2\/\" \/>\n<meta property=\"og:locale\" content=\"en_US\" \/>\n<meta property=\"og:type\" content=\"article\" \/>\n<meta property=\"og:title\" content=\"20th Century Classic Cars. 100 Years of Automotive Ads () - book \/ album - Folio\" \/>\n<meta property=\"og:description\" content=\"Wejd\u017a i kup ksi\u0105\u017ck\u0119 20th Century Classic Cars. 100 Years of Automotive Ads autorstwa wydan\u0105 przez () w formacie (ISBN: ). Zapraszamy!\" \/>\n<meta property=\"og:url\" content=\"https:\/\/foliobooks.pl\/en\/shop\/20th-century-classic-cars-100-years-of-automotive-ads-2\/\" \/>\n<meta property=\"og:site_name\" content=\"Folio\" \/>\n<meta property=\"og:image\" content=\"https:\/\/foliobooks.pl\/wp-content\/uploads\/2017\/06\/9783836546157.png\" \/>\n\t<meta property=\"og:image:width\" content=\"570\" \/>\n\t<meta property=\"og:image:height\" content=\"708\" \/>\n\t<meta property=\"og:image:type\" content=\"image\/png\" \/>\n<meta name=\"twitter:card\" content=\"summary_large_image\" \/>\n<meta name=\"twitter:label1\" content=\"Est. reading time\" \/>\n\t<meta name=\"twitter:data1\" content=\"1 minute\" \/>\n<script type=\"application\/ld+json\" class=\"yoast-schema-graph\">{\"@context\":\"https:\\\/\\\/schema.org\",\"@graph\":[{\"@type\":\"WebPage\",\"@id\":\"https:\\\/\\\/foliobooks.pl\\\/en\\\/shop\\\/20th-century-classic-cars-100-years-of-automotive-ads-2\\\/\",\"url\":\"https:\\\/\\\/foliobooks.pl\\\/en\\\/shop\\\/20th-century-classic-cars-100-years-of-automotive-ads-2\\\/\",\"name\":\"20th Century Classic Cars. 100 Years of Automotive Ads () - book \\\/ album - Folio\",\"isPartOf\":{\"@id\":\"https:\\\/\\\/foliobooks.pl\\\/en\\\/#website\"},\"primaryImageOfPage\":{\"@id\":\"https:\\\/\\\/foliobooks.pl\\\/en\\\/shop\\\/20th-century-classic-cars-100-years-of-automotive-ads-2\\\/#primaryimage\"},\"image\":{\"@id\":\"https:\\\/\\\/foliobooks.pl\\\/en\\\/shop\\\/20th-century-classic-cars-100-years-of-automotive-ads-2\\\/#primaryimage\"},\"thumbnailUrl\":\"https:\\\/\\\/foliobooks.pl\\\/wp-content\\\/uploads\\\/2017\\\/06\\\/9783836546157.png\",\"datePublished\":\"2017-06-07T10:37:19+00:00\",\"description\":\"Wejd\u017a i kup ksi\u0105\u017ck\u0119 20th Century Classic Cars. 100 Years of Automotive Ads autorstwa wydan\u0105 przez () w formacie (ISBN: ). Zapraszamy!\",\"breadcrumb\":{\"@id\":\"https:\\\/\\\/foliobooks.pl\\\/en\\\/shop\\\/20th-century-classic-cars-100-years-of-automotive-ads-2\\\/#breadcrumb\"},\"inLanguage\":\"en-US\",\"potentialAction\":[{\"@type\":\"ReadAction\",\"target\":[\"https:\\\/\\\/foliobooks.pl\\\/en\\\/shop\\\/20th-century-classic-cars-100-years-of-automotive-ads-2\\\/\"]}]},{\"@type\":\"ImageObject\",\"inLanguage\":\"en-US\",\"@id\":\"https:\\\/\\\/foliobooks.pl\\\/en\\\/shop\\\/20th-century-classic-cars-100-years-of-automotive-ads-2\\\/#primaryimage\",\"url\":\"https:\\\/\\\/foliobooks.pl\\\/wp-content\\\/uploads\\\/2017\\\/06\\\/9783836546157.png\",\"contentUrl\":\"https:\\\/\\\/foliobooks.pl\\\/wp-content\\\/uploads\\\/2017\\\/06\\\/9783836546157.png\",\"width\":570,\"height\":708},{\"@type\":\"BreadcrumbList\",\"@id\":\"https:\\\/\\\/foliobooks.pl\\\/en\\\/shop\\\/20th-century-classic-cars-100-years-of-automotive-ads-2\\\/#breadcrumb\",\"itemListElement\":[{\"@type\":\"ListItem\",\"position\":1,\"name\":\"Strona g\u0142\u00f3wna\",\"item\":\"https:\\\/\\\/foliobooks.pl\\\/en\\\/\"},{\"@type\":\"ListItem\",\"position\":2,\"name\":\"Shop\",\"item\":\"https:\\\/\\\/foliobooks.pl\\\/en\\\/shop\\\/\"},{\"@type\":\"ListItem\",\"position\":3,\"name\":\"20th Century Classic Cars. 100 Years of Automotive Ads\"}]},{\"@type\":\"WebSite\",\"@id\":\"https:\\\/\\\/foliobooks.pl\\\/en\\\/#website\",\"url\":\"https:\\\/\\\/foliobooks.pl\\\/en\\\/\",\"name\":\"Folio\",\"description\":\"Ksi\u0119garnia internetowa\",\"potentialAction\":[{\"@type\":\"SearchAction\",\"target\":{\"@type\":\"EntryPoint\",\"urlTemplate\":\"https:\\\/\\\/foliobooks.pl\\\/en\\\/?s={search_term_string}\"},\"query-input\":{\"@type\":\"PropertyValueSpecification\",\"valueRequired\":true,\"valueName\":\"search_term_string\"}}],\"inLanguage\":\"en-US\"}]}<\/script>\n<!-- \/ Yoast SEO plugin. -->","yoast_head_json":{"title":"20th Century Classic Cars. 100 Years of Automotive Ads () - book \/ album - Folio","description":"Wejd\u017a i kup ksi\u0105\u017ck\u0119 20th Century Classic Cars. 100 Years of Automotive Ads autorstwa wydan\u0105 przez () w formacie (ISBN: ). Zapraszamy!","robots":{"index":"index","follow":"follow","max-snippet":"max-snippet:-1","max-image-preview":"max-image-preview:large","max-video-preview":"max-video-preview:-1"},"canonical":"https:\/\/foliobooks.pl\/en\/shop\/20th-century-classic-cars-100-years-of-automotive-ads-2\/","og_locale":"en_US","og_type":"article","og_title":"20th Century Classic Cars. 100 Years of Automotive Ads () - book \/ album - Folio","og_description":"Wejd\u017a i kup ksi\u0105\u017ck\u0119 20th Century Classic Cars. 100 Years of Automotive Ads autorstwa wydan\u0105 przez () w formacie (ISBN: ). Zapraszamy!","og_url":"https:\/\/foliobooks.pl\/en\/shop\/20th-century-classic-cars-100-years-of-automotive-ads-2\/","og_site_name":"Folio","og_image":[{"width":570,"height":708,"url":"https:\/\/foliobooks.pl\/wp-content\/uploads\/2017\/06\/9783836546157.png","type":"image\/png"}],"twitter_card":"summary_large_image","twitter_misc":{"Est. reading time":"1 minute"},"schema":{"@context":"https:\/\/schema.org","@graph":[{"@type":"WebPage","@id":"https:\/\/foliobooks.pl\/en\/shop\/20th-century-classic-cars-100-years-of-automotive-ads-2\/","url":"https:\/\/foliobooks.pl\/en\/shop\/20th-century-classic-cars-100-years-of-automotive-ads-2\/","name":"20th Century Classic Cars. 100 Years of Automotive Ads () - book \/ album - Folio","isPartOf":{"@id":"https:\/\/foliobooks.pl\/en\/#website"},"primaryImageOfPage":{"@id":"https:\/\/foliobooks.pl\/en\/shop\/20th-century-classic-cars-100-years-of-automotive-ads-2\/#primaryimage"},"image":{"@id":"https:\/\/foliobooks.pl\/en\/shop\/20th-century-classic-cars-100-years-of-automotive-ads-2\/#primaryimage"},"thumbnailUrl":"https:\/\/foliobooks.pl\/wp-content\/uploads\/2017\/06\/9783836546157.png","datePublished":"2017-06-07T10:37:19+00:00","description":"Wejd\u017a i kup ksi\u0105\u017ck\u0119 20th Century Classic Cars. 100 Years of Automotive Ads autorstwa wydan\u0105 przez () w formacie (ISBN: ). Zapraszamy!","breadcrumb":{"@id":"https:\/\/foliobooks.pl\/en\/shop\/20th-century-classic-cars-100-years-of-automotive-ads-2\/#breadcrumb"},"inLanguage":"en-US","potentialAction":[{"@type":"ReadAction","target":["https:\/\/foliobooks.pl\/en\/shop\/20th-century-classic-cars-100-years-of-automotive-ads-2\/"]}]},{"@type":"ImageObject","inLanguage":"en-US","@id":"https:\/\/foliobooks.pl\/en\/shop\/20th-century-classic-cars-100-years-of-automotive-ads-2\/#primaryimage","url":"https:\/\/foliobooks.pl\/wp-content\/uploads\/2017\/06\/9783836546157.png","contentUrl":"https:\/\/foliobooks.pl\/wp-content\/uploads\/2017\/06\/9783836546157.png","width":570,"height":708},{"@type":"BreadcrumbList","@id":"https:\/\/foliobooks.pl\/en\/shop\/20th-century-classic-cars-100-years-of-automotive-ads-2\/#breadcrumb","itemListElement":[{"@type":"ListItem","position":1,"name":"Strona g\u0142\u00f3wna","item":"https:\/\/foliobooks.pl\/en\/"},{"@type":"ListItem","position":2,"name":"Shop","item":"https:\/\/foliobooks.pl\/en\/shop\/"},{"@type":"ListItem","position":3,"name":"20th Century Classic Cars. 100 Years of Automotive Ads"}]},{"@type":"WebSite","@id":"https:\/\/foliobooks.pl\/en\/#website","url":"https:\/\/foliobooks.pl\/en\/","name":"Folio","description":"Ksi\u0119garnia internetowa","potentialAction":[{"@type":"SearchAction","target":{"@type":"EntryPoint","urlTemplate":"https:\/\/foliobooks.pl\/en\/?s={search_term_string}"},"query-input":{"@type":"PropertyValueSpecification","valueRequired":true,"valueName":"search_term_string"}}],"inLanguage":"en-US"}]}},"_links":{"self":[{"href":"https:\/\/foliobooks.pl\/en\/wp-json\/wp\/v2\/product\/19796","targetHints":{"allow":["GET"]}}],"collection":[{"href":"https:\/\/foliobooks.pl\/en\/wp-json\/wp\/v2\/product"}],"about":[{"href":"https:\/\/foliobooks.pl\/en\/wp-json\/wp\/v2\/types\/product"}],"replies":[{"embeddable":true,"href":"https:\/\/foliobooks.pl\/en\/wp-json\/wp\/v2\/comments?post=19796"}],"wp:featuredmedia":[{"embeddable":true,"href":"https:\/\/foliobooks.pl\/en\/wp-json\/wp\/v2\/media\/19789"}],"wp:attachment":[{"href":"https:\/\/foliobooks.pl\/en\/wp-json\/wp\/v2\/media?parent=19796"}],"wp:term":[{"taxonomy":"product_brand","embeddable":true,"href":"https:\/\/foliobooks.pl\/en\/wp-json\/wp\/v2\/product_brand?post=19796"},{"taxonomy":"product_cat","embeddable":true,"href":"https:\/\/foliobooks.pl\/en\/wp-json\/wp\/v2\/product_cat?post=19796"},{"taxonomy":"product_tag","embeddable":true,"href":"https:\/\/foliobooks.pl\/en\/wp-json\/wp\/v2\/product_tag?post=19796"}],"curies":[{"name":"wp","href":"https:\/\/api.w.org\/{rel}","templated":true}]}}