{"id":19747,"date":"2017-06-07T09:43:20","date_gmt":"2017-06-07T07:43:20","guid":{"rendered":"https:\/\/foliobooks.pl\/sklep\/entryways-of-milan-ingressi-di-milano\/"},"modified":"2024-01-03T15:03:10","modified_gmt":"2024-01-03T14:03:10","slug":"entryways-of-milan-ingressi-di-milano","status":"publish","type":"product","link":"https:\/\/foliobooks.pl\/en\/shop\/entryways-of-milan-ingressi-di-milano\/","title":{"rendered":"Entryways of Milan \u2013 Ingressi di Milano"},"content":{"rendered":"<p>First impressions count, especially in Milano. In this unprecedented photographic journey, editor Karl Kolbitz opens the door to 144 of the city\u2019s most sumptuous entrance halls, captivating in their diversity and splendor. These vibrant Milanese entryways, until now hidden away behind often restrained fa\u00e7ades, are revealed as dazzling examples of Italian modernism, mediating public and private space with vivid configurations of color and form, from floors of juxtaposed stones to murals of minimalist geometry.<\/p>\n<p>The collection spans buildings from 1920 to 1970 and showcases the work of some of the city\u2019s most illustrious architects and designers, including Giovanni Muzio, Gio Ponti, Piero Portaluppi, and Luigi Caccia Dominioni, as well as non-pedigreed architecture of equal impact and interest. The photographs for the publication were exclusively created by Delfino Sisto Legnani, Paola Pansini, and Matthew Billings, each evoking the entryways with individual sensibility and a stylistic interplay of detail shots\u2014such as stones, door handles, and handrails\u2014with larger architectural views.<\/p>\n<p>The images are accompanied by outstanding written contributions from Penny Sparke, Fabrizio Ballabio, Lisa Hockemeyer, Daniel Sherer, Brian Kish, and Grazia Signori, together bringing a wealth of architecture, design, and natural stone expertise to guide the reader through the applied materials and fittings as well as the art-historical and social implications of each of the ingressi. As much an architectural city guide as an aesthetic study, the book provides the exact address and an annotated Milan map for all featured entryways, as well as the architect name and date of construction.<\/p>\n<p>In the well-documented realm of 20th-century Italian design, Kolbitz has stepped over the threshold and delivered a brand new area of inquiry in Milanese modernism. With the rigor of its multifaceted research, poised photography, and breadth of its featured hallways, this is an invigorating new reference work and an inside look at the city\u2019s design DNA across high to low architecture.<\/p>\n","protected":false},"excerpt":{"rendered":"<p>First impressions count, especially in Milano. In this unprecedented photographic journey, editor Karl Kolbitz opens the door to 144 of the city\u2019s most sumptuous entrance halls, captivating in their diversity and splendor. These vibrant Milanese entryways, until now hidden away behind often restrained fa\u00e7ades, are revealed as dazzling examples of Italian modernism, mediating public and&#8230;<\/p>\n","protected":false},"featured_media":19736,"comment_status":"closed","ping_status":"closed","template":"","meta":[],"product_brand":[],"product_cat":[4516],"product_tag":[1156,4524,290,516],"class_list":{"0":"post-19747","1":"product","2":"type-product","3":"status-publish","4":"has-post-thumbnail","6":"product_cat-architecture-en","7":"product_tag-appliedarts-en","8":"product_tag-design-en-en","9":"product_tag-interiors-en","10":"product_tag-places-en","11":"pa_cover-hardcover","12":"pa_format-26-x-34-cm-en","13":"pa_isbn-9783836564182-en","14":"pa_language-eng-it","15":"pa_pages-384-en","16":"pa_published-2017-05-20-en","17":"pa_publisher-taschen-en-en","19":"first","20":"outofstock","21":"downloadable","22":"sold-individually","23":"shipping-taxable","24":"purchasable","25":"product-type-simple"},"yoast_head":"<!-- This site is optimized with the Yoast SEO plugin v27.4 - https:\/\/yoast.com\/product\/yoast-seo-wordpress\/ -->\n<title>Entryways of Milan \u2013 Ingressi di Milano () - book \/ album - Folio<\/title>\n<meta name=\"description\" content=\"Wejd\u017a i kup ksi\u0105\u017ck\u0119 Entryways of Milan \u2013 Ingressi di Milano autorstwa wydan\u0105 przez TASCHEN (2017-05-20) w formacie 26 x 34 cm (ISBN: 9783836564182). Zapraszamy!\" \/>\n<meta name=\"robots\" content=\"index, follow, max-snippet:-1, max-image-preview:large, max-video-preview:-1\" \/>\n<link rel=\"canonical\" href=\"https:\/\/foliobooks.pl\/en\/shop\/entryways-of-milan-ingressi-di-milano\/\" \/>\n<meta property=\"og:locale\" content=\"en_US\" \/>\n<meta property=\"og:type\" content=\"article\" \/>\n<meta property=\"og:title\" content=\"Entryways of Milan \u2013 Ingressi di Milano () - book \/ album - Folio\" \/>\n<meta property=\"og:description\" content=\"Wejd\u017a i kup ksi\u0105\u017ck\u0119 Entryways of Milan \u2013 Ingressi di Milano autorstwa wydan\u0105 przez TASCHEN (2017-05-20) w formacie 26 x 34 cm (ISBN: 9783836564182). Zapraszamy!\" \/>\n<meta property=\"og:url\" content=\"https:\/\/foliobooks.pl\/en\/shop\/entryways-of-milan-ingressi-di-milano\/\" \/>\n<meta property=\"og:site_name\" content=\"Folio\" \/>\n<meta property=\"article:modified_time\" content=\"2024-01-03T14:03:10+00:00\" \/>\n<meta property=\"og:image\" content=\"https:\/\/foliobooks.pl\/wp-content\/uploads\/2017\/06\/9783836564182.png\" \/>\n\t<meta property=\"og:image:width\" content=\"570\" \/>\n\t<meta property=\"og:image:height\" content=\"708\" \/>\n\t<meta property=\"og:image:type\" content=\"image\/png\" \/>\n<meta name=\"twitter:card\" content=\"summary_large_image\" \/>\n<meta name=\"twitter:label1\" content=\"Est. reading time\" \/>\n\t<meta name=\"twitter:data1\" content=\"2 minutes\" \/>\n<script type=\"application\/ld+json\" class=\"yoast-schema-graph\">{\"@context\":\"https:\\\/\\\/schema.org\",\"@graph\":[{\"@type\":\"WebPage\",\"@id\":\"https:\\\/\\\/foliobooks.pl\\\/en\\\/shop\\\/entryways-of-milan-ingressi-di-milano\\\/\",\"url\":\"https:\\\/\\\/foliobooks.pl\\\/en\\\/shop\\\/entryways-of-milan-ingressi-di-milano\\\/\",\"name\":\"Entryways of Milan \u2013 Ingressi di Milano () - book \\\/ album - Folio\",\"isPartOf\":{\"@id\":\"https:\\\/\\\/foliobooks.pl\\\/en\\\/#website\"},\"primaryImageOfPage\":{\"@id\":\"https:\\\/\\\/foliobooks.pl\\\/en\\\/shop\\\/entryways-of-milan-ingressi-di-milano\\\/#primaryimage\"},\"image\":{\"@id\":\"https:\\\/\\\/foliobooks.pl\\\/en\\\/shop\\\/entryways-of-milan-ingressi-di-milano\\\/#primaryimage\"},\"thumbnailUrl\":\"https:\\\/\\\/foliobooks.pl\\\/wp-content\\\/uploads\\\/2017\\\/06\\\/9783836564182.png\",\"datePublished\":\"2017-06-07T07:43:20+00:00\",\"dateModified\":\"2024-01-03T14:03:10+00:00\",\"description\":\"Wejd\u017a i kup ksi\u0105\u017ck\u0119 Entryways of Milan \u2013 Ingressi di Milano autorstwa wydan\u0105 przez TASCHEN (2017-05-20) w formacie 26 x 34 cm (ISBN: 9783836564182). Zapraszamy!\",\"breadcrumb\":{\"@id\":\"https:\\\/\\\/foliobooks.pl\\\/en\\\/shop\\\/entryways-of-milan-ingressi-di-milano\\\/#breadcrumb\"},\"inLanguage\":\"en-US\",\"potentialAction\":[{\"@type\":\"ReadAction\",\"target\":[\"https:\\\/\\\/foliobooks.pl\\\/en\\\/shop\\\/entryways-of-milan-ingressi-di-milano\\\/\"]}]},{\"@type\":\"ImageObject\",\"inLanguage\":\"en-US\",\"@id\":\"https:\\\/\\\/foliobooks.pl\\\/en\\\/shop\\\/entryways-of-milan-ingressi-di-milano\\\/#primaryimage\",\"url\":\"https:\\\/\\\/foliobooks.pl\\\/wp-content\\\/uploads\\\/2017\\\/06\\\/9783836564182.png\",\"contentUrl\":\"https:\\\/\\\/foliobooks.pl\\\/wp-content\\\/uploads\\\/2017\\\/06\\\/9783836564182.png\",\"width\":570,\"height\":708},{\"@type\":\"BreadcrumbList\",\"@id\":\"https:\\\/\\\/foliobooks.pl\\\/en\\\/shop\\\/entryways-of-milan-ingressi-di-milano\\\/#breadcrumb\",\"itemListElement\":[{\"@type\":\"ListItem\",\"position\":1,\"name\":\"Strona g\u0142\u00f3wna\",\"item\":\"https:\\\/\\\/foliobooks.pl\\\/en\\\/\"},{\"@type\":\"ListItem\",\"position\":2,\"name\":\"Shop\",\"item\":\"https:\\\/\\\/foliobooks.pl\\\/en\\\/shop\\\/\"},{\"@type\":\"ListItem\",\"position\":3,\"name\":\"Entryways of Milan \u2013 Ingressi di Milano\"}]},{\"@type\":\"WebSite\",\"@id\":\"https:\\\/\\\/foliobooks.pl\\\/en\\\/#website\",\"url\":\"https:\\\/\\\/foliobooks.pl\\\/en\\\/\",\"name\":\"Folio\",\"description\":\"Ksi\u0119garnia internetowa\",\"potentialAction\":[{\"@type\":\"SearchAction\",\"target\":{\"@type\":\"EntryPoint\",\"urlTemplate\":\"https:\\\/\\\/foliobooks.pl\\\/en\\\/?s={search_term_string}\"},\"query-input\":{\"@type\":\"PropertyValueSpecification\",\"valueRequired\":true,\"valueName\":\"search_term_string\"}}],\"inLanguage\":\"en-US\"}]}<\/script>\n<!-- \/ Yoast SEO plugin. -->","yoast_head_json":{"title":"Entryways of Milan \u2013 Ingressi di Milano () - book \/ album - Folio","description":"Wejd\u017a i kup ksi\u0105\u017ck\u0119 Entryways of Milan \u2013 Ingressi di Milano autorstwa wydan\u0105 przez TASCHEN (2017-05-20) w formacie 26 x 34 cm (ISBN: 9783836564182). Zapraszamy!","robots":{"index":"index","follow":"follow","max-snippet":"max-snippet:-1","max-image-preview":"max-image-preview:large","max-video-preview":"max-video-preview:-1"},"canonical":"https:\/\/foliobooks.pl\/en\/shop\/entryways-of-milan-ingressi-di-milano\/","og_locale":"en_US","og_type":"article","og_title":"Entryways of Milan \u2013 Ingressi di Milano () - book \/ album - Folio","og_description":"Wejd\u017a i kup ksi\u0105\u017ck\u0119 Entryways of Milan \u2013 Ingressi di Milano autorstwa wydan\u0105 przez TASCHEN (2017-05-20) w formacie 26 x 34 cm (ISBN: 9783836564182). Zapraszamy!","og_url":"https:\/\/foliobooks.pl\/en\/shop\/entryways-of-milan-ingressi-di-milano\/","og_site_name":"Folio","article_modified_time":"2024-01-03T14:03:10+00:00","og_image":[{"width":570,"height":708,"url":"https:\/\/foliobooks.pl\/wp-content\/uploads\/2017\/06\/9783836564182.png","type":"image\/png"}],"twitter_card":"summary_large_image","twitter_misc":{"Est. reading time":"2 minutes"},"schema":{"@context":"https:\/\/schema.org","@graph":[{"@type":"WebPage","@id":"https:\/\/foliobooks.pl\/en\/shop\/entryways-of-milan-ingressi-di-milano\/","url":"https:\/\/foliobooks.pl\/en\/shop\/entryways-of-milan-ingressi-di-milano\/","name":"Entryways of Milan \u2013 Ingressi di Milano () - book \/ album - Folio","isPartOf":{"@id":"https:\/\/foliobooks.pl\/en\/#website"},"primaryImageOfPage":{"@id":"https:\/\/foliobooks.pl\/en\/shop\/entryways-of-milan-ingressi-di-milano\/#primaryimage"},"image":{"@id":"https:\/\/foliobooks.pl\/en\/shop\/entryways-of-milan-ingressi-di-milano\/#primaryimage"},"thumbnailUrl":"https:\/\/foliobooks.pl\/wp-content\/uploads\/2017\/06\/9783836564182.png","datePublished":"2017-06-07T07:43:20+00:00","dateModified":"2024-01-03T14:03:10+00:00","description":"Wejd\u017a i kup ksi\u0105\u017ck\u0119 Entryways of Milan \u2013 Ingressi di Milano autorstwa wydan\u0105 przez TASCHEN (2017-05-20) w formacie 26 x 34 cm (ISBN: 9783836564182). Zapraszamy!","breadcrumb":{"@id":"https:\/\/foliobooks.pl\/en\/shop\/entryways-of-milan-ingressi-di-milano\/#breadcrumb"},"inLanguage":"en-US","potentialAction":[{"@type":"ReadAction","target":["https:\/\/foliobooks.pl\/en\/shop\/entryways-of-milan-ingressi-di-milano\/"]}]},{"@type":"ImageObject","inLanguage":"en-US","@id":"https:\/\/foliobooks.pl\/en\/shop\/entryways-of-milan-ingressi-di-milano\/#primaryimage","url":"https:\/\/foliobooks.pl\/wp-content\/uploads\/2017\/06\/9783836564182.png","contentUrl":"https:\/\/foliobooks.pl\/wp-content\/uploads\/2017\/06\/9783836564182.png","width":570,"height":708},{"@type":"BreadcrumbList","@id":"https:\/\/foliobooks.pl\/en\/shop\/entryways-of-milan-ingressi-di-milano\/#breadcrumb","itemListElement":[{"@type":"ListItem","position":1,"name":"Strona g\u0142\u00f3wna","item":"https:\/\/foliobooks.pl\/en\/"},{"@type":"ListItem","position":2,"name":"Shop","item":"https:\/\/foliobooks.pl\/en\/shop\/"},{"@type":"ListItem","position":3,"name":"Entryways of Milan \u2013 Ingressi di Milano"}]},{"@type":"WebSite","@id":"https:\/\/foliobooks.pl\/en\/#website","url":"https:\/\/foliobooks.pl\/en\/","name":"Folio","description":"Ksi\u0119garnia internetowa","potentialAction":[{"@type":"SearchAction","target":{"@type":"EntryPoint","urlTemplate":"https:\/\/foliobooks.pl\/en\/?s={search_term_string}"},"query-input":{"@type":"PropertyValueSpecification","valueRequired":true,"valueName":"search_term_string"}}],"inLanguage":"en-US"}]}},"_links":{"self":[{"href":"https:\/\/foliobooks.pl\/en\/wp-json\/wp\/v2\/product\/19747","targetHints":{"allow":["GET"]}}],"collection":[{"href":"https:\/\/foliobooks.pl\/en\/wp-json\/wp\/v2\/product"}],"about":[{"href":"https:\/\/foliobooks.pl\/en\/wp-json\/wp\/v2\/types\/product"}],"replies":[{"embeddable":true,"href":"https:\/\/foliobooks.pl\/en\/wp-json\/wp\/v2\/comments?post=19747"}],"wp:featuredmedia":[{"embeddable":true,"href":"https:\/\/foliobooks.pl\/en\/wp-json\/wp\/v2\/media\/19736"}],"wp:attachment":[{"href":"https:\/\/foliobooks.pl\/en\/wp-json\/wp\/v2\/media?parent=19747"}],"wp:term":[{"taxonomy":"product_brand","embeddable":true,"href":"https:\/\/foliobooks.pl\/en\/wp-json\/wp\/v2\/product_brand?post=19747"},{"taxonomy":"product_cat","embeddable":true,"href":"https:\/\/foliobooks.pl\/en\/wp-json\/wp\/v2\/product_cat?post=19747"},{"taxonomy":"product_tag","embeddable":true,"href":"https:\/\/foliobooks.pl\/en\/wp-json\/wp\/v2\/product_tag?post=19747"}],"curies":[{"name":"wp","href":"https:\/\/api.w.org\/{rel}","templated":true}]}}