{"id":19721,"date":"2017-06-07T09:22:26","date_gmt":"2017-06-07T07:22:26","guid":{"rendered":"https:\/\/foliobooks.pl\/sklep\/berlin-in-the-1920s\/"},"modified":"2022-09-19T16:45:17","modified_gmt":"2022-09-19T14:45:17","slug":"berlin-in-the-1920s-basic-art-series","status":"publish","type":"product","link":"https:\/\/foliobooks.pl\/en\/shop\/berlin-in-the-1920s-basic-art-series\/","title":{"rendered":"Berlin in the 1920s. Basic Art Series"},"content":{"rendered":"<p>It was the decade of daring Expressionist canvases, of brilliant book design, of the Bauhaus total work of art, of pioneering psychology, of drag balls, cabaret, Metropolis, and Marlene Dietrich\u2019s rising star in theater and silent film. Between the paroxysms of two world wars, Berlin in the 1920s was a carpe diem cultural heyday, replete with groundbreaking art, invention, and thought.<\/p>\n<p>This book immerses readers in the freewheeling spirit of Berlin\u2019s Weimar age. Through exemplary works in painting, sculpture, architecture, graphic design, photography, and film, we uncover the innovations, ideas, and precious dreams that characterized this unique cultural window. We take in the jazz bars and dance halls; the crowded kinos and flapper fashion; the advances in technology and transport; the radio towers and rumbling trams and trains; the soaring buildings; the cinematic masterworks; and the newly independent women who smoked cigarettes, wore their hair short, and earned their own money.<\/p>\n<p>Featured works in this vivid cultural portrait include Hannah H\u00f6ch&#8217;s The Journalists; Lotte Jacobi\u2019s Hands on Typewriter; Otto Dix&#8217;s Portrait of the Journalist Sylvia von Harden; Peter Behrens&#8217;s project of theAlexanderplatz; and Josef von Sternberg\u2019s The Blue Angel, starring Dietrich as cabaret performer Lola Lola. Along the way, we explore both the utopian yearnings and the more ominous economic and political realities which fueled the era&#8217;s escapist, idealistic, or reactionary masterworks. Behind the bright lights and glitter dresses, we see the inflation, factory labor, and fragile political consensus that lurked beneath this golden era and would eventually spell its savage end with the rise of National Socialism.<\/p>\n","protected":false},"excerpt":{"rendered":"<p>It was the decade of daring Expressionist canvases, of brilliant book design, of the Bauhaus total work of art, of pioneering psychology, of drag balls, cabaret, Metropolis, and Marlene Dietrich\u2019s rising star in theater and silent film. Between the paroxysms of two world wars, Berlin in the 1920s was a carpe diem cultural heyday, replete&#8230;<\/p>\n","protected":false},"featured_media":19714,"comment_status":"closed","ping_status":"closed","template":"","meta":[],"product_brand":[],"product_cat":[4522],"product_tag":[9083,2767,159],"class_list":{"0":"post-19721","1":"product","2":"type-product","3":"status-publish","4":"has-post-thumbnail","6":"product_cat-art-en","7":"product_tag-art-en","8":"product_tag-art-history","9":"product_tag-art-movements-en","10":"pa_author_att-rainer-metzger-en","11":"pa_cover-hardcover","12":"pa_format-21-x-26-cm-en","13":"pa_isbn-9783836550505-en","14":"pa_language-eng","15":"pa_pages-96-en","16":"pa_published-2017-06-20-en","17":"pa_publisher-taschen-en-en","19":"first","20":"outofstock","21":"sold-individually","22":"shipping-taxable","23":"purchasable","24":"product-type-simple"},"yoast_head":"<!-- This site is optimized with the Yoast SEO plugin v27.5 - https:\/\/yoast.com\/product\/yoast-seo-wordpress\/ -->\n<title>Berlin in the 1920s. Basic Art Series (Rainer Metzger) - book \/ album - Folio<\/title>\n<meta name=\"description\" content=\"Wejd\u017a i kup ksi\u0105\u017ck\u0119 Berlin in the 1920s. Basic Art Series autorstwa Rainer Metzger wydan\u0105 przez TASCHEN (2017-06-20) w formacie 21 x 26 cm (ISBN: 9783836550505). Zapraszamy!\" \/>\n<meta name=\"robots\" content=\"index, follow, max-snippet:-1, max-image-preview:large, max-video-preview:-1\" \/>\n<link rel=\"canonical\" href=\"https:\/\/foliobooks.pl\/en\/shop\/berlin-in-the-1920s-basic-art-series\/\" \/>\n<meta property=\"og:locale\" content=\"en_US\" \/>\n<meta property=\"og:type\" content=\"article\" \/>\n<meta property=\"og:title\" content=\"Berlin in the 1920s. Basic Art Series (Rainer Metzger) - book \/ album - Folio\" \/>\n<meta property=\"og:description\" content=\"Wejd\u017a i kup ksi\u0105\u017ck\u0119 Berlin in the 1920s. Basic Art Series autorstwa Rainer Metzger wydan\u0105 przez TASCHEN (2017-06-20) w formacie 21 x 26 cm (ISBN: 9783836550505). Zapraszamy!\" \/>\n<meta property=\"og:url\" content=\"https:\/\/foliobooks.pl\/en\/shop\/berlin-in-the-1920s-basic-art-series\/\" \/>\n<meta property=\"og:site_name\" content=\"Folio\" \/>\n<meta property=\"article:modified_time\" content=\"2022-09-19T14:45:17+00:00\" \/>\n<meta property=\"og:image\" content=\"https:\/\/foliobooks.pl\/wp-content\/uploads\/2017\/06\/9783836550505.png\" \/>\n\t<meta property=\"og:image:width\" content=\"570\" \/>\n\t<meta property=\"og:image:height\" content=\"708\" \/>\n\t<meta property=\"og:image:type\" content=\"image\/png\" \/>\n<meta name=\"twitter:card\" content=\"summary_large_image\" \/>\n<meta name=\"twitter:label1\" content=\"Est. reading time\" \/>\n\t<meta name=\"twitter:data1\" content=\"1 minute\" \/>\n<script type=\"application\/ld+json\" class=\"yoast-schema-graph\">{\"@context\":\"https:\\\/\\\/schema.org\",\"@graph\":[{\"@type\":\"WebPage\",\"@id\":\"https:\\\/\\\/foliobooks.pl\\\/en\\\/shop\\\/berlin-in-the-1920s-basic-art-series\\\/\",\"url\":\"https:\\\/\\\/foliobooks.pl\\\/en\\\/shop\\\/berlin-in-the-1920s-basic-art-series\\\/\",\"name\":\"Berlin in the 1920s. Basic Art Series (Rainer Metzger) - book \\\/ album - Folio\",\"isPartOf\":{\"@id\":\"https:\\\/\\\/foliobooks.pl\\\/en\\\/#website\"},\"primaryImageOfPage\":{\"@id\":\"https:\\\/\\\/foliobooks.pl\\\/en\\\/shop\\\/berlin-in-the-1920s-basic-art-series\\\/#primaryimage\"},\"image\":{\"@id\":\"https:\\\/\\\/foliobooks.pl\\\/en\\\/shop\\\/berlin-in-the-1920s-basic-art-series\\\/#primaryimage\"},\"thumbnailUrl\":\"https:\\\/\\\/foliobooks.pl\\\/wp-content\\\/uploads\\\/2017\\\/06\\\/9783836550505.png\",\"datePublished\":\"2017-06-07T07:22:26+00:00\",\"dateModified\":\"2022-09-19T14:45:17+00:00\",\"description\":\"Wejd\u017a i kup ksi\u0105\u017ck\u0119 Berlin in the 1920s. Basic Art Series autorstwa Rainer Metzger wydan\u0105 przez TASCHEN (2017-06-20) w formacie 21 x 26 cm (ISBN: 9783836550505). Zapraszamy!\",\"breadcrumb\":{\"@id\":\"https:\\\/\\\/foliobooks.pl\\\/en\\\/shop\\\/berlin-in-the-1920s-basic-art-series\\\/#breadcrumb\"},\"inLanguage\":\"en-US\",\"potentialAction\":[{\"@type\":\"ReadAction\",\"target\":[\"https:\\\/\\\/foliobooks.pl\\\/en\\\/shop\\\/berlin-in-the-1920s-basic-art-series\\\/\"]}]},{\"@type\":\"ImageObject\",\"inLanguage\":\"en-US\",\"@id\":\"https:\\\/\\\/foliobooks.pl\\\/en\\\/shop\\\/berlin-in-the-1920s-basic-art-series\\\/#primaryimage\",\"url\":\"https:\\\/\\\/foliobooks.pl\\\/wp-content\\\/uploads\\\/2017\\\/06\\\/9783836550505.png\",\"contentUrl\":\"https:\\\/\\\/foliobooks.pl\\\/wp-content\\\/uploads\\\/2017\\\/06\\\/9783836550505.png\",\"width\":570,\"height\":708},{\"@type\":\"BreadcrumbList\",\"@id\":\"https:\\\/\\\/foliobooks.pl\\\/en\\\/shop\\\/berlin-in-the-1920s-basic-art-series\\\/#breadcrumb\",\"itemListElement\":[{\"@type\":\"ListItem\",\"position\":1,\"name\":\"Strona g\u0142\u00f3wna\",\"item\":\"https:\\\/\\\/foliobooks.pl\\\/en\\\/\"},{\"@type\":\"ListItem\",\"position\":2,\"name\":\"Shop\",\"item\":\"https:\\\/\\\/foliobooks.pl\\\/en\\\/shop\\\/\"},{\"@type\":\"ListItem\",\"position\":3,\"name\":\"Berlin in the 1920s. Basic Art Series\"}]},{\"@type\":\"WebSite\",\"@id\":\"https:\\\/\\\/foliobooks.pl\\\/en\\\/#website\",\"url\":\"https:\\\/\\\/foliobooks.pl\\\/en\\\/\",\"name\":\"Folio\",\"description\":\"Ksi\u0119garnia internetowa\",\"potentialAction\":[{\"@type\":\"SearchAction\",\"target\":{\"@type\":\"EntryPoint\",\"urlTemplate\":\"https:\\\/\\\/foliobooks.pl\\\/en\\\/?s={search_term_string}\"},\"query-input\":{\"@type\":\"PropertyValueSpecification\",\"valueRequired\":true,\"valueName\":\"search_term_string\"}}],\"inLanguage\":\"en-US\"}]}<\/script>\n<!-- \/ Yoast SEO plugin. -->","yoast_head_json":{"title":"Berlin in the 1920s. Basic Art Series (Rainer Metzger) - book \/ album - Folio","description":"Wejd\u017a i kup ksi\u0105\u017ck\u0119 Berlin in the 1920s. Basic Art Series autorstwa Rainer Metzger wydan\u0105 przez TASCHEN (2017-06-20) w formacie 21 x 26 cm (ISBN: 9783836550505). Zapraszamy!","robots":{"index":"index","follow":"follow","max-snippet":"max-snippet:-1","max-image-preview":"max-image-preview:large","max-video-preview":"max-video-preview:-1"},"canonical":"https:\/\/foliobooks.pl\/en\/shop\/berlin-in-the-1920s-basic-art-series\/","og_locale":"en_US","og_type":"article","og_title":"Berlin in the 1920s. Basic Art Series (Rainer Metzger) - book \/ album - Folio","og_description":"Wejd\u017a i kup ksi\u0105\u017ck\u0119 Berlin in the 1920s. Basic Art Series autorstwa Rainer Metzger wydan\u0105 przez TASCHEN (2017-06-20) w formacie 21 x 26 cm (ISBN: 9783836550505). Zapraszamy!","og_url":"https:\/\/foliobooks.pl\/en\/shop\/berlin-in-the-1920s-basic-art-series\/","og_site_name":"Folio","article_modified_time":"2022-09-19T14:45:17+00:00","og_image":[{"width":570,"height":708,"url":"https:\/\/foliobooks.pl\/wp-content\/uploads\/2017\/06\/9783836550505.png","type":"image\/png"}],"twitter_card":"summary_large_image","twitter_misc":{"Est. reading time":"1 minute"},"schema":{"@context":"https:\/\/schema.org","@graph":[{"@type":"WebPage","@id":"https:\/\/foliobooks.pl\/en\/shop\/berlin-in-the-1920s-basic-art-series\/","url":"https:\/\/foliobooks.pl\/en\/shop\/berlin-in-the-1920s-basic-art-series\/","name":"Berlin in the 1920s. Basic Art Series (Rainer Metzger) - book \/ album - Folio","isPartOf":{"@id":"https:\/\/foliobooks.pl\/en\/#website"},"primaryImageOfPage":{"@id":"https:\/\/foliobooks.pl\/en\/shop\/berlin-in-the-1920s-basic-art-series\/#primaryimage"},"image":{"@id":"https:\/\/foliobooks.pl\/en\/shop\/berlin-in-the-1920s-basic-art-series\/#primaryimage"},"thumbnailUrl":"https:\/\/foliobooks.pl\/wp-content\/uploads\/2017\/06\/9783836550505.png","datePublished":"2017-06-07T07:22:26+00:00","dateModified":"2022-09-19T14:45:17+00:00","description":"Wejd\u017a i kup ksi\u0105\u017ck\u0119 Berlin in the 1920s. Basic Art Series autorstwa Rainer Metzger wydan\u0105 przez TASCHEN (2017-06-20) w formacie 21 x 26 cm (ISBN: 9783836550505). Zapraszamy!","breadcrumb":{"@id":"https:\/\/foliobooks.pl\/en\/shop\/berlin-in-the-1920s-basic-art-series\/#breadcrumb"},"inLanguage":"en-US","potentialAction":[{"@type":"ReadAction","target":["https:\/\/foliobooks.pl\/en\/shop\/berlin-in-the-1920s-basic-art-series\/"]}]},{"@type":"ImageObject","inLanguage":"en-US","@id":"https:\/\/foliobooks.pl\/en\/shop\/berlin-in-the-1920s-basic-art-series\/#primaryimage","url":"https:\/\/foliobooks.pl\/wp-content\/uploads\/2017\/06\/9783836550505.png","contentUrl":"https:\/\/foliobooks.pl\/wp-content\/uploads\/2017\/06\/9783836550505.png","width":570,"height":708},{"@type":"BreadcrumbList","@id":"https:\/\/foliobooks.pl\/en\/shop\/berlin-in-the-1920s-basic-art-series\/#breadcrumb","itemListElement":[{"@type":"ListItem","position":1,"name":"Strona g\u0142\u00f3wna","item":"https:\/\/foliobooks.pl\/en\/"},{"@type":"ListItem","position":2,"name":"Shop","item":"https:\/\/foliobooks.pl\/en\/shop\/"},{"@type":"ListItem","position":3,"name":"Berlin in the 1920s. Basic Art Series"}]},{"@type":"WebSite","@id":"https:\/\/foliobooks.pl\/en\/#website","url":"https:\/\/foliobooks.pl\/en\/","name":"Folio","description":"Ksi\u0119garnia internetowa","potentialAction":[{"@type":"SearchAction","target":{"@type":"EntryPoint","urlTemplate":"https:\/\/foliobooks.pl\/en\/?s={search_term_string}"},"query-input":{"@type":"PropertyValueSpecification","valueRequired":true,"valueName":"search_term_string"}}],"inLanguage":"en-US"}]}},"_links":{"self":[{"href":"https:\/\/foliobooks.pl\/en\/wp-json\/wp\/v2\/product\/19721","targetHints":{"allow":["GET"]}}],"collection":[{"href":"https:\/\/foliobooks.pl\/en\/wp-json\/wp\/v2\/product"}],"about":[{"href":"https:\/\/foliobooks.pl\/en\/wp-json\/wp\/v2\/types\/product"}],"replies":[{"embeddable":true,"href":"https:\/\/foliobooks.pl\/en\/wp-json\/wp\/v2\/comments?post=19721"}],"wp:featuredmedia":[{"embeddable":true,"href":"https:\/\/foliobooks.pl\/en\/wp-json\/wp\/v2\/media\/19714"}],"wp:attachment":[{"href":"https:\/\/foliobooks.pl\/en\/wp-json\/wp\/v2\/media?parent=19721"}],"wp:term":[{"taxonomy":"product_brand","embeddable":true,"href":"https:\/\/foliobooks.pl\/en\/wp-json\/wp\/v2\/product_brand?post=19721"},{"taxonomy":"product_cat","embeddable":true,"href":"https:\/\/foliobooks.pl\/en\/wp-json\/wp\/v2\/product_cat?post=19721"},{"taxonomy":"product_tag","embeddable":true,"href":"https:\/\/foliobooks.pl\/en\/wp-json\/wp\/v2\/product_tag?post=19721"}],"curies":[{"name":"wp","href":"https:\/\/api.w.org\/{rel}","templated":true}]}}