{"id":1950,"date":"2015-02-12T18:27:44","date_gmt":"2015-02-12T17:27:44","guid":{"rendered":"http:\/\/foliobooks.pl\/shop\/scorsese-a-retrospective-2\/"},"modified":"2025-09-05T18:21:43","modified_gmt":"2025-09-05T16:21:43","slug":"scorsese-a-retrospective","status":"publish","type":"product","link":"https:\/\/foliobooks.pl\/en\/shop\/scorsese-a-retrospective\/","title":{"rendered":"Scorsese. A Retrospective"},"content":{"rendered":"<p><em class=\"editor\">Basically, you make another movie, and another, and hopefully you feel good about every picture you make. And you say, \u201cMy name is on that. I did that. It\u2019s OK.\u201d But don\u2019t get me wrong, I still get excited by it all. That, I hope, will never disappear.\u2019<\/em> <span class=\"linkdesc\">\u2013 Martin Scorsese<\/span><\/p>\n<p>Impeccably designed, and copiously illustrated with more than two hundred stills and behind-the-scenes images, this is the definitive celebration of one of cinema\u2019s most enduring talents.<\/p>\n<p>Born in New York City in 1942 to Sicilian-American parents, Scorsese spent much of his childhood absorbing the sights and sounds of Little Italy from the balcony of his family\u2019s tenement apartment \u2013 music blaring, drunks brawling and neighbourhood kids playing stickball. A lifelong asthma sufferer, he took no part in his friends\u2019 games and instead fell in love with cinema at an early age, crafting intricate storyboards for as-yet-unmade Westerns and Roman epics. This long apprenticeship paid off in 1962 when Scorsese was accepted onto a film course at New York University and immediately attracted attention with a series of quirky and technically accomplished student shorts.<\/p>\n<p>Having made his breakthrough with the gritty <em class=\"editor\">Mean Streets<\/em> (1973), Scorsese outgrew his early reputation as a virtuoso of violence, creating films as diverse as a nineteenth-century literary romance, <em class=\"editor\">The Age of Innocence<\/em> (1993), a dramatization of the early life of the Dalai Lama, <em class=\"editor\">Kundun<\/em> (1997), and a 3D children\u2019s fantasy, <em class=\"editor\">Hugo<\/em> (2011).<\/p>\n<p>This lavish retrospective is a fitting tribute to a remarkable director, now into his sixth decade in cinema and showing no signs of slowing up. Leading film writer Tom Shone draws on his in-depth knowledge and distinctive viewpoint to present refreshing commentaries on all twenty-three main features, from the rarely shown <em class=\"editor\">Who\u2019s That Knocking at My Door<\/em> (1967) to the latest release, <em class=\"editor\">The Wolf of Wall Street<\/em> (2013), as well as covering Scorsese\u2019s notable parallel career as a documentary maker.<\/p>\n<p>\u2018A beautiful book\u2019<cite>\u00a0<\/cite><\/p>\n<p><cite>\u00a0 \u00a0 \u00a0 \u00a0 \u00a0 \u00a0 \u00a0 \u00a0 \u00a0 \u00a0 \u00a0 \u00a0 \u00a0 \u00a0 \u2013\u00a0The Times<\/cite><\/p>\n","protected":false},"excerpt":{"rendered":"<p>Basically, you make another movie, and another, and hopefully you feel good about every picture you make. And you say, \u201cMy name is on that. I did that. It\u2019s OK.\u201d But don\u2019t get me wrong, I still get excited by it all. That, I hope, will never disappear.\u2019 \u2013 Martin Scorsese Impeccably designed, and copiously&#8230;<\/p>\n","protected":false},"featured_media":3406,"comment_status":"closed","ping_status":"closed","template":"","meta":[],"product_brand":[],"product_cat":[4517,4521],"product_tag":[514,154],"class_list":{"0":"post-1950","1":"product","2":"type-product","3":"status-publish","4":"has-post-thumbnail","6":"product_cat-photography-en","7":"product_cat-silva-rerum-en-en","8":"product_tag-men-en","9":"product_tag-monographs","10":"pa_author_att-tom-shone-en","11":"pa_cover-hardcover","12":"pa_format-25-x-25-cm-en","13":"pa_isbn-9780500517529-en","14":"pa_language-eng","15":"pa_pages-288-2-en","16":"pa_published-2014-10-29-en","17":"pa_publisher-thames-hudson-en","19":"first","20":"instock","21":"sale","22":"sold-individually","23":"shipping-taxable","24":"purchasable","25":"product-type-simple"},"yoast_head":"<!-- This site is optimized with the Yoast SEO plugin v27.4 - https:\/\/yoast.com\/product\/yoast-seo-wordpress\/ -->\n<title>Scorsese. A Retrospective (Tom Shone) - book \/ album - Folio<\/title>\n<meta name=\"description\" content=\"Wejd\u017a i kup ksi\u0105\u017ck\u0119 Scorsese. A Retrospective autorstwa Tom Shone wydan\u0105 przez Thames &amp; Hudson (2014-10-29) w formacie 25 x 25 cm (ISBN: 9780500517529). Zapraszamy!\" \/>\n<meta name=\"robots\" content=\"index, follow, max-snippet:-1, max-image-preview:large, max-video-preview:-1\" \/>\n<link rel=\"canonical\" href=\"https:\/\/foliobooks.pl\/en\/shop\/scorsese-a-retrospective\/\" \/>\n<meta property=\"og:locale\" content=\"en_US\" \/>\n<meta property=\"og:type\" content=\"article\" \/>\n<meta property=\"og:title\" content=\"Scorsese. A Retrospective (Tom Shone) - book \/ album - Folio\" \/>\n<meta property=\"og:description\" content=\"Wejd\u017a i kup ksi\u0105\u017ck\u0119 Scorsese. A Retrospective autorstwa Tom Shone wydan\u0105 przez Thames &amp; Hudson (2014-10-29) w formacie 25 x 25 cm (ISBN: 9780500517529). Zapraszamy!\" \/>\n<meta property=\"og:url\" content=\"https:\/\/foliobooks.pl\/en\/shop\/scorsese-a-retrospective\/\" \/>\n<meta property=\"og:site_name\" content=\"Folio\" \/>\n<meta property=\"article:modified_time\" content=\"2025-09-05T16:21:43+00:00\" \/>\n<meta property=\"og:image\" content=\"https:\/\/foliobooks.pl\/wp-content\/uploads\/2015\/02\/9780500517529.png\" \/>\n\t<meta property=\"og:image:width\" content=\"570\" \/>\n\t<meta property=\"og:image:height\" content=\"708\" \/>\n\t<meta property=\"og:image:type\" content=\"image\/png\" \/>\n<meta name=\"twitter:card\" content=\"summary_large_image\" \/>\n<meta name=\"twitter:label1\" content=\"Est. reading time\" \/>\n\t<meta name=\"twitter:data1\" content=\"2 minutes\" \/>\n<script type=\"application\/ld+json\" class=\"yoast-schema-graph\">{\"@context\":\"https:\\\/\\\/schema.org\",\"@graph\":[{\"@type\":\"WebPage\",\"@id\":\"https:\\\/\\\/foliobooks.pl\\\/en\\\/shop\\\/scorsese-a-retrospective\\\/\",\"url\":\"https:\\\/\\\/foliobooks.pl\\\/en\\\/shop\\\/scorsese-a-retrospective\\\/\",\"name\":\"Scorsese. A Retrospective (Tom Shone) - book \\\/ album - Folio\",\"isPartOf\":{\"@id\":\"https:\\\/\\\/foliobooks.pl\\\/en\\\/#website\"},\"primaryImageOfPage\":{\"@id\":\"https:\\\/\\\/foliobooks.pl\\\/en\\\/shop\\\/scorsese-a-retrospective\\\/#primaryimage\"},\"image\":{\"@id\":\"https:\\\/\\\/foliobooks.pl\\\/en\\\/shop\\\/scorsese-a-retrospective\\\/#primaryimage\"},\"thumbnailUrl\":\"https:\\\/\\\/foliobooks.pl\\\/wp-content\\\/uploads\\\/2015\\\/02\\\/9780500517529.png\",\"datePublished\":\"2015-02-12T17:27:44+00:00\",\"dateModified\":\"2025-09-05T16:21:43+00:00\",\"description\":\"Wejd\u017a i kup ksi\u0105\u017ck\u0119 Scorsese. A Retrospective autorstwa Tom Shone wydan\u0105 przez Thames &amp; Hudson (2014-10-29) w formacie 25 x 25 cm (ISBN: 9780500517529). Zapraszamy!\",\"breadcrumb\":{\"@id\":\"https:\\\/\\\/foliobooks.pl\\\/en\\\/shop\\\/scorsese-a-retrospective\\\/#breadcrumb\"},\"inLanguage\":\"en-US\",\"potentialAction\":[{\"@type\":\"ReadAction\",\"target\":[\"https:\\\/\\\/foliobooks.pl\\\/en\\\/shop\\\/scorsese-a-retrospective\\\/\"]}]},{\"@type\":\"ImageObject\",\"inLanguage\":\"en-US\",\"@id\":\"https:\\\/\\\/foliobooks.pl\\\/en\\\/shop\\\/scorsese-a-retrospective\\\/#primaryimage\",\"url\":\"https:\\\/\\\/foliobooks.pl\\\/wp-content\\\/uploads\\\/2015\\\/02\\\/9780500517529.png\",\"contentUrl\":\"https:\\\/\\\/foliobooks.pl\\\/wp-content\\\/uploads\\\/2015\\\/02\\\/9780500517529.png\",\"width\":570,\"height\":708},{\"@type\":\"BreadcrumbList\",\"@id\":\"https:\\\/\\\/foliobooks.pl\\\/en\\\/shop\\\/scorsese-a-retrospective\\\/#breadcrumb\",\"itemListElement\":[{\"@type\":\"ListItem\",\"position\":1,\"name\":\"Strona g\u0142\u00f3wna\",\"item\":\"https:\\\/\\\/foliobooks.pl\\\/en\\\/\"},{\"@type\":\"ListItem\",\"position\":2,\"name\":\"Shop\",\"item\":\"https:\\\/\\\/foliobooks.pl\\\/en\\\/shop\\\/\"},{\"@type\":\"ListItem\",\"position\":3,\"name\":\"Scorsese. A Retrospective\"}]},{\"@type\":\"WebSite\",\"@id\":\"https:\\\/\\\/foliobooks.pl\\\/en\\\/#website\",\"url\":\"https:\\\/\\\/foliobooks.pl\\\/en\\\/\",\"name\":\"Folio\",\"description\":\"Ksi\u0119garnia internetowa\",\"potentialAction\":[{\"@type\":\"SearchAction\",\"target\":{\"@type\":\"EntryPoint\",\"urlTemplate\":\"https:\\\/\\\/foliobooks.pl\\\/en\\\/?s={search_term_string}\"},\"query-input\":{\"@type\":\"PropertyValueSpecification\",\"valueRequired\":true,\"valueName\":\"search_term_string\"}}],\"inLanguage\":\"en-US\"}]}<\/script>\n<!-- \/ Yoast SEO plugin. -->","yoast_head_json":{"title":"Scorsese. A Retrospective (Tom Shone) - book \/ album - Folio","description":"Wejd\u017a i kup ksi\u0105\u017ck\u0119 Scorsese. A Retrospective autorstwa Tom Shone wydan\u0105 przez Thames &amp; Hudson (2014-10-29) w formacie 25 x 25 cm (ISBN: 9780500517529). Zapraszamy!","robots":{"index":"index","follow":"follow","max-snippet":"max-snippet:-1","max-image-preview":"max-image-preview:large","max-video-preview":"max-video-preview:-1"},"canonical":"https:\/\/foliobooks.pl\/en\/shop\/scorsese-a-retrospective\/","og_locale":"en_US","og_type":"article","og_title":"Scorsese. A Retrospective (Tom Shone) - book \/ album - Folio","og_description":"Wejd\u017a i kup ksi\u0105\u017ck\u0119 Scorsese. A Retrospective autorstwa Tom Shone wydan\u0105 przez Thames &amp; Hudson (2014-10-29) w formacie 25 x 25 cm (ISBN: 9780500517529). Zapraszamy!","og_url":"https:\/\/foliobooks.pl\/en\/shop\/scorsese-a-retrospective\/","og_site_name":"Folio","article_modified_time":"2025-09-05T16:21:43+00:00","og_image":[{"width":570,"height":708,"url":"https:\/\/foliobooks.pl\/wp-content\/uploads\/2015\/02\/9780500517529.png","type":"image\/png"}],"twitter_card":"summary_large_image","twitter_misc":{"Est. reading time":"2 minutes"},"schema":{"@context":"https:\/\/schema.org","@graph":[{"@type":"WebPage","@id":"https:\/\/foliobooks.pl\/en\/shop\/scorsese-a-retrospective\/","url":"https:\/\/foliobooks.pl\/en\/shop\/scorsese-a-retrospective\/","name":"Scorsese. A Retrospective (Tom Shone) - book \/ album - Folio","isPartOf":{"@id":"https:\/\/foliobooks.pl\/en\/#website"},"primaryImageOfPage":{"@id":"https:\/\/foliobooks.pl\/en\/shop\/scorsese-a-retrospective\/#primaryimage"},"image":{"@id":"https:\/\/foliobooks.pl\/en\/shop\/scorsese-a-retrospective\/#primaryimage"},"thumbnailUrl":"https:\/\/foliobooks.pl\/wp-content\/uploads\/2015\/02\/9780500517529.png","datePublished":"2015-02-12T17:27:44+00:00","dateModified":"2025-09-05T16:21:43+00:00","description":"Wejd\u017a i kup ksi\u0105\u017ck\u0119 Scorsese. A Retrospective autorstwa Tom Shone wydan\u0105 przez Thames &amp; Hudson (2014-10-29) w formacie 25 x 25 cm (ISBN: 9780500517529). Zapraszamy!","breadcrumb":{"@id":"https:\/\/foliobooks.pl\/en\/shop\/scorsese-a-retrospective\/#breadcrumb"},"inLanguage":"en-US","potentialAction":[{"@type":"ReadAction","target":["https:\/\/foliobooks.pl\/en\/shop\/scorsese-a-retrospective\/"]}]},{"@type":"ImageObject","inLanguage":"en-US","@id":"https:\/\/foliobooks.pl\/en\/shop\/scorsese-a-retrospective\/#primaryimage","url":"https:\/\/foliobooks.pl\/wp-content\/uploads\/2015\/02\/9780500517529.png","contentUrl":"https:\/\/foliobooks.pl\/wp-content\/uploads\/2015\/02\/9780500517529.png","width":570,"height":708},{"@type":"BreadcrumbList","@id":"https:\/\/foliobooks.pl\/en\/shop\/scorsese-a-retrospective\/#breadcrumb","itemListElement":[{"@type":"ListItem","position":1,"name":"Strona g\u0142\u00f3wna","item":"https:\/\/foliobooks.pl\/en\/"},{"@type":"ListItem","position":2,"name":"Shop","item":"https:\/\/foliobooks.pl\/en\/shop\/"},{"@type":"ListItem","position":3,"name":"Scorsese. A Retrospective"}]},{"@type":"WebSite","@id":"https:\/\/foliobooks.pl\/en\/#website","url":"https:\/\/foliobooks.pl\/en\/","name":"Folio","description":"Ksi\u0119garnia internetowa","potentialAction":[{"@type":"SearchAction","target":{"@type":"EntryPoint","urlTemplate":"https:\/\/foliobooks.pl\/en\/?s={search_term_string}"},"query-input":{"@type":"PropertyValueSpecification","valueRequired":true,"valueName":"search_term_string"}}],"inLanguage":"en-US"}]}},"_links":{"self":[{"href":"https:\/\/foliobooks.pl\/en\/wp-json\/wp\/v2\/product\/1950","targetHints":{"allow":["GET"]}}],"collection":[{"href":"https:\/\/foliobooks.pl\/en\/wp-json\/wp\/v2\/product"}],"about":[{"href":"https:\/\/foliobooks.pl\/en\/wp-json\/wp\/v2\/types\/product"}],"replies":[{"embeddable":true,"href":"https:\/\/foliobooks.pl\/en\/wp-json\/wp\/v2\/comments?post=1950"}],"wp:featuredmedia":[{"embeddable":true,"href":"https:\/\/foliobooks.pl\/en\/wp-json\/wp\/v2\/media\/3406"}],"wp:attachment":[{"href":"https:\/\/foliobooks.pl\/en\/wp-json\/wp\/v2\/media?parent=1950"}],"wp:term":[{"taxonomy":"product_brand","embeddable":true,"href":"https:\/\/foliobooks.pl\/en\/wp-json\/wp\/v2\/product_brand?post=1950"},{"taxonomy":"product_cat","embeddable":true,"href":"https:\/\/foliobooks.pl\/en\/wp-json\/wp\/v2\/product_cat?post=1950"},{"taxonomy":"product_tag","embeddable":true,"href":"https:\/\/foliobooks.pl\/en\/wp-json\/wp\/v2\/product_tag?post=1950"}],"curies":[{"name":"wp","href":"https:\/\/api.w.org\/{rel}","templated":true}]}}