{"id":19203,"date":"2017-04-10T14:30:04","date_gmt":"2017-04-10T12:30:04","guid":{"rendered":"http:\/\/foliobooks.pl\/sklep\/mario-testino-sir-2\/"},"modified":"2020-07-09T11:14:47","modified_gmt":"2020-07-09T09:14:47","slug":"mario-testino-sir-2","status":"publish","type":"product","link":"https:\/\/foliobooks.pl\/en\/shop\/mario-testino-sir-2\/","title":{"rendered":"Mario Testino. SIR"},"content":{"rendered":"<p>\u201cThe way men are seen in photography, in fashion, and the way that men look at pictures of themselves has changed in recent years. It is a subject that has come into focus: The masculine image, a man&#8217;s personal style, changing attitudes to the male face and body.\u201d<br \/>\n\u2014 Mario Testino<\/p>\n<p>From Rio to London, Cusco to Seville, Mario Testino is renowned for his free-spirited chronicles of dress and demeanor. In SIR, his largest book to-date, the influential photographer presents over 300 photographs in his search to define the allure of men.<\/p>\n<p>Featuring an essay by Pierre Borhan, an interview with Patrick Kinmonth, and many previously unpublished works from Testino\u2019s archive of thousands, this book traces the evolution of male identity over the past three decades. Costume, tradition, gender play, portraiture, photojournalism, and fashion collide as Testino observes masculinity in all its modern manifestations: through the dandy and the gentleman, the macho and the fey, the world-famous face to the unknown passerby.<\/p>\n<p>Every photograph represents a unique point of view, and a new visual connection between photographer and sitter. With Josh Hartnett for VMAN (2005), Testino evokes the fall of Helmut Berger in the abyss of Luchino Visconti\u2019s The Damned. Studies of Brad Pitt, George Clooney, Jude Law and Colin Firth are as candid as they are curious. David Beckham, David Bowie, Mick Jagger and Keith Richards feature for the courage they have taken in redefining male identity. Through a kaleidoscope of guises, these portraits define a period in which men\u2019s changing role, style and appearance has never escaped Testino\u2019s eye and impeccable intuition.<\/p>\n","protected":false},"excerpt":{"rendered":"<p>\u201cThe way men are seen in photography, in fashion, and the way that men look at pictures of themselves has changed in recent years. It is a subject that has come into focus: The masculine image, a man&#8217;s personal style, changing attitudes to the male face and body.\u201d \u2014 Mario Testino From Rio to London,&#8230;<\/p>\n","protected":false},"featured_media":19196,"comment_status":"closed","ping_status":"closed","template":"","meta":[],"product_brand":[],"product_cat":[4517],"product_tag":[514,154,6632,6121,1267],"class_list":{"0":"post-19203","1":"product","2":"type-product","3":"status-publish","4":"has-post-thumbnail","6":"product_cat-photography-en","7":"product_tag-men-en","8":"product_tag-monographs","9":"product_tag-photographers","10":"product_tag-photography","11":"product_tag-reportage","12":"pa_author_att-mario-testino-en","13":"pa_cover-softcover","14":"pa_format-27-x-35-cm-en","15":"pa_isbn-9783836553728-en","16":"pa_language-eng-f-ger","17":"pa_pages-504-en","18":"pa_published-2016-12-29-en","19":"pa_publisher-taschen-en-en","21":"first","22":"instock","23":"sold-individually","24":"shipping-taxable","25":"purchasable","26":"product-type-simple"},"yoast_head":"<!-- This site is optimized with the Yoast SEO plugin v27.4 - https:\/\/yoast.com\/product\/yoast-seo-wordpress\/ -->\n<title>Mario Testino. SIR (Mario Testino) - book \/ album - Folio<\/title>\n<meta name=\"description\" content=\"Wejd\u017a i kup ksi\u0105\u017ck\u0119 Mario Testino. SIR autorstwa Mario Testino wydan\u0105 przez TASCHEN (2016-12-29) w formacie 27 x 35 cm (ISBN: 9783836553728). Zapraszamy!\" \/>\n<meta name=\"robots\" content=\"index, follow, max-snippet:-1, max-image-preview:large, max-video-preview:-1\" \/>\n<link rel=\"canonical\" href=\"https:\/\/foliobooks.pl\/en\/shop\/mario-testino-sir-2\/\" \/>\n<meta property=\"og:locale\" content=\"en_US\" \/>\n<meta property=\"og:type\" content=\"article\" \/>\n<meta property=\"og:title\" content=\"Mario Testino. SIR (Mario Testino) - book \/ album - Folio\" \/>\n<meta property=\"og:description\" content=\"Wejd\u017a i kup ksi\u0105\u017ck\u0119 Mario Testino. SIR autorstwa Mario Testino wydan\u0105 przez TASCHEN (2016-12-29) w formacie 27 x 35 cm (ISBN: 9783836553728). Zapraszamy!\" \/>\n<meta property=\"og:url\" content=\"https:\/\/foliobooks.pl\/en\/shop\/mario-testino-sir-2\/\" \/>\n<meta property=\"og:site_name\" content=\"Folio\" \/>\n<meta property=\"article:modified_time\" content=\"2020-07-09T09:14:47+00:00\" \/>\n<meta property=\"og:image\" content=\"https:\/\/foliobooks.pl\/wp-content\/uploads\/2017\/04\/9783836553728.png\" \/>\n\t<meta property=\"og:image:width\" content=\"570\" \/>\n\t<meta property=\"og:image:height\" content=\"708\" \/>\n\t<meta property=\"og:image:type\" content=\"image\/png\" \/>\n<meta name=\"twitter:card\" content=\"summary_large_image\" \/>\n<meta name=\"twitter:label1\" content=\"Est. reading time\" \/>\n\t<meta name=\"twitter:data1\" content=\"1 minute\" \/>\n<script type=\"application\/ld+json\" class=\"yoast-schema-graph\">{\"@context\":\"https:\\\/\\\/schema.org\",\"@graph\":[{\"@type\":\"WebPage\",\"@id\":\"https:\\\/\\\/foliobooks.pl\\\/en\\\/shop\\\/mario-testino-sir-2\\\/\",\"url\":\"https:\\\/\\\/foliobooks.pl\\\/en\\\/shop\\\/mario-testino-sir-2\\\/\",\"name\":\"Mario Testino. SIR (Mario Testino) - book \\\/ album - Folio\",\"isPartOf\":{\"@id\":\"https:\\\/\\\/foliobooks.pl\\\/en\\\/#website\"},\"primaryImageOfPage\":{\"@id\":\"https:\\\/\\\/foliobooks.pl\\\/en\\\/shop\\\/mario-testino-sir-2\\\/#primaryimage\"},\"image\":{\"@id\":\"https:\\\/\\\/foliobooks.pl\\\/en\\\/shop\\\/mario-testino-sir-2\\\/#primaryimage\"},\"thumbnailUrl\":\"https:\\\/\\\/foliobooks.pl\\\/wp-content\\\/uploads\\\/2017\\\/04\\\/9783836553728.png\",\"datePublished\":\"2017-04-10T12:30:04+00:00\",\"dateModified\":\"2020-07-09T09:14:47+00:00\",\"description\":\"Wejd\u017a i kup ksi\u0105\u017ck\u0119 Mario Testino. SIR autorstwa Mario Testino wydan\u0105 przez TASCHEN (2016-12-29) w formacie 27 x 35 cm (ISBN: 9783836553728). Zapraszamy!\",\"breadcrumb\":{\"@id\":\"https:\\\/\\\/foliobooks.pl\\\/en\\\/shop\\\/mario-testino-sir-2\\\/#breadcrumb\"},\"inLanguage\":\"en-US\",\"potentialAction\":[{\"@type\":\"ReadAction\",\"target\":[\"https:\\\/\\\/foliobooks.pl\\\/en\\\/shop\\\/mario-testino-sir-2\\\/\"]}]},{\"@type\":\"ImageObject\",\"inLanguage\":\"en-US\",\"@id\":\"https:\\\/\\\/foliobooks.pl\\\/en\\\/shop\\\/mario-testino-sir-2\\\/#primaryimage\",\"url\":\"https:\\\/\\\/foliobooks.pl\\\/wp-content\\\/uploads\\\/2017\\\/04\\\/9783836553728.png\",\"contentUrl\":\"https:\\\/\\\/foliobooks.pl\\\/wp-content\\\/uploads\\\/2017\\\/04\\\/9783836553728.png\",\"width\":570,\"height\":708},{\"@type\":\"BreadcrumbList\",\"@id\":\"https:\\\/\\\/foliobooks.pl\\\/en\\\/shop\\\/mario-testino-sir-2\\\/#breadcrumb\",\"itemListElement\":[{\"@type\":\"ListItem\",\"position\":1,\"name\":\"Strona g\u0142\u00f3wna\",\"item\":\"https:\\\/\\\/foliobooks.pl\\\/en\\\/\"},{\"@type\":\"ListItem\",\"position\":2,\"name\":\"Shop\",\"item\":\"https:\\\/\\\/foliobooks.pl\\\/en\\\/shop\\\/\"},{\"@type\":\"ListItem\",\"position\":3,\"name\":\"Mario Testino. SIR\"}]},{\"@type\":\"WebSite\",\"@id\":\"https:\\\/\\\/foliobooks.pl\\\/en\\\/#website\",\"url\":\"https:\\\/\\\/foliobooks.pl\\\/en\\\/\",\"name\":\"Folio\",\"description\":\"Ksi\u0119garnia internetowa\",\"potentialAction\":[{\"@type\":\"SearchAction\",\"target\":{\"@type\":\"EntryPoint\",\"urlTemplate\":\"https:\\\/\\\/foliobooks.pl\\\/en\\\/?s={search_term_string}\"},\"query-input\":{\"@type\":\"PropertyValueSpecification\",\"valueRequired\":true,\"valueName\":\"search_term_string\"}}],\"inLanguage\":\"en-US\"}]}<\/script>\n<!-- \/ Yoast SEO plugin. -->","yoast_head_json":{"title":"Mario Testino. SIR (Mario Testino) - book \/ album - Folio","description":"Wejd\u017a i kup ksi\u0105\u017ck\u0119 Mario Testino. SIR autorstwa Mario Testino wydan\u0105 przez TASCHEN (2016-12-29) w formacie 27 x 35 cm (ISBN: 9783836553728). Zapraszamy!","robots":{"index":"index","follow":"follow","max-snippet":"max-snippet:-1","max-image-preview":"max-image-preview:large","max-video-preview":"max-video-preview:-1"},"canonical":"https:\/\/foliobooks.pl\/en\/shop\/mario-testino-sir-2\/","og_locale":"en_US","og_type":"article","og_title":"Mario Testino. SIR (Mario Testino) - book \/ album - Folio","og_description":"Wejd\u017a i kup ksi\u0105\u017ck\u0119 Mario Testino. SIR autorstwa Mario Testino wydan\u0105 przez TASCHEN (2016-12-29) w formacie 27 x 35 cm (ISBN: 9783836553728). Zapraszamy!","og_url":"https:\/\/foliobooks.pl\/en\/shop\/mario-testino-sir-2\/","og_site_name":"Folio","article_modified_time":"2020-07-09T09:14:47+00:00","og_image":[{"width":570,"height":708,"url":"https:\/\/foliobooks.pl\/wp-content\/uploads\/2017\/04\/9783836553728.png","type":"image\/png"}],"twitter_card":"summary_large_image","twitter_misc":{"Est. reading time":"1 minute"},"schema":{"@context":"https:\/\/schema.org","@graph":[{"@type":"WebPage","@id":"https:\/\/foliobooks.pl\/en\/shop\/mario-testino-sir-2\/","url":"https:\/\/foliobooks.pl\/en\/shop\/mario-testino-sir-2\/","name":"Mario Testino. SIR (Mario Testino) - book \/ album - Folio","isPartOf":{"@id":"https:\/\/foliobooks.pl\/en\/#website"},"primaryImageOfPage":{"@id":"https:\/\/foliobooks.pl\/en\/shop\/mario-testino-sir-2\/#primaryimage"},"image":{"@id":"https:\/\/foliobooks.pl\/en\/shop\/mario-testino-sir-2\/#primaryimage"},"thumbnailUrl":"https:\/\/foliobooks.pl\/wp-content\/uploads\/2017\/04\/9783836553728.png","datePublished":"2017-04-10T12:30:04+00:00","dateModified":"2020-07-09T09:14:47+00:00","description":"Wejd\u017a i kup ksi\u0105\u017ck\u0119 Mario Testino. SIR autorstwa Mario Testino wydan\u0105 przez TASCHEN (2016-12-29) w formacie 27 x 35 cm (ISBN: 9783836553728). Zapraszamy!","breadcrumb":{"@id":"https:\/\/foliobooks.pl\/en\/shop\/mario-testino-sir-2\/#breadcrumb"},"inLanguage":"en-US","potentialAction":[{"@type":"ReadAction","target":["https:\/\/foliobooks.pl\/en\/shop\/mario-testino-sir-2\/"]}]},{"@type":"ImageObject","inLanguage":"en-US","@id":"https:\/\/foliobooks.pl\/en\/shop\/mario-testino-sir-2\/#primaryimage","url":"https:\/\/foliobooks.pl\/wp-content\/uploads\/2017\/04\/9783836553728.png","contentUrl":"https:\/\/foliobooks.pl\/wp-content\/uploads\/2017\/04\/9783836553728.png","width":570,"height":708},{"@type":"BreadcrumbList","@id":"https:\/\/foliobooks.pl\/en\/shop\/mario-testino-sir-2\/#breadcrumb","itemListElement":[{"@type":"ListItem","position":1,"name":"Strona g\u0142\u00f3wna","item":"https:\/\/foliobooks.pl\/en\/"},{"@type":"ListItem","position":2,"name":"Shop","item":"https:\/\/foliobooks.pl\/en\/shop\/"},{"@type":"ListItem","position":3,"name":"Mario Testino. SIR"}]},{"@type":"WebSite","@id":"https:\/\/foliobooks.pl\/en\/#website","url":"https:\/\/foliobooks.pl\/en\/","name":"Folio","description":"Ksi\u0119garnia internetowa","potentialAction":[{"@type":"SearchAction","target":{"@type":"EntryPoint","urlTemplate":"https:\/\/foliobooks.pl\/en\/?s={search_term_string}"},"query-input":{"@type":"PropertyValueSpecification","valueRequired":true,"valueName":"search_term_string"}}],"inLanguage":"en-US"}]}},"_links":{"self":[{"href":"https:\/\/foliobooks.pl\/en\/wp-json\/wp\/v2\/product\/19203","targetHints":{"allow":["GET"]}}],"collection":[{"href":"https:\/\/foliobooks.pl\/en\/wp-json\/wp\/v2\/product"}],"about":[{"href":"https:\/\/foliobooks.pl\/en\/wp-json\/wp\/v2\/types\/product"}],"replies":[{"embeddable":true,"href":"https:\/\/foliobooks.pl\/en\/wp-json\/wp\/v2\/comments?post=19203"}],"wp:featuredmedia":[{"embeddable":true,"href":"https:\/\/foliobooks.pl\/en\/wp-json\/wp\/v2\/media\/19196"}],"wp:attachment":[{"href":"https:\/\/foliobooks.pl\/en\/wp-json\/wp\/v2\/media?parent=19203"}],"wp:term":[{"taxonomy":"product_brand","embeddable":true,"href":"https:\/\/foliobooks.pl\/en\/wp-json\/wp\/v2\/product_brand?post=19203"},{"taxonomy":"product_cat","embeddable":true,"href":"https:\/\/foliobooks.pl\/en\/wp-json\/wp\/v2\/product_cat?post=19203"},{"taxonomy":"product_tag","embeddable":true,"href":"https:\/\/foliobooks.pl\/en\/wp-json\/wp\/v2\/product_tag?post=19203"}],"curies":[{"name":"wp","href":"https:\/\/api.w.org\/{rel}","templated":true}]}}