{"id":19193,"date":"2017-04-10T13:46:18","date_gmt":"2017-04-10T11:46:18","guid":{"rendered":"http:\/\/foliobooks.pl\/sklep\/sebastien-mamerot-a-chronicle-of-the-crusades\/"},"modified":"2022-09-20T15:25:46","modified_gmt":"2022-09-20T13:25:46","slug":"sebastien-mamerot-a-chronicle-of-the-crusades","status":"publish","type":"product","link":"https:\/\/foliobooks.pl\/en\/shop\/sebastien-mamerot-a-chronicle-of-the-crusades\/","title":{"rendered":"S\u00e9bastien Mamerot. A Chronicle of the Crusades"},"content":{"rendered":"<p>Completed circa 1474, S\u00e9bastien Mamerot\u2019s lavishly illustrated manuscript is the only contemporary document to describe several centuries of French crusades, when successive kings tried to seize the Holy Land. Jean Colombe, the medieval illuminator best known for his work on the Tr\u00e8s Riches Heures du Duc de Berry, is the principal artist of its 66 exquisite miniatures.<\/p>\n<p>Les Passages d\u2019Outremer (The Expeditions to Overseas) comprises 277 parchment folios, illustrated by Colombe and the finest caligraphers of the medieval era, and now resides in the French national library. This new hardcover edition in our popular Klotz format comprises a complete translation of the manuscript text, illustrated with 66 colourful miniatures by Jean Colombe, and their explanations. The battles, burials, coronations and processions depicted in the illustrations come to life before our eyes and create a forceful image, as well as a compelling read, of this centuries-long campaign of religious fervour and epic journey.<\/p>\n","protected":false},"excerpt":{"rendered":"<p>Completed circa 1474, S\u00e9bastien Mamerot\u2019s lavishly illustrated manuscript is the only contemporary document to describe several centuries of French crusades, when successive kings tried to seize the Holy Land. Jean Colombe, the medieval illuminator best known for his work on the Tr\u00e8s Riches Heures du Duc de Berry, is the principal artist of its 66&#8230;<\/p>\n","protected":false},"featured_media":19186,"comment_status":"closed","ping_status":"closed","template":"","meta":[],"product_brand":[],"product_cat":[4522],"product_tag":[2767,1649,154],"class_list":{"0":"post-19193","1":"product","2":"type-product","3":"status-publish","4":"has-post-thumbnail","6":"product_cat-art-en","7":"product_tag-art-history","8":"product_tag-illustration","9":"product_tag-monographs","10":"pa_author_att-danielle-queruel-en","11":"pa_author_att-fabrice-masanes-en","12":"pa_author_att-thierry-delcourt-en","13":"pa_cover-hardcover","14":"pa_format-14-x-195-cm-en","15":"pa_isbn-9783836554459-en","16":"pa_language-eng","17":"pa_pages-760-en","18":"pa_published-2016-09-22-en","19":"pa_publisher-taschen-en-en","21":"first","22":"outofstock","23":"sold-individually","24":"shipping-taxable","25":"purchasable","26":"product-type-simple"},"yoast_head":"<!-- This site is optimized with the Yoast SEO plugin v27.4 - https:\/\/yoast.com\/product\/yoast-seo-wordpress\/ -->\n<title>S\u00e9bastien Mamerot. A Chronicle of the Crusades (Danielle Qu\u00e9ruel, Fabrice Masan\u00e8s, Thierry Delcourt) - book \/ album - Folio<\/title>\n<meta name=\"description\" content=\"Wejd\u017a i kup ksi\u0105\u017ck\u0119 S\u00e9bastien Mamerot. A Chronicle of the Crusades autorstwa Danielle Qu\u00e9ruel, Fabrice Masan\u00e8s, Thierry Delcourt wydan\u0105 przez TASCHEN (2016-09-22) w formacie 14 x 19,5 cm (ISBN: 9783836554459). Zapraszamy!\" \/>\n<meta name=\"robots\" content=\"index, follow, max-snippet:-1, max-image-preview:large, max-video-preview:-1\" \/>\n<link rel=\"canonical\" href=\"https:\/\/foliobooks.pl\/en\/shop\/sebastien-mamerot-a-chronicle-of-the-crusades\/\" \/>\n<meta property=\"og:locale\" content=\"en_US\" \/>\n<meta property=\"og:type\" content=\"article\" \/>\n<meta property=\"og:title\" content=\"S\u00e9bastien Mamerot. A Chronicle of the Crusades (Danielle Qu\u00e9ruel, Fabrice Masan\u00e8s, Thierry Delcourt) - book \/ album - Folio\" \/>\n<meta property=\"og:description\" content=\"Wejd\u017a i kup ksi\u0105\u017ck\u0119 S\u00e9bastien Mamerot. A Chronicle of the Crusades autorstwa Danielle Qu\u00e9ruel, Fabrice Masan\u00e8s, Thierry Delcourt wydan\u0105 przez TASCHEN (2016-09-22) w formacie 14 x 19,5 cm (ISBN: 9783836554459). Zapraszamy!\" \/>\n<meta property=\"og:url\" content=\"https:\/\/foliobooks.pl\/en\/shop\/sebastien-mamerot-a-chronicle-of-the-crusades\/\" \/>\n<meta property=\"og:site_name\" content=\"Folio\" \/>\n<meta property=\"article:modified_time\" content=\"2022-09-20T13:25:46+00:00\" \/>\n<meta property=\"og:image\" content=\"https:\/\/foliobooks.pl\/wp-content\/uploads\/2017\/04\/9783836554459.png\" \/>\n\t<meta property=\"og:image:width\" content=\"570\" \/>\n\t<meta property=\"og:image:height\" content=\"708\" \/>\n\t<meta property=\"og:image:type\" content=\"image\/png\" \/>\n<meta name=\"twitter:card\" content=\"summary_large_image\" \/>\n<meta name=\"twitter:label1\" content=\"Est. reading time\" \/>\n\t<meta name=\"twitter:data1\" content=\"1 minute\" \/>\n<script type=\"application\/ld+json\" class=\"yoast-schema-graph\">{\"@context\":\"https:\\\/\\\/schema.org\",\"@graph\":[{\"@type\":\"WebPage\",\"@id\":\"https:\\\/\\\/foliobooks.pl\\\/en\\\/shop\\\/sebastien-mamerot-a-chronicle-of-the-crusades\\\/\",\"url\":\"https:\\\/\\\/foliobooks.pl\\\/en\\\/shop\\\/sebastien-mamerot-a-chronicle-of-the-crusades\\\/\",\"name\":\"S\u00e9bastien Mamerot. A Chronicle of the Crusades (Danielle Qu\u00e9ruel, Fabrice Masan\u00e8s, Thierry Delcourt) - book \\\/ album - Folio\",\"isPartOf\":{\"@id\":\"https:\\\/\\\/foliobooks.pl\\\/en\\\/#website\"},\"primaryImageOfPage\":{\"@id\":\"https:\\\/\\\/foliobooks.pl\\\/en\\\/shop\\\/sebastien-mamerot-a-chronicle-of-the-crusades\\\/#primaryimage\"},\"image\":{\"@id\":\"https:\\\/\\\/foliobooks.pl\\\/en\\\/shop\\\/sebastien-mamerot-a-chronicle-of-the-crusades\\\/#primaryimage\"},\"thumbnailUrl\":\"https:\\\/\\\/foliobooks.pl\\\/wp-content\\\/uploads\\\/2017\\\/04\\\/9783836554459.png\",\"datePublished\":\"2017-04-10T11:46:18+00:00\",\"dateModified\":\"2022-09-20T13:25:46+00:00\",\"description\":\"Wejd\u017a i kup ksi\u0105\u017ck\u0119 S\u00e9bastien Mamerot. A Chronicle of the Crusades autorstwa Danielle Qu\u00e9ruel, Fabrice Masan\u00e8s, Thierry Delcourt wydan\u0105 przez TASCHEN (2016-09-22) w formacie 14 x 19,5 cm (ISBN: 9783836554459). Zapraszamy!\",\"breadcrumb\":{\"@id\":\"https:\\\/\\\/foliobooks.pl\\\/en\\\/shop\\\/sebastien-mamerot-a-chronicle-of-the-crusades\\\/#breadcrumb\"},\"inLanguage\":\"en-US\",\"potentialAction\":[{\"@type\":\"ReadAction\",\"target\":[\"https:\\\/\\\/foliobooks.pl\\\/en\\\/shop\\\/sebastien-mamerot-a-chronicle-of-the-crusades\\\/\"]}]},{\"@type\":\"ImageObject\",\"inLanguage\":\"en-US\",\"@id\":\"https:\\\/\\\/foliobooks.pl\\\/en\\\/shop\\\/sebastien-mamerot-a-chronicle-of-the-crusades\\\/#primaryimage\",\"url\":\"https:\\\/\\\/foliobooks.pl\\\/wp-content\\\/uploads\\\/2017\\\/04\\\/9783836554459.png\",\"contentUrl\":\"https:\\\/\\\/foliobooks.pl\\\/wp-content\\\/uploads\\\/2017\\\/04\\\/9783836554459.png\",\"width\":570,\"height\":708},{\"@type\":\"BreadcrumbList\",\"@id\":\"https:\\\/\\\/foliobooks.pl\\\/en\\\/shop\\\/sebastien-mamerot-a-chronicle-of-the-crusades\\\/#breadcrumb\",\"itemListElement\":[{\"@type\":\"ListItem\",\"position\":1,\"name\":\"Strona g\u0142\u00f3wna\",\"item\":\"https:\\\/\\\/foliobooks.pl\\\/en\\\/\"},{\"@type\":\"ListItem\",\"position\":2,\"name\":\"Shop\",\"item\":\"https:\\\/\\\/foliobooks.pl\\\/en\\\/shop\\\/\"},{\"@type\":\"ListItem\",\"position\":3,\"name\":\"S\u00e9bastien Mamerot. A Chronicle of the Crusades\"}]},{\"@type\":\"WebSite\",\"@id\":\"https:\\\/\\\/foliobooks.pl\\\/en\\\/#website\",\"url\":\"https:\\\/\\\/foliobooks.pl\\\/en\\\/\",\"name\":\"Folio\",\"description\":\"Ksi\u0119garnia internetowa\",\"potentialAction\":[{\"@type\":\"SearchAction\",\"target\":{\"@type\":\"EntryPoint\",\"urlTemplate\":\"https:\\\/\\\/foliobooks.pl\\\/en\\\/?s={search_term_string}\"},\"query-input\":{\"@type\":\"PropertyValueSpecification\",\"valueRequired\":true,\"valueName\":\"search_term_string\"}}],\"inLanguage\":\"en-US\"}]}<\/script>\n<!-- \/ Yoast SEO plugin. -->","yoast_head_json":{"title":"S\u00e9bastien Mamerot. A Chronicle of the Crusades (Danielle Qu\u00e9ruel, Fabrice Masan\u00e8s, Thierry Delcourt) - book \/ album - Folio","description":"Wejd\u017a i kup ksi\u0105\u017ck\u0119 S\u00e9bastien Mamerot. A Chronicle of the Crusades autorstwa Danielle Qu\u00e9ruel, Fabrice Masan\u00e8s, Thierry Delcourt wydan\u0105 przez TASCHEN (2016-09-22) w formacie 14 x 19,5 cm (ISBN: 9783836554459). Zapraszamy!","robots":{"index":"index","follow":"follow","max-snippet":"max-snippet:-1","max-image-preview":"max-image-preview:large","max-video-preview":"max-video-preview:-1"},"canonical":"https:\/\/foliobooks.pl\/en\/shop\/sebastien-mamerot-a-chronicle-of-the-crusades\/","og_locale":"en_US","og_type":"article","og_title":"S\u00e9bastien Mamerot. A Chronicle of the Crusades (Danielle Qu\u00e9ruel, Fabrice Masan\u00e8s, Thierry Delcourt) - book \/ album - Folio","og_description":"Wejd\u017a i kup ksi\u0105\u017ck\u0119 S\u00e9bastien Mamerot. A Chronicle of the Crusades autorstwa Danielle Qu\u00e9ruel, Fabrice Masan\u00e8s, Thierry Delcourt wydan\u0105 przez TASCHEN (2016-09-22) w formacie 14 x 19,5 cm (ISBN: 9783836554459). Zapraszamy!","og_url":"https:\/\/foliobooks.pl\/en\/shop\/sebastien-mamerot-a-chronicle-of-the-crusades\/","og_site_name":"Folio","article_modified_time":"2022-09-20T13:25:46+00:00","og_image":[{"width":570,"height":708,"url":"https:\/\/foliobooks.pl\/wp-content\/uploads\/2017\/04\/9783836554459.png","type":"image\/png"}],"twitter_card":"summary_large_image","twitter_misc":{"Est. reading time":"1 minute"},"schema":{"@context":"https:\/\/schema.org","@graph":[{"@type":"WebPage","@id":"https:\/\/foliobooks.pl\/en\/shop\/sebastien-mamerot-a-chronicle-of-the-crusades\/","url":"https:\/\/foliobooks.pl\/en\/shop\/sebastien-mamerot-a-chronicle-of-the-crusades\/","name":"S\u00e9bastien Mamerot. A Chronicle of the Crusades (Danielle Qu\u00e9ruel, Fabrice Masan\u00e8s, Thierry Delcourt) - book \/ album - Folio","isPartOf":{"@id":"https:\/\/foliobooks.pl\/en\/#website"},"primaryImageOfPage":{"@id":"https:\/\/foliobooks.pl\/en\/shop\/sebastien-mamerot-a-chronicle-of-the-crusades\/#primaryimage"},"image":{"@id":"https:\/\/foliobooks.pl\/en\/shop\/sebastien-mamerot-a-chronicle-of-the-crusades\/#primaryimage"},"thumbnailUrl":"https:\/\/foliobooks.pl\/wp-content\/uploads\/2017\/04\/9783836554459.png","datePublished":"2017-04-10T11:46:18+00:00","dateModified":"2022-09-20T13:25:46+00:00","description":"Wejd\u017a i kup ksi\u0105\u017ck\u0119 S\u00e9bastien Mamerot. A Chronicle of the Crusades autorstwa Danielle Qu\u00e9ruel, Fabrice Masan\u00e8s, Thierry Delcourt wydan\u0105 przez TASCHEN (2016-09-22) w formacie 14 x 19,5 cm (ISBN: 9783836554459). Zapraszamy!","breadcrumb":{"@id":"https:\/\/foliobooks.pl\/en\/shop\/sebastien-mamerot-a-chronicle-of-the-crusades\/#breadcrumb"},"inLanguage":"en-US","potentialAction":[{"@type":"ReadAction","target":["https:\/\/foliobooks.pl\/en\/shop\/sebastien-mamerot-a-chronicle-of-the-crusades\/"]}]},{"@type":"ImageObject","inLanguage":"en-US","@id":"https:\/\/foliobooks.pl\/en\/shop\/sebastien-mamerot-a-chronicle-of-the-crusades\/#primaryimage","url":"https:\/\/foliobooks.pl\/wp-content\/uploads\/2017\/04\/9783836554459.png","contentUrl":"https:\/\/foliobooks.pl\/wp-content\/uploads\/2017\/04\/9783836554459.png","width":570,"height":708},{"@type":"BreadcrumbList","@id":"https:\/\/foliobooks.pl\/en\/shop\/sebastien-mamerot-a-chronicle-of-the-crusades\/#breadcrumb","itemListElement":[{"@type":"ListItem","position":1,"name":"Strona g\u0142\u00f3wna","item":"https:\/\/foliobooks.pl\/en\/"},{"@type":"ListItem","position":2,"name":"Shop","item":"https:\/\/foliobooks.pl\/en\/shop\/"},{"@type":"ListItem","position":3,"name":"S\u00e9bastien Mamerot. A Chronicle of the Crusades"}]},{"@type":"WebSite","@id":"https:\/\/foliobooks.pl\/en\/#website","url":"https:\/\/foliobooks.pl\/en\/","name":"Folio","description":"Ksi\u0119garnia internetowa","potentialAction":[{"@type":"SearchAction","target":{"@type":"EntryPoint","urlTemplate":"https:\/\/foliobooks.pl\/en\/?s={search_term_string}"},"query-input":{"@type":"PropertyValueSpecification","valueRequired":true,"valueName":"search_term_string"}}],"inLanguage":"en-US"}]}},"_links":{"self":[{"href":"https:\/\/foliobooks.pl\/en\/wp-json\/wp\/v2\/product\/19193","targetHints":{"allow":["GET"]}}],"collection":[{"href":"https:\/\/foliobooks.pl\/en\/wp-json\/wp\/v2\/product"}],"about":[{"href":"https:\/\/foliobooks.pl\/en\/wp-json\/wp\/v2\/types\/product"}],"replies":[{"embeddable":true,"href":"https:\/\/foliobooks.pl\/en\/wp-json\/wp\/v2\/comments?post=19193"}],"wp:featuredmedia":[{"embeddable":true,"href":"https:\/\/foliobooks.pl\/en\/wp-json\/wp\/v2\/media\/19186"}],"wp:attachment":[{"href":"https:\/\/foliobooks.pl\/en\/wp-json\/wp\/v2\/media?parent=19193"}],"wp:term":[{"taxonomy":"product_brand","embeddable":true,"href":"https:\/\/foliobooks.pl\/en\/wp-json\/wp\/v2\/product_brand?post=19193"},{"taxonomy":"product_cat","embeddable":true,"href":"https:\/\/foliobooks.pl\/en\/wp-json\/wp\/v2\/product_cat?post=19193"},{"taxonomy":"product_tag","embeddable":true,"href":"https:\/\/foliobooks.pl\/en\/wp-json\/wp\/v2\/product_tag?post=19193"}],"curies":[{"name":"wp","href":"https:\/\/api.w.org\/{rel}","templated":true}]}}