{"id":18820,"date":"2017-04-03T11:08:46","date_gmt":"2017-04-03T09:08:46","guid":{"rendered":"http:\/\/foliobooks.pl\/sklep\/chuck-close-photographer\/"},"modified":"2023-01-04T17:38:55","modified_gmt":"2023-01-04T16:38:55","slug":"chuck-close-photographer","status":"publish","type":"product","link":"https:\/\/foliobooks.pl\/en\/shop\/chuck-close-photographer\/","title":{"rendered":"Chuck Close. Photographer"},"content":{"rendered":"<p>Filled with images from every stage of Chuck Close\u2019s distinguished career, this volume surveys the entirety of the artist\u2019s photographic oeuvre for the very first time.<\/p>\n<p>Documenting Chuck Close\u2019s vital engagement with photography over the course of many decades, this book offers the first full critical assessment of his work behind the camera. Beautifully produced, this unique volume traces Close\u2019s ambitious innovations in a medium he never intended to master. It presents the full spectrum of Close\u2019s camera work, from early Polaroids to large-format composites, studio maquettes, holograms, daguerreotypes, and Woodburytypes. The illustrations vary from Close\u2019s signature portraits and self-portraits to nudes, flowers, and delightful outtakes from sessions with celebrity subjects. With a penetrating essay by Colin Westerbeck and a fascinating conversation with the artist about his personal vision of photography, this book is destined to become an indispensable publication on one of the art world\u2019s most talented and intriguing figures. It will offer new insights into Close\u2019s creative process as well as his courageous and resourceful forays into a uniquely modern medium that he has made his very own.<\/p>\n","protected":false},"excerpt":{"rendered":"<p>Filled with images from every stage of Chuck Close\u2019s distinguished career, this volume surveys the entirety of the artist\u2019s photographic oeuvre for the very first time. Documenting Chuck Close\u2019s vital engagement with photography over the course of many decades, this book offers the first full critical assessment of his work behind the camera. Beautifully produced,&#8230;<\/p>\n","protected":false},"featured_media":18819,"comment_status":"closed","ping_status":"closed","template":"","meta":[],"product_brand":[],"product_cat":[4517],"product_tag":[154,6632,6121],"class_list":{"0":"post-18820","1":"product","2":"type-product","3":"status-publish","4":"has-post-thumbnail","6":"product_cat-photography-en","7":"product_tag-monographs","8":"product_tag-photographers","9":"product_tag-photography","10":"pa_author_att-colin-westerbeck-en","11":"pa_cover-hardcover","12":"pa_format-255-x-305-cm-en","13":"pa_isbn-9783791347653-en","14":"pa_language-eng","15":"pa_pages-204-en","16":"pa_published-2014-11-04-en","17":"pa_publisher-prestel-en","19":"first","20":"instock","21":"sale","22":"sold-individually","23":"shipping-taxable","24":"purchasable","25":"product-type-simple"},"yoast_head":"<!-- This site is optimized with the Yoast SEO plugin v27.4 - https:\/\/yoast.com\/product\/yoast-seo-wordpress\/ -->\n<title>Chuck Close. Photographer (Colin Westerbeck) - book \/ album - Folio<\/title>\n<meta name=\"description\" content=\"Wejd\u017a i kup ksi\u0105\u017ck\u0119 Chuck Close. Photographer autorstwa Colin Westerbeck wydan\u0105 przez PRESTEL (2014-11-04) w formacie 25,5 x 30,5 cm (ISBN: 9783791347653). Zapraszamy!\" \/>\n<meta name=\"robots\" content=\"index, follow, max-snippet:-1, max-image-preview:large, max-video-preview:-1\" \/>\n<link rel=\"canonical\" href=\"https:\/\/foliobooks.pl\/en\/shop\/chuck-close-photographer\/\" \/>\n<meta property=\"og:locale\" content=\"en_US\" \/>\n<meta property=\"og:type\" content=\"article\" \/>\n<meta property=\"og:title\" content=\"Chuck Close. Photographer (Colin Westerbeck) - book \/ album - Folio\" \/>\n<meta property=\"og:description\" content=\"Wejd\u017a i kup ksi\u0105\u017ck\u0119 Chuck Close. Photographer autorstwa Colin Westerbeck wydan\u0105 przez PRESTEL (2014-11-04) w formacie 25,5 x 30,5 cm (ISBN: 9783791347653). Zapraszamy!\" \/>\n<meta property=\"og:url\" content=\"https:\/\/foliobooks.pl\/en\/shop\/chuck-close-photographer\/\" \/>\n<meta property=\"og:site_name\" content=\"Folio\" \/>\n<meta property=\"article:modified_time\" content=\"2023-01-04T16:38:55+00:00\" \/>\n<meta property=\"og:image\" content=\"https:\/\/foliobooks.pl\/wp-content\/uploads\/2017\/04\/9783791347653.png\" \/>\n\t<meta property=\"og:image:width\" content=\"570\" \/>\n\t<meta property=\"og:image:height\" content=\"708\" \/>\n\t<meta property=\"og:image:type\" content=\"image\/png\" \/>\n<meta name=\"twitter:card\" content=\"summary_large_image\" \/>\n<meta name=\"twitter:label1\" content=\"Est. reading time\" \/>\n\t<meta name=\"twitter:data1\" content=\"1 minute\" \/>\n<script type=\"application\/ld+json\" class=\"yoast-schema-graph\">{\"@context\":\"https:\\\/\\\/schema.org\",\"@graph\":[{\"@type\":\"WebPage\",\"@id\":\"https:\\\/\\\/foliobooks.pl\\\/en\\\/shop\\\/chuck-close-photographer\\\/\",\"url\":\"https:\\\/\\\/foliobooks.pl\\\/en\\\/shop\\\/chuck-close-photographer\\\/\",\"name\":\"Chuck Close. Photographer (Colin Westerbeck) - book \\\/ album - Folio\",\"isPartOf\":{\"@id\":\"https:\\\/\\\/foliobooks.pl\\\/en\\\/#website\"},\"primaryImageOfPage\":{\"@id\":\"https:\\\/\\\/foliobooks.pl\\\/en\\\/shop\\\/chuck-close-photographer\\\/#primaryimage\"},\"image\":{\"@id\":\"https:\\\/\\\/foliobooks.pl\\\/en\\\/shop\\\/chuck-close-photographer\\\/#primaryimage\"},\"thumbnailUrl\":\"https:\\\/\\\/foliobooks.pl\\\/wp-content\\\/uploads\\\/2017\\\/04\\\/9783791347653.png\",\"datePublished\":\"2017-04-03T09:08:46+00:00\",\"dateModified\":\"2023-01-04T16:38:55+00:00\",\"description\":\"Wejd\u017a i kup ksi\u0105\u017ck\u0119 Chuck Close. Photographer autorstwa Colin Westerbeck wydan\u0105 przez PRESTEL (2014-11-04) w formacie 25,5 x 30,5 cm (ISBN: 9783791347653). Zapraszamy!\",\"breadcrumb\":{\"@id\":\"https:\\\/\\\/foliobooks.pl\\\/en\\\/shop\\\/chuck-close-photographer\\\/#breadcrumb\"},\"inLanguage\":\"en-US\",\"potentialAction\":[{\"@type\":\"ReadAction\",\"target\":[\"https:\\\/\\\/foliobooks.pl\\\/en\\\/shop\\\/chuck-close-photographer\\\/\"]}]},{\"@type\":\"ImageObject\",\"inLanguage\":\"en-US\",\"@id\":\"https:\\\/\\\/foliobooks.pl\\\/en\\\/shop\\\/chuck-close-photographer\\\/#primaryimage\",\"url\":\"https:\\\/\\\/foliobooks.pl\\\/wp-content\\\/uploads\\\/2017\\\/04\\\/9783791347653.png\",\"contentUrl\":\"https:\\\/\\\/foliobooks.pl\\\/wp-content\\\/uploads\\\/2017\\\/04\\\/9783791347653.png\",\"width\":570,\"height\":708},{\"@type\":\"BreadcrumbList\",\"@id\":\"https:\\\/\\\/foliobooks.pl\\\/en\\\/shop\\\/chuck-close-photographer\\\/#breadcrumb\",\"itemListElement\":[{\"@type\":\"ListItem\",\"position\":1,\"name\":\"Strona g\u0142\u00f3wna\",\"item\":\"https:\\\/\\\/foliobooks.pl\\\/en\\\/\"},{\"@type\":\"ListItem\",\"position\":2,\"name\":\"Shop\",\"item\":\"https:\\\/\\\/foliobooks.pl\\\/en\\\/shop\\\/\"},{\"@type\":\"ListItem\",\"position\":3,\"name\":\"Chuck Close. Photographer\"}]},{\"@type\":\"WebSite\",\"@id\":\"https:\\\/\\\/foliobooks.pl\\\/en\\\/#website\",\"url\":\"https:\\\/\\\/foliobooks.pl\\\/en\\\/\",\"name\":\"Folio\",\"description\":\"Ksi\u0119garnia internetowa\",\"potentialAction\":[{\"@type\":\"SearchAction\",\"target\":{\"@type\":\"EntryPoint\",\"urlTemplate\":\"https:\\\/\\\/foliobooks.pl\\\/en\\\/?s={search_term_string}\"},\"query-input\":{\"@type\":\"PropertyValueSpecification\",\"valueRequired\":true,\"valueName\":\"search_term_string\"}}],\"inLanguage\":\"en-US\"}]}<\/script>\n<!-- \/ Yoast SEO plugin. -->","yoast_head_json":{"title":"Chuck Close. Photographer (Colin Westerbeck) - book \/ album - Folio","description":"Wejd\u017a i kup ksi\u0105\u017ck\u0119 Chuck Close. Photographer autorstwa Colin Westerbeck wydan\u0105 przez PRESTEL (2014-11-04) w formacie 25,5 x 30,5 cm (ISBN: 9783791347653). Zapraszamy!","robots":{"index":"index","follow":"follow","max-snippet":"max-snippet:-1","max-image-preview":"max-image-preview:large","max-video-preview":"max-video-preview:-1"},"canonical":"https:\/\/foliobooks.pl\/en\/shop\/chuck-close-photographer\/","og_locale":"en_US","og_type":"article","og_title":"Chuck Close. Photographer (Colin Westerbeck) - book \/ album - Folio","og_description":"Wejd\u017a i kup ksi\u0105\u017ck\u0119 Chuck Close. Photographer autorstwa Colin Westerbeck wydan\u0105 przez PRESTEL (2014-11-04) w formacie 25,5 x 30,5 cm (ISBN: 9783791347653). Zapraszamy!","og_url":"https:\/\/foliobooks.pl\/en\/shop\/chuck-close-photographer\/","og_site_name":"Folio","article_modified_time":"2023-01-04T16:38:55+00:00","og_image":[{"width":570,"height":708,"url":"https:\/\/foliobooks.pl\/wp-content\/uploads\/2017\/04\/9783791347653.png","type":"image\/png"}],"twitter_card":"summary_large_image","twitter_misc":{"Est. reading time":"1 minute"},"schema":{"@context":"https:\/\/schema.org","@graph":[{"@type":"WebPage","@id":"https:\/\/foliobooks.pl\/en\/shop\/chuck-close-photographer\/","url":"https:\/\/foliobooks.pl\/en\/shop\/chuck-close-photographer\/","name":"Chuck Close. Photographer (Colin Westerbeck) - book \/ album - Folio","isPartOf":{"@id":"https:\/\/foliobooks.pl\/en\/#website"},"primaryImageOfPage":{"@id":"https:\/\/foliobooks.pl\/en\/shop\/chuck-close-photographer\/#primaryimage"},"image":{"@id":"https:\/\/foliobooks.pl\/en\/shop\/chuck-close-photographer\/#primaryimage"},"thumbnailUrl":"https:\/\/foliobooks.pl\/wp-content\/uploads\/2017\/04\/9783791347653.png","datePublished":"2017-04-03T09:08:46+00:00","dateModified":"2023-01-04T16:38:55+00:00","description":"Wejd\u017a i kup ksi\u0105\u017ck\u0119 Chuck Close. Photographer autorstwa Colin Westerbeck wydan\u0105 przez PRESTEL (2014-11-04) w formacie 25,5 x 30,5 cm (ISBN: 9783791347653). Zapraszamy!","breadcrumb":{"@id":"https:\/\/foliobooks.pl\/en\/shop\/chuck-close-photographer\/#breadcrumb"},"inLanguage":"en-US","potentialAction":[{"@type":"ReadAction","target":["https:\/\/foliobooks.pl\/en\/shop\/chuck-close-photographer\/"]}]},{"@type":"ImageObject","inLanguage":"en-US","@id":"https:\/\/foliobooks.pl\/en\/shop\/chuck-close-photographer\/#primaryimage","url":"https:\/\/foliobooks.pl\/wp-content\/uploads\/2017\/04\/9783791347653.png","contentUrl":"https:\/\/foliobooks.pl\/wp-content\/uploads\/2017\/04\/9783791347653.png","width":570,"height":708},{"@type":"BreadcrumbList","@id":"https:\/\/foliobooks.pl\/en\/shop\/chuck-close-photographer\/#breadcrumb","itemListElement":[{"@type":"ListItem","position":1,"name":"Strona g\u0142\u00f3wna","item":"https:\/\/foliobooks.pl\/en\/"},{"@type":"ListItem","position":2,"name":"Shop","item":"https:\/\/foliobooks.pl\/en\/shop\/"},{"@type":"ListItem","position":3,"name":"Chuck Close. Photographer"}]},{"@type":"WebSite","@id":"https:\/\/foliobooks.pl\/en\/#website","url":"https:\/\/foliobooks.pl\/en\/","name":"Folio","description":"Ksi\u0119garnia internetowa","potentialAction":[{"@type":"SearchAction","target":{"@type":"EntryPoint","urlTemplate":"https:\/\/foliobooks.pl\/en\/?s={search_term_string}"},"query-input":{"@type":"PropertyValueSpecification","valueRequired":true,"valueName":"search_term_string"}}],"inLanguage":"en-US"}]}},"_links":{"self":[{"href":"https:\/\/foliobooks.pl\/en\/wp-json\/wp\/v2\/product\/18820","targetHints":{"allow":["GET"]}}],"collection":[{"href":"https:\/\/foliobooks.pl\/en\/wp-json\/wp\/v2\/product"}],"about":[{"href":"https:\/\/foliobooks.pl\/en\/wp-json\/wp\/v2\/types\/product"}],"replies":[{"embeddable":true,"href":"https:\/\/foliobooks.pl\/en\/wp-json\/wp\/v2\/comments?post=18820"}],"wp:featuredmedia":[{"embeddable":true,"href":"https:\/\/foliobooks.pl\/en\/wp-json\/wp\/v2\/media\/18819"}],"wp:attachment":[{"href":"https:\/\/foliobooks.pl\/en\/wp-json\/wp\/v2\/media?parent=18820"}],"wp:term":[{"taxonomy":"product_brand","embeddable":true,"href":"https:\/\/foliobooks.pl\/en\/wp-json\/wp\/v2\/product_brand?post=18820"},{"taxonomy":"product_cat","embeddable":true,"href":"https:\/\/foliobooks.pl\/en\/wp-json\/wp\/v2\/product_cat?post=18820"},{"taxonomy":"product_tag","embeddable":true,"href":"https:\/\/foliobooks.pl\/en\/wp-json\/wp\/v2\/product_tag?post=18820"}],"curies":[{"name":"wp","href":"https:\/\/api.w.org\/{rel}","templated":true}]}}