{"id":18646,"date":"2017-03-28T10:23:28","date_gmt":"2017-03-28T08:23:28","guid":{"rendered":"http:\/\/foliobooks.pl\/sklep\/the-stanley-kubrick-archives\/"},"modified":"2026-02-17T12:56:37","modified_gmt":"2026-02-17T11:56:37","slug":"the-stanley-kubrick-archives","status":"publish","type":"product","link":"https:\/\/foliobooks.pl\/en\/shop\/the-stanley-kubrick-archives\/","title":{"rendered":"The Stanley Kubrick Archives"},"content":{"rendered":"<p>In 1968, when Stanley Kubrick was asked to comment on the metaphysical significance of 2001: A Space Odyssey, he replied: \u201cIt\u2019s not a message I ever intended to convey in words. 2001 is a nonverbal experience\u2026 I tried to create a visual experience, one that directly penetrates the subconscious with an emotional and philosophic content.\u201d<\/p>\n<p>Now available as part of our Bibliotheca Universalis series, The Stanley Kubrick Archives borrows from the director\u2019s philosophy. From the opening sequence of Killer\u2019s Kiss to the final frames of Eyes Wide Shut, it allows the masterful visuals of Kubrick\u2019s films to impress through a sequence of compelling, mesmerizing stills. We uncover Kubrick\u2019s creative process through fascinating archival material, including set designs, sketches, correspondence, documents, screenplays, drafts, notes, and shooting schedules.<\/p>\n<p>Accompanying the visual and archival material are essays by noted Kubrick scholars, articles written by and about Kubrick, and a selection of Kubrick\u2019s best interviews. The result is a visual, archival, and scholarly journey through masterworks of 20th-century cinema and the meticulous mind of the director behind them.<\/p>\n","protected":false},"excerpt":{"rendered":"<p>In 1968, when Stanley Kubrick was asked to comment on the metaphysical significance of 2001: A Space Odyssey, he replied: \u201cIt\u2019s not a message I ever intended to convey in words. 2001 is a nonverbal experience\u2026 I tried to create a visual experience, one that directly penetrates the subconscious with an emotional and philosophic content.\u201d&#8230;<\/p>\n","protected":false},"featured_media":18632,"comment_status":"closed","ping_status":"closed","template":"","meta":[],"product_brand":[],"product_cat":[4522],"product_tag":[1273,6339],"class_list":{"0":"post-18646","1":"product","2":"type-product","3":"status-publish","4":"has-post-thumbnail","6":"product_cat-art-en","7":"product_tag-cinema-en","8":"product_tag-film-directors-en","9":"pa_author_att-alison-castle-en","10":"pa_cover-hardcover","11":"pa_format-14-x-195-cm-en","12":"pa_isbn-9783836555821-en","13":"pa_language-eng","14":"pa_pages-864-en","15":"pa_published-2016-09-30-en","16":"pa_publisher-taschen-en-en","18":"first","19":"outofstock","20":"sold-individually","21":"shipping-taxable","22":"purchasable","23":"product-type-simple"},"yoast_head":"<!-- This site is optimized with the Yoast SEO plugin v27.5 - https:\/\/yoast.com\/product\/yoast-seo-wordpress\/ -->\n<title>The Stanley Kubrick Archives (Alison Castle) - book \/ album - Folio<\/title>\n<meta name=\"description\" content=\"Wejd\u017a i kup ksi\u0105\u017ck\u0119 The Stanley Kubrick Archives autorstwa Alison Castle wydan\u0105 przez TASCHEN (2016-09-30) w formacie 14 x 19,5 cm (ISBN: 9783836555821). Zapraszamy!\" \/>\n<meta name=\"robots\" content=\"index, follow, max-snippet:-1, max-image-preview:large, max-video-preview:-1\" \/>\n<link rel=\"canonical\" href=\"https:\/\/foliobooks.pl\/en\/shop\/the-stanley-kubrick-archives\/\" \/>\n<meta property=\"og:locale\" content=\"en_US\" \/>\n<meta property=\"og:type\" content=\"article\" \/>\n<meta property=\"og:title\" content=\"The Stanley Kubrick Archives (Alison Castle) - book \/ album - Folio\" \/>\n<meta property=\"og:description\" content=\"Wejd\u017a i kup ksi\u0105\u017ck\u0119 The Stanley Kubrick Archives autorstwa Alison Castle wydan\u0105 przez TASCHEN (2016-09-30) w formacie 14 x 19,5 cm (ISBN: 9783836555821). Zapraszamy!\" \/>\n<meta property=\"og:url\" content=\"https:\/\/foliobooks.pl\/en\/shop\/the-stanley-kubrick-archives\/\" \/>\n<meta property=\"og:site_name\" content=\"Folio\" \/>\n<meta property=\"article:modified_time\" content=\"2026-02-17T11:56:37+00:00\" \/>\n<meta property=\"og:image\" content=\"https:\/\/foliobooks.pl\/wp-content\/uploads\/2017\/03\/9783836555821.png\" \/>\n\t<meta property=\"og:image:width\" content=\"570\" \/>\n\t<meta property=\"og:image:height\" content=\"708\" \/>\n\t<meta property=\"og:image:type\" content=\"image\/png\" \/>\n<meta name=\"twitter:card\" content=\"summary_large_image\" \/>\n<meta name=\"twitter:label1\" content=\"Est. reading time\" \/>\n\t<meta name=\"twitter:data1\" content=\"1 minute\" \/>\n<script type=\"application\/ld+json\" class=\"yoast-schema-graph\">{\"@context\":\"https:\\\/\\\/schema.org\",\"@graph\":[{\"@type\":\"WebPage\",\"@id\":\"https:\\\/\\\/foliobooks.pl\\\/en\\\/shop\\\/the-stanley-kubrick-archives\\\/\",\"url\":\"https:\\\/\\\/foliobooks.pl\\\/en\\\/shop\\\/the-stanley-kubrick-archives\\\/\",\"name\":\"The Stanley Kubrick Archives (Alison Castle) - book \\\/ album - Folio\",\"isPartOf\":{\"@id\":\"https:\\\/\\\/foliobooks.pl\\\/en\\\/#website\"},\"primaryImageOfPage\":{\"@id\":\"https:\\\/\\\/foliobooks.pl\\\/en\\\/shop\\\/the-stanley-kubrick-archives\\\/#primaryimage\"},\"image\":{\"@id\":\"https:\\\/\\\/foliobooks.pl\\\/en\\\/shop\\\/the-stanley-kubrick-archives\\\/#primaryimage\"},\"thumbnailUrl\":\"https:\\\/\\\/foliobooks.pl\\\/wp-content\\\/uploads\\\/2017\\\/03\\\/9783836555821.png\",\"datePublished\":\"2017-03-28T08:23:28+00:00\",\"dateModified\":\"2026-02-17T11:56:37+00:00\",\"description\":\"Wejd\u017a i kup ksi\u0105\u017ck\u0119 The Stanley Kubrick Archives autorstwa Alison Castle wydan\u0105 przez TASCHEN (2016-09-30) w formacie 14 x 19,5 cm (ISBN: 9783836555821). Zapraszamy!\",\"breadcrumb\":{\"@id\":\"https:\\\/\\\/foliobooks.pl\\\/en\\\/shop\\\/the-stanley-kubrick-archives\\\/#breadcrumb\"},\"inLanguage\":\"en-US\",\"potentialAction\":[{\"@type\":\"ReadAction\",\"target\":[\"https:\\\/\\\/foliobooks.pl\\\/en\\\/shop\\\/the-stanley-kubrick-archives\\\/\"]}]},{\"@type\":\"ImageObject\",\"inLanguage\":\"en-US\",\"@id\":\"https:\\\/\\\/foliobooks.pl\\\/en\\\/shop\\\/the-stanley-kubrick-archives\\\/#primaryimage\",\"url\":\"https:\\\/\\\/foliobooks.pl\\\/wp-content\\\/uploads\\\/2017\\\/03\\\/9783836555821.png\",\"contentUrl\":\"https:\\\/\\\/foliobooks.pl\\\/wp-content\\\/uploads\\\/2017\\\/03\\\/9783836555821.png\",\"width\":570,\"height\":708},{\"@type\":\"BreadcrumbList\",\"@id\":\"https:\\\/\\\/foliobooks.pl\\\/en\\\/shop\\\/the-stanley-kubrick-archives\\\/#breadcrumb\",\"itemListElement\":[{\"@type\":\"ListItem\",\"position\":1,\"name\":\"Strona g\u0142\u00f3wna\",\"item\":\"https:\\\/\\\/foliobooks.pl\\\/en\\\/\"},{\"@type\":\"ListItem\",\"position\":2,\"name\":\"Shop\",\"item\":\"https:\\\/\\\/foliobooks.pl\\\/en\\\/shop\\\/\"},{\"@type\":\"ListItem\",\"position\":3,\"name\":\"The Stanley Kubrick Archives\"}]},{\"@type\":\"WebSite\",\"@id\":\"https:\\\/\\\/foliobooks.pl\\\/en\\\/#website\",\"url\":\"https:\\\/\\\/foliobooks.pl\\\/en\\\/\",\"name\":\"Folio\",\"description\":\"Ksi\u0119garnia internetowa\",\"potentialAction\":[{\"@type\":\"SearchAction\",\"target\":{\"@type\":\"EntryPoint\",\"urlTemplate\":\"https:\\\/\\\/foliobooks.pl\\\/en\\\/?s={search_term_string}\"},\"query-input\":{\"@type\":\"PropertyValueSpecification\",\"valueRequired\":true,\"valueName\":\"search_term_string\"}}],\"inLanguage\":\"en-US\"}]}<\/script>\n<!-- \/ Yoast SEO plugin. -->","yoast_head_json":{"title":"The Stanley Kubrick Archives (Alison Castle) - book \/ album - Folio","description":"Wejd\u017a i kup ksi\u0105\u017ck\u0119 The Stanley Kubrick Archives autorstwa Alison Castle wydan\u0105 przez TASCHEN (2016-09-30) w formacie 14 x 19,5 cm (ISBN: 9783836555821). Zapraszamy!","robots":{"index":"index","follow":"follow","max-snippet":"max-snippet:-1","max-image-preview":"max-image-preview:large","max-video-preview":"max-video-preview:-1"},"canonical":"https:\/\/foliobooks.pl\/en\/shop\/the-stanley-kubrick-archives\/","og_locale":"en_US","og_type":"article","og_title":"The Stanley Kubrick Archives (Alison Castle) - book \/ album - Folio","og_description":"Wejd\u017a i kup ksi\u0105\u017ck\u0119 The Stanley Kubrick Archives autorstwa Alison Castle wydan\u0105 przez TASCHEN (2016-09-30) w formacie 14 x 19,5 cm (ISBN: 9783836555821). Zapraszamy!","og_url":"https:\/\/foliobooks.pl\/en\/shop\/the-stanley-kubrick-archives\/","og_site_name":"Folio","article_modified_time":"2026-02-17T11:56:37+00:00","og_image":[{"width":570,"height":708,"url":"https:\/\/foliobooks.pl\/wp-content\/uploads\/2017\/03\/9783836555821.png","type":"image\/png"}],"twitter_card":"summary_large_image","twitter_misc":{"Est. reading time":"1 minute"},"schema":{"@context":"https:\/\/schema.org","@graph":[{"@type":"WebPage","@id":"https:\/\/foliobooks.pl\/en\/shop\/the-stanley-kubrick-archives\/","url":"https:\/\/foliobooks.pl\/en\/shop\/the-stanley-kubrick-archives\/","name":"The Stanley Kubrick Archives (Alison Castle) - book \/ album - Folio","isPartOf":{"@id":"https:\/\/foliobooks.pl\/en\/#website"},"primaryImageOfPage":{"@id":"https:\/\/foliobooks.pl\/en\/shop\/the-stanley-kubrick-archives\/#primaryimage"},"image":{"@id":"https:\/\/foliobooks.pl\/en\/shop\/the-stanley-kubrick-archives\/#primaryimage"},"thumbnailUrl":"https:\/\/foliobooks.pl\/wp-content\/uploads\/2017\/03\/9783836555821.png","datePublished":"2017-03-28T08:23:28+00:00","dateModified":"2026-02-17T11:56:37+00:00","description":"Wejd\u017a i kup ksi\u0105\u017ck\u0119 The Stanley Kubrick Archives autorstwa Alison Castle wydan\u0105 przez TASCHEN (2016-09-30) w formacie 14 x 19,5 cm (ISBN: 9783836555821). Zapraszamy!","breadcrumb":{"@id":"https:\/\/foliobooks.pl\/en\/shop\/the-stanley-kubrick-archives\/#breadcrumb"},"inLanguage":"en-US","potentialAction":[{"@type":"ReadAction","target":["https:\/\/foliobooks.pl\/en\/shop\/the-stanley-kubrick-archives\/"]}]},{"@type":"ImageObject","inLanguage":"en-US","@id":"https:\/\/foliobooks.pl\/en\/shop\/the-stanley-kubrick-archives\/#primaryimage","url":"https:\/\/foliobooks.pl\/wp-content\/uploads\/2017\/03\/9783836555821.png","contentUrl":"https:\/\/foliobooks.pl\/wp-content\/uploads\/2017\/03\/9783836555821.png","width":570,"height":708},{"@type":"BreadcrumbList","@id":"https:\/\/foliobooks.pl\/en\/shop\/the-stanley-kubrick-archives\/#breadcrumb","itemListElement":[{"@type":"ListItem","position":1,"name":"Strona g\u0142\u00f3wna","item":"https:\/\/foliobooks.pl\/en\/"},{"@type":"ListItem","position":2,"name":"Shop","item":"https:\/\/foliobooks.pl\/en\/shop\/"},{"@type":"ListItem","position":3,"name":"The Stanley Kubrick Archives"}]},{"@type":"WebSite","@id":"https:\/\/foliobooks.pl\/en\/#website","url":"https:\/\/foliobooks.pl\/en\/","name":"Folio","description":"Ksi\u0119garnia internetowa","potentialAction":[{"@type":"SearchAction","target":{"@type":"EntryPoint","urlTemplate":"https:\/\/foliobooks.pl\/en\/?s={search_term_string}"},"query-input":{"@type":"PropertyValueSpecification","valueRequired":true,"valueName":"search_term_string"}}],"inLanguage":"en-US"}]}},"_links":{"self":[{"href":"https:\/\/foliobooks.pl\/en\/wp-json\/wp\/v2\/product\/18646","targetHints":{"allow":["GET"]}}],"collection":[{"href":"https:\/\/foliobooks.pl\/en\/wp-json\/wp\/v2\/product"}],"about":[{"href":"https:\/\/foliobooks.pl\/en\/wp-json\/wp\/v2\/types\/product"}],"replies":[{"embeddable":true,"href":"https:\/\/foliobooks.pl\/en\/wp-json\/wp\/v2\/comments?post=18646"}],"wp:featuredmedia":[{"embeddable":true,"href":"https:\/\/foliobooks.pl\/en\/wp-json\/wp\/v2\/media\/18632"}],"wp:attachment":[{"href":"https:\/\/foliobooks.pl\/en\/wp-json\/wp\/v2\/media?parent=18646"}],"wp:term":[{"taxonomy":"product_brand","embeddable":true,"href":"https:\/\/foliobooks.pl\/en\/wp-json\/wp\/v2\/product_brand?post=18646"},{"taxonomy":"product_cat","embeddable":true,"href":"https:\/\/foliobooks.pl\/en\/wp-json\/wp\/v2\/product_cat?post=18646"},{"taxonomy":"product_tag","embeddable":true,"href":"https:\/\/foliobooks.pl\/en\/wp-json\/wp\/v2\/product_tag?post=18646"}],"curies":[{"name":"wp","href":"https:\/\/api.w.org\/{rel}","templated":true}]}}