{"id":18619,"date":"2017-03-28T10:08:03","date_gmt":"2017-03-28T08:08:03","guid":{"rendered":"http:\/\/foliobooks.pl\/sklep\/small-architecture\/"},"modified":"2023-11-28T17:06:02","modified_gmt":"2023-11-28T16:06:02","slug":"small-architecture","status":"publish","type":"product","link":"https:\/\/foliobooks.pl\/en\/shop\/small-architecture\/","title":{"rendered":"Small Architecture"},"content":{"rendered":"<p>Over the years, talented architects have occasionally indulged themselves with the challenge of designing small but perfectly formed buildings. Today, with reduced budgets, many architects have turned in a more focused way to creating works that may be diminutive in their dimensions, but are definitely big when it comes to trendsetting ideas. Whether in Japanese cities, where large sites are hard to come by, or at the frontier between art and architecture, small buildings present many advantages, and push their designers to do more with less.<\/p>\n<p>A dollhouse for Calvin Klein in New York, a playhouse for children in Trondheim, vacation cabins, and housing for victims of natural disasters are all part of the new rush to develop the great small architecture of the moment. The 2013 Pritzker Prize winner Toyo Ito is here, but so are emergent architects from Portugal, Chile, England, and New Zealand. From world-famous names to the freshest new talent, come discover architectural invention on a whole new, small scale.<br \/>\nAbout the series<br \/>\nBibliotheca Universalis \u2014 Compact cultural companions celebrating the eclectic TASCHEN universe at an unbeatable, democratic price!<br \/>\nSince we started our work as cultural archaeologists in 1980, the name TASCHEN has become synonymous with accessible, open-minded publishing. Bibliotheca Universalis brings together nearly 100 of our all-time favorite titles in a neat new format so you can curate your own affordable library of art, anthropology, and aphrodisia.<br \/>\nBookworm\u2019s delight \u2014 never bore, always excite!<\/p>\n","protected":false},"excerpt":{"rendered":"<p>Over the years, talented architects have occasionally indulged themselves with the challenge of designing small but perfectly formed buildings. Today, with reduced budgets, many architects have turned in a more focused way to creating works that may be diminutive in their dimensions, but are definitely big when it comes to trendsetting ideas. Whether in Japanese&#8230;<\/p>\n","protected":false},"featured_media":18612,"comment_status":"closed","ping_status":"closed","template":"","meta":[],"product_brand":[],"product_cat":[4516],"product_tag":[1126,4524,1122,6619],"class_list":{"0":"post-18619","1":"product","2":"type-product","3":"status-publish","4":"has-post-thumbnail","6":"product_cat-architecture-en","7":"product_tag-architects-en","8":"product_tag-design-en-en","9":"product_tag-houses-en","10":"product_tag-minimalism-en","11":"pa_author_att-philip-jodidio-en","12":"pa_cover-hardcover","13":"pa_format-14-x-195-cm-en","14":"pa_isbn-9783836547901-en","15":"pa_language-eng-f-ger","16":"pa_pages-584-en","17":"pa_published-2017-03-23-en","18":"pa_publisher-taschen-en-en","20":"first","21":"outofstock","22":"sold-individually","23":"shipping-taxable","24":"purchasable","25":"product-type-simple"},"yoast_head":"<!-- This site is optimized with the Yoast SEO plugin v27.4 - https:\/\/yoast.com\/product\/yoast-seo-wordpress\/ -->\n<title>Small Architecture (Philip Jodidio) - book \/ album - Folio<\/title>\n<meta name=\"description\" content=\"Wejd\u017a i kup ksi\u0105\u017ck\u0119 Small Architecture autorstwa Philip Jodidio wydan\u0105 przez TASCHEN (2017-03-23) w formacie 14 x 19,5 cm (ISBN: 9783836547901). Zapraszamy!\" \/>\n<meta name=\"robots\" content=\"index, follow, max-snippet:-1, max-image-preview:large, max-video-preview:-1\" \/>\n<link rel=\"canonical\" href=\"https:\/\/foliobooks.pl\/en\/shop\/small-architecture\/\" \/>\n<meta property=\"og:locale\" content=\"en_US\" \/>\n<meta property=\"og:type\" content=\"article\" \/>\n<meta property=\"og:title\" content=\"Small Architecture (Philip Jodidio) - book \/ album - Folio\" \/>\n<meta property=\"og:description\" content=\"Wejd\u017a i kup ksi\u0105\u017ck\u0119 Small Architecture autorstwa Philip Jodidio wydan\u0105 przez TASCHEN (2017-03-23) w formacie 14 x 19,5 cm (ISBN: 9783836547901). Zapraszamy!\" \/>\n<meta property=\"og:url\" content=\"https:\/\/foliobooks.pl\/en\/shop\/small-architecture\/\" \/>\n<meta property=\"og:site_name\" content=\"Folio\" \/>\n<meta property=\"article:modified_time\" content=\"2023-11-28T16:06:02+00:00\" \/>\n<meta property=\"og:image\" content=\"https:\/\/foliobooks.pl\/wp-content\/uploads\/2017\/03\/9783836547901.png\" \/>\n\t<meta property=\"og:image:width\" content=\"570\" \/>\n\t<meta property=\"og:image:height\" content=\"708\" \/>\n\t<meta property=\"og:image:type\" content=\"image\/png\" \/>\n<meta name=\"twitter:card\" content=\"summary_large_image\" \/>\n<meta name=\"twitter:label1\" content=\"Est. reading time\" \/>\n\t<meta name=\"twitter:data1\" content=\"1 minute\" \/>\n<script type=\"application\/ld+json\" class=\"yoast-schema-graph\">{\"@context\":\"https:\\\/\\\/schema.org\",\"@graph\":[{\"@type\":\"WebPage\",\"@id\":\"https:\\\/\\\/foliobooks.pl\\\/en\\\/shop\\\/small-architecture\\\/\",\"url\":\"https:\\\/\\\/foliobooks.pl\\\/en\\\/shop\\\/small-architecture\\\/\",\"name\":\"Small Architecture (Philip Jodidio) - book \\\/ album - Folio\",\"isPartOf\":{\"@id\":\"https:\\\/\\\/foliobooks.pl\\\/en\\\/#website\"},\"primaryImageOfPage\":{\"@id\":\"https:\\\/\\\/foliobooks.pl\\\/en\\\/shop\\\/small-architecture\\\/#primaryimage\"},\"image\":{\"@id\":\"https:\\\/\\\/foliobooks.pl\\\/en\\\/shop\\\/small-architecture\\\/#primaryimage\"},\"thumbnailUrl\":\"https:\\\/\\\/foliobooks.pl\\\/wp-content\\\/uploads\\\/2017\\\/03\\\/9783836547901.png\",\"datePublished\":\"2017-03-28T08:08:03+00:00\",\"dateModified\":\"2023-11-28T16:06:02+00:00\",\"description\":\"Wejd\u017a i kup ksi\u0105\u017ck\u0119 Small Architecture autorstwa Philip Jodidio wydan\u0105 przez TASCHEN (2017-03-23) w formacie 14 x 19,5 cm (ISBN: 9783836547901). Zapraszamy!\",\"breadcrumb\":{\"@id\":\"https:\\\/\\\/foliobooks.pl\\\/en\\\/shop\\\/small-architecture\\\/#breadcrumb\"},\"inLanguage\":\"en-US\",\"potentialAction\":[{\"@type\":\"ReadAction\",\"target\":[\"https:\\\/\\\/foliobooks.pl\\\/en\\\/shop\\\/small-architecture\\\/\"]}]},{\"@type\":\"ImageObject\",\"inLanguage\":\"en-US\",\"@id\":\"https:\\\/\\\/foliobooks.pl\\\/en\\\/shop\\\/small-architecture\\\/#primaryimage\",\"url\":\"https:\\\/\\\/foliobooks.pl\\\/wp-content\\\/uploads\\\/2017\\\/03\\\/9783836547901.png\",\"contentUrl\":\"https:\\\/\\\/foliobooks.pl\\\/wp-content\\\/uploads\\\/2017\\\/03\\\/9783836547901.png\",\"width\":570,\"height\":708},{\"@type\":\"BreadcrumbList\",\"@id\":\"https:\\\/\\\/foliobooks.pl\\\/en\\\/shop\\\/small-architecture\\\/#breadcrumb\",\"itemListElement\":[{\"@type\":\"ListItem\",\"position\":1,\"name\":\"Strona g\u0142\u00f3wna\",\"item\":\"https:\\\/\\\/foliobooks.pl\\\/en\\\/\"},{\"@type\":\"ListItem\",\"position\":2,\"name\":\"Shop\",\"item\":\"https:\\\/\\\/foliobooks.pl\\\/en\\\/shop\\\/\"},{\"@type\":\"ListItem\",\"position\":3,\"name\":\"Small Architecture\"}]},{\"@type\":\"WebSite\",\"@id\":\"https:\\\/\\\/foliobooks.pl\\\/en\\\/#website\",\"url\":\"https:\\\/\\\/foliobooks.pl\\\/en\\\/\",\"name\":\"Folio\",\"description\":\"Ksi\u0119garnia internetowa\",\"potentialAction\":[{\"@type\":\"SearchAction\",\"target\":{\"@type\":\"EntryPoint\",\"urlTemplate\":\"https:\\\/\\\/foliobooks.pl\\\/en\\\/?s={search_term_string}\"},\"query-input\":{\"@type\":\"PropertyValueSpecification\",\"valueRequired\":true,\"valueName\":\"search_term_string\"}}],\"inLanguage\":\"en-US\"}]}<\/script>\n<!-- \/ Yoast SEO plugin. -->","yoast_head_json":{"title":"Small Architecture (Philip Jodidio) - book \/ album - Folio","description":"Wejd\u017a i kup ksi\u0105\u017ck\u0119 Small Architecture autorstwa Philip Jodidio wydan\u0105 przez TASCHEN (2017-03-23) w formacie 14 x 19,5 cm (ISBN: 9783836547901). Zapraszamy!","robots":{"index":"index","follow":"follow","max-snippet":"max-snippet:-1","max-image-preview":"max-image-preview:large","max-video-preview":"max-video-preview:-1"},"canonical":"https:\/\/foliobooks.pl\/en\/shop\/small-architecture\/","og_locale":"en_US","og_type":"article","og_title":"Small Architecture (Philip Jodidio) - book \/ album - Folio","og_description":"Wejd\u017a i kup ksi\u0105\u017ck\u0119 Small Architecture autorstwa Philip Jodidio wydan\u0105 przez TASCHEN (2017-03-23) w formacie 14 x 19,5 cm (ISBN: 9783836547901). Zapraszamy!","og_url":"https:\/\/foliobooks.pl\/en\/shop\/small-architecture\/","og_site_name":"Folio","article_modified_time":"2023-11-28T16:06:02+00:00","og_image":[{"width":570,"height":708,"url":"https:\/\/foliobooks.pl\/wp-content\/uploads\/2017\/03\/9783836547901.png","type":"image\/png"}],"twitter_card":"summary_large_image","twitter_misc":{"Est. reading time":"1 minute"},"schema":{"@context":"https:\/\/schema.org","@graph":[{"@type":"WebPage","@id":"https:\/\/foliobooks.pl\/en\/shop\/small-architecture\/","url":"https:\/\/foliobooks.pl\/en\/shop\/small-architecture\/","name":"Small Architecture (Philip Jodidio) - book \/ album - Folio","isPartOf":{"@id":"https:\/\/foliobooks.pl\/en\/#website"},"primaryImageOfPage":{"@id":"https:\/\/foliobooks.pl\/en\/shop\/small-architecture\/#primaryimage"},"image":{"@id":"https:\/\/foliobooks.pl\/en\/shop\/small-architecture\/#primaryimage"},"thumbnailUrl":"https:\/\/foliobooks.pl\/wp-content\/uploads\/2017\/03\/9783836547901.png","datePublished":"2017-03-28T08:08:03+00:00","dateModified":"2023-11-28T16:06:02+00:00","description":"Wejd\u017a i kup ksi\u0105\u017ck\u0119 Small Architecture autorstwa Philip Jodidio wydan\u0105 przez TASCHEN (2017-03-23) w formacie 14 x 19,5 cm (ISBN: 9783836547901). Zapraszamy!","breadcrumb":{"@id":"https:\/\/foliobooks.pl\/en\/shop\/small-architecture\/#breadcrumb"},"inLanguage":"en-US","potentialAction":[{"@type":"ReadAction","target":["https:\/\/foliobooks.pl\/en\/shop\/small-architecture\/"]}]},{"@type":"ImageObject","inLanguage":"en-US","@id":"https:\/\/foliobooks.pl\/en\/shop\/small-architecture\/#primaryimage","url":"https:\/\/foliobooks.pl\/wp-content\/uploads\/2017\/03\/9783836547901.png","contentUrl":"https:\/\/foliobooks.pl\/wp-content\/uploads\/2017\/03\/9783836547901.png","width":570,"height":708},{"@type":"BreadcrumbList","@id":"https:\/\/foliobooks.pl\/en\/shop\/small-architecture\/#breadcrumb","itemListElement":[{"@type":"ListItem","position":1,"name":"Strona g\u0142\u00f3wna","item":"https:\/\/foliobooks.pl\/en\/"},{"@type":"ListItem","position":2,"name":"Shop","item":"https:\/\/foliobooks.pl\/en\/shop\/"},{"@type":"ListItem","position":3,"name":"Small Architecture"}]},{"@type":"WebSite","@id":"https:\/\/foliobooks.pl\/en\/#website","url":"https:\/\/foliobooks.pl\/en\/","name":"Folio","description":"Ksi\u0119garnia internetowa","potentialAction":[{"@type":"SearchAction","target":{"@type":"EntryPoint","urlTemplate":"https:\/\/foliobooks.pl\/en\/?s={search_term_string}"},"query-input":{"@type":"PropertyValueSpecification","valueRequired":true,"valueName":"search_term_string"}}],"inLanguage":"en-US"}]}},"_links":{"self":[{"href":"https:\/\/foliobooks.pl\/en\/wp-json\/wp\/v2\/product\/18619","targetHints":{"allow":["GET"]}}],"collection":[{"href":"https:\/\/foliobooks.pl\/en\/wp-json\/wp\/v2\/product"}],"about":[{"href":"https:\/\/foliobooks.pl\/en\/wp-json\/wp\/v2\/types\/product"}],"replies":[{"embeddable":true,"href":"https:\/\/foliobooks.pl\/en\/wp-json\/wp\/v2\/comments?post=18619"}],"wp:featuredmedia":[{"embeddable":true,"href":"https:\/\/foliobooks.pl\/en\/wp-json\/wp\/v2\/media\/18612"}],"wp:attachment":[{"href":"https:\/\/foliobooks.pl\/en\/wp-json\/wp\/v2\/media?parent=18619"}],"wp:term":[{"taxonomy":"product_brand","embeddable":true,"href":"https:\/\/foliobooks.pl\/en\/wp-json\/wp\/v2\/product_brand?post=18619"},{"taxonomy":"product_cat","embeddable":true,"href":"https:\/\/foliobooks.pl\/en\/wp-json\/wp\/v2\/product_cat?post=18619"},{"taxonomy":"product_tag","embeddable":true,"href":"https:\/\/foliobooks.pl\/en\/wp-json\/wp\/v2\/product_tag?post=18619"}],"curies":[{"name":"wp","href":"https:\/\/api.w.org\/{rel}","templated":true}]}}