{"id":18589,"date":"2017-03-28T09:53:44","date_gmt":"2017-03-28T07:53:44","guid":{"rendered":"http:\/\/foliobooks.pl\/?post_type=product&#038;p=18589\/"},"modified":"2023-12-15T10:48:35","modified_gmt":"2023-12-15T09:48:35","slug":"modern-architecture-a-z","status":"publish","type":"product","link":"https:\/\/foliobooks.pl\/en\/shop\/modern-architecture-a-z\/","title":{"rendered":"Modern Architecture A-Z"},"content":{"rendered":"<p>With more than 280 entries, this architectural A\u2013Z, now part of our <em>Bibliotheca Universalis<\/em> series, offers an indispensable overview of the key players in the creation of modern space. From the period spanning the 19th to the 21st century, pioneering architects are featured with a portrait, concise biography, as well as a description of her or his important work.<\/p>\n<p>Like a bespoke global architecture tour, you\u2019ll travel from Manhattan skyscrapers to a Japanese concert hall, from Gaud\u00ed\u2019s Palau G\u00fcell in Barcelona to Lina Bo Bardi\u2019s sports and leisure center in a former factory site in S\u00e3o Paulo. You\u2019ll take in Gio Ponti\u2019s colored geometries, Zaha Hadid\u2019s free-flowing futurism, the luminous interiors of SANAA, and Charles Rennie Mackintosh\u2019s unique blend of Scottish tradition and elegant japonisme.<\/p>\n<p>The book\u2019s A to Z entries also cover groups, movements, and styles to position these leading individual architects within broader building trends across time and geography, including International Style, Bauhaus, De Stijl, and much more. With illustrations including some of the best architectural photography of the modern era, this is a comprehensive resource for any architecture professional, student, or devotee.<\/p>\n","protected":false},"excerpt":{"rendered":"<p>With more than 280 entries, this architectural A\u2013Z, now part of our Bibliotheca Universalis series, offers an indispensable overview of the key players in the creation of modern space. From the period spanning the 19th to the 21st century, pioneering architects are featured with a portrait, concise biography, as well as a description of her&#8230;<\/p>\n","protected":false},"featured_media":18599,"comment_status":"closed","ping_status":"closed","template":"","meta":[],"product_brand":[],"product_cat":[4516,4517],"product_tag":[1126,6567,6107,474],"class_list":{"0":"post-18589","1":"product","2":"type-product","3":"status-publish","4":"has-post-thumbnail","6":"product_cat-architecture-en","7":"product_cat-photography-en","8":"product_tag-architects-en","9":"product_tag-contemporary-architecture-en","10":"product_tag-industrial-design","11":"product_tag-modernism-en","12":"pa_cover-hardcover","13":"pa_format-195-x-14-cm-en","14":"pa_isbn-9783836556316-en","15":"pa_language-eng","16":"pa_pages-696-en","17":"pa_published-2016-10-17-en","18":"pa_publisher-taschen-en-en","20":"first","21":"instock","22":"sold-individually","23":"shipping-taxable","24":"purchasable","25":"product-type-simple"},"yoast_head":"<!-- This site is optimized with the Yoast SEO plugin v27.4 - https:\/\/yoast.com\/product\/yoast-seo-wordpress\/ -->\n<title>Modern Architecture A-Z () - book \/ album - Folio<\/title>\n<meta name=\"description\" content=\"Wejd\u017a i kup ksi\u0105\u017ck\u0119 Modern Architecture A-Z autorstwa wydan\u0105 przez TASCHEN (2016-10-17) w formacie 19,5 x 14 cm (ISBN: 9783836556316). Zapraszamy!\" \/>\n<meta name=\"robots\" content=\"index, follow, max-snippet:-1, max-image-preview:large, max-video-preview:-1\" \/>\n<link rel=\"canonical\" href=\"https:\/\/foliobooks.pl\/en\/shop\/modern-architecture-a-z\/\" \/>\n<meta property=\"og:locale\" content=\"en_US\" \/>\n<meta property=\"og:type\" content=\"article\" \/>\n<meta property=\"og:title\" content=\"Modern Architecture A-Z () - book \/ album - Folio\" \/>\n<meta property=\"og:description\" content=\"Wejd\u017a i kup ksi\u0105\u017ck\u0119 Modern Architecture A-Z autorstwa wydan\u0105 przez TASCHEN (2016-10-17) w formacie 19,5 x 14 cm (ISBN: 9783836556316). Zapraszamy!\" \/>\n<meta property=\"og:url\" content=\"https:\/\/foliobooks.pl\/en\/shop\/modern-architecture-a-z\/\" \/>\n<meta property=\"og:site_name\" content=\"Folio\" \/>\n<meta property=\"article:modified_time\" content=\"2023-12-15T09:48:35+00:00\" \/>\n<meta property=\"og:image\" content=\"https:\/\/foliobooks.pl\/wp-content\/uploads\/2017\/03\/9783836556316.png\" \/>\n\t<meta property=\"og:image:width\" content=\"570\" \/>\n\t<meta property=\"og:image:height\" content=\"708\" \/>\n\t<meta property=\"og:image:type\" content=\"image\/png\" \/>\n<meta name=\"twitter:card\" content=\"summary_large_image\" \/>\n<meta name=\"twitter:label1\" content=\"Est. reading time\" \/>\n\t<meta name=\"twitter:data1\" content=\"1 minute\" \/>\n<script type=\"application\/ld+json\" class=\"yoast-schema-graph\">{\"@context\":\"https:\\\/\\\/schema.org\",\"@graph\":[{\"@type\":\"WebPage\",\"@id\":\"https:\\\/\\\/foliobooks.pl\\\/en\\\/shop\\\/modern-architecture-a-z\\\/\",\"url\":\"https:\\\/\\\/foliobooks.pl\\\/en\\\/shop\\\/modern-architecture-a-z\\\/\",\"name\":\"Modern Architecture A-Z () - book \\\/ album - Folio\",\"isPartOf\":{\"@id\":\"https:\\\/\\\/foliobooks.pl\\\/en\\\/#website\"},\"primaryImageOfPage\":{\"@id\":\"https:\\\/\\\/foliobooks.pl\\\/en\\\/shop\\\/modern-architecture-a-z\\\/#primaryimage\"},\"image\":{\"@id\":\"https:\\\/\\\/foliobooks.pl\\\/en\\\/shop\\\/modern-architecture-a-z\\\/#primaryimage\"},\"thumbnailUrl\":\"https:\\\/\\\/foliobooks.pl\\\/wp-content\\\/uploads\\\/2017\\\/03\\\/9783836556316.png\",\"datePublished\":\"2017-03-28T07:53:44+00:00\",\"dateModified\":\"2023-12-15T09:48:35+00:00\",\"description\":\"Wejd\u017a i kup ksi\u0105\u017ck\u0119 Modern Architecture A-Z autorstwa wydan\u0105 przez TASCHEN (2016-10-17) w formacie 19,5 x 14 cm (ISBN: 9783836556316). Zapraszamy!\",\"breadcrumb\":{\"@id\":\"https:\\\/\\\/foliobooks.pl\\\/en\\\/shop\\\/modern-architecture-a-z\\\/#breadcrumb\"},\"inLanguage\":\"en-US\",\"potentialAction\":[{\"@type\":\"ReadAction\",\"target\":[\"https:\\\/\\\/foliobooks.pl\\\/en\\\/shop\\\/modern-architecture-a-z\\\/\"]}]},{\"@type\":\"ImageObject\",\"inLanguage\":\"en-US\",\"@id\":\"https:\\\/\\\/foliobooks.pl\\\/en\\\/shop\\\/modern-architecture-a-z\\\/#primaryimage\",\"url\":\"https:\\\/\\\/foliobooks.pl\\\/wp-content\\\/uploads\\\/2017\\\/03\\\/9783836556316.png\",\"contentUrl\":\"https:\\\/\\\/foliobooks.pl\\\/wp-content\\\/uploads\\\/2017\\\/03\\\/9783836556316.png\",\"width\":570,\"height\":708},{\"@type\":\"BreadcrumbList\",\"@id\":\"https:\\\/\\\/foliobooks.pl\\\/en\\\/shop\\\/modern-architecture-a-z\\\/#breadcrumb\",\"itemListElement\":[{\"@type\":\"ListItem\",\"position\":1,\"name\":\"Strona g\u0142\u00f3wna\",\"item\":\"https:\\\/\\\/foliobooks.pl\\\/en\\\/\"},{\"@type\":\"ListItem\",\"position\":2,\"name\":\"Shop\",\"item\":\"https:\\\/\\\/foliobooks.pl\\\/en\\\/shop\\\/\"},{\"@type\":\"ListItem\",\"position\":3,\"name\":\"Modern Architecture A-Z\"}]},{\"@type\":\"WebSite\",\"@id\":\"https:\\\/\\\/foliobooks.pl\\\/en\\\/#website\",\"url\":\"https:\\\/\\\/foliobooks.pl\\\/en\\\/\",\"name\":\"Folio\",\"description\":\"Ksi\u0119garnia internetowa\",\"potentialAction\":[{\"@type\":\"SearchAction\",\"target\":{\"@type\":\"EntryPoint\",\"urlTemplate\":\"https:\\\/\\\/foliobooks.pl\\\/en\\\/?s={search_term_string}\"},\"query-input\":{\"@type\":\"PropertyValueSpecification\",\"valueRequired\":true,\"valueName\":\"search_term_string\"}}],\"inLanguage\":\"en-US\"}]}<\/script>\n<!-- \/ Yoast SEO plugin. -->","yoast_head_json":{"title":"Modern Architecture A-Z () - book \/ album - Folio","description":"Wejd\u017a i kup ksi\u0105\u017ck\u0119 Modern Architecture A-Z autorstwa wydan\u0105 przez TASCHEN (2016-10-17) w formacie 19,5 x 14 cm (ISBN: 9783836556316). Zapraszamy!","robots":{"index":"index","follow":"follow","max-snippet":"max-snippet:-1","max-image-preview":"max-image-preview:large","max-video-preview":"max-video-preview:-1"},"canonical":"https:\/\/foliobooks.pl\/en\/shop\/modern-architecture-a-z\/","og_locale":"en_US","og_type":"article","og_title":"Modern Architecture A-Z () - book \/ album - Folio","og_description":"Wejd\u017a i kup ksi\u0105\u017ck\u0119 Modern Architecture A-Z autorstwa wydan\u0105 przez TASCHEN (2016-10-17) w formacie 19,5 x 14 cm (ISBN: 9783836556316). Zapraszamy!","og_url":"https:\/\/foliobooks.pl\/en\/shop\/modern-architecture-a-z\/","og_site_name":"Folio","article_modified_time":"2023-12-15T09:48:35+00:00","og_image":[{"width":570,"height":708,"url":"https:\/\/foliobooks.pl\/wp-content\/uploads\/2017\/03\/9783836556316.png","type":"image\/png"}],"twitter_card":"summary_large_image","twitter_misc":{"Est. reading time":"1 minute"},"schema":{"@context":"https:\/\/schema.org","@graph":[{"@type":"WebPage","@id":"https:\/\/foliobooks.pl\/en\/shop\/modern-architecture-a-z\/","url":"https:\/\/foliobooks.pl\/en\/shop\/modern-architecture-a-z\/","name":"Modern Architecture A-Z () - book \/ album - Folio","isPartOf":{"@id":"https:\/\/foliobooks.pl\/en\/#website"},"primaryImageOfPage":{"@id":"https:\/\/foliobooks.pl\/en\/shop\/modern-architecture-a-z\/#primaryimage"},"image":{"@id":"https:\/\/foliobooks.pl\/en\/shop\/modern-architecture-a-z\/#primaryimage"},"thumbnailUrl":"https:\/\/foliobooks.pl\/wp-content\/uploads\/2017\/03\/9783836556316.png","datePublished":"2017-03-28T07:53:44+00:00","dateModified":"2023-12-15T09:48:35+00:00","description":"Wejd\u017a i kup ksi\u0105\u017ck\u0119 Modern Architecture A-Z autorstwa wydan\u0105 przez TASCHEN (2016-10-17) w formacie 19,5 x 14 cm (ISBN: 9783836556316). Zapraszamy!","breadcrumb":{"@id":"https:\/\/foliobooks.pl\/en\/shop\/modern-architecture-a-z\/#breadcrumb"},"inLanguage":"en-US","potentialAction":[{"@type":"ReadAction","target":["https:\/\/foliobooks.pl\/en\/shop\/modern-architecture-a-z\/"]}]},{"@type":"ImageObject","inLanguage":"en-US","@id":"https:\/\/foliobooks.pl\/en\/shop\/modern-architecture-a-z\/#primaryimage","url":"https:\/\/foliobooks.pl\/wp-content\/uploads\/2017\/03\/9783836556316.png","contentUrl":"https:\/\/foliobooks.pl\/wp-content\/uploads\/2017\/03\/9783836556316.png","width":570,"height":708},{"@type":"BreadcrumbList","@id":"https:\/\/foliobooks.pl\/en\/shop\/modern-architecture-a-z\/#breadcrumb","itemListElement":[{"@type":"ListItem","position":1,"name":"Strona g\u0142\u00f3wna","item":"https:\/\/foliobooks.pl\/en\/"},{"@type":"ListItem","position":2,"name":"Shop","item":"https:\/\/foliobooks.pl\/en\/shop\/"},{"@type":"ListItem","position":3,"name":"Modern Architecture A-Z"}]},{"@type":"WebSite","@id":"https:\/\/foliobooks.pl\/en\/#website","url":"https:\/\/foliobooks.pl\/en\/","name":"Folio","description":"Ksi\u0119garnia internetowa","potentialAction":[{"@type":"SearchAction","target":{"@type":"EntryPoint","urlTemplate":"https:\/\/foliobooks.pl\/en\/?s={search_term_string}"},"query-input":{"@type":"PropertyValueSpecification","valueRequired":true,"valueName":"search_term_string"}}],"inLanguage":"en-US"}]}},"_links":{"self":[{"href":"https:\/\/foliobooks.pl\/en\/wp-json\/wp\/v2\/product\/18589","targetHints":{"allow":["GET"]}}],"collection":[{"href":"https:\/\/foliobooks.pl\/en\/wp-json\/wp\/v2\/product"}],"about":[{"href":"https:\/\/foliobooks.pl\/en\/wp-json\/wp\/v2\/types\/product"}],"replies":[{"embeddable":true,"href":"https:\/\/foliobooks.pl\/en\/wp-json\/wp\/v2\/comments?post=18589"}],"wp:featuredmedia":[{"embeddable":true,"href":"https:\/\/foliobooks.pl\/en\/wp-json\/wp\/v2\/media\/18599"}],"wp:attachment":[{"href":"https:\/\/foliobooks.pl\/en\/wp-json\/wp\/v2\/media?parent=18589"}],"wp:term":[{"taxonomy":"product_brand","embeddable":true,"href":"https:\/\/foliobooks.pl\/en\/wp-json\/wp\/v2\/product_brand?post=18589"},{"taxonomy":"product_cat","embeddable":true,"href":"https:\/\/foliobooks.pl\/en\/wp-json\/wp\/v2\/product_cat?post=18589"},{"taxonomy":"product_tag","embeddable":true,"href":"https:\/\/foliobooks.pl\/en\/wp-json\/wp\/v2\/product_tag?post=18589"}],"curies":[{"name":"wp","href":"https:\/\/api.w.org\/{rel}","templated":true}]}}