{"id":18493,"date":"2017-03-23T09:52:42","date_gmt":"2017-03-23T08:52:42","guid":{"rendered":"http:\/\/foliobooks.pl\/sklep\/product-minimalism\/"},"modified":"2021-11-08T16:58:13","modified_gmt":"2021-11-08T15:58:13","slug":"product-minimalism","status":"publish","type":"product","link":"https:\/\/foliobooks.pl\/en\/shop\/product-minimalism\/","title":{"rendered":"Product Minimalism"},"content":{"rendered":"<p>Since its emergence in the US in the 1960s, the minimalist art movement has gathered momentum across nearly every creative field worldwide. <em>Product Minimalism<\/em>demonstrates how product designers in particular have been influenced by the minimalist aesthetic, showcasing contemporary products that range from household items and furniture to bicycle lights which feature this reductive approach in their design. It observes how the current developments in minimalism continue to grow in product design, and how the characteristics and nuances of minimalism are expressed in products from a number of different designers from a variety of cultures around the world.<\/p>\n","protected":false},"excerpt":{"rendered":"<p>Since its emergence in the US in the 1960s, the minimalist art movement has gathered momentum across nearly every creative field worldwide. Product Minimalismdemonstrates how product designers in particular have been influenced by the minimalist aesthetic, showcasing contemporary products that range from household items and furniture to bicycle lights which feature this reductive approach in&#8230;<\/p>\n","protected":false},"featured_media":18486,"comment_status":"closed","ping_status":"closed","template":"","meta":[],"product_brand":[],"product_cat":[4523,4525],"product_tag":[1156,1259,6619],"class_list":{"0":"post-18493","1":"product","2":"type-product","3":"status-publish","4":"has-post-thumbnail","6":"product_cat-design-en-en","7":"product_cat-graphic-design","8":"product_tag-appliedarts-en","9":"product_tag-corporate-identity","10":"product_tag-minimalism-en","11":"pa_cover-hardcover","12":"pa_format-21-x-285-cm-en","13":"pa_isbn-9789881470409-en","14":"pa_language-eng","15":"pa_pages-224-2-en","16":"pa_published-2016-11-01-en","17":"pa_publisher-gingko-press-en","19":"first","20":"instock","21":"sale","22":"sold-individually","23":"shipping-taxable","24":"purchasable","25":"product-type-simple"},"yoast_head":"<!-- This site is optimized with the Yoast SEO plugin v27.4 - https:\/\/yoast.com\/product\/yoast-seo-wordpress\/ -->\n<title>Product Minimalism () - book \/ album - Folio<\/title>\n<meta name=\"description\" content=\"Wejd\u017a i kup ksi\u0105\u017ck\u0119 Product Minimalism autorstwa wydan\u0105 przez Gingko Press (2016-11-01) w formacie 21 x 28,5 cm (ISBN: 9789881470409). Zapraszamy!\" \/>\n<meta name=\"robots\" content=\"index, follow, max-snippet:-1, max-image-preview:large, max-video-preview:-1\" \/>\n<link rel=\"canonical\" href=\"https:\/\/foliobooks.pl\/en\/shop\/product-minimalism\/\" \/>\n<meta property=\"og:locale\" content=\"en_US\" \/>\n<meta property=\"og:type\" content=\"article\" \/>\n<meta property=\"og:title\" content=\"Product Minimalism () - book \/ album - Folio\" \/>\n<meta property=\"og:description\" content=\"Wejd\u017a i kup ksi\u0105\u017ck\u0119 Product Minimalism autorstwa wydan\u0105 przez Gingko Press (2016-11-01) w formacie 21 x 28,5 cm (ISBN: 9789881470409). Zapraszamy!\" \/>\n<meta property=\"og:url\" content=\"https:\/\/foliobooks.pl\/en\/shop\/product-minimalism\/\" \/>\n<meta property=\"og:site_name\" content=\"Folio\" \/>\n<meta property=\"article:modified_time\" content=\"2021-11-08T15:58:13+00:00\" \/>\n<meta property=\"og:image\" content=\"https:\/\/foliobooks.pl\/wp-content\/uploads\/2017\/03\/9789881470409.png\" \/>\n\t<meta property=\"og:image:width\" content=\"570\" \/>\n\t<meta property=\"og:image:height\" content=\"708\" \/>\n\t<meta property=\"og:image:type\" content=\"image\/png\" \/>\n<meta name=\"twitter:card\" content=\"summary_large_image\" \/>\n<script type=\"application\/ld+json\" class=\"yoast-schema-graph\">{\"@context\":\"https:\\\/\\\/schema.org\",\"@graph\":[{\"@type\":\"WebPage\",\"@id\":\"https:\\\/\\\/foliobooks.pl\\\/en\\\/shop\\\/product-minimalism\\\/\",\"url\":\"https:\\\/\\\/foliobooks.pl\\\/en\\\/shop\\\/product-minimalism\\\/\",\"name\":\"Product Minimalism () - book \\\/ album - Folio\",\"isPartOf\":{\"@id\":\"https:\\\/\\\/foliobooks.pl\\\/en\\\/#website\"},\"primaryImageOfPage\":{\"@id\":\"https:\\\/\\\/foliobooks.pl\\\/en\\\/shop\\\/product-minimalism\\\/#primaryimage\"},\"image\":{\"@id\":\"https:\\\/\\\/foliobooks.pl\\\/en\\\/shop\\\/product-minimalism\\\/#primaryimage\"},\"thumbnailUrl\":\"https:\\\/\\\/foliobooks.pl\\\/wp-content\\\/uploads\\\/2017\\\/03\\\/9789881470409.png\",\"datePublished\":\"2017-03-23T08:52:42+00:00\",\"dateModified\":\"2021-11-08T15:58:13+00:00\",\"description\":\"Wejd\u017a i kup ksi\u0105\u017ck\u0119 Product Minimalism autorstwa wydan\u0105 przez Gingko Press (2016-11-01) w formacie 21 x 28,5 cm (ISBN: 9789881470409). Zapraszamy!\",\"breadcrumb\":{\"@id\":\"https:\\\/\\\/foliobooks.pl\\\/en\\\/shop\\\/product-minimalism\\\/#breadcrumb\"},\"inLanguage\":\"en-US\",\"potentialAction\":[{\"@type\":\"ReadAction\",\"target\":[\"https:\\\/\\\/foliobooks.pl\\\/en\\\/shop\\\/product-minimalism\\\/\"]}]},{\"@type\":\"ImageObject\",\"inLanguage\":\"en-US\",\"@id\":\"https:\\\/\\\/foliobooks.pl\\\/en\\\/shop\\\/product-minimalism\\\/#primaryimage\",\"url\":\"https:\\\/\\\/foliobooks.pl\\\/wp-content\\\/uploads\\\/2017\\\/03\\\/9789881470409.png\",\"contentUrl\":\"https:\\\/\\\/foliobooks.pl\\\/wp-content\\\/uploads\\\/2017\\\/03\\\/9789881470409.png\",\"width\":570,\"height\":708},{\"@type\":\"BreadcrumbList\",\"@id\":\"https:\\\/\\\/foliobooks.pl\\\/en\\\/shop\\\/product-minimalism\\\/#breadcrumb\",\"itemListElement\":[{\"@type\":\"ListItem\",\"position\":1,\"name\":\"Strona g\u0142\u00f3wna\",\"item\":\"https:\\\/\\\/foliobooks.pl\\\/en\\\/\"},{\"@type\":\"ListItem\",\"position\":2,\"name\":\"Shop\",\"item\":\"https:\\\/\\\/foliobooks.pl\\\/en\\\/shop\\\/\"},{\"@type\":\"ListItem\",\"position\":3,\"name\":\"Product Minimalism\"}]},{\"@type\":\"WebSite\",\"@id\":\"https:\\\/\\\/foliobooks.pl\\\/en\\\/#website\",\"url\":\"https:\\\/\\\/foliobooks.pl\\\/en\\\/\",\"name\":\"Folio\",\"description\":\"Ksi\u0119garnia internetowa\",\"potentialAction\":[{\"@type\":\"SearchAction\",\"target\":{\"@type\":\"EntryPoint\",\"urlTemplate\":\"https:\\\/\\\/foliobooks.pl\\\/en\\\/?s={search_term_string}\"},\"query-input\":{\"@type\":\"PropertyValueSpecification\",\"valueRequired\":true,\"valueName\":\"search_term_string\"}}],\"inLanguage\":\"en-US\"}]}<\/script>\n<!-- \/ Yoast SEO plugin. -->","yoast_head_json":{"title":"Product Minimalism () - book \/ album - Folio","description":"Wejd\u017a i kup ksi\u0105\u017ck\u0119 Product Minimalism autorstwa wydan\u0105 przez Gingko Press (2016-11-01) w formacie 21 x 28,5 cm (ISBN: 9789881470409). Zapraszamy!","robots":{"index":"index","follow":"follow","max-snippet":"max-snippet:-1","max-image-preview":"max-image-preview:large","max-video-preview":"max-video-preview:-1"},"canonical":"https:\/\/foliobooks.pl\/en\/shop\/product-minimalism\/","og_locale":"en_US","og_type":"article","og_title":"Product Minimalism () - book \/ album - Folio","og_description":"Wejd\u017a i kup ksi\u0105\u017ck\u0119 Product Minimalism autorstwa wydan\u0105 przez Gingko Press (2016-11-01) w formacie 21 x 28,5 cm (ISBN: 9789881470409). Zapraszamy!","og_url":"https:\/\/foliobooks.pl\/en\/shop\/product-minimalism\/","og_site_name":"Folio","article_modified_time":"2021-11-08T15:58:13+00:00","og_image":[{"width":570,"height":708,"url":"https:\/\/foliobooks.pl\/wp-content\/uploads\/2017\/03\/9789881470409.png","type":"image\/png"}],"twitter_card":"summary_large_image","schema":{"@context":"https:\/\/schema.org","@graph":[{"@type":"WebPage","@id":"https:\/\/foliobooks.pl\/en\/shop\/product-minimalism\/","url":"https:\/\/foliobooks.pl\/en\/shop\/product-minimalism\/","name":"Product Minimalism () - book \/ album - Folio","isPartOf":{"@id":"https:\/\/foliobooks.pl\/en\/#website"},"primaryImageOfPage":{"@id":"https:\/\/foliobooks.pl\/en\/shop\/product-minimalism\/#primaryimage"},"image":{"@id":"https:\/\/foliobooks.pl\/en\/shop\/product-minimalism\/#primaryimage"},"thumbnailUrl":"https:\/\/foliobooks.pl\/wp-content\/uploads\/2017\/03\/9789881470409.png","datePublished":"2017-03-23T08:52:42+00:00","dateModified":"2021-11-08T15:58:13+00:00","description":"Wejd\u017a i kup ksi\u0105\u017ck\u0119 Product Minimalism autorstwa wydan\u0105 przez Gingko Press (2016-11-01) w formacie 21 x 28,5 cm (ISBN: 9789881470409). Zapraszamy!","breadcrumb":{"@id":"https:\/\/foliobooks.pl\/en\/shop\/product-minimalism\/#breadcrumb"},"inLanguage":"en-US","potentialAction":[{"@type":"ReadAction","target":["https:\/\/foliobooks.pl\/en\/shop\/product-minimalism\/"]}]},{"@type":"ImageObject","inLanguage":"en-US","@id":"https:\/\/foliobooks.pl\/en\/shop\/product-minimalism\/#primaryimage","url":"https:\/\/foliobooks.pl\/wp-content\/uploads\/2017\/03\/9789881470409.png","contentUrl":"https:\/\/foliobooks.pl\/wp-content\/uploads\/2017\/03\/9789881470409.png","width":570,"height":708},{"@type":"BreadcrumbList","@id":"https:\/\/foliobooks.pl\/en\/shop\/product-minimalism\/#breadcrumb","itemListElement":[{"@type":"ListItem","position":1,"name":"Strona g\u0142\u00f3wna","item":"https:\/\/foliobooks.pl\/en\/"},{"@type":"ListItem","position":2,"name":"Shop","item":"https:\/\/foliobooks.pl\/en\/shop\/"},{"@type":"ListItem","position":3,"name":"Product Minimalism"}]},{"@type":"WebSite","@id":"https:\/\/foliobooks.pl\/en\/#website","url":"https:\/\/foliobooks.pl\/en\/","name":"Folio","description":"Ksi\u0119garnia internetowa","potentialAction":[{"@type":"SearchAction","target":{"@type":"EntryPoint","urlTemplate":"https:\/\/foliobooks.pl\/en\/?s={search_term_string}"},"query-input":{"@type":"PropertyValueSpecification","valueRequired":true,"valueName":"search_term_string"}}],"inLanguage":"en-US"}]}},"_links":{"self":[{"href":"https:\/\/foliobooks.pl\/en\/wp-json\/wp\/v2\/product\/18493","targetHints":{"allow":["GET"]}}],"collection":[{"href":"https:\/\/foliobooks.pl\/en\/wp-json\/wp\/v2\/product"}],"about":[{"href":"https:\/\/foliobooks.pl\/en\/wp-json\/wp\/v2\/types\/product"}],"replies":[{"embeddable":true,"href":"https:\/\/foliobooks.pl\/en\/wp-json\/wp\/v2\/comments?post=18493"}],"wp:featuredmedia":[{"embeddable":true,"href":"https:\/\/foliobooks.pl\/en\/wp-json\/wp\/v2\/media\/18486"}],"wp:attachment":[{"href":"https:\/\/foliobooks.pl\/en\/wp-json\/wp\/v2\/media?parent=18493"}],"wp:term":[{"taxonomy":"product_brand","embeddable":true,"href":"https:\/\/foliobooks.pl\/en\/wp-json\/wp\/v2\/product_brand?post=18493"},{"taxonomy":"product_cat","embeddable":true,"href":"https:\/\/foliobooks.pl\/en\/wp-json\/wp\/v2\/product_cat?post=18493"},{"taxonomy":"product_tag","embeddable":true,"href":"https:\/\/foliobooks.pl\/en\/wp-json\/wp\/v2\/product_tag?post=18493"}],"curies":[{"name":"wp","href":"https:\/\/api.w.org\/{rel}","templated":true}]}}