{"id":18397,"date":"2017-03-22T11:19:32","date_gmt":"2017-03-22T10:19:32","guid":{"rendered":"http:\/\/foliobooks.pl\/sklep\/powershop-5-new-retail-design\/"},"modified":"2023-01-04T17:38:34","modified_gmt":"2023-01-04T16:38:34","slug":"powershop-5-new-retail-design","status":"publish","type":"product","link":"https:\/\/foliobooks.pl\/en\/shop\/powershop-5-new-retail-design\/","title":{"rendered":"Powershop 5. New Retail Design"},"content":{"rendered":"<p>Following in the footsteps of its successful former editions, Powershop 5 delves into the worldwide exploration of the latest leading retail design. With over 100 featured shops spread across eleven chapters, the book presents current trends and the evolution of retail interiors. Readers are given an exclusive look at how designers conceptualize ideas and bring them to life, creating the ultimate brand experience. This inspiring book explores the conscious efforts that designers take to encompass outstanding retail spaces with strong brand and client identity examining the design process, materiality, functionality and the overall user experience. Shops ranging from luxury fashion, books and jewellery to car showrooms are developed through a unique stream of creativity, innovation and spatial context. Powershop 5 highlights retail projects situated all around the globe by a diverse group of designers, including Brinkworth, Ippolito Fleitz Group, Anagrama and Snarkitecture. The array of beautiful imagery and technical information is accompanied by a complete set of designer profiles and contact details.<\/p>\n","protected":false},"excerpt":{"rendered":"<p>Following in the footsteps of its successful former editions, Powershop 5 delves into the worldwide exploration of the latest leading retail design. With over 100 featured shops spread across eleven chapters, the book presents current trends and the evolution of retail interiors. Readers are given an exclusive look at how designers conceptualize ideas and bring&#8230;<\/p>\n","protected":false},"featured_media":18396,"comment_status":"closed","ping_status":"closed","template":"","meta":[],"product_brand":[],"product_cat":[4516],"product_tag":[4524,153,290,6416],"class_list":{"0":"post-18397","1":"product","2":"type-product","3":"status-publish","4":"has-post-thumbnail","6":"product_cat-architecture-en","7":"product_tag-design-en-en","8":"product_tag-furniture","9":"product_tag-interiors-en","10":"product_tag-shops","11":"pa_author_att-carmel-mcnamara-en","12":"pa_author_att-shonquis-moreno-en","13":"pa_cover-hardcover","14":"pa_format-24-x-32-cm-en","15":"pa_isbn-9789491727931-en","16":"pa_language-eng","17":"pa_pages-424-en","18":"pa_published-2016-12-27-en","19":"pa_publisher-frame-en","21":"first","22":"instock","23":"sale","24":"sold-individually","25":"shipping-taxable","26":"purchasable","27":"product-type-simple"},"yoast_head":"<!-- This site is optimized with the Yoast SEO plugin v27.4 - https:\/\/yoast.com\/product\/yoast-seo-wordpress\/ -->\n<title>Powershop 5. New Retail Design (Carmel McNamara, Shonquis Moreno) - book \/ album - Folio<\/title>\n<meta name=\"description\" content=\"Wejd\u017a i kup ksi\u0105\u017ck\u0119 Powershop 5. New Retail Design autorstwa Carmel McNamara, Shonquis Moreno wydan\u0105 przez Frame (2016-12-27) w formacie 24 x 32 cm (ISBN: 9789491727931). Zapraszamy!\" \/>\n<meta name=\"robots\" content=\"index, follow, max-snippet:-1, max-image-preview:large, max-video-preview:-1\" \/>\n<link rel=\"canonical\" href=\"https:\/\/foliobooks.pl\/en\/shop\/powershop-5-new-retail-design\/\" \/>\n<meta property=\"og:locale\" content=\"en_US\" \/>\n<meta property=\"og:type\" content=\"article\" \/>\n<meta property=\"og:title\" content=\"Powershop 5. New Retail Design (Carmel McNamara, Shonquis Moreno) - book \/ album - Folio\" \/>\n<meta property=\"og:description\" content=\"Wejd\u017a i kup ksi\u0105\u017ck\u0119 Powershop 5. New Retail Design autorstwa Carmel McNamara, Shonquis Moreno wydan\u0105 przez Frame (2016-12-27) w formacie 24 x 32 cm (ISBN: 9789491727931). Zapraszamy!\" \/>\n<meta property=\"og:url\" content=\"https:\/\/foliobooks.pl\/en\/shop\/powershop-5-new-retail-design\/\" \/>\n<meta property=\"og:site_name\" content=\"Folio\" \/>\n<meta property=\"article:modified_time\" content=\"2023-01-04T16:38:34+00:00\" \/>\n<meta property=\"og:image\" content=\"https:\/\/foliobooks.pl\/wp-content\/uploads\/2017\/03\/9789491727931.png\" \/>\n\t<meta property=\"og:image:width\" content=\"570\" \/>\n\t<meta property=\"og:image:height\" content=\"708\" \/>\n\t<meta property=\"og:image:type\" content=\"image\/png\" \/>\n<meta name=\"twitter:card\" content=\"summary_large_image\" \/>\n<meta name=\"twitter:label1\" content=\"Est. reading time\" \/>\n\t<meta name=\"twitter:data1\" content=\"1 minute\" \/>\n<script type=\"application\/ld+json\" class=\"yoast-schema-graph\">{\"@context\":\"https:\\\/\\\/schema.org\",\"@graph\":[{\"@type\":\"WebPage\",\"@id\":\"https:\\\/\\\/foliobooks.pl\\\/en\\\/shop\\\/powershop-5-new-retail-design\\\/\",\"url\":\"https:\\\/\\\/foliobooks.pl\\\/en\\\/shop\\\/powershop-5-new-retail-design\\\/\",\"name\":\"Powershop 5. New Retail Design (Carmel McNamara, Shonquis Moreno) - book \\\/ album - Folio\",\"isPartOf\":{\"@id\":\"https:\\\/\\\/foliobooks.pl\\\/en\\\/#website\"},\"primaryImageOfPage\":{\"@id\":\"https:\\\/\\\/foliobooks.pl\\\/en\\\/shop\\\/powershop-5-new-retail-design\\\/#primaryimage\"},\"image\":{\"@id\":\"https:\\\/\\\/foliobooks.pl\\\/en\\\/shop\\\/powershop-5-new-retail-design\\\/#primaryimage\"},\"thumbnailUrl\":\"https:\\\/\\\/foliobooks.pl\\\/wp-content\\\/uploads\\\/2017\\\/03\\\/9789491727931.png\",\"datePublished\":\"2017-03-22T10:19:32+00:00\",\"dateModified\":\"2023-01-04T16:38:34+00:00\",\"description\":\"Wejd\u017a i kup ksi\u0105\u017ck\u0119 Powershop 5. New Retail Design autorstwa Carmel McNamara, Shonquis Moreno wydan\u0105 przez Frame (2016-12-27) w formacie 24 x 32 cm (ISBN: 9789491727931). Zapraszamy!\",\"breadcrumb\":{\"@id\":\"https:\\\/\\\/foliobooks.pl\\\/en\\\/shop\\\/powershop-5-new-retail-design\\\/#breadcrumb\"},\"inLanguage\":\"en-US\",\"potentialAction\":[{\"@type\":\"ReadAction\",\"target\":[\"https:\\\/\\\/foliobooks.pl\\\/en\\\/shop\\\/powershop-5-new-retail-design\\\/\"]}]},{\"@type\":\"ImageObject\",\"inLanguage\":\"en-US\",\"@id\":\"https:\\\/\\\/foliobooks.pl\\\/en\\\/shop\\\/powershop-5-new-retail-design\\\/#primaryimage\",\"url\":\"https:\\\/\\\/foliobooks.pl\\\/wp-content\\\/uploads\\\/2017\\\/03\\\/9789491727931.png\",\"contentUrl\":\"https:\\\/\\\/foliobooks.pl\\\/wp-content\\\/uploads\\\/2017\\\/03\\\/9789491727931.png\",\"width\":570,\"height\":708},{\"@type\":\"BreadcrumbList\",\"@id\":\"https:\\\/\\\/foliobooks.pl\\\/en\\\/shop\\\/powershop-5-new-retail-design\\\/#breadcrumb\",\"itemListElement\":[{\"@type\":\"ListItem\",\"position\":1,\"name\":\"Strona g\u0142\u00f3wna\",\"item\":\"https:\\\/\\\/foliobooks.pl\\\/en\\\/\"},{\"@type\":\"ListItem\",\"position\":2,\"name\":\"Shop\",\"item\":\"https:\\\/\\\/foliobooks.pl\\\/en\\\/shop\\\/\"},{\"@type\":\"ListItem\",\"position\":3,\"name\":\"Powershop 5. New Retail Design\"}]},{\"@type\":\"WebSite\",\"@id\":\"https:\\\/\\\/foliobooks.pl\\\/en\\\/#website\",\"url\":\"https:\\\/\\\/foliobooks.pl\\\/en\\\/\",\"name\":\"Folio\",\"description\":\"Ksi\u0119garnia internetowa\",\"potentialAction\":[{\"@type\":\"SearchAction\",\"target\":{\"@type\":\"EntryPoint\",\"urlTemplate\":\"https:\\\/\\\/foliobooks.pl\\\/en\\\/?s={search_term_string}\"},\"query-input\":{\"@type\":\"PropertyValueSpecification\",\"valueRequired\":true,\"valueName\":\"search_term_string\"}}],\"inLanguage\":\"en-US\"}]}<\/script>\n<!-- \/ Yoast SEO plugin. -->","yoast_head_json":{"title":"Powershop 5. New Retail Design (Carmel McNamara, Shonquis Moreno) - book \/ album - Folio","description":"Wejd\u017a i kup ksi\u0105\u017ck\u0119 Powershop 5. New Retail Design autorstwa Carmel McNamara, Shonquis Moreno wydan\u0105 przez Frame (2016-12-27) w formacie 24 x 32 cm (ISBN: 9789491727931). Zapraszamy!","robots":{"index":"index","follow":"follow","max-snippet":"max-snippet:-1","max-image-preview":"max-image-preview:large","max-video-preview":"max-video-preview:-1"},"canonical":"https:\/\/foliobooks.pl\/en\/shop\/powershop-5-new-retail-design\/","og_locale":"en_US","og_type":"article","og_title":"Powershop 5. New Retail Design (Carmel McNamara, Shonquis Moreno) - book \/ album - Folio","og_description":"Wejd\u017a i kup ksi\u0105\u017ck\u0119 Powershop 5. New Retail Design autorstwa Carmel McNamara, Shonquis Moreno wydan\u0105 przez Frame (2016-12-27) w formacie 24 x 32 cm (ISBN: 9789491727931). Zapraszamy!","og_url":"https:\/\/foliobooks.pl\/en\/shop\/powershop-5-new-retail-design\/","og_site_name":"Folio","article_modified_time":"2023-01-04T16:38:34+00:00","og_image":[{"width":570,"height":708,"url":"https:\/\/foliobooks.pl\/wp-content\/uploads\/2017\/03\/9789491727931.png","type":"image\/png"}],"twitter_card":"summary_large_image","twitter_misc":{"Est. reading time":"1 minute"},"schema":{"@context":"https:\/\/schema.org","@graph":[{"@type":"WebPage","@id":"https:\/\/foliobooks.pl\/en\/shop\/powershop-5-new-retail-design\/","url":"https:\/\/foliobooks.pl\/en\/shop\/powershop-5-new-retail-design\/","name":"Powershop 5. New Retail Design (Carmel McNamara, Shonquis Moreno) - book \/ album - Folio","isPartOf":{"@id":"https:\/\/foliobooks.pl\/en\/#website"},"primaryImageOfPage":{"@id":"https:\/\/foliobooks.pl\/en\/shop\/powershop-5-new-retail-design\/#primaryimage"},"image":{"@id":"https:\/\/foliobooks.pl\/en\/shop\/powershop-5-new-retail-design\/#primaryimage"},"thumbnailUrl":"https:\/\/foliobooks.pl\/wp-content\/uploads\/2017\/03\/9789491727931.png","datePublished":"2017-03-22T10:19:32+00:00","dateModified":"2023-01-04T16:38:34+00:00","description":"Wejd\u017a i kup ksi\u0105\u017ck\u0119 Powershop 5. New Retail Design autorstwa Carmel McNamara, Shonquis Moreno wydan\u0105 przez Frame (2016-12-27) w formacie 24 x 32 cm (ISBN: 9789491727931). Zapraszamy!","breadcrumb":{"@id":"https:\/\/foliobooks.pl\/en\/shop\/powershop-5-new-retail-design\/#breadcrumb"},"inLanguage":"en-US","potentialAction":[{"@type":"ReadAction","target":["https:\/\/foliobooks.pl\/en\/shop\/powershop-5-new-retail-design\/"]}]},{"@type":"ImageObject","inLanguage":"en-US","@id":"https:\/\/foliobooks.pl\/en\/shop\/powershop-5-new-retail-design\/#primaryimage","url":"https:\/\/foliobooks.pl\/wp-content\/uploads\/2017\/03\/9789491727931.png","contentUrl":"https:\/\/foliobooks.pl\/wp-content\/uploads\/2017\/03\/9789491727931.png","width":570,"height":708},{"@type":"BreadcrumbList","@id":"https:\/\/foliobooks.pl\/en\/shop\/powershop-5-new-retail-design\/#breadcrumb","itemListElement":[{"@type":"ListItem","position":1,"name":"Strona g\u0142\u00f3wna","item":"https:\/\/foliobooks.pl\/en\/"},{"@type":"ListItem","position":2,"name":"Shop","item":"https:\/\/foliobooks.pl\/en\/shop\/"},{"@type":"ListItem","position":3,"name":"Powershop 5. New Retail Design"}]},{"@type":"WebSite","@id":"https:\/\/foliobooks.pl\/en\/#website","url":"https:\/\/foliobooks.pl\/en\/","name":"Folio","description":"Ksi\u0119garnia internetowa","potentialAction":[{"@type":"SearchAction","target":{"@type":"EntryPoint","urlTemplate":"https:\/\/foliobooks.pl\/en\/?s={search_term_string}"},"query-input":{"@type":"PropertyValueSpecification","valueRequired":true,"valueName":"search_term_string"}}],"inLanguage":"en-US"}]}},"_links":{"self":[{"href":"https:\/\/foliobooks.pl\/en\/wp-json\/wp\/v2\/product\/18397","targetHints":{"allow":["GET"]}}],"collection":[{"href":"https:\/\/foliobooks.pl\/en\/wp-json\/wp\/v2\/product"}],"about":[{"href":"https:\/\/foliobooks.pl\/en\/wp-json\/wp\/v2\/types\/product"}],"replies":[{"embeddable":true,"href":"https:\/\/foliobooks.pl\/en\/wp-json\/wp\/v2\/comments?post=18397"}],"wp:featuredmedia":[{"embeddable":true,"href":"https:\/\/foliobooks.pl\/en\/wp-json\/wp\/v2\/media\/18396"}],"wp:attachment":[{"href":"https:\/\/foliobooks.pl\/en\/wp-json\/wp\/v2\/media?parent=18397"}],"wp:term":[{"taxonomy":"product_brand","embeddable":true,"href":"https:\/\/foliobooks.pl\/en\/wp-json\/wp\/v2\/product_brand?post=18397"},{"taxonomy":"product_cat","embeddable":true,"href":"https:\/\/foliobooks.pl\/en\/wp-json\/wp\/v2\/product_cat?post=18397"},{"taxonomy":"product_tag","embeddable":true,"href":"https:\/\/foliobooks.pl\/en\/wp-json\/wp\/v2\/product_tag?post=18397"}],"curies":[{"name":"wp","href":"https:\/\/api.w.org\/{rel}","templated":true}]}}