{"id":18171,"date":"2016-12-20T10:40:48","date_gmt":"2016-12-20T09:40:48","guid":{"rendered":"http:\/\/foliobooks.pl\/sklep\/cest-bon-recipes-inspired-by-la-grand-epicerie-de-paris\/"},"modified":"2021-03-11T10:41:01","modified_gmt":"2021-03-11T09:41:01","slug":"cest-bon-recipes-inspired-by-la-grand-epicerie-de-paris","status":"publish","type":"product","link":"https:\/\/foliobooks.pl\/en\/shop\/cest-bon-recipes-inspired-by-la-grand-epicerie-de-paris\/","title":{"rendered":"C&#8217;est Bon. Recipes Inspired by La Grand Epicerie de Paris"},"content":{"rendered":"<p>Best-selling food writer Trish Deseine demonstrates how a few well-chosen, high-quality ingredients can create simple yet sublime dishes. Trish Deseine is renowned for her unpretentious approach to food, creating delicious and easy-to-prepare recipes that are always inspired and refined. Here, Trish presents more than eighty original recipes that incorporate simple, quality ingredients, often in novel combinations: from cucumber, apple, wasabi gazpacho or caramelized maple-butternut risotto with spicy grilled pecans to Matcha green tea panna cotta with dark chocolate sauce. Inspired by the fine ingredients at La Grande Epicerie de Paris\u2014the famous gourmet food shop in the upscale Bon March\u00e9 department store\u2014she shares her twist on both traditional French classics and dishes with a distinctly British flavor: from smoked magret of duck to pear tarte tatin, and from Welsh rarebit to Guinness cake. Ever mindful of the home chef\u2019s tight schedule, the recipes\u2014divided into appetizers, soups, and salads; main and side dishes; and desserts\u2014are quick and easy to prepare. Each recipe is accompanied by tips and a suggested drink pairing. Modern yet informal, these recipes show how simple cuisine using exceptional products can yield delectable results to delight gourmets everywhere.<\/p>\n","protected":false},"excerpt":{"rendered":"<p>Best-selling food writer Trish Deseine demonstrates how a few well-chosen, high-quality ingredients can create simple yet sublime dishes. Trish Deseine is renowned for her unpretentious approach to food, creating delicious and easy-to-prepare recipes that are always inspired and refined. Here, Trish presents more than eighty original recipes that incorporate simple, quality ingredients, often in novel&#8230;<\/p>\n","protected":false},"featured_media":17628,"comment_status":"closed","ping_status":"closed","template":"","meta":[],"product_brand":[],"product_cat":[4518],"product_tag":[1875,1008],"class_list":{"0":"post-18171","1":"product","2":"type-product","3":"status-publish","4":"has-post-thumbnail","6":"product_cat-cookery-en","7":"product_tag-national-cuisines","8":"product_tag-recipes-en","9":"pa_author_att-deirdre-rooney-en","10":"pa_author_att-trish-deseine-en","11":"pa_cover-hardcover","12":"pa_format-18-x-24-cm-en","13":"pa_isbn-9782080202192-en","14":"pa_language-eng","15":"pa_pages-188-en","16":"pa_published-2016-09-20-en","17":"pa_publisher-flammarion-en","19":"first","20":"instock","21":"sale","22":"sold-individually","23":"shipping-taxable","24":"purchasable","25":"product-type-simple"},"yoast_head":"<!-- This site is optimized with the Yoast SEO plugin v27.4 - https:\/\/yoast.com\/product\/yoast-seo-wordpress\/ -->\n<title>C&#039;est Bon. Recipes Inspired by La Grand Epicerie de Paris (Deirdre Rooney, Trish Deseine) - book \/ album - Folio<\/title>\n<meta name=\"description\" content=\"Wejd\u017a i kup ksi\u0105\u017ck\u0119 C&#039;est Bon. Recipes Inspired by La Grand Epicerie de Paris autorstwa Deirdre Rooney, Trish Deseine wydan\u0105 przez Flammarion (2016-09-20) w formacie 18 x 24 cm (ISBN: 9782080202192). Zapraszamy!\" \/>\n<meta name=\"robots\" content=\"index, follow, max-snippet:-1, max-image-preview:large, max-video-preview:-1\" \/>\n<link rel=\"canonical\" href=\"https:\/\/foliobooks.pl\/en\/shop\/cest-bon-recipes-inspired-by-la-grand-epicerie-de-paris\/\" \/>\n<meta property=\"og:locale\" content=\"en_US\" \/>\n<meta property=\"og:type\" content=\"article\" \/>\n<meta property=\"og:title\" content=\"C&#039;est Bon. Recipes Inspired by La Grand Epicerie de Paris (Deirdre Rooney, Trish Deseine) - book \/ album - Folio\" \/>\n<meta property=\"og:description\" content=\"Wejd\u017a i kup ksi\u0105\u017ck\u0119 C&#039;est Bon. Recipes Inspired by La Grand Epicerie de Paris autorstwa Deirdre Rooney, Trish Deseine wydan\u0105 przez Flammarion (2016-09-20) w formacie 18 x 24 cm (ISBN: 9782080202192). Zapraszamy!\" \/>\n<meta property=\"og:url\" content=\"https:\/\/foliobooks.pl\/en\/shop\/cest-bon-recipes-inspired-by-la-grand-epicerie-de-paris\/\" \/>\n<meta property=\"og:site_name\" content=\"Folio\" \/>\n<meta property=\"article:modified_time\" content=\"2021-03-11T09:41:01+00:00\" \/>\n<meta property=\"og:image\" content=\"https:\/\/foliobooks.pl\/wp-content\/uploads\/2016\/12\/9782080202192.png\" \/>\n\t<meta property=\"og:image:width\" content=\"570\" \/>\n\t<meta property=\"og:image:height\" content=\"708\" \/>\n\t<meta property=\"og:image:type\" content=\"image\/png\" \/>\n<meta name=\"twitter:card\" content=\"summary_large_image\" \/>\n<meta name=\"twitter:label1\" content=\"Est. reading time\" \/>\n\t<meta name=\"twitter:data1\" content=\"1 minute\" \/>\n<script type=\"application\/ld+json\" class=\"yoast-schema-graph\">{\"@context\":\"https:\\\/\\\/schema.org\",\"@graph\":[{\"@type\":\"WebPage\",\"@id\":\"https:\\\/\\\/foliobooks.pl\\\/en\\\/shop\\\/cest-bon-recipes-inspired-by-la-grand-epicerie-de-paris\\\/\",\"url\":\"https:\\\/\\\/foliobooks.pl\\\/en\\\/shop\\\/cest-bon-recipes-inspired-by-la-grand-epicerie-de-paris\\\/\",\"name\":\"C'est Bon. Recipes Inspired by La Grand Epicerie de Paris (Deirdre Rooney, Trish Deseine) - book \\\/ album - Folio\",\"isPartOf\":{\"@id\":\"https:\\\/\\\/foliobooks.pl\\\/en\\\/#website\"},\"primaryImageOfPage\":{\"@id\":\"https:\\\/\\\/foliobooks.pl\\\/en\\\/shop\\\/cest-bon-recipes-inspired-by-la-grand-epicerie-de-paris\\\/#primaryimage\"},\"image\":{\"@id\":\"https:\\\/\\\/foliobooks.pl\\\/en\\\/shop\\\/cest-bon-recipes-inspired-by-la-grand-epicerie-de-paris\\\/#primaryimage\"},\"thumbnailUrl\":\"https:\\\/\\\/foliobooks.pl\\\/wp-content\\\/uploads\\\/2016\\\/12\\\/9782080202192.png\",\"datePublished\":\"2016-12-20T09:40:48+00:00\",\"dateModified\":\"2021-03-11T09:41:01+00:00\",\"description\":\"Wejd\u017a i kup ksi\u0105\u017ck\u0119 C'est Bon. Recipes Inspired by La Grand Epicerie de Paris autorstwa Deirdre Rooney, Trish Deseine wydan\u0105 przez Flammarion (2016-09-20) w formacie 18 x 24 cm (ISBN: 9782080202192). Zapraszamy!\",\"breadcrumb\":{\"@id\":\"https:\\\/\\\/foliobooks.pl\\\/en\\\/shop\\\/cest-bon-recipes-inspired-by-la-grand-epicerie-de-paris\\\/#breadcrumb\"},\"inLanguage\":\"en-US\",\"potentialAction\":[{\"@type\":\"ReadAction\",\"target\":[\"https:\\\/\\\/foliobooks.pl\\\/en\\\/shop\\\/cest-bon-recipes-inspired-by-la-grand-epicerie-de-paris\\\/\"]}]},{\"@type\":\"ImageObject\",\"inLanguage\":\"en-US\",\"@id\":\"https:\\\/\\\/foliobooks.pl\\\/en\\\/shop\\\/cest-bon-recipes-inspired-by-la-grand-epicerie-de-paris\\\/#primaryimage\",\"url\":\"https:\\\/\\\/foliobooks.pl\\\/wp-content\\\/uploads\\\/2016\\\/12\\\/9782080202192.png\",\"contentUrl\":\"https:\\\/\\\/foliobooks.pl\\\/wp-content\\\/uploads\\\/2016\\\/12\\\/9782080202192.png\",\"width\":570,\"height\":708},{\"@type\":\"BreadcrumbList\",\"@id\":\"https:\\\/\\\/foliobooks.pl\\\/en\\\/shop\\\/cest-bon-recipes-inspired-by-la-grand-epicerie-de-paris\\\/#breadcrumb\",\"itemListElement\":[{\"@type\":\"ListItem\",\"position\":1,\"name\":\"Strona g\u0142\u00f3wna\",\"item\":\"https:\\\/\\\/foliobooks.pl\\\/en\\\/\"},{\"@type\":\"ListItem\",\"position\":2,\"name\":\"Shop\",\"item\":\"https:\\\/\\\/foliobooks.pl\\\/en\\\/shop\\\/\"},{\"@type\":\"ListItem\",\"position\":3,\"name\":\"C&#8217;est Bon. Recipes Inspired by La Grand Epicerie de Paris\"}]},{\"@type\":\"WebSite\",\"@id\":\"https:\\\/\\\/foliobooks.pl\\\/en\\\/#website\",\"url\":\"https:\\\/\\\/foliobooks.pl\\\/en\\\/\",\"name\":\"Folio\",\"description\":\"Ksi\u0119garnia internetowa\",\"potentialAction\":[{\"@type\":\"SearchAction\",\"target\":{\"@type\":\"EntryPoint\",\"urlTemplate\":\"https:\\\/\\\/foliobooks.pl\\\/en\\\/?s={search_term_string}\"},\"query-input\":{\"@type\":\"PropertyValueSpecification\",\"valueRequired\":true,\"valueName\":\"search_term_string\"}}],\"inLanguage\":\"en-US\"}]}<\/script>\n<!-- \/ Yoast SEO plugin. -->","yoast_head_json":{"title":"C'est Bon. Recipes Inspired by La Grand Epicerie de Paris (Deirdre Rooney, Trish Deseine) - book \/ album - Folio","description":"Wejd\u017a i kup ksi\u0105\u017ck\u0119 C'est Bon. Recipes Inspired by La Grand Epicerie de Paris autorstwa Deirdre Rooney, Trish Deseine wydan\u0105 przez Flammarion (2016-09-20) w formacie 18 x 24 cm (ISBN: 9782080202192). Zapraszamy!","robots":{"index":"index","follow":"follow","max-snippet":"max-snippet:-1","max-image-preview":"max-image-preview:large","max-video-preview":"max-video-preview:-1"},"canonical":"https:\/\/foliobooks.pl\/en\/shop\/cest-bon-recipes-inspired-by-la-grand-epicerie-de-paris\/","og_locale":"en_US","og_type":"article","og_title":"C'est Bon. Recipes Inspired by La Grand Epicerie de Paris (Deirdre Rooney, Trish Deseine) - book \/ album - Folio","og_description":"Wejd\u017a i kup ksi\u0105\u017ck\u0119 C'est Bon. Recipes Inspired by La Grand Epicerie de Paris autorstwa Deirdre Rooney, Trish Deseine wydan\u0105 przez Flammarion (2016-09-20) w formacie 18 x 24 cm (ISBN: 9782080202192). Zapraszamy!","og_url":"https:\/\/foliobooks.pl\/en\/shop\/cest-bon-recipes-inspired-by-la-grand-epicerie-de-paris\/","og_site_name":"Folio","article_modified_time":"2021-03-11T09:41:01+00:00","og_image":[{"width":570,"height":708,"url":"https:\/\/foliobooks.pl\/wp-content\/uploads\/2016\/12\/9782080202192.png","type":"image\/png"}],"twitter_card":"summary_large_image","twitter_misc":{"Est. reading time":"1 minute"},"schema":{"@context":"https:\/\/schema.org","@graph":[{"@type":"WebPage","@id":"https:\/\/foliobooks.pl\/en\/shop\/cest-bon-recipes-inspired-by-la-grand-epicerie-de-paris\/","url":"https:\/\/foliobooks.pl\/en\/shop\/cest-bon-recipes-inspired-by-la-grand-epicerie-de-paris\/","name":"C'est Bon. Recipes Inspired by La Grand Epicerie de Paris (Deirdre Rooney, Trish Deseine) - book \/ album - Folio","isPartOf":{"@id":"https:\/\/foliobooks.pl\/en\/#website"},"primaryImageOfPage":{"@id":"https:\/\/foliobooks.pl\/en\/shop\/cest-bon-recipes-inspired-by-la-grand-epicerie-de-paris\/#primaryimage"},"image":{"@id":"https:\/\/foliobooks.pl\/en\/shop\/cest-bon-recipes-inspired-by-la-grand-epicerie-de-paris\/#primaryimage"},"thumbnailUrl":"https:\/\/foliobooks.pl\/wp-content\/uploads\/2016\/12\/9782080202192.png","datePublished":"2016-12-20T09:40:48+00:00","dateModified":"2021-03-11T09:41:01+00:00","description":"Wejd\u017a i kup ksi\u0105\u017ck\u0119 C'est Bon. Recipes Inspired by La Grand Epicerie de Paris autorstwa Deirdre Rooney, Trish Deseine wydan\u0105 przez Flammarion (2016-09-20) w formacie 18 x 24 cm (ISBN: 9782080202192). Zapraszamy!","breadcrumb":{"@id":"https:\/\/foliobooks.pl\/en\/shop\/cest-bon-recipes-inspired-by-la-grand-epicerie-de-paris\/#breadcrumb"},"inLanguage":"en-US","potentialAction":[{"@type":"ReadAction","target":["https:\/\/foliobooks.pl\/en\/shop\/cest-bon-recipes-inspired-by-la-grand-epicerie-de-paris\/"]}]},{"@type":"ImageObject","inLanguage":"en-US","@id":"https:\/\/foliobooks.pl\/en\/shop\/cest-bon-recipes-inspired-by-la-grand-epicerie-de-paris\/#primaryimage","url":"https:\/\/foliobooks.pl\/wp-content\/uploads\/2016\/12\/9782080202192.png","contentUrl":"https:\/\/foliobooks.pl\/wp-content\/uploads\/2016\/12\/9782080202192.png","width":570,"height":708},{"@type":"BreadcrumbList","@id":"https:\/\/foliobooks.pl\/en\/shop\/cest-bon-recipes-inspired-by-la-grand-epicerie-de-paris\/#breadcrumb","itemListElement":[{"@type":"ListItem","position":1,"name":"Strona g\u0142\u00f3wna","item":"https:\/\/foliobooks.pl\/en\/"},{"@type":"ListItem","position":2,"name":"Shop","item":"https:\/\/foliobooks.pl\/en\/shop\/"},{"@type":"ListItem","position":3,"name":"C&#8217;est Bon. Recipes Inspired by La Grand Epicerie de Paris"}]},{"@type":"WebSite","@id":"https:\/\/foliobooks.pl\/en\/#website","url":"https:\/\/foliobooks.pl\/en\/","name":"Folio","description":"Ksi\u0119garnia internetowa","potentialAction":[{"@type":"SearchAction","target":{"@type":"EntryPoint","urlTemplate":"https:\/\/foliobooks.pl\/en\/?s={search_term_string}"},"query-input":{"@type":"PropertyValueSpecification","valueRequired":true,"valueName":"search_term_string"}}],"inLanguage":"en-US"}]}},"_links":{"self":[{"href":"https:\/\/foliobooks.pl\/en\/wp-json\/wp\/v2\/product\/18171","targetHints":{"allow":["GET"]}}],"collection":[{"href":"https:\/\/foliobooks.pl\/en\/wp-json\/wp\/v2\/product"}],"about":[{"href":"https:\/\/foliobooks.pl\/en\/wp-json\/wp\/v2\/types\/product"}],"replies":[{"embeddable":true,"href":"https:\/\/foliobooks.pl\/en\/wp-json\/wp\/v2\/comments?post=18171"}],"wp:featuredmedia":[{"embeddable":true,"href":"https:\/\/foliobooks.pl\/en\/wp-json\/wp\/v2\/media\/17628"}],"wp:attachment":[{"href":"https:\/\/foliobooks.pl\/en\/wp-json\/wp\/v2\/media?parent=18171"}],"wp:term":[{"taxonomy":"product_brand","embeddable":true,"href":"https:\/\/foliobooks.pl\/en\/wp-json\/wp\/v2\/product_brand?post=18171"},{"taxonomy":"product_cat","embeddable":true,"href":"https:\/\/foliobooks.pl\/en\/wp-json\/wp\/v2\/product_cat?post=18171"},{"taxonomy":"product_tag","embeddable":true,"href":"https:\/\/foliobooks.pl\/en\/wp-json\/wp\/v2\/product_tag?post=18171"}],"curies":[{"name":"wp","href":"https:\/\/api.w.org\/{rel}","templated":true}]}}