{"id":18142,"date":"2017-03-13T15:19:45","date_gmt":"2017-03-13T14:19:45","guid":{"rendered":"http:\/\/foliobooks.pl\/sklep\/degas-basic-art-series\/"},"modified":"2022-09-19T16:47:45","modified_gmt":"2022-09-19T14:47:45","slug":"degas-basic-art-series","status":"publish","type":"product","link":"https:\/\/foliobooks.pl\/en\/shop\/degas-basic-art-series\/","title":{"rendered":"Degas. Basic Art Series"},"content":{"rendered":"<p>Most commonly associated with the birth of the Impressionist movement in mid-19th-century Paris, Edgar Degas (1834\u20131917) in fact defied easy categorization and instead developed a unique style, strongly influenced by Old Masters, the body in motion, and everyday urban life.<\/p>\n<p>The elder scion of a wealthy family, Degas cofounded a series of exhibitions of \u201cImpressionist\u201d art, but soon disassociated himself from the group in pursuit of a more realist approach. His subjects centered on the teeming, noisy streets of Paris, as well as its leisure entertainments, such as horse racing, cabarets, and, most particularly, ballet. With often ambitious, off-kilter vantage points, his images of ballerinas numbered approximately 1,500 works, all deeply invested in the physicality and the discipline of dance.<\/p>\n<p>Through illustrations of Foyer de la Danse (1872), Musicians in the Orchestra (1872) and many more, this book provides an essential overview of the artist who resisted categorization but created a category of his own, a world of classical resonance, bold compositions, and an endless fascination with movement, which together produced some of the most striking and influential works of the era.<\/p>\n","protected":false},"excerpt":{"rendered":"<p>Most commonly associated with the birth of the Impressionist movement in mid-19th-century Paris, Edgar Degas (1834\u20131917) in fact defied easy categorization and instead developed a unique style, strongly influenced by Old Masters, the body in motion, and everyday urban life. The elder scion of a wealthy family, Degas cofounded a series of exhibitions of \u201cImpressionist\u201d&#8230;<\/p>\n","protected":false},"featured_media":18137,"comment_status":"closed","ping_status":"closed","template":"","meta":[],"product_brand":[],"product_cat":[4522],"product_tag":[1146,524],"class_list":{"0":"post-18142","1":"product","2":"type-product","3":"status-publish","4":"has-post-thumbnail","6":"product_cat-art-en","7":"product_tag-great-masters-en","8":"product_tag-painting-en","9":"pa_author_att-bernd-growe-en","10":"pa_cover-hardcover","11":"pa_format-21-x-26-cm-en","12":"pa_isbn-9783836532716-en","13":"pa_language-eng","14":"pa_pages-96-en","15":"pa_published-2016-04-15-en","16":"pa_publisher-taschen-en-en","18":"first","19":"instock","20":"sold-individually","21":"shipping-taxable","22":"purchasable","23":"product-type-simple"},"yoast_head":"<!-- This site is optimized with the Yoast SEO plugin v27.4 - https:\/\/yoast.com\/product\/yoast-seo-wordpress\/ -->\n<title>Degas. Basic Art Series (Bernd Growe) - book \/ album - Folio<\/title>\n<meta name=\"description\" content=\"Wejd\u017a i kup ksi\u0105\u017ck\u0119 Degas. Basic Art Series autorstwa Bernd Growe wydan\u0105 przez TASCHEN (2016-04-15) w formacie 21 x 26 cm (ISBN: 9783836532716). Zapraszamy!\" \/>\n<meta name=\"robots\" content=\"index, follow, max-snippet:-1, max-image-preview:large, max-video-preview:-1\" \/>\n<link rel=\"canonical\" href=\"https:\/\/foliobooks.pl\/en\/shop\/degas-basic-art-series\/\" \/>\n<meta property=\"og:locale\" content=\"en_US\" \/>\n<meta property=\"og:type\" content=\"article\" \/>\n<meta property=\"og:title\" content=\"Degas. Basic Art Series (Bernd Growe) - book \/ album - Folio\" \/>\n<meta property=\"og:description\" content=\"Wejd\u017a i kup ksi\u0105\u017ck\u0119 Degas. Basic Art Series autorstwa Bernd Growe wydan\u0105 przez TASCHEN (2016-04-15) w formacie 21 x 26 cm (ISBN: 9783836532716). Zapraszamy!\" \/>\n<meta property=\"og:url\" content=\"https:\/\/foliobooks.pl\/en\/shop\/degas-basic-art-series\/\" \/>\n<meta property=\"og:site_name\" content=\"Folio\" \/>\n<meta property=\"article:modified_time\" content=\"2022-09-19T14:47:45+00:00\" \/>\n<meta property=\"og:image\" content=\"https:\/\/foliobooks.pl\/wp-content\/uploads\/2017\/03\/9783836532716.png\" \/>\n\t<meta property=\"og:image:width\" content=\"570\" \/>\n\t<meta property=\"og:image:height\" content=\"708\" \/>\n\t<meta property=\"og:image:type\" content=\"image\/png\" \/>\n<meta name=\"twitter:card\" content=\"summary_large_image\" \/>\n<meta name=\"twitter:label1\" content=\"Est. reading time\" \/>\n\t<meta name=\"twitter:data1\" content=\"1 minute\" \/>\n<script type=\"application\/ld+json\" class=\"yoast-schema-graph\">{\"@context\":\"https:\\\/\\\/schema.org\",\"@graph\":[{\"@type\":\"WebPage\",\"@id\":\"https:\\\/\\\/foliobooks.pl\\\/en\\\/shop\\\/degas-basic-art-series\\\/\",\"url\":\"https:\\\/\\\/foliobooks.pl\\\/en\\\/shop\\\/degas-basic-art-series\\\/\",\"name\":\"Degas. Basic Art Series (Bernd Growe) - book \\\/ album - Folio\",\"isPartOf\":{\"@id\":\"https:\\\/\\\/foliobooks.pl\\\/en\\\/#website\"},\"primaryImageOfPage\":{\"@id\":\"https:\\\/\\\/foliobooks.pl\\\/en\\\/shop\\\/degas-basic-art-series\\\/#primaryimage\"},\"image\":{\"@id\":\"https:\\\/\\\/foliobooks.pl\\\/en\\\/shop\\\/degas-basic-art-series\\\/#primaryimage\"},\"thumbnailUrl\":\"https:\\\/\\\/foliobooks.pl\\\/wp-content\\\/uploads\\\/2017\\\/03\\\/9783836532716.png\",\"datePublished\":\"2017-03-13T14:19:45+00:00\",\"dateModified\":\"2022-09-19T14:47:45+00:00\",\"description\":\"Wejd\u017a i kup ksi\u0105\u017ck\u0119 Degas. Basic Art Series autorstwa Bernd Growe wydan\u0105 przez TASCHEN (2016-04-15) w formacie 21 x 26 cm (ISBN: 9783836532716). Zapraszamy!\",\"breadcrumb\":{\"@id\":\"https:\\\/\\\/foliobooks.pl\\\/en\\\/shop\\\/degas-basic-art-series\\\/#breadcrumb\"},\"inLanguage\":\"en-US\",\"potentialAction\":[{\"@type\":\"ReadAction\",\"target\":[\"https:\\\/\\\/foliobooks.pl\\\/en\\\/shop\\\/degas-basic-art-series\\\/\"]}]},{\"@type\":\"ImageObject\",\"inLanguage\":\"en-US\",\"@id\":\"https:\\\/\\\/foliobooks.pl\\\/en\\\/shop\\\/degas-basic-art-series\\\/#primaryimage\",\"url\":\"https:\\\/\\\/foliobooks.pl\\\/wp-content\\\/uploads\\\/2017\\\/03\\\/9783836532716.png\",\"contentUrl\":\"https:\\\/\\\/foliobooks.pl\\\/wp-content\\\/uploads\\\/2017\\\/03\\\/9783836532716.png\",\"width\":570,\"height\":708},{\"@type\":\"BreadcrumbList\",\"@id\":\"https:\\\/\\\/foliobooks.pl\\\/en\\\/shop\\\/degas-basic-art-series\\\/#breadcrumb\",\"itemListElement\":[{\"@type\":\"ListItem\",\"position\":1,\"name\":\"Strona g\u0142\u00f3wna\",\"item\":\"https:\\\/\\\/foliobooks.pl\\\/en\\\/\"},{\"@type\":\"ListItem\",\"position\":2,\"name\":\"Shop\",\"item\":\"https:\\\/\\\/foliobooks.pl\\\/en\\\/shop\\\/\"},{\"@type\":\"ListItem\",\"position\":3,\"name\":\"Degas. Basic Art Series\"}]},{\"@type\":\"WebSite\",\"@id\":\"https:\\\/\\\/foliobooks.pl\\\/en\\\/#website\",\"url\":\"https:\\\/\\\/foliobooks.pl\\\/en\\\/\",\"name\":\"Folio\",\"description\":\"Ksi\u0119garnia internetowa\",\"potentialAction\":[{\"@type\":\"SearchAction\",\"target\":{\"@type\":\"EntryPoint\",\"urlTemplate\":\"https:\\\/\\\/foliobooks.pl\\\/en\\\/?s={search_term_string}\"},\"query-input\":{\"@type\":\"PropertyValueSpecification\",\"valueRequired\":true,\"valueName\":\"search_term_string\"}}],\"inLanguage\":\"en-US\"}]}<\/script>\n<!-- \/ Yoast SEO plugin. -->","yoast_head_json":{"title":"Degas. Basic Art Series (Bernd Growe) - book \/ album - Folio","description":"Wejd\u017a i kup ksi\u0105\u017ck\u0119 Degas. Basic Art Series autorstwa Bernd Growe wydan\u0105 przez TASCHEN (2016-04-15) w formacie 21 x 26 cm (ISBN: 9783836532716). Zapraszamy!","robots":{"index":"index","follow":"follow","max-snippet":"max-snippet:-1","max-image-preview":"max-image-preview:large","max-video-preview":"max-video-preview:-1"},"canonical":"https:\/\/foliobooks.pl\/en\/shop\/degas-basic-art-series\/","og_locale":"en_US","og_type":"article","og_title":"Degas. Basic Art Series (Bernd Growe) - book \/ album - Folio","og_description":"Wejd\u017a i kup ksi\u0105\u017ck\u0119 Degas. Basic Art Series autorstwa Bernd Growe wydan\u0105 przez TASCHEN (2016-04-15) w formacie 21 x 26 cm (ISBN: 9783836532716). Zapraszamy!","og_url":"https:\/\/foliobooks.pl\/en\/shop\/degas-basic-art-series\/","og_site_name":"Folio","article_modified_time":"2022-09-19T14:47:45+00:00","og_image":[{"width":570,"height":708,"url":"https:\/\/foliobooks.pl\/wp-content\/uploads\/2017\/03\/9783836532716.png","type":"image\/png"}],"twitter_card":"summary_large_image","twitter_misc":{"Est. reading time":"1 minute"},"schema":{"@context":"https:\/\/schema.org","@graph":[{"@type":"WebPage","@id":"https:\/\/foliobooks.pl\/en\/shop\/degas-basic-art-series\/","url":"https:\/\/foliobooks.pl\/en\/shop\/degas-basic-art-series\/","name":"Degas. Basic Art Series (Bernd Growe) - book \/ album - Folio","isPartOf":{"@id":"https:\/\/foliobooks.pl\/en\/#website"},"primaryImageOfPage":{"@id":"https:\/\/foliobooks.pl\/en\/shop\/degas-basic-art-series\/#primaryimage"},"image":{"@id":"https:\/\/foliobooks.pl\/en\/shop\/degas-basic-art-series\/#primaryimage"},"thumbnailUrl":"https:\/\/foliobooks.pl\/wp-content\/uploads\/2017\/03\/9783836532716.png","datePublished":"2017-03-13T14:19:45+00:00","dateModified":"2022-09-19T14:47:45+00:00","description":"Wejd\u017a i kup ksi\u0105\u017ck\u0119 Degas. Basic Art Series autorstwa Bernd Growe wydan\u0105 przez TASCHEN (2016-04-15) w formacie 21 x 26 cm (ISBN: 9783836532716). Zapraszamy!","breadcrumb":{"@id":"https:\/\/foliobooks.pl\/en\/shop\/degas-basic-art-series\/#breadcrumb"},"inLanguage":"en-US","potentialAction":[{"@type":"ReadAction","target":["https:\/\/foliobooks.pl\/en\/shop\/degas-basic-art-series\/"]}]},{"@type":"ImageObject","inLanguage":"en-US","@id":"https:\/\/foliobooks.pl\/en\/shop\/degas-basic-art-series\/#primaryimage","url":"https:\/\/foliobooks.pl\/wp-content\/uploads\/2017\/03\/9783836532716.png","contentUrl":"https:\/\/foliobooks.pl\/wp-content\/uploads\/2017\/03\/9783836532716.png","width":570,"height":708},{"@type":"BreadcrumbList","@id":"https:\/\/foliobooks.pl\/en\/shop\/degas-basic-art-series\/#breadcrumb","itemListElement":[{"@type":"ListItem","position":1,"name":"Strona g\u0142\u00f3wna","item":"https:\/\/foliobooks.pl\/en\/"},{"@type":"ListItem","position":2,"name":"Shop","item":"https:\/\/foliobooks.pl\/en\/shop\/"},{"@type":"ListItem","position":3,"name":"Degas. Basic Art Series"}]},{"@type":"WebSite","@id":"https:\/\/foliobooks.pl\/en\/#website","url":"https:\/\/foliobooks.pl\/en\/","name":"Folio","description":"Ksi\u0119garnia internetowa","potentialAction":[{"@type":"SearchAction","target":{"@type":"EntryPoint","urlTemplate":"https:\/\/foliobooks.pl\/en\/?s={search_term_string}"},"query-input":{"@type":"PropertyValueSpecification","valueRequired":true,"valueName":"search_term_string"}}],"inLanguage":"en-US"}]}},"_links":{"self":[{"href":"https:\/\/foliobooks.pl\/en\/wp-json\/wp\/v2\/product\/18142","targetHints":{"allow":["GET"]}}],"collection":[{"href":"https:\/\/foliobooks.pl\/en\/wp-json\/wp\/v2\/product"}],"about":[{"href":"https:\/\/foliobooks.pl\/en\/wp-json\/wp\/v2\/types\/product"}],"replies":[{"embeddable":true,"href":"https:\/\/foliobooks.pl\/en\/wp-json\/wp\/v2\/comments?post=18142"}],"wp:featuredmedia":[{"embeddable":true,"href":"https:\/\/foliobooks.pl\/en\/wp-json\/wp\/v2\/media\/18137"}],"wp:attachment":[{"href":"https:\/\/foliobooks.pl\/en\/wp-json\/wp\/v2\/media?parent=18142"}],"wp:term":[{"taxonomy":"product_brand","embeddable":true,"href":"https:\/\/foliobooks.pl\/en\/wp-json\/wp\/v2\/product_brand?post=18142"},{"taxonomy":"product_cat","embeddable":true,"href":"https:\/\/foliobooks.pl\/en\/wp-json\/wp\/v2\/product_cat?post=18142"},{"taxonomy":"product_tag","embeddable":true,"href":"https:\/\/foliobooks.pl\/en\/wp-json\/wp\/v2\/product_tag?post=18142"}],"curies":[{"name":"wp","href":"https:\/\/api.w.org\/{rel}","templated":true}]}}