{"id":18126,"date":"2017-03-13T15:06:20","date_gmt":"2017-03-13T14:06:20","guid":{"rendered":"http:\/\/foliobooks.pl\/sklep\/bruegel-basic-art-series\/"},"modified":"2026-02-03T11:57:25","modified_gmt":"2026-02-03T10:57:25","slug":"bruegel-basic-art-series","status":"publish","type":"product","link":"https:\/\/foliobooks.pl\/en\/shop\/bruegel-basic-art-series\/","title":{"rendered":"Bruegel. Basic Art Series"},"content":{"rendered":"<p>At a time when artists were still widely preoccupied with religious or mythological subject matter, the great Flemish painter Pieter Bruegel the Elder (c. 1525-1569) defied the trend. Earning the nickname &#8220;Peasant Bruegel&#8221;, he turned his attention instead to the humble and the everyday, immersing himself in rural or small-town communities and painting the everyday existence and customs of peasant life. In their evocation of the agriculture, festivals, meals, dances and games that made up peasant life of this period, Brugel&#8217;s paintings are a unique Witness to a now vanished folk culture. More than socio-historical evidence, they also display a brilliantly sophisticated artistic design and a great mastery in the use of landscape. Many of Bruegel&#8217;s works show the influence of the Dutch master painter Hieronymus Bosch, and, like Bosch, Bruegel also developed an intricate language of Visual allegory and idiom. This comprehensive introduction features the complete paintings of Bruegel, including the Prado&#8217;s The Wine of Saint Martin&#8217;s Day, identified as a Bruegel original in 2010.<\/p>\n","protected":false},"excerpt":{"rendered":"<p>At a time when artists were still widely preoccupied with religious or mythological subject matter, the great Flemish painter Pieter Bruegel the Elder (c. 1525-1569) defied the trend. Earning the nickname &#8220;Peasant Bruegel&#8221;, he turned his attention instead to the humble and the everyday, immersing himself in rural or small-town communities and painting the everyday&#8230;<\/p>\n","protected":false},"featured_media":18121,"comment_status":"closed","ping_status":"closed","template":"","meta":[],"product_brand":[],"product_cat":[4522],"product_tag":[1146,524],"class_list":{"0":"post-18126","1":"product","2":"type-product","3":"status-publish","4":"has-post-thumbnail","6":"product_cat-art-en","7":"product_tag-great-masters-en","8":"product_tag-painting-en","9":"pa_author_att-rainer-hagen-en","10":"pa_author_att-rose-marie-hagen-en","11":"pa_cover-hardcover","12":"pa_format-21-x-26-cm-en","13":"pa_isbn-9783836553063-en","14":"pa_language-eng","15":"pa_pages-96-en","16":"pa_published-2015-09-17-en","17":"pa_publisher-taschen-en-en","19":"first","20":"instock","21":"sold-individually","22":"shipping-taxable","23":"purchasable","24":"product-type-simple"},"yoast_head":"<!-- This site is optimized with the Yoast SEO plugin v27.4 - https:\/\/yoast.com\/product\/yoast-seo-wordpress\/ -->\n<title>Bruegel. Basic Art Series (Rainer Hagen, Rose-Marie Hagen) - book \/ album - Folio<\/title>\n<meta name=\"description\" content=\"Wejd\u017a i kup ksi\u0105\u017ck\u0119 Bruegel. Basic Art Series autorstwa Rainer Hagen, Rose-Marie Hagen wydan\u0105 przez TASCHEN (2015-09-17) w formacie 21 x 26 cm (ISBN: 9783836553063). Zapraszamy!\" \/>\n<meta name=\"robots\" content=\"index, follow, max-snippet:-1, max-image-preview:large, max-video-preview:-1\" \/>\n<link rel=\"canonical\" href=\"https:\/\/foliobooks.pl\/en\/shop\/bruegel-basic-art-series\/\" \/>\n<meta property=\"og:locale\" content=\"en_US\" \/>\n<meta property=\"og:type\" content=\"article\" \/>\n<meta property=\"og:title\" content=\"Bruegel. Basic Art Series (Rainer Hagen, Rose-Marie Hagen) - book \/ album - Folio\" \/>\n<meta property=\"og:description\" content=\"Wejd\u017a i kup ksi\u0105\u017ck\u0119 Bruegel. Basic Art Series autorstwa Rainer Hagen, Rose-Marie Hagen wydan\u0105 przez TASCHEN (2015-09-17) w formacie 21 x 26 cm (ISBN: 9783836553063). Zapraszamy!\" \/>\n<meta property=\"og:url\" content=\"https:\/\/foliobooks.pl\/en\/shop\/bruegel-basic-art-series\/\" \/>\n<meta property=\"og:site_name\" content=\"Folio\" \/>\n<meta property=\"article:modified_time\" content=\"2026-02-03T10:57:25+00:00\" \/>\n<meta property=\"og:image\" content=\"https:\/\/foliobooks.pl\/wp-content\/uploads\/2017\/03\/9783836553063.png\" \/>\n\t<meta property=\"og:image:width\" content=\"570\" \/>\n\t<meta property=\"og:image:height\" content=\"708\" \/>\n\t<meta property=\"og:image:type\" content=\"image\/png\" \/>\n<meta name=\"twitter:card\" content=\"summary_large_image\" \/>\n<meta name=\"twitter:label1\" content=\"Est. reading time\" \/>\n\t<meta name=\"twitter:data1\" content=\"1 minute\" \/>\n<script type=\"application\/ld+json\" class=\"yoast-schema-graph\">{\"@context\":\"https:\\\/\\\/schema.org\",\"@graph\":[{\"@type\":\"WebPage\",\"@id\":\"https:\\\/\\\/foliobooks.pl\\\/en\\\/shop\\\/bruegel-basic-art-series\\\/\",\"url\":\"https:\\\/\\\/foliobooks.pl\\\/en\\\/shop\\\/bruegel-basic-art-series\\\/\",\"name\":\"Bruegel. Basic Art Series (Rainer Hagen, Rose-Marie Hagen) - book \\\/ album - Folio\",\"isPartOf\":{\"@id\":\"https:\\\/\\\/foliobooks.pl\\\/en\\\/#website\"},\"primaryImageOfPage\":{\"@id\":\"https:\\\/\\\/foliobooks.pl\\\/en\\\/shop\\\/bruegel-basic-art-series\\\/#primaryimage\"},\"image\":{\"@id\":\"https:\\\/\\\/foliobooks.pl\\\/en\\\/shop\\\/bruegel-basic-art-series\\\/#primaryimage\"},\"thumbnailUrl\":\"https:\\\/\\\/foliobooks.pl\\\/wp-content\\\/uploads\\\/2017\\\/03\\\/9783836553063.png\",\"datePublished\":\"2017-03-13T14:06:20+00:00\",\"dateModified\":\"2026-02-03T10:57:25+00:00\",\"description\":\"Wejd\u017a i kup ksi\u0105\u017ck\u0119 Bruegel. Basic Art Series autorstwa Rainer Hagen, Rose-Marie Hagen wydan\u0105 przez TASCHEN (2015-09-17) w formacie 21 x 26 cm (ISBN: 9783836553063). Zapraszamy!\",\"breadcrumb\":{\"@id\":\"https:\\\/\\\/foliobooks.pl\\\/en\\\/shop\\\/bruegel-basic-art-series\\\/#breadcrumb\"},\"inLanguage\":\"en-US\",\"potentialAction\":[{\"@type\":\"ReadAction\",\"target\":[\"https:\\\/\\\/foliobooks.pl\\\/en\\\/shop\\\/bruegel-basic-art-series\\\/\"]}]},{\"@type\":\"ImageObject\",\"inLanguage\":\"en-US\",\"@id\":\"https:\\\/\\\/foliobooks.pl\\\/en\\\/shop\\\/bruegel-basic-art-series\\\/#primaryimage\",\"url\":\"https:\\\/\\\/foliobooks.pl\\\/wp-content\\\/uploads\\\/2017\\\/03\\\/9783836553063.png\",\"contentUrl\":\"https:\\\/\\\/foliobooks.pl\\\/wp-content\\\/uploads\\\/2017\\\/03\\\/9783836553063.png\",\"width\":570,\"height\":708},{\"@type\":\"BreadcrumbList\",\"@id\":\"https:\\\/\\\/foliobooks.pl\\\/en\\\/shop\\\/bruegel-basic-art-series\\\/#breadcrumb\",\"itemListElement\":[{\"@type\":\"ListItem\",\"position\":1,\"name\":\"Strona g\u0142\u00f3wna\",\"item\":\"https:\\\/\\\/foliobooks.pl\\\/en\\\/\"},{\"@type\":\"ListItem\",\"position\":2,\"name\":\"Shop\",\"item\":\"https:\\\/\\\/foliobooks.pl\\\/en\\\/shop\\\/\"},{\"@type\":\"ListItem\",\"position\":3,\"name\":\"Bruegel. Basic Art Series\"}]},{\"@type\":\"WebSite\",\"@id\":\"https:\\\/\\\/foliobooks.pl\\\/en\\\/#website\",\"url\":\"https:\\\/\\\/foliobooks.pl\\\/en\\\/\",\"name\":\"Folio\",\"description\":\"Ksi\u0119garnia internetowa\",\"potentialAction\":[{\"@type\":\"SearchAction\",\"target\":{\"@type\":\"EntryPoint\",\"urlTemplate\":\"https:\\\/\\\/foliobooks.pl\\\/en\\\/?s={search_term_string}\"},\"query-input\":{\"@type\":\"PropertyValueSpecification\",\"valueRequired\":true,\"valueName\":\"search_term_string\"}}],\"inLanguage\":\"en-US\"}]}<\/script>\n<!-- \/ Yoast SEO plugin. -->","yoast_head_json":{"title":"Bruegel. Basic Art Series (Rainer Hagen, Rose-Marie Hagen) - book \/ album - Folio","description":"Wejd\u017a i kup ksi\u0105\u017ck\u0119 Bruegel. Basic Art Series autorstwa Rainer Hagen, Rose-Marie Hagen wydan\u0105 przez TASCHEN (2015-09-17) w formacie 21 x 26 cm (ISBN: 9783836553063). Zapraszamy!","robots":{"index":"index","follow":"follow","max-snippet":"max-snippet:-1","max-image-preview":"max-image-preview:large","max-video-preview":"max-video-preview:-1"},"canonical":"https:\/\/foliobooks.pl\/en\/shop\/bruegel-basic-art-series\/","og_locale":"en_US","og_type":"article","og_title":"Bruegel. Basic Art Series (Rainer Hagen, Rose-Marie Hagen) - book \/ album - Folio","og_description":"Wejd\u017a i kup ksi\u0105\u017ck\u0119 Bruegel. Basic Art Series autorstwa Rainer Hagen, Rose-Marie Hagen wydan\u0105 przez TASCHEN (2015-09-17) w formacie 21 x 26 cm (ISBN: 9783836553063). Zapraszamy!","og_url":"https:\/\/foliobooks.pl\/en\/shop\/bruegel-basic-art-series\/","og_site_name":"Folio","article_modified_time":"2026-02-03T10:57:25+00:00","og_image":[{"width":570,"height":708,"url":"https:\/\/foliobooks.pl\/wp-content\/uploads\/2017\/03\/9783836553063.png","type":"image\/png"}],"twitter_card":"summary_large_image","twitter_misc":{"Est. reading time":"1 minute"},"schema":{"@context":"https:\/\/schema.org","@graph":[{"@type":"WebPage","@id":"https:\/\/foliobooks.pl\/en\/shop\/bruegel-basic-art-series\/","url":"https:\/\/foliobooks.pl\/en\/shop\/bruegel-basic-art-series\/","name":"Bruegel. Basic Art Series (Rainer Hagen, Rose-Marie Hagen) - book \/ album - Folio","isPartOf":{"@id":"https:\/\/foliobooks.pl\/en\/#website"},"primaryImageOfPage":{"@id":"https:\/\/foliobooks.pl\/en\/shop\/bruegel-basic-art-series\/#primaryimage"},"image":{"@id":"https:\/\/foliobooks.pl\/en\/shop\/bruegel-basic-art-series\/#primaryimage"},"thumbnailUrl":"https:\/\/foliobooks.pl\/wp-content\/uploads\/2017\/03\/9783836553063.png","datePublished":"2017-03-13T14:06:20+00:00","dateModified":"2026-02-03T10:57:25+00:00","description":"Wejd\u017a i kup ksi\u0105\u017ck\u0119 Bruegel. Basic Art Series autorstwa Rainer Hagen, Rose-Marie Hagen wydan\u0105 przez TASCHEN (2015-09-17) w formacie 21 x 26 cm (ISBN: 9783836553063). Zapraszamy!","breadcrumb":{"@id":"https:\/\/foliobooks.pl\/en\/shop\/bruegel-basic-art-series\/#breadcrumb"},"inLanguage":"en-US","potentialAction":[{"@type":"ReadAction","target":["https:\/\/foliobooks.pl\/en\/shop\/bruegel-basic-art-series\/"]}]},{"@type":"ImageObject","inLanguage":"en-US","@id":"https:\/\/foliobooks.pl\/en\/shop\/bruegel-basic-art-series\/#primaryimage","url":"https:\/\/foliobooks.pl\/wp-content\/uploads\/2017\/03\/9783836553063.png","contentUrl":"https:\/\/foliobooks.pl\/wp-content\/uploads\/2017\/03\/9783836553063.png","width":570,"height":708},{"@type":"BreadcrumbList","@id":"https:\/\/foliobooks.pl\/en\/shop\/bruegel-basic-art-series\/#breadcrumb","itemListElement":[{"@type":"ListItem","position":1,"name":"Strona g\u0142\u00f3wna","item":"https:\/\/foliobooks.pl\/en\/"},{"@type":"ListItem","position":2,"name":"Shop","item":"https:\/\/foliobooks.pl\/en\/shop\/"},{"@type":"ListItem","position":3,"name":"Bruegel. Basic Art Series"}]},{"@type":"WebSite","@id":"https:\/\/foliobooks.pl\/en\/#website","url":"https:\/\/foliobooks.pl\/en\/","name":"Folio","description":"Ksi\u0119garnia internetowa","potentialAction":[{"@type":"SearchAction","target":{"@type":"EntryPoint","urlTemplate":"https:\/\/foliobooks.pl\/en\/?s={search_term_string}"},"query-input":{"@type":"PropertyValueSpecification","valueRequired":true,"valueName":"search_term_string"}}],"inLanguage":"en-US"}]}},"_links":{"self":[{"href":"https:\/\/foliobooks.pl\/en\/wp-json\/wp\/v2\/product\/18126","targetHints":{"allow":["GET"]}}],"collection":[{"href":"https:\/\/foliobooks.pl\/en\/wp-json\/wp\/v2\/product"}],"about":[{"href":"https:\/\/foliobooks.pl\/en\/wp-json\/wp\/v2\/types\/product"}],"replies":[{"embeddable":true,"href":"https:\/\/foliobooks.pl\/en\/wp-json\/wp\/v2\/comments?post=18126"}],"wp:featuredmedia":[{"embeddable":true,"href":"https:\/\/foliobooks.pl\/en\/wp-json\/wp\/v2\/media\/18121"}],"wp:attachment":[{"href":"https:\/\/foliobooks.pl\/en\/wp-json\/wp\/v2\/media?parent=18126"}],"wp:term":[{"taxonomy":"product_brand","embeddable":true,"href":"https:\/\/foliobooks.pl\/en\/wp-json\/wp\/v2\/product_brand?post=18126"},{"taxonomy":"product_cat","embeddable":true,"href":"https:\/\/foliobooks.pl\/en\/wp-json\/wp\/v2\/product_cat?post=18126"},{"taxonomy":"product_tag","embeddable":true,"href":"https:\/\/foliobooks.pl\/en\/wp-json\/wp\/v2\/product_tag?post=18126"}],"curies":[{"name":"wp","href":"https:\/\/api.w.org\/{rel}","templated":true}]}}