{"id":18033,"date":"2017-01-31T10:55:49","date_gmt":"2017-01-31T09:55:49","guid":{"rendered":"http:\/\/foliobooks.pl\/sklep\/national-geographic-infographics\/"},"modified":"2021-11-23T12:23:02","modified_gmt":"2021-11-23T11:23:02","slug":"national-geographic-infographics","status":"publish","type":"product","link":"https:\/\/foliobooks.pl\/en\/shop\/national-geographic-infographics\/","title":{"rendered":"National Geographic Infographics"},"content":{"rendered":"<p>Back in the days when the information age was a distant dream and the world a more mysterious place, National Geographic began its mission to reveal the wonders of history, popular science, and culture to eager audiences around the globe. Since that 1888 launch, the world has changed; empires have risen and crumbled and a galaxy of information is today only a click away. But National Geographic endures; its calm, authoritative voice is as respected as ever amid the surfeit of data in our daily lives.<\/p>\n<p>In this new anthology, TASCHEN and National Geographic gather the magazine\u2019s best infographics of the past 128 years. Through seven sections\u2014History, The Planet, Being Human, Animal World, World of Plants, Science &amp; Technology, and Space\u2014we encounter the rise and fall of the Roman Empire, the mysterious origins of the Easter Island statues, Cleopatra\u2019s Alexandria, and the anatomy behind a cheetah\u2019s extraordinary speed. We discover how our genetic patterns have been pieced together over the years and how birds make music; we get to grips with global warming and explore our ever-expanding study of an ever-expanding universe.<\/p>\n<p>With an essay by Nigel Holmes, charting the evolution of National Geographic over the decades and its pioneering use of graphics, as well as five fold-outs mimicking original pull-outs or inserts in the magazine, the book stands as a defining record of one of the world\u2019s best-known publications as well as a beautifully presented repository of accessible discovery and learning. Visualizing the histories, facts, and figures that make up our planet and our species, National Geographic Infographics is as true to the magazine\u2019s original mission as ever\u2014an anchor of knowledge and a wunderkammer of discovery for young and old alike.<\/p>\n","protected":false},"excerpt":{"rendered":"<p>Back in the days when the information age was a distant dream and the world a more mysterious place, National Geographic began its mission to reveal the wonders of history, popular science, and culture to eager audiences around the globe. Since that 1888 launch, the world has changed; empires have risen and crumbled and a&#8230;<\/p>\n","protected":false},"featured_media":18022,"comment_status":"closed","ping_status":"closed","template":"","meta":[],"product_brand":[],"product_cat":[4523,4525],"product_tag":[2253,1649,1112],"class_list":{"0":"post-18033","1":"product","2":"type-product","3":"status-publish","4":"has-post-thumbnail","6":"product_cat-design-en-en","7":"product_cat-graphic-design","8":"product_tag-graphics","9":"product_tag-illustration","10":"product_tag-infographics-en","11":"pa_author_att-julius-wiedemann-en","12":"pa_cover-hardcover","13":"pa_format-24-6-x-37-2-cm-en","14":"pa_isbn-9783836545952-en","15":"pa_language-eng-f-ger","16":"pa_pages-480-en","17":"pa_published-2017-03-05-en","18":"pa_publisher-taschen-en-en","20":"first","21":"outofstock","22":"sold-individually","23":"shipping-taxable","24":"purchasable","25":"product-type-simple"},"yoast_head":"<!-- This site is optimized with the Yoast SEO plugin v27.6 - https:\/\/yoast.com\/product\/yoast-seo-wordpress\/ -->\n<title>National Geographic Infographics (Julius Wiedemann) - book \/ album - Folio<\/title>\n<meta name=\"description\" content=\"Wejd\u017a i kup ksi\u0105\u017ck\u0119 National Geographic Infographics autorstwa Julius Wiedemann wydan\u0105 przez TASCHEN (2017-03-05) w formacie 24.6 x 37.2 cm (ISBN: 9783836545952). Zapraszamy!\" \/>\n<meta name=\"robots\" content=\"index, follow, max-snippet:-1, max-image-preview:large, max-video-preview:-1\" \/>\n<link rel=\"canonical\" href=\"https:\/\/foliobooks.pl\/en\/shop\/national-geographic-infographics\/\" \/>\n<meta property=\"og:locale\" content=\"en_US\" \/>\n<meta property=\"og:type\" content=\"article\" \/>\n<meta property=\"og:title\" content=\"National Geographic Infographics (Julius Wiedemann) - book \/ album - Folio\" \/>\n<meta property=\"og:description\" content=\"Wejd\u017a i kup ksi\u0105\u017ck\u0119 National Geographic Infographics autorstwa Julius Wiedemann wydan\u0105 przez TASCHEN (2017-03-05) w formacie 24.6 x 37.2 cm (ISBN: 9783836545952). Zapraszamy!\" \/>\n<meta property=\"og:url\" content=\"https:\/\/foliobooks.pl\/en\/shop\/national-geographic-infographics\/\" \/>\n<meta property=\"og:site_name\" content=\"Folio\" \/>\n<meta property=\"article:modified_time\" content=\"2021-11-23T11:23:02+00:00\" \/>\n<meta property=\"og:image\" content=\"https:\/\/foliobooks.pl\/wp-content\/uploads\/2017\/01\/9783836545952.png\" \/>\n\t<meta property=\"og:image:width\" content=\"570\" \/>\n\t<meta property=\"og:image:height\" content=\"708\" \/>\n\t<meta property=\"og:image:type\" content=\"image\/png\" \/>\n<meta name=\"twitter:card\" content=\"summary_large_image\" \/>\n<meta name=\"twitter:label1\" content=\"Est. reading time\" \/>\n\t<meta name=\"twitter:data1\" content=\"1 minute\" \/>\n<script type=\"application\/ld+json\" class=\"yoast-schema-graph\">{\"@context\":\"https:\\\/\\\/schema.org\",\"@graph\":[{\"@type\":\"WebPage\",\"@id\":\"https:\\\/\\\/foliobooks.pl\\\/en\\\/shop\\\/national-geographic-infographics\\\/\",\"url\":\"https:\\\/\\\/foliobooks.pl\\\/en\\\/shop\\\/national-geographic-infographics\\\/\",\"name\":\"National Geographic Infographics (Julius Wiedemann) - book \\\/ album - Folio\",\"isPartOf\":{\"@id\":\"https:\\\/\\\/foliobooks.pl\\\/en\\\/#website\"},\"primaryImageOfPage\":{\"@id\":\"https:\\\/\\\/foliobooks.pl\\\/en\\\/shop\\\/national-geographic-infographics\\\/#primaryimage\"},\"image\":{\"@id\":\"https:\\\/\\\/foliobooks.pl\\\/en\\\/shop\\\/national-geographic-infographics\\\/#primaryimage\"},\"thumbnailUrl\":\"https:\\\/\\\/foliobooks.pl\\\/wp-content\\\/uploads\\\/2017\\\/01\\\/9783836545952.png\",\"datePublished\":\"2017-01-31T09:55:49+00:00\",\"dateModified\":\"2021-11-23T11:23:02+00:00\",\"description\":\"Wejd\u017a i kup ksi\u0105\u017ck\u0119 National Geographic Infographics autorstwa Julius Wiedemann wydan\u0105 przez TASCHEN (2017-03-05) w formacie 24.6 x 37.2 cm (ISBN: 9783836545952). Zapraszamy!\",\"breadcrumb\":{\"@id\":\"https:\\\/\\\/foliobooks.pl\\\/en\\\/shop\\\/national-geographic-infographics\\\/#breadcrumb\"},\"inLanguage\":\"en-US\",\"potentialAction\":[{\"@type\":\"ReadAction\",\"target\":[\"https:\\\/\\\/foliobooks.pl\\\/en\\\/shop\\\/national-geographic-infographics\\\/\"]}]},{\"@type\":\"ImageObject\",\"inLanguage\":\"en-US\",\"@id\":\"https:\\\/\\\/foliobooks.pl\\\/en\\\/shop\\\/national-geographic-infographics\\\/#primaryimage\",\"url\":\"https:\\\/\\\/foliobooks.pl\\\/wp-content\\\/uploads\\\/2017\\\/01\\\/9783836545952.png\",\"contentUrl\":\"https:\\\/\\\/foliobooks.pl\\\/wp-content\\\/uploads\\\/2017\\\/01\\\/9783836545952.png\",\"width\":570,\"height\":708},{\"@type\":\"BreadcrumbList\",\"@id\":\"https:\\\/\\\/foliobooks.pl\\\/en\\\/shop\\\/national-geographic-infographics\\\/#breadcrumb\",\"itemListElement\":[{\"@type\":\"ListItem\",\"position\":1,\"name\":\"Strona g\u0142\u00f3wna\",\"item\":\"https:\\\/\\\/foliobooks.pl\\\/en\\\/\"},{\"@type\":\"ListItem\",\"position\":2,\"name\":\"Shop\",\"item\":\"https:\\\/\\\/foliobooks.pl\\\/en\\\/shop\\\/\"},{\"@type\":\"ListItem\",\"position\":3,\"name\":\"National Geographic Infographics\"}]},{\"@type\":\"WebSite\",\"@id\":\"https:\\\/\\\/foliobooks.pl\\\/en\\\/#website\",\"url\":\"https:\\\/\\\/foliobooks.pl\\\/en\\\/\",\"name\":\"Folio\",\"description\":\"Ksi\u0119garnia internetowa\",\"potentialAction\":[{\"@type\":\"SearchAction\",\"target\":{\"@type\":\"EntryPoint\",\"urlTemplate\":\"https:\\\/\\\/foliobooks.pl\\\/en\\\/?s={search_term_string}\"},\"query-input\":{\"@type\":\"PropertyValueSpecification\",\"valueRequired\":true,\"valueName\":\"search_term_string\"}}],\"inLanguage\":\"en-US\"}]}<\/script>\n<!-- \/ Yoast SEO plugin. -->","yoast_head_json":{"title":"National Geographic Infographics (Julius Wiedemann) - book \/ album - Folio","description":"Wejd\u017a i kup ksi\u0105\u017ck\u0119 National Geographic Infographics autorstwa Julius Wiedemann wydan\u0105 przez TASCHEN (2017-03-05) w formacie 24.6 x 37.2 cm (ISBN: 9783836545952). Zapraszamy!","robots":{"index":"index","follow":"follow","max-snippet":"max-snippet:-1","max-image-preview":"max-image-preview:large","max-video-preview":"max-video-preview:-1"},"canonical":"https:\/\/foliobooks.pl\/en\/shop\/national-geographic-infographics\/","og_locale":"en_US","og_type":"article","og_title":"National Geographic Infographics (Julius Wiedemann) - book \/ album - Folio","og_description":"Wejd\u017a i kup ksi\u0105\u017ck\u0119 National Geographic Infographics autorstwa Julius Wiedemann wydan\u0105 przez TASCHEN (2017-03-05) w formacie 24.6 x 37.2 cm (ISBN: 9783836545952). Zapraszamy!","og_url":"https:\/\/foliobooks.pl\/en\/shop\/national-geographic-infographics\/","og_site_name":"Folio","article_modified_time":"2021-11-23T11:23:02+00:00","og_image":[{"width":570,"height":708,"url":"https:\/\/foliobooks.pl\/wp-content\/uploads\/2017\/01\/9783836545952.png","type":"image\/png"}],"twitter_card":"summary_large_image","twitter_misc":{"Est. reading time":"1 minute"},"schema":{"@context":"https:\/\/schema.org","@graph":[{"@type":"WebPage","@id":"https:\/\/foliobooks.pl\/en\/shop\/national-geographic-infographics\/","url":"https:\/\/foliobooks.pl\/en\/shop\/national-geographic-infographics\/","name":"National Geographic Infographics (Julius Wiedemann) - book \/ album - Folio","isPartOf":{"@id":"https:\/\/foliobooks.pl\/en\/#website"},"primaryImageOfPage":{"@id":"https:\/\/foliobooks.pl\/en\/shop\/national-geographic-infographics\/#primaryimage"},"image":{"@id":"https:\/\/foliobooks.pl\/en\/shop\/national-geographic-infographics\/#primaryimage"},"thumbnailUrl":"https:\/\/foliobooks.pl\/wp-content\/uploads\/2017\/01\/9783836545952.png","datePublished":"2017-01-31T09:55:49+00:00","dateModified":"2021-11-23T11:23:02+00:00","description":"Wejd\u017a i kup ksi\u0105\u017ck\u0119 National Geographic Infographics autorstwa Julius Wiedemann wydan\u0105 przez TASCHEN (2017-03-05) w formacie 24.6 x 37.2 cm (ISBN: 9783836545952). Zapraszamy!","breadcrumb":{"@id":"https:\/\/foliobooks.pl\/en\/shop\/national-geographic-infographics\/#breadcrumb"},"inLanguage":"en-US","potentialAction":[{"@type":"ReadAction","target":["https:\/\/foliobooks.pl\/en\/shop\/national-geographic-infographics\/"]}]},{"@type":"ImageObject","inLanguage":"en-US","@id":"https:\/\/foliobooks.pl\/en\/shop\/national-geographic-infographics\/#primaryimage","url":"https:\/\/foliobooks.pl\/wp-content\/uploads\/2017\/01\/9783836545952.png","contentUrl":"https:\/\/foliobooks.pl\/wp-content\/uploads\/2017\/01\/9783836545952.png","width":570,"height":708},{"@type":"BreadcrumbList","@id":"https:\/\/foliobooks.pl\/en\/shop\/national-geographic-infographics\/#breadcrumb","itemListElement":[{"@type":"ListItem","position":1,"name":"Strona g\u0142\u00f3wna","item":"https:\/\/foliobooks.pl\/en\/"},{"@type":"ListItem","position":2,"name":"Shop","item":"https:\/\/foliobooks.pl\/en\/shop\/"},{"@type":"ListItem","position":3,"name":"National Geographic Infographics"}]},{"@type":"WebSite","@id":"https:\/\/foliobooks.pl\/en\/#website","url":"https:\/\/foliobooks.pl\/en\/","name":"Folio","description":"Ksi\u0119garnia internetowa","potentialAction":[{"@type":"SearchAction","target":{"@type":"EntryPoint","urlTemplate":"https:\/\/foliobooks.pl\/en\/?s={search_term_string}"},"query-input":{"@type":"PropertyValueSpecification","valueRequired":true,"valueName":"search_term_string"}}],"inLanguage":"en-US"}]}},"_links":{"self":[{"href":"https:\/\/foliobooks.pl\/en\/wp-json\/wp\/v2\/product\/18033","targetHints":{"allow":["GET"]}}],"collection":[{"href":"https:\/\/foliobooks.pl\/en\/wp-json\/wp\/v2\/product"}],"about":[{"href":"https:\/\/foliobooks.pl\/en\/wp-json\/wp\/v2\/types\/product"}],"replies":[{"embeddable":true,"href":"https:\/\/foliobooks.pl\/en\/wp-json\/wp\/v2\/comments?post=18033"}],"wp:featuredmedia":[{"embeddable":true,"href":"https:\/\/foliobooks.pl\/en\/wp-json\/wp\/v2\/media\/18022"}],"wp:attachment":[{"href":"https:\/\/foliobooks.pl\/en\/wp-json\/wp\/v2\/media?parent=18033"}],"wp:term":[{"taxonomy":"product_brand","embeddable":true,"href":"https:\/\/foliobooks.pl\/en\/wp-json\/wp\/v2\/product_brand?post=18033"},{"taxonomy":"product_cat","embeddable":true,"href":"https:\/\/foliobooks.pl\/en\/wp-json\/wp\/v2\/product_cat?post=18033"},{"taxonomy":"product_tag","embeddable":true,"href":"https:\/\/foliobooks.pl\/en\/wp-json\/wp\/v2\/product_tag?post=18033"}],"curies":[{"name":"wp","href":"https:\/\/api.w.org\/{rel}","templated":true}]}}