{"id":17850,"date":"2017-01-03T12:16:03","date_gmt":"2017-01-03T11:16:03","guid":{"rendered":"http:\/\/foliobooks.pl\/sklep\/citix60-copenhagen\/"},"modified":"2023-01-31T10:56:52","modified_gmt":"2023-01-31T09:56:52","slug":"citix60-copenhagen","status":"publish","type":"product","link":"https:\/\/foliobooks.pl\/en\/shop\/citix60-copenhagen\/","title":{"rendered":"CITIX60 \u2013 Copenhagen"},"content":{"rendered":"<p>The Danish capital Copenhagen is a \u201cslow-paced\u201d city of effortless cool, one that encourages residents and visitors to take time to enjoy everything that it has to offer, whether savoring a cup of expertly-brewed coffee with a book, soaking in the atmosphere at one of its world-class museums, or lingering over a meal at a Michelin-starred restaurant. CITIX60 Copenhagen reveals what the city\u2019s creative class considers the very best of these opportunities, from the classic and historical to avant-garde and ultra modern. Bike along the Cykelslangen and Cirkelbroen bridges, browse books and an expertly-curated selection of stationery supplies at Cinnober, enjoy a classic Danish lunch at Slotsk\u00e6lderen hos Gitte Kik, or immerse yourself in high-ranking contemporary art at the Galleri Nicolai Wallner and Nils St\u00e6rk; wherever you go in Copenhagen, CITIX60 will be your guide for a low-key yet stimulating urban experience.<\/p>\n","protected":false},"excerpt":{"rendered":"<p>The Danish capital Copenhagen is a \u201cslow-paced\u201d city of effortless cool, one that encourages residents and visitors to take time to enjoy everything that it has to offer, whether savoring a cup of expertly-brewed coffee with a book, soaking in the atmosphere at one of its world-class museums, or lingering over a meal at a&#8230;<\/p>\n","protected":false},"featured_media":17849,"comment_status":"closed","ping_status":"closed","template":"","meta":[],"product_brand":[],"product_cat":[4521],"product_tag":[516,156,1185],"class_list":{"0":"post-17850","1":"product","2":"type-product","3":"status-publish","4":"has-post-thumbnail","6":"product_cat-silva-rerum-en-en","7":"product_tag-places-en","8":"product_tag-travel","9":"product_tag-world-en","10":"pa_author_att-viction-workshop-en","11":"pa_cover-softcover","12":"pa_format-115-x-165-cm-en","13":"pa_isbn-9788991320377-en","14":"pa_language-eng","15":"pa_pages-132-en","16":"pa_published-2016-08-30-en","17":"pa_publisher-gingko-press-en","19":"first","20":"instock","21":"sale","22":"sold-individually","23":"shipping-taxable","24":"purchasable","25":"product-type-simple"},"yoast_head":"<!-- This site is optimized with the Yoast SEO plugin v27.4 - https:\/\/yoast.com\/product\/yoast-seo-wordpress\/ -->\n<title>CITIX60 \u2013 Copenhagen (Viction Workshop) - book \/ album - Folio<\/title>\n<meta name=\"description\" content=\"Wejd\u017a i kup ksi\u0105\u017ck\u0119 CITIX60 \u2013 Copenhagen autorstwa Viction Workshop wydan\u0105 przez Gingko Press (2016-08-30) w formacie 11,5 x 16,5 cm (ISBN: 9788991320377). Zapraszamy!\" \/>\n<meta name=\"robots\" content=\"index, follow, max-snippet:-1, max-image-preview:large, max-video-preview:-1\" \/>\n<link rel=\"canonical\" href=\"https:\/\/foliobooks.pl\/en\/shop\/citix60-copenhagen\/\" \/>\n<meta property=\"og:locale\" content=\"en_US\" \/>\n<meta property=\"og:type\" content=\"article\" \/>\n<meta property=\"og:title\" content=\"CITIX60 \u2013 Copenhagen (Viction Workshop) - book \/ album - Folio\" \/>\n<meta property=\"og:description\" content=\"Wejd\u017a i kup ksi\u0105\u017ck\u0119 CITIX60 \u2013 Copenhagen autorstwa Viction Workshop wydan\u0105 przez Gingko Press (2016-08-30) w formacie 11,5 x 16,5 cm (ISBN: 9788991320377). Zapraszamy!\" \/>\n<meta property=\"og:url\" content=\"https:\/\/foliobooks.pl\/en\/shop\/citix60-copenhagen\/\" \/>\n<meta property=\"og:site_name\" content=\"Folio\" \/>\n<meta property=\"article:modified_time\" content=\"2023-01-31T09:56:52+00:00\" \/>\n<meta property=\"og:image\" content=\"https:\/\/foliobooks.pl\/wp-content\/uploads\/2017\/01\/9788991320377.png\" \/>\n\t<meta property=\"og:image:width\" content=\"570\" \/>\n\t<meta property=\"og:image:height\" content=\"708\" \/>\n\t<meta property=\"og:image:type\" content=\"image\/png\" \/>\n<meta name=\"twitter:card\" content=\"summary_large_image\" \/>\n<meta name=\"twitter:label1\" content=\"Est. reading time\" \/>\n\t<meta name=\"twitter:data1\" content=\"1 minute\" \/>\n<script type=\"application\/ld+json\" class=\"yoast-schema-graph\">{\"@context\":\"https:\\\/\\\/schema.org\",\"@graph\":[{\"@type\":\"WebPage\",\"@id\":\"https:\\\/\\\/foliobooks.pl\\\/en\\\/shop\\\/citix60-copenhagen\\\/\",\"url\":\"https:\\\/\\\/foliobooks.pl\\\/en\\\/shop\\\/citix60-copenhagen\\\/\",\"name\":\"CITIX60 \u2013 Copenhagen (Viction Workshop) - book \\\/ album - Folio\",\"isPartOf\":{\"@id\":\"https:\\\/\\\/foliobooks.pl\\\/en\\\/#website\"},\"primaryImageOfPage\":{\"@id\":\"https:\\\/\\\/foliobooks.pl\\\/en\\\/shop\\\/citix60-copenhagen\\\/#primaryimage\"},\"image\":{\"@id\":\"https:\\\/\\\/foliobooks.pl\\\/en\\\/shop\\\/citix60-copenhagen\\\/#primaryimage\"},\"thumbnailUrl\":\"https:\\\/\\\/foliobooks.pl\\\/wp-content\\\/uploads\\\/2017\\\/01\\\/9788991320377.png\",\"datePublished\":\"2017-01-03T11:16:03+00:00\",\"dateModified\":\"2023-01-31T09:56:52+00:00\",\"description\":\"Wejd\u017a i kup ksi\u0105\u017ck\u0119 CITIX60 \u2013 Copenhagen autorstwa Viction Workshop wydan\u0105 przez Gingko Press (2016-08-30) w formacie 11,5 x 16,5 cm (ISBN: 9788991320377). Zapraszamy!\",\"breadcrumb\":{\"@id\":\"https:\\\/\\\/foliobooks.pl\\\/en\\\/shop\\\/citix60-copenhagen\\\/#breadcrumb\"},\"inLanguage\":\"en-US\",\"potentialAction\":[{\"@type\":\"ReadAction\",\"target\":[\"https:\\\/\\\/foliobooks.pl\\\/en\\\/shop\\\/citix60-copenhagen\\\/\"]}]},{\"@type\":\"ImageObject\",\"inLanguage\":\"en-US\",\"@id\":\"https:\\\/\\\/foliobooks.pl\\\/en\\\/shop\\\/citix60-copenhagen\\\/#primaryimage\",\"url\":\"https:\\\/\\\/foliobooks.pl\\\/wp-content\\\/uploads\\\/2017\\\/01\\\/9788991320377.png\",\"contentUrl\":\"https:\\\/\\\/foliobooks.pl\\\/wp-content\\\/uploads\\\/2017\\\/01\\\/9788991320377.png\",\"width\":570,\"height\":708},{\"@type\":\"BreadcrumbList\",\"@id\":\"https:\\\/\\\/foliobooks.pl\\\/en\\\/shop\\\/citix60-copenhagen\\\/#breadcrumb\",\"itemListElement\":[{\"@type\":\"ListItem\",\"position\":1,\"name\":\"Strona g\u0142\u00f3wna\",\"item\":\"https:\\\/\\\/foliobooks.pl\\\/en\\\/\"},{\"@type\":\"ListItem\",\"position\":2,\"name\":\"Shop\",\"item\":\"https:\\\/\\\/foliobooks.pl\\\/en\\\/shop\\\/\"},{\"@type\":\"ListItem\",\"position\":3,\"name\":\"CITIX60 \u2013 Copenhagen\"}]},{\"@type\":\"WebSite\",\"@id\":\"https:\\\/\\\/foliobooks.pl\\\/en\\\/#website\",\"url\":\"https:\\\/\\\/foliobooks.pl\\\/en\\\/\",\"name\":\"Folio\",\"description\":\"Ksi\u0119garnia internetowa\",\"potentialAction\":[{\"@type\":\"SearchAction\",\"target\":{\"@type\":\"EntryPoint\",\"urlTemplate\":\"https:\\\/\\\/foliobooks.pl\\\/en\\\/?s={search_term_string}\"},\"query-input\":{\"@type\":\"PropertyValueSpecification\",\"valueRequired\":true,\"valueName\":\"search_term_string\"}}],\"inLanguage\":\"en-US\"}]}<\/script>\n<!-- \/ Yoast SEO plugin. -->","yoast_head_json":{"title":"CITIX60 \u2013 Copenhagen (Viction Workshop) - book \/ album - Folio","description":"Wejd\u017a i kup ksi\u0105\u017ck\u0119 CITIX60 \u2013 Copenhagen autorstwa Viction Workshop wydan\u0105 przez Gingko Press (2016-08-30) w formacie 11,5 x 16,5 cm (ISBN: 9788991320377). Zapraszamy!","robots":{"index":"index","follow":"follow","max-snippet":"max-snippet:-1","max-image-preview":"max-image-preview:large","max-video-preview":"max-video-preview:-1"},"canonical":"https:\/\/foliobooks.pl\/en\/shop\/citix60-copenhagen\/","og_locale":"en_US","og_type":"article","og_title":"CITIX60 \u2013 Copenhagen (Viction Workshop) - book \/ album - Folio","og_description":"Wejd\u017a i kup ksi\u0105\u017ck\u0119 CITIX60 \u2013 Copenhagen autorstwa Viction Workshop wydan\u0105 przez Gingko Press (2016-08-30) w formacie 11,5 x 16,5 cm (ISBN: 9788991320377). Zapraszamy!","og_url":"https:\/\/foliobooks.pl\/en\/shop\/citix60-copenhagen\/","og_site_name":"Folio","article_modified_time":"2023-01-31T09:56:52+00:00","og_image":[{"width":570,"height":708,"url":"https:\/\/foliobooks.pl\/wp-content\/uploads\/2017\/01\/9788991320377.png","type":"image\/png"}],"twitter_card":"summary_large_image","twitter_misc":{"Est. reading time":"1 minute"},"schema":{"@context":"https:\/\/schema.org","@graph":[{"@type":"WebPage","@id":"https:\/\/foliobooks.pl\/en\/shop\/citix60-copenhagen\/","url":"https:\/\/foliobooks.pl\/en\/shop\/citix60-copenhagen\/","name":"CITIX60 \u2013 Copenhagen (Viction Workshop) - book \/ album - Folio","isPartOf":{"@id":"https:\/\/foliobooks.pl\/en\/#website"},"primaryImageOfPage":{"@id":"https:\/\/foliobooks.pl\/en\/shop\/citix60-copenhagen\/#primaryimage"},"image":{"@id":"https:\/\/foliobooks.pl\/en\/shop\/citix60-copenhagen\/#primaryimage"},"thumbnailUrl":"https:\/\/foliobooks.pl\/wp-content\/uploads\/2017\/01\/9788991320377.png","datePublished":"2017-01-03T11:16:03+00:00","dateModified":"2023-01-31T09:56:52+00:00","description":"Wejd\u017a i kup ksi\u0105\u017ck\u0119 CITIX60 \u2013 Copenhagen autorstwa Viction Workshop wydan\u0105 przez Gingko Press (2016-08-30) w formacie 11,5 x 16,5 cm (ISBN: 9788991320377). Zapraszamy!","breadcrumb":{"@id":"https:\/\/foliobooks.pl\/en\/shop\/citix60-copenhagen\/#breadcrumb"},"inLanguage":"en-US","potentialAction":[{"@type":"ReadAction","target":["https:\/\/foliobooks.pl\/en\/shop\/citix60-copenhagen\/"]}]},{"@type":"ImageObject","inLanguage":"en-US","@id":"https:\/\/foliobooks.pl\/en\/shop\/citix60-copenhagen\/#primaryimage","url":"https:\/\/foliobooks.pl\/wp-content\/uploads\/2017\/01\/9788991320377.png","contentUrl":"https:\/\/foliobooks.pl\/wp-content\/uploads\/2017\/01\/9788991320377.png","width":570,"height":708},{"@type":"BreadcrumbList","@id":"https:\/\/foliobooks.pl\/en\/shop\/citix60-copenhagen\/#breadcrumb","itemListElement":[{"@type":"ListItem","position":1,"name":"Strona g\u0142\u00f3wna","item":"https:\/\/foliobooks.pl\/en\/"},{"@type":"ListItem","position":2,"name":"Shop","item":"https:\/\/foliobooks.pl\/en\/shop\/"},{"@type":"ListItem","position":3,"name":"CITIX60 \u2013 Copenhagen"}]},{"@type":"WebSite","@id":"https:\/\/foliobooks.pl\/en\/#website","url":"https:\/\/foliobooks.pl\/en\/","name":"Folio","description":"Ksi\u0119garnia internetowa","potentialAction":[{"@type":"SearchAction","target":{"@type":"EntryPoint","urlTemplate":"https:\/\/foliobooks.pl\/en\/?s={search_term_string}"},"query-input":{"@type":"PropertyValueSpecification","valueRequired":true,"valueName":"search_term_string"}}],"inLanguage":"en-US"}]}},"_links":{"self":[{"href":"https:\/\/foliobooks.pl\/en\/wp-json\/wp\/v2\/product\/17850","targetHints":{"allow":["GET"]}}],"collection":[{"href":"https:\/\/foliobooks.pl\/en\/wp-json\/wp\/v2\/product"}],"about":[{"href":"https:\/\/foliobooks.pl\/en\/wp-json\/wp\/v2\/types\/product"}],"replies":[{"embeddable":true,"href":"https:\/\/foliobooks.pl\/en\/wp-json\/wp\/v2\/comments?post=17850"}],"wp:featuredmedia":[{"embeddable":true,"href":"https:\/\/foliobooks.pl\/en\/wp-json\/wp\/v2\/media\/17849"}],"wp:attachment":[{"href":"https:\/\/foliobooks.pl\/en\/wp-json\/wp\/v2\/media?parent=17850"}],"wp:term":[{"taxonomy":"product_brand","embeddable":true,"href":"https:\/\/foliobooks.pl\/en\/wp-json\/wp\/v2\/product_brand?post=17850"},{"taxonomy":"product_cat","embeddable":true,"href":"https:\/\/foliobooks.pl\/en\/wp-json\/wp\/v2\/product_cat?post=17850"},{"taxonomy":"product_tag","embeddable":true,"href":"https:\/\/foliobooks.pl\/en\/wp-json\/wp\/v2\/product_tag?post=17850"}],"curies":[{"name":"wp","href":"https:\/\/api.w.org\/{rel}","templated":true}]}}