{"id":17128,"date":"2016-11-16T13:33:35","date_gmt":"2016-11-16T12:33:35","guid":{"rendered":"http:\/\/foliobooks.pl\/en\/sklep\/living-off-the-land\/"},"modified":"2025-09-30T15:38:41","modified_gmt":"2025-09-30T13:38:41","slug":"living-off-the-land","status":"publish","type":"product","link":"https:\/\/foliobooks.pl\/en\/shop\/living-off-the-land\/","title":{"rendered":"Living off the Land"},"content":{"rendered":"<p>In an age of highly processed foods and more and more people with food allergies and intolerances, interest in local and organic foods and healthy eating is skyrocket-ing. This is where Living Off the Land \u2013 Ireland\u2019s Kitchen comes in. The Connemara region of Ireland is one of the country\u2019s most picturesque areas. Oscar Wilde once called it \u201ca savage beauty.\u201d With its rugged hills, postcard-pretty heaths and moors, and rocky western coastline, it offers a variety of impressive landscapes. Here, it is still possible to live in harmony with nature and make use of the natural resources and native crops the land provides. This volume takes you to the Screebe House, a historic manor in western Ireland famous for its hospitality, comfort, and outstanding cuisine, and shows how you can use local products to create outstanding dishes with just a bit of cooking skill. Along with classics like a full Irish Breakfast and afternoon scones, you can cook mussels, clams, cockles, scallops, rack of lamb, and learn all about Irish cheeses. Breathtaking landscape photographs from the region round out the book perfectly and sweep you away on a dream trip to the west coast of Ireland.<\/p>\n","protected":false},"excerpt":{"rendered":"<p>In an age of highly processed foods and more and more people with food allergies and intolerances, interest in local and organic foods and healthy eating is skyrocket-ing. This is where Living Off the Land \u2013 Ireland\u2019s Kitchen comes in. The Connemara region of Ireland is one of the country\u2019s most picturesque areas. Oscar Wilde&#8230;<\/p>\n","protected":false},"featured_media":17127,"comment_status":"closed","ping_status":"closed","template":"","meta":[],"product_brand":[],"product_cat":[4518],"product_tag":[1875,1008,4127],"class_list":{"0":"post-17128","1":"product","2":"type-product","3":"status-publish","4":"has-post-thumbnail","6":"product_cat-cookery-en","7":"product_tag-national-cuisines","8":"product_tag-recipes-en","9":"product_tag-vegan-cuisine","10":"pa_cover-hardcover","11":"pa_format-19-x-25-cm-en","12":"pa_isbn-9783832734244-en","13":"pa_language-eng","14":"pa_pages-176-en","15":"pa_published-2016-10-06-en","16":"pa_publisher-teneues-en","18":"first","19":"instock","20":"sale","21":"sold-individually","22":"shipping-taxable","23":"purchasable","24":"product-type-simple"},"yoast_head":"<!-- This site is optimized with the Yoast SEO plugin v27.5 - https:\/\/yoast.com\/product\/yoast-seo-wordpress\/ -->\n<title>Living off the Land () - book \/ album - Folio<\/title>\n<meta name=\"description\" content=\"Wejd\u017a i kup ksi\u0105\u017ck\u0119 Living off the Land autorstwa wydan\u0105 przez teNeues (2016-10-06) w formacie 19 x 25 cm (ISBN: 9783832734244). Zapraszamy!\" \/>\n<meta name=\"robots\" content=\"index, follow, max-snippet:-1, max-image-preview:large, max-video-preview:-1\" \/>\n<link rel=\"canonical\" href=\"https:\/\/foliobooks.pl\/en\/shop\/living-off-the-land\/\" \/>\n<meta property=\"og:locale\" content=\"en_US\" \/>\n<meta property=\"og:type\" content=\"article\" \/>\n<meta property=\"og:title\" content=\"Living off the Land () - book \/ album - Folio\" \/>\n<meta property=\"og:description\" content=\"Wejd\u017a i kup ksi\u0105\u017ck\u0119 Living off the Land autorstwa wydan\u0105 przez teNeues (2016-10-06) w formacie 19 x 25 cm (ISBN: 9783832734244). Zapraszamy!\" \/>\n<meta property=\"og:url\" content=\"https:\/\/foliobooks.pl\/en\/shop\/living-off-the-land\/\" \/>\n<meta property=\"og:site_name\" content=\"Folio\" \/>\n<meta property=\"article:modified_time\" content=\"2025-09-30T13:38:41+00:00\" \/>\n<meta property=\"og:image\" content=\"https:\/\/foliobooks.pl\/wp-content\/uploads\/2016\/11\/9783832734244.png\" \/>\n\t<meta property=\"og:image:width\" content=\"570\" \/>\n\t<meta property=\"og:image:height\" content=\"708\" \/>\n\t<meta property=\"og:image:type\" content=\"image\/png\" \/>\n<meta name=\"twitter:card\" content=\"summary_large_image\" \/>\n<meta name=\"twitter:label1\" content=\"Est. reading time\" \/>\n\t<meta name=\"twitter:data1\" content=\"1 minute\" \/>\n<script type=\"application\/ld+json\" class=\"yoast-schema-graph\">{\"@context\":\"https:\\\/\\\/schema.org\",\"@graph\":[{\"@type\":\"WebPage\",\"@id\":\"https:\\\/\\\/foliobooks.pl\\\/en\\\/shop\\\/living-off-the-land\\\/\",\"url\":\"https:\\\/\\\/foliobooks.pl\\\/en\\\/shop\\\/living-off-the-land\\\/\",\"name\":\"Living off the Land () - book \\\/ album - Folio\",\"isPartOf\":{\"@id\":\"https:\\\/\\\/foliobooks.pl\\\/en\\\/#website\"},\"primaryImageOfPage\":{\"@id\":\"https:\\\/\\\/foliobooks.pl\\\/en\\\/shop\\\/living-off-the-land\\\/#primaryimage\"},\"image\":{\"@id\":\"https:\\\/\\\/foliobooks.pl\\\/en\\\/shop\\\/living-off-the-land\\\/#primaryimage\"},\"thumbnailUrl\":\"https:\\\/\\\/foliobooks.pl\\\/wp-content\\\/uploads\\\/2016\\\/11\\\/9783832734244.png\",\"datePublished\":\"2016-11-16T12:33:35+00:00\",\"dateModified\":\"2025-09-30T13:38:41+00:00\",\"description\":\"Wejd\u017a i kup ksi\u0105\u017ck\u0119 Living off the Land autorstwa wydan\u0105 przez teNeues (2016-10-06) w formacie 19 x 25 cm (ISBN: 9783832734244). Zapraszamy!\",\"breadcrumb\":{\"@id\":\"https:\\\/\\\/foliobooks.pl\\\/en\\\/shop\\\/living-off-the-land\\\/#breadcrumb\"},\"inLanguage\":\"en-US\",\"potentialAction\":[{\"@type\":\"ReadAction\",\"target\":[\"https:\\\/\\\/foliobooks.pl\\\/en\\\/shop\\\/living-off-the-land\\\/\"]}]},{\"@type\":\"ImageObject\",\"inLanguage\":\"en-US\",\"@id\":\"https:\\\/\\\/foliobooks.pl\\\/en\\\/shop\\\/living-off-the-land\\\/#primaryimage\",\"url\":\"https:\\\/\\\/foliobooks.pl\\\/wp-content\\\/uploads\\\/2016\\\/11\\\/9783832734244.png\",\"contentUrl\":\"https:\\\/\\\/foliobooks.pl\\\/wp-content\\\/uploads\\\/2016\\\/11\\\/9783832734244.png\",\"width\":570,\"height\":708},{\"@type\":\"BreadcrumbList\",\"@id\":\"https:\\\/\\\/foliobooks.pl\\\/en\\\/shop\\\/living-off-the-land\\\/#breadcrumb\",\"itemListElement\":[{\"@type\":\"ListItem\",\"position\":1,\"name\":\"Strona g\u0142\u00f3wna\",\"item\":\"https:\\\/\\\/foliobooks.pl\\\/en\\\/\"},{\"@type\":\"ListItem\",\"position\":2,\"name\":\"Shop\",\"item\":\"https:\\\/\\\/foliobooks.pl\\\/en\\\/shop\\\/\"},{\"@type\":\"ListItem\",\"position\":3,\"name\":\"Living off the Land\"}]},{\"@type\":\"WebSite\",\"@id\":\"https:\\\/\\\/foliobooks.pl\\\/en\\\/#website\",\"url\":\"https:\\\/\\\/foliobooks.pl\\\/en\\\/\",\"name\":\"Folio\",\"description\":\"Ksi\u0119garnia internetowa\",\"potentialAction\":[{\"@type\":\"SearchAction\",\"target\":{\"@type\":\"EntryPoint\",\"urlTemplate\":\"https:\\\/\\\/foliobooks.pl\\\/en\\\/?s={search_term_string}\"},\"query-input\":{\"@type\":\"PropertyValueSpecification\",\"valueRequired\":true,\"valueName\":\"search_term_string\"}}],\"inLanguage\":\"en-US\"}]}<\/script>\n<!-- \/ Yoast SEO plugin. -->","yoast_head_json":{"title":"Living off the Land () - book \/ album - Folio","description":"Wejd\u017a i kup ksi\u0105\u017ck\u0119 Living off the Land autorstwa wydan\u0105 przez teNeues (2016-10-06) w formacie 19 x 25 cm (ISBN: 9783832734244). Zapraszamy!","robots":{"index":"index","follow":"follow","max-snippet":"max-snippet:-1","max-image-preview":"max-image-preview:large","max-video-preview":"max-video-preview:-1"},"canonical":"https:\/\/foliobooks.pl\/en\/shop\/living-off-the-land\/","og_locale":"en_US","og_type":"article","og_title":"Living off the Land () - book \/ album - Folio","og_description":"Wejd\u017a i kup ksi\u0105\u017ck\u0119 Living off the Land autorstwa wydan\u0105 przez teNeues (2016-10-06) w formacie 19 x 25 cm (ISBN: 9783832734244). Zapraszamy!","og_url":"https:\/\/foliobooks.pl\/en\/shop\/living-off-the-land\/","og_site_name":"Folio","article_modified_time":"2025-09-30T13:38:41+00:00","og_image":[{"width":570,"height":708,"url":"https:\/\/foliobooks.pl\/wp-content\/uploads\/2016\/11\/9783832734244.png","type":"image\/png"}],"twitter_card":"summary_large_image","twitter_misc":{"Est. reading time":"1 minute"},"schema":{"@context":"https:\/\/schema.org","@graph":[{"@type":"WebPage","@id":"https:\/\/foliobooks.pl\/en\/shop\/living-off-the-land\/","url":"https:\/\/foliobooks.pl\/en\/shop\/living-off-the-land\/","name":"Living off the Land () - book \/ album - Folio","isPartOf":{"@id":"https:\/\/foliobooks.pl\/en\/#website"},"primaryImageOfPage":{"@id":"https:\/\/foliobooks.pl\/en\/shop\/living-off-the-land\/#primaryimage"},"image":{"@id":"https:\/\/foliobooks.pl\/en\/shop\/living-off-the-land\/#primaryimage"},"thumbnailUrl":"https:\/\/foliobooks.pl\/wp-content\/uploads\/2016\/11\/9783832734244.png","datePublished":"2016-11-16T12:33:35+00:00","dateModified":"2025-09-30T13:38:41+00:00","description":"Wejd\u017a i kup ksi\u0105\u017ck\u0119 Living off the Land autorstwa wydan\u0105 przez teNeues (2016-10-06) w formacie 19 x 25 cm (ISBN: 9783832734244). Zapraszamy!","breadcrumb":{"@id":"https:\/\/foliobooks.pl\/en\/shop\/living-off-the-land\/#breadcrumb"},"inLanguage":"en-US","potentialAction":[{"@type":"ReadAction","target":["https:\/\/foliobooks.pl\/en\/shop\/living-off-the-land\/"]}]},{"@type":"ImageObject","inLanguage":"en-US","@id":"https:\/\/foliobooks.pl\/en\/shop\/living-off-the-land\/#primaryimage","url":"https:\/\/foliobooks.pl\/wp-content\/uploads\/2016\/11\/9783832734244.png","contentUrl":"https:\/\/foliobooks.pl\/wp-content\/uploads\/2016\/11\/9783832734244.png","width":570,"height":708},{"@type":"BreadcrumbList","@id":"https:\/\/foliobooks.pl\/en\/shop\/living-off-the-land\/#breadcrumb","itemListElement":[{"@type":"ListItem","position":1,"name":"Strona g\u0142\u00f3wna","item":"https:\/\/foliobooks.pl\/en\/"},{"@type":"ListItem","position":2,"name":"Shop","item":"https:\/\/foliobooks.pl\/en\/shop\/"},{"@type":"ListItem","position":3,"name":"Living off the Land"}]},{"@type":"WebSite","@id":"https:\/\/foliobooks.pl\/en\/#website","url":"https:\/\/foliobooks.pl\/en\/","name":"Folio","description":"Ksi\u0119garnia internetowa","potentialAction":[{"@type":"SearchAction","target":{"@type":"EntryPoint","urlTemplate":"https:\/\/foliobooks.pl\/en\/?s={search_term_string}"},"query-input":{"@type":"PropertyValueSpecification","valueRequired":true,"valueName":"search_term_string"}}],"inLanguage":"en-US"}]}},"_links":{"self":[{"href":"https:\/\/foliobooks.pl\/en\/wp-json\/wp\/v2\/product\/17128","targetHints":{"allow":["GET"]}}],"collection":[{"href":"https:\/\/foliobooks.pl\/en\/wp-json\/wp\/v2\/product"}],"about":[{"href":"https:\/\/foliobooks.pl\/en\/wp-json\/wp\/v2\/types\/product"}],"replies":[{"embeddable":true,"href":"https:\/\/foliobooks.pl\/en\/wp-json\/wp\/v2\/comments?post=17128"}],"wp:featuredmedia":[{"embeddable":true,"href":"https:\/\/foliobooks.pl\/en\/wp-json\/wp\/v2\/media\/17127"}],"wp:attachment":[{"href":"https:\/\/foliobooks.pl\/en\/wp-json\/wp\/v2\/media?parent=17128"}],"wp:term":[{"taxonomy":"product_brand","embeddable":true,"href":"https:\/\/foliobooks.pl\/en\/wp-json\/wp\/v2\/product_brand?post=17128"},{"taxonomy":"product_cat","embeddable":true,"href":"https:\/\/foliobooks.pl\/en\/wp-json\/wp\/v2\/product_cat?post=17128"},{"taxonomy":"product_tag","embeddable":true,"href":"https:\/\/foliobooks.pl\/en\/wp-json\/wp\/v2\/product_tag?post=17128"}],"curies":[{"name":"wp","href":"https:\/\/api.w.org\/{rel}","templated":true}]}}