{"id":17107,"date":"2016-11-16T10:50:15","date_gmt":"2016-11-16T09:50:15","guid":{"rendered":"http:\/\/foliobooks.pl\/en\/sklep\/black-beauties\/"},"modified":"2017-11-13T11:27:59","modified_gmt":"2017-11-13T10:27:59","slug":"black-beauties","status":"publish","type":"product","link":"https:\/\/foliobooks.pl\/en\/shop\/black-beauties\/","title":{"rendered":"Black Beauties"},"content":{"rendered":"<p>Black is beautiful? Star photographer Ren\u00e9 Staud provides the ultimate proof. Text by J\u00fcrgen Lewandowski, who has over 20 years of experience as the automotive section editor of the S\u00fcddeutsche Zeitung and is the author of over 90 books about cars. With essays on the relevance of the \u201ccolor\u201d black by Andrea Zagato (CEO of Zagato), Gorden Wagener (Head of Design at Mercedes), Konstantin Jacoby (Co-Founder of the Springer &amp; Jacoby Advertising Agency) and many others.<\/p>\n<p>Ren\u00e9 Staud is one of the best automotive photographers in the industry, highly sought-after and extremely innovative. He has already published five successful automotive photo books with teNeues, the most recent of which is Mercedes-Benz \u2013 The Grand Cabrios &amp; Coup\u00e9s. And now Ren\u00e9 Staud is \u201cback in black.\u201d Like the opening riff of the famous AC\/DC song, <em>Black Beauties<\/em> is predestined to delight little boys and big boys alike. In his consistently compelling images, Staud shows us a series of historic cars painted in the \u201ccolor\u201d of classical elegance and sporty power: the legendary Alfa Romeo 8C of the 1930s, the Bugatti Veyron Grand Sport Vitesse, the fastest open-topped production car ever made, and even the \u201cGoddess\u201d Citro\u00ebn DS. In addition to the gorgeous photos, there are essays by renowned authors about the significance and effect of the \u201ccolor\u201d black on automotive design. A wonderful photo volume that is anything but colorless!<\/p>\n","protected":false},"excerpt":{"rendered":"<p>Black is beautiful? Star photographer Ren\u00e9 Staud provides the ultimate proof. Text by J\u00fcrgen Lewandowski, who has over 20 years of experience as the automotive section editor of the S\u00fcddeutsche Zeitung and is the author of over 90 books about cars. With essays on the relevance of the \u201ccolor\u201d black by Andrea Zagato (CEO of&#8230;<\/p>\n","protected":false},"featured_media":17106,"comment_status":"closed","ping_status":"closed","template":"","meta":[],"product_brand":[],"product_cat":[],"product_tag":[],"class_list":{"0":"post-17107","1":"product","2":"type-product","3":"status-publish","4":"has-post-thumbnail","7":"first","8":"outofstock","9":"sold-individually","10":"shipping-taxable","11":"purchasable","12":"product-type-simple"},"yoast_head":"<!-- This site is optimized with the Yoast SEO plugin v27.4 - https:\/\/yoast.com\/product\/yoast-seo-wordpress\/ -->\n<title>Black Beauties () - book \/ album - Folio<\/title>\n<meta name=\"description\" content=\"Wejd\u017a i kup ksi\u0105\u017ck\u0119 Black Beauties autorstwa wydan\u0105 przez () w formacie (ISBN: ). Zapraszamy!\" \/>\n<meta name=\"robots\" content=\"index, follow, max-snippet:-1, max-image-preview:large, max-video-preview:-1\" \/>\n<link rel=\"canonical\" href=\"https:\/\/foliobooks.pl\/en\/shop\/black-beauties\/\" \/>\n<meta property=\"og:locale\" content=\"en_US\" \/>\n<meta property=\"og:type\" content=\"article\" \/>\n<meta property=\"og:title\" content=\"Black Beauties () - book \/ album - Folio\" \/>\n<meta property=\"og:description\" content=\"Wejd\u017a i kup ksi\u0105\u017ck\u0119 Black Beauties autorstwa wydan\u0105 przez () w formacie (ISBN: ). Zapraszamy!\" \/>\n<meta property=\"og:url\" content=\"https:\/\/foliobooks.pl\/en\/shop\/black-beauties\/\" \/>\n<meta property=\"og:site_name\" content=\"Folio\" \/>\n<meta property=\"article:modified_time\" content=\"2017-11-13T10:27:59+00:00\" \/>\n<meta property=\"og:image\" content=\"https:\/\/foliobooks.pl\/wp-content\/uploads\/2016\/11\/9783832734305.png\" \/>\n\t<meta property=\"og:image:width\" content=\"570\" \/>\n\t<meta property=\"og:image:height\" content=\"708\" \/>\n\t<meta property=\"og:image:type\" content=\"image\/png\" \/>\n<meta name=\"twitter:card\" content=\"summary_large_image\" \/>\n<meta name=\"twitter:label1\" content=\"Est. reading time\" \/>\n\t<meta name=\"twitter:data1\" content=\"1 minute\" \/>\n<script type=\"application\/ld+json\" class=\"yoast-schema-graph\">{\"@context\":\"https:\\\/\\\/schema.org\",\"@graph\":[{\"@type\":\"WebPage\",\"@id\":\"https:\\\/\\\/foliobooks.pl\\\/en\\\/shop\\\/black-beauties\\\/\",\"url\":\"https:\\\/\\\/foliobooks.pl\\\/en\\\/shop\\\/black-beauties\\\/\",\"name\":\"Black Beauties () - book \\\/ album - Folio\",\"isPartOf\":{\"@id\":\"https:\\\/\\\/foliobooks.pl\\\/en\\\/#website\"},\"primaryImageOfPage\":{\"@id\":\"https:\\\/\\\/foliobooks.pl\\\/en\\\/shop\\\/black-beauties\\\/#primaryimage\"},\"image\":{\"@id\":\"https:\\\/\\\/foliobooks.pl\\\/en\\\/shop\\\/black-beauties\\\/#primaryimage\"},\"thumbnailUrl\":\"https:\\\/\\\/foliobooks.pl\\\/wp-content\\\/uploads\\\/2016\\\/11\\\/9783832734305.png\",\"datePublished\":\"2016-11-16T09:50:15+00:00\",\"dateModified\":\"2017-11-13T10:27:59+00:00\",\"description\":\"Wejd\u017a i kup ksi\u0105\u017ck\u0119 Black Beauties autorstwa wydan\u0105 przez () w formacie (ISBN: ). Zapraszamy!\",\"breadcrumb\":{\"@id\":\"https:\\\/\\\/foliobooks.pl\\\/en\\\/shop\\\/black-beauties\\\/#breadcrumb\"},\"inLanguage\":\"en-US\",\"potentialAction\":[{\"@type\":\"ReadAction\",\"target\":[\"https:\\\/\\\/foliobooks.pl\\\/en\\\/shop\\\/black-beauties\\\/\"]}]},{\"@type\":\"ImageObject\",\"inLanguage\":\"en-US\",\"@id\":\"https:\\\/\\\/foliobooks.pl\\\/en\\\/shop\\\/black-beauties\\\/#primaryimage\",\"url\":\"https:\\\/\\\/foliobooks.pl\\\/wp-content\\\/uploads\\\/2016\\\/11\\\/9783832734305.png\",\"contentUrl\":\"https:\\\/\\\/foliobooks.pl\\\/wp-content\\\/uploads\\\/2016\\\/11\\\/9783832734305.png\",\"width\":570,\"height\":708},{\"@type\":\"BreadcrumbList\",\"@id\":\"https:\\\/\\\/foliobooks.pl\\\/en\\\/shop\\\/black-beauties\\\/#breadcrumb\",\"itemListElement\":[{\"@type\":\"ListItem\",\"position\":1,\"name\":\"Strona g\u0142\u00f3wna\",\"item\":\"https:\\\/\\\/foliobooks.pl\\\/en\\\/\"},{\"@type\":\"ListItem\",\"position\":2,\"name\":\"Shop\",\"item\":\"https:\\\/\\\/foliobooks.pl\\\/en\\\/shop\\\/\"},{\"@type\":\"ListItem\",\"position\":3,\"name\":\"Black Beauties\"}]},{\"@type\":\"WebSite\",\"@id\":\"https:\\\/\\\/foliobooks.pl\\\/en\\\/#website\",\"url\":\"https:\\\/\\\/foliobooks.pl\\\/en\\\/\",\"name\":\"Folio\",\"description\":\"Ksi\u0119garnia internetowa\",\"potentialAction\":[{\"@type\":\"SearchAction\",\"target\":{\"@type\":\"EntryPoint\",\"urlTemplate\":\"https:\\\/\\\/foliobooks.pl\\\/en\\\/?s={search_term_string}\"},\"query-input\":{\"@type\":\"PropertyValueSpecification\",\"valueRequired\":true,\"valueName\":\"search_term_string\"}}],\"inLanguage\":\"en-US\"}]}<\/script>\n<!-- \/ Yoast SEO plugin. -->","yoast_head_json":{"title":"Black Beauties () - book \/ album - Folio","description":"Wejd\u017a i kup ksi\u0105\u017ck\u0119 Black Beauties autorstwa wydan\u0105 przez () w formacie (ISBN: ). Zapraszamy!","robots":{"index":"index","follow":"follow","max-snippet":"max-snippet:-1","max-image-preview":"max-image-preview:large","max-video-preview":"max-video-preview:-1"},"canonical":"https:\/\/foliobooks.pl\/en\/shop\/black-beauties\/","og_locale":"en_US","og_type":"article","og_title":"Black Beauties () - book \/ album - Folio","og_description":"Wejd\u017a i kup ksi\u0105\u017ck\u0119 Black Beauties autorstwa wydan\u0105 przez () w formacie (ISBN: ). Zapraszamy!","og_url":"https:\/\/foliobooks.pl\/en\/shop\/black-beauties\/","og_site_name":"Folio","article_modified_time":"2017-11-13T10:27:59+00:00","og_image":[{"width":570,"height":708,"url":"https:\/\/foliobooks.pl\/wp-content\/uploads\/2016\/11\/9783832734305.png","type":"image\/png"}],"twitter_card":"summary_large_image","twitter_misc":{"Est. reading time":"1 minute"},"schema":{"@context":"https:\/\/schema.org","@graph":[{"@type":"WebPage","@id":"https:\/\/foliobooks.pl\/en\/shop\/black-beauties\/","url":"https:\/\/foliobooks.pl\/en\/shop\/black-beauties\/","name":"Black Beauties () - book \/ album - Folio","isPartOf":{"@id":"https:\/\/foliobooks.pl\/en\/#website"},"primaryImageOfPage":{"@id":"https:\/\/foliobooks.pl\/en\/shop\/black-beauties\/#primaryimage"},"image":{"@id":"https:\/\/foliobooks.pl\/en\/shop\/black-beauties\/#primaryimage"},"thumbnailUrl":"https:\/\/foliobooks.pl\/wp-content\/uploads\/2016\/11\/9783832734305.png","datePublished":"2016-11-16T09:50:15+00:00","dateModified":"2017-11-13T10:27:59+00:00","description":"Wejd\u017a i kup ksi\u0105\u017ck\u0119 Black Beauties autorstwa wydan\u0105 przez () w formacie (ISBN: ). Zapraszamy!","breadcrumb":{"@id":"https:\/\/foliobooks.pl\/en\/shop\/black-beauties\/#breadcrumb"},"inLanguage":"en-US","potentialAction":[{"@type":"ReadAction","target":["https:\/\/foliobooks.pl\/en\/shop\/black-beauties\/"]}]},{"@type":"ImageObject","inLanguage":"en-US","@id":"https:\/\/foliobooks.pl\/en\/shop\/black-beauties\/#primaryimage","url":"https:\/\/foliobooks.pl\/wp-content\/uploads\/2016\/11\/9783832734305.png","contentUrl":"https:\/\/foliobooks.pl\/wp-content\/uploads\/2016\/11\/9783832734305.png","width":570,"height":708},{"@type":"BreadcrumbList","@id":"https:\/\/foliobooks.pl\/en\/shop\/black-beauties\/#breadcrumb","itemListElement":[{"@type":"ListItem","position":1,"name":"Strona g\u0142\u00f3wna","item":"https:\/\/foliobooks.pl\/en\/"},{"@type":"ListItem","position":2,"name":"Shop","item":"https:\/\/foliobooks.pl\/en\/shop\/"},{"@type":"ListItem","position":3,"name":"Black Beauties"}]},{"@type":"WebSite","@id":"https:\/\/foliobooks.pl\/en\/#website","url":"https:\/\/foliobooks.pl\/en\/","name":"Folio","description":"Ksi\u0119garnia internetowa","potentialAction":[{"@type":"SearchAction","target":{"@type":"EntryPoint","urlTemplate":"https:\/\/foliobooks.pl\/en\/?s={search_term_string}"},"query-input":{"@type":"PropertyValueSpecification","valueRequired":true,"valueName":"search_term_string"}}],"inLanguage":"en-US"}]}},"_links":{"self":[{"href":"https:\/\/foliobooks.pl\/en\/wp-json\/wp\/v2\/product\/17107","targetHints":{"allow":["GET"]}}],"collection":[{"href":"https:\/\/foliobooks.pl\/en\/wp-json\/wp\/v2\/product"}],"about":[{"href":"https:\/\/foliobooks.pl\/en\/wp-json\/wp\/v2\/types\/product"}],"replies":[{"embeddable":true,"href":"https:\/\/foliobooks.pl\/en\/wp-json\/wp\/v2\/comments?post=17107"}],"wp:featuredmedia":[{"embeddable":true,"href":"https:\/\/foliobooks.pl\/en\/wp-json\/wp\/v2\/media\/17106"}],"wp:attachment":[{"href":"https:\/\/foliobooks.pl\/en\/wp-json\/wp\/v2\/media?parent=17107"}],"wp:term":[{"taxonomy":"product_brand","embeddable":true,"href":"https:\/\/foliobooks.pl\/en\/wp-json\/wp\/v2\/product_brand?post=17107"},{"taxonomy":"product_cat","embeddable":true,"href":"https:\/\/foliobooks.pl\/en\/wp-json\/wp\/v2\/product_cat?post=17107"},{"taxonomy":"product_tag","embeddable":true,"href":"https:\/\/foliobooks.pl\/en\/wp-json\/wp\/v2\/product_tag?post=17107"}],"curies":[{"name":"wp","href":"https:\/\/api.w.org\/{rel}","templated":true}]}}