{"id":17088,"date":"2016-11-15T12:20:48","date_gmt":"2016-11-15T11:20:48","guid":{"rendered":"http:\/\/foliobooks.pl\/en\/?post_type=product&#038;p=17088"},"modified":"2025-01-08T13:07:28","modified_gmt":"2025-01-08T12:07:28","slug":"sebastiao-salgado-kuwait-a-desert-on-fire","status":"publish","type":"product","link":"https:\/\/foliobooks.pl\/en\/shop\/sebastiao-salgado-kuwait-a-desert-on-fire\/","title":{"rendered":"Sebasti\u00e3o Salgado. Kuwait. A Desert on Fire"},"content":{"rendered":"<p>\u201cWe must remember that in the brutality of battle another such apocalypse is always just around the corner.\u201d \u2014Sebasti\u00e3o Salgado<\/p>\n<p>In January and February 1991, as the United States\u2013led coalition drove Iraqi forces out of Kuwait, Saddam Hussein\u2019s troops retaliated with an inferno. At some 700 oil wells and an unspecified number of oil-filled low-lying areas they ignited vast, raging fires, creating one of the worst environmental disasters in living memory.<\/p>\n<p>As the desperate efforts to contain and extinguish the conflagration progressed, Sebasti\u00e3o Salgado traveled to Kuwait to witness the crisis firsthand. The conditions were excruciating. The heat was so vicious that Salgado\u2019s smallest lens warped. A journalist and another photographer were killed when a slick ignited as they crossed it. Sticking close to the firefighters, and with characteristic sensitivity to both human and envrionmental impact, Salgado captured the terrifying scale of this \u201chuge theater the size of the planet\u201d: the ravaged landscape; the sweltering temperatures; the air choking on charred sand and soot; the blistered remains of camels; the sand still littered with cluster bombs; and the flames and smoke soaring to the skies, blocking out the sunlight, dwarfing the oil-coated firefighters.<\/p>\n<p>Salgado\u2019s epic pictures first appeared in the New York Times Magazine in June 1991 and were subsequently awarded the Oskar Barnack Award, recognizing outstanding images on the relationship between man and the environment. Kuwait: A Desert on Fire is the first monograph of this astonishing series. Like Genesis, Exodus, and The Children, it is as much a major document of modern history as an extraordinary body of photographic work.<\/p>\n","protected":false},"excerpt":{"rendered":"<p>\u201cWe must remember that in the brutality of battle another such apocalypse is always just around the corner.\u201d \u2014Sebasti\u00e3o Salgado In January and February 1991, as the United States\u2013led coalition drove Iraqi forces out of Kuwait, Saddam Hussein\u2019s troops retaliated with an inferno. At some 700 oil wells and an unspecified number of oil-filled low-lying&#8230;<\/p>\n","protected":false},"featured_media":17070,"comment_status":"closed","ping_status":"closed","template":"","meta":[],"product_brand":[],"product_cat":[4517],"product_tag":[1146,6121,516,1267],"class_list":{"0":"post-17088","1":"product","2":"type-product","3":"status-publish","4":"has-post-thumbnail","6":"product_cat-photography-en","7":"product_tag-great-masters-en","8":"product_tag-photography","9":"product_tag-places-en","10":"product_tag-reportage","11":"pa_author_att-lelia-wanick-salgado-en","12":"pa_author_att-sebastiao-salgado-en","13":"pa_cover-hardcover","14":"pa_format-318-x-29-cm-en","15":"pa_isbn-9783836561259-en","16":"pa_language-eng-f-ger","17":"pa_pages-208-en-3","18":"pa_published-2016-11-17-en","19":"pa_publisher-taschen-en-en","21":"first","22":"instock","23":"sold-individually","24":"shipping-taxable","25":"purchasable","26":"product-type-simple"},"yoast_head":"<!-- This site is optimized with the Yoast SEO plugin v27.5 - https:\/\/yoast.com\/product\/yoast-seo-wordpress\/ -->\n<title>Sebasti\u00e3o Salgado. Kuwait. A Desert on Fire (L\u00e9lia Wanick Salgado, Sebastiao Salgado) - book \/ album - Folio<\/title>\n<meta name=\"description\" content=\"Wejd\u017a i kup ksi\u0105\u017ck\u0119 Sebasti\u00e3o Salgado. Kuwait. A Desert on Fire autorstwa L\u00e9lia Wanick Salgado, Sebastiao Salgado wydan\u0105 przez TASCHEN (2016-11-17) w formacie 31,8 x 29 cm (ISBN: 9783836561259). Zapraszamy!\" \/>\n<meta name=\"robots\" content=\"index, follow, max-snippet:-1, max-image-preview:large, max-video-preview:-1\" \/>\n<link rel=\"canonical\" href=\"https:\/\/foliobooks.pl\/en\/shop\/sebastiao-salgado-kuwait-a-desert-on-fire\/\" \/>\n<meta property=\"og:locale\" content=\"en_US\" \/>\n<meta property=\"og:type\" content=\"article\" \/>\n<meta property=\"og:title\" content=\"Sebasti\u00e3o Salgado. Kuwait. A Desert on Fire (L\u00e9lia Wanick Salgado, Sebastiao Salgado) - book \/ album - Folio\" \/>\n<meta property=\"og:description\" content=\"Wejd\u017a i kup ksi\u0105\u017ck\u0119 Sebasti\u00e3o Salgado. Kuwait. A Desert on Fire autorstwa L\u00e9lia Wanick Salgado, Sebastiao Salgado wydan\u0105 przez TASCHEN (2016-11-17) w formacie 31,8 x 29 cm (ISBN: 9783836561259). Zapraszamy!\" \/>\n<meta property=\"og:url\" content=\"https:\/\/foliobooks.pl\/en\/shop\/sebastiao-salgado-kuwait-a-desert-on-fire\/\" \/>\n<meta property=\"og:site_name\" content=\"Folio\" \/>\n<meta property=\"article:modified_time\" content=\"2025-01-08T12:07:28+00:00\" \/>\n<meta property=\"og:image\" content=\"https:\/\/foliobooks.pl\/wp-content\/uploads\/2016\/11\/9783836561259.png\" \/>\n\t<meta property=\"og:image:width\" content=\"570\" \/>\n\t<meta property=\"og:image:height\" content=\"708\" \/>\n\t<meta property=\"og:image:type\" content=\"image\/png\" \/>\n<meta name=\"twitter:card\" content=\"summary_large_image\" \/>\n<meta name=\"twitter:label1\" content=\"Est. reading time\" \/>\n\t<meta name=\"twitter:data1\" content=\"1 minute\" \/>\n<script type=\"application\/ld+json\" class=\"yoast-schema-graph\">{\"@context\":\"https:\\\/\\\/schema.org\",\"@graph\":[{\"@type\":\"WebPage\",\"@id\":\"https:\\\/\\\/foliobooks.pl\\\/en\\\/shop\\\/sebastiao-salgado-kuwait-a-desert-on-fire\\\/\",\"url\":\"https:\\\/\\\/foliobooks.pl\\\/en\\\/shop\\\/sebastiao-salgado-kuwait-a-desert-on-fire\\\/\",\"name\":\"Sebasti\u00e3o Salgado. Kuwait. A Desert on Fire (L\u00e9lia Wanick Salgado, Sebastiao Salgado) - book \\\/ album - Folio\",\"isPartOf\":{\"@id\":\"https:\\\/\\\/foliobooks.pl\\\/en\\\/#website\"},\"primaryImageOfPage\":{\"@id\":\"https:\\\/\\\/foliobooks.pl\\\/en\\\/shop\\\/sebastiao-salgado-kuwait-a-desert-on-fire\\\/#primaryimage\"},\"image\":{\"@id\":\"https:\\\/\\\/foliobooks.pl\\\/en\\\/shop\\\/sebastiao-salgado-kuwait-a-desert-on-fire\\\/#primaryimage\"},\"thumbnailUrl\":\"https:\\\/\\\/foliobooks.pl\\\/wp-content\\\/uploads\\\/2016\\\/11\\\/9783836561259.png\",\"datePublished\":\"2016-11-15T11:20:48+00:00\",\"dateModified\":\"2025-01-08T12:07:28+00:00\",\"description\":\"Wejd\u017a i kup ksi\u0105\u017ck\u0119 Sebasti\u00e3o Salgado. Kuwait. A Desert on Fire autorstwa L\u00e9lia Wanick Salgado, Sebastiao Salgado wydan\u0105 przez TASCHEN (2016-11-17) w formacie 31,8 x 29 cm (ISBN: 9783836561259). Zapraszamy!\",\"breadcrumb\":{\"@id\":\"https:\\\/\\\/foliobooks.pl\\\/en\\\/shop\\\/sebastiao-salgado-kuwait-a-desert-on-fire\\\/#breadcrumb\"},\"inLanguage\":\"en-US\",\"potentialAction\":[{\"@type\":\"ReadAction\",\"target\":[\"https:\\\/\\\/foliobooks.pl\\\/en\\\/shop\\\/sebastiao-salgado-kuwait-a-desert-on-fire\\\/\"]}]},{\"@type\":\"ImageObject\",\"inLanguage\":\"en-US\",\"@id\":\"https:\\\/\\\/foliobooks.pl\\\/en\\\/shop\\\/sebastiao-salgado-kuwait-a-desert-on-fire\\\/#primaryimage\",\"url\":\"https:\\\/\\\/foliobooks.pl\\\/wp-content\\\/uploads\\\/2016\\\/11\\\/9783836561259.png\",\"contentUrl\":\"https:\\\/\\\/foliobooks.pl\\\/wp-content\\\/uploads\\\/2016\\\/11\\\/9783836561259.png\",\"width\":570,\"height\":708},{\"@type\":\"BreadcrumbList\",\"@id\":\"https:\\\/\\\/foliobooks.pl\\\/en\\\/shop\\\/sebastiao-salgado-kuwait-a-desert-on-fire\\\/#breadcrumb\",\"itemListElement\":[{\"@type\":\"ListItem\",\"position\":1,\"name\":\"Strona g\u0142\u00f3wna\",\"item\":\"https:\\\/\\\/foliobooks.pl\\\/en\\\/\"},{\"@type\":\"ListItem\",\"position\":2,\"name\":\"Shop\",\"item\":\"https:\\\/\\\/foliobooks.pl\\\/en\\\/shop\\\/\"},{\"@type\":\"ListItem\",\"position\":3,\"name\":\"Sebasti\u00e3o Salgado. Kuwait. A Desert on Fire\"}]},{\"@type\":\"WebSite\",\"@id\":\"https:\\\/\\\/foliobooks.pl\\\/en\\\/#website\",\"url\":\"https:\\\/\\\/foliobooks.pl\\\/en\\\/\",\"name\":\"Folio\",\"description\":\"Ksi\u0119garnia internetowa\",\"potentialAction\":[{\"@type\":\"SearchAction\",\"target\":{\"@type\":\"EntryPoint\",\"urlTemplate\":\"https:\\\/\\\/foliobooks.pl\\\/en\\\/?s={search_term_string}\"},\"query-input\":{\"@type\":\"PropertyValueSpecification\",\"valueRequired\":true,\"valueName\":\"search_term_string\"}}],\"inLanguage\":\"en-US\"}]}<\/script>\n<!-- \/ Yoast SEO plugin. -->","yoast_head_json":{"title":"Sebasti\u00e3o Salgado. Kuwait. A Desert on Fire (L\u00e9lia Wanick Salgado, Sebastiao Salgado) - book \/ album - Folio","description":"Wejd\u017a i kup ksi\u0105\u017ck\u0119 Sebasti\u00e3o Salgado. Kuwait. A Desert on Fire autorstwa L\u00e9lia Wanick Salgado, Sebastiao Salgado wydan\u0105 przez TASCHEN (2016-11-17) w formacie 31,8 x 29 cm (ISBN: 9783836561259). Zapraszamy!","robots":{"index":"index","follow":"follow","max-snippet":"max-snippet:-1","max-image-preview":"max-image-preview:large","max-video-preview":"max-video-preview:-1"},"canonical":"https:\/\/foliobooks.pl\/en\/shop\/sebastiao-salgado-kuwait-a-desert-on-fire\/","og_locale":"en_US","og_type":"article","og_title":"Sebasti\u00e3o Salgado. Kuwait. A Desert on Fire (L\u00e9lia Wanick Salgado, Sebastiao Salgado) - book \/ album - Folio","og_description":"Wejd\u017a i kup ksi\u0105\u017ck\u0119 Sebasti\u00e3o Salgado. Kuwait. A Desert on Fire autorstwa L\u00e9lia Wanick Salgado, Sebastiao Salgado wydan\u0105 przez TASCHEN (2016-11-17) w formacie 31,8 x 29 cm (ISBN: 9783836561259). Zapraszamy!","og_url":"https:\/\/foliobooks.pl\/en\/shop\/sebastiao-salgado-kuwait-a-desert-on-fire\/","og_site_name":"Folio","article_modified_time":"2025-01-08T12:07:28+00:00","og_image":[{"width":570,"height":708,"url":"https:\/\/foliobooks.pl\/wp-content\/uploads\/2016\/11\/9783836561259.png","type":"image\/png"}],"twitter_card":"summary_large_image","twitter_misc":{"Est. reading time":"1 minute"},"schema":{"@context":"https:\/\/schema.org","@graph":[{"@type":"WebPage","@id":"https:\/\/foliobooks.pl\/en\/shop\/sebastiao-salgado-kuwait-a-desert-on-fire\/","url":"https:\/\/foliobooks.pl\/en\/shop\/sebastiao-salgado-kuwait-a-desert-on-fire\/","name":"Sebasti\u00e3o Salgado. Kuwait. A Desert on Fire (L\u00e9lia Wanick Salgado, Sebastiao Salgado) - book \/ album - Folio","isPartOf":{"@id":"https:\/\/foliobooks.pl\/en\/#website"},"primaryImageOfPage":{"@id":"https:\/\/foliobooks.pl\/en\/shop\/sebastiao-salgado-kuwait-a-desert-on-fire\/#primaryimage"},"image":{"@id":"https:\/\/foliobooks.pl\/en\/shop\/sebastiao-salgado-kuwait-a-desert-on-fire\/#primaryimage"},"thumbnailUrl":"https:\/\/foliobooks.pl\/wp-content\/uploads\/2016\/11\/9783836561259.png","datePublished":"2016-11-15T11:20:48+00:00","dateModified":"2025-01-08T12:07:28+00:00","description":"Wejd\u017a i kup ksi\u0105\u017ck\u0119 Sebasti\u00e3o Salgado. Kuwait. A Desert on Fire autorstwa L\u00e9lia Wanick Salgado, Sebastiao Salgado wydan\u0105 przez TASCHEN (2016-11-17) w formacie 31,8 x 29 cm (ISBN: 9783836561259). Zapraszamy!","breadcrumb":{"@id":"https:\/\/foliobooks.pl\/en\/shop\/sebastiao-salgado-kuwait-a-desert-on-fire\/#breadcrumb"},"inLanguage":"en-US","potentialAction":[{"@type":"ReadAction","target":["https:\/\/foliobooks.pl\/en\/shop\/sebastiao-salgado-kuwait-a-desert-on-fire\/"]}]},{"@type":"ImageObject","inLanguage":"en-US","@id":"https:\/\/foliobooks.pl\/en\/shop\/sebastiao-salgado-kuwait-a-desert-on-fire\/#primaryimage","url":"https:\/\/foliobooks.pl\/wp-content\/uploads\/2016\/11\/9783836561259.png","contentUrl":"https:\/\/foliobooks.pl\/wp-content\/uploads\/2016\/11\/9783836561259.png","width":570,"height":708},{"@type":"BreadcrumbList","@id":"https:\/\/foliobooks.pl\/en\/shop\/sebastiao-salgado-kuwait-a-desert-on-fire\/#breadcrumb","itemListElement":[{"@type":"ListItem","position":1,"name":"Strona g\u0142\u00f3wna","item":"https:\/\/foliobooks.pl\/en\/"},{"@type":"ListItem","position":2,"name":"Shop","item":"https:\/\/foliobooks.pl\/en\/shop\/"},{"@type":"ListItem","position":3,"name":"Sebasti\u00e3o Salgado. Kuwait. A Desert on Fire"}]},{"@type":"WebSite","@id":"https:\/\/foliobooks.pl\/en\/#website","url":"https:\/\/foliobooks.pl\/en\/","name":"Folio","description":"Ksi\u0119garnia internetowa","potentialAction":[{"@type":"SearchAction","target":{"@type":"EntryPoint","urlTemplate":"https:\/\/foliobooks.pl\/en\/?s={search_term_string}"},"query-input":{"@type":"PropertyValueSpecification","valueRequired":true,"valueName":"search_term_string"}}],"inLanguage":"en-US"}]}},"_links":{"self":[{"href":"https:\/\/foliobooks.pl\/en\/wp-json\/wp\/v2\/product\/17088","targetHints":{"allow":["GET"]}}],"collection":[{"href":"https:\/\/foliobooks.pl\/en\/wp-json\/wp\/v2\/product"}],"about":[{"href":"https:\/\/foliobooks.pl\/en\/wp-json\/wp\/v2\/types\/product"}],"replies":[{"embeddable":true,"href":"https:\/\/foliobooks.pl\/en\/wp-json\/wp\/v2\/comments?post=17088"}],"wp:featuredmedia":[{"embeddable":true,"href":"https:\/\/foliobooks.pl\/en\/wp-json\/wp\/v2\/media\/17070"}],"wp:attachment":[{"href":"https:\/\/foliobooks.pl\/en\/wp-json\/wp\/v2\/media?parent=17088"}],"wp:term":[{"taxonomy":"product_brand","embeddable":true,"href":"https:\/\/foliobooks.pl\/en\/wp-json\/wp\/v2\/product_brand?post=17088"},{"taxonomy":"product_cat","embeddable":true,"href":"https:\/\/foliobooks.pl\/en\/wp-json\/wp\/v2\/product_cat?post=17088"},{"taxonomy":"product_tag","embeddable":true,"href":"https:\/\/foliobooks.pl\/en\/wp-json\/wp\/v2\/product_tag?post=17088"}],"curies":[{"name":"wp","href":"https:\/\/api.w.org\/{rel}","templated":true}]}}