{"id":16993,"date":"2016-10-28T15:55:45","date_gmt":"2016-10-28T13:55:45","guid":{"rendered":"http:\/\/foliobooks.pl\/en\/sklep\/chanel-catwalk\/"},"modified":"2025-11-07T16:35:18","modified_gmt":"2025-11-07T15:35:18","slug":"chanel-catwalk","status":"publish","type":"product","link":"https:\/\/foliobooks.pl\/en\/shop\/chanel-catwalk\/","title":{"rendered":"Chanel Catwalk"},"content":{"rendered":"<p>The definitive overview of Karl Lagerfeld\u2019s Chanel creations since his first show in 1983 \u2013 the first book in a new \u2018Catwalk\u2019 series. A treasure trove of inspiration, this richly illustrated publication will be the must-have reference for all fashion professionals and Chanel obsessives.<\/p>\n<p>Ever since his first show for the house in 1983, Karl Lagerfeld\u2019s Chanel collections have consistently made headlines and dictated trends the world over. For the first time, the key looks of every Chanel collection ever created by Lagerfeld are gathered in a single volume, offering a unique opportunity to chart the development of one of the world\u2019s most influential fashion brands and rediscover rarely seen collections.<\/p>\n<p>This definitive publication opens with a concise history of the house of Chanel, followed by a brief biographical profile of Karl Lagerfeld. It goes on to explore the collections themselves, which are organized chronologically and introduced by a short text unveiling each collection\u2019s influences and highlights.<\/p>\n<p>Each collection is illustrated with carefully curated catwalk images, showcasing hundreds of spectacular clothes, details, accessories, beauty looks and set designs \u2013 and of course the top fashion models who wore them on the runway, from Claudia Schiffer and Linda Evangelista to Kate Moss and Cara Delevingne. A rich reference section, including an extensive index, concludes the book.<\/p>\n","protected":false},"excerpt":{"rendered":"<p>The definitive overview of Karl Lagerfeld\u2019s Chanel creations since his first show in 1983 \u2013 the first book in a new \u2018Catwalk\u2019 series. A treasure trove of inspiration, this richly illustrated publication will be the must-have reference for all fashion professionals and Chanel obsessives. Ever since his first show for the house in 1983, Karl&#8230;<\/p>\n","protected":false},"featured_media":16982,"comment_status":"closed","ping_status":"closed","template":"","meta":[],"product_brand":[],"product_cat":[4519],"product_tag":[],"class_list":{"0":"post-16993","1":"product","2":"type-product","3":"status-publish","4":"has-post-thumbnail","6":"product_cat-fashion-en-en","7":"pa_author_att-adelia-sabatini-en","8":"pa_author_att-patrick-mauries-en","9":"pa_cover-hardcover","10":"pa_format-27-x-19-cm-en","11":"pa_isbn-9780500518366-en","12":"pa_language-eng","13":"pa_pages-632-en","14":"pa_published-2016-05-16-en","15":"pa_publisher-thames-hudson-en","17":"first","18":"instock","19":"sold-individually","20":"shipping-taxable","21":"purchasable","22":"product-type-simple"},"yoast_head":"<!-- This site is optimized with the Yoast SEO plugin v27.4 - https:\/\/yoast.com\/product\/yoast-seo-wordpress\/ -->\n<title>Chanel Catwalk (Ad\u00e9lia Sabatini, Patrick Mauri\u00e8s) - book \/ album - Folio<\/title>\n<meta name=\"description\" content=\"Wejd\u017a i kup ksi\u0105\u017ck\u0119 Chanel Catwalk autorstwa Ad\u00e9lia Sabatini, Patrick Mauri\u00e8s wydan\u0105 przez Thames &amp; Hudson (2016-05-16) w formacie 27 x 19 cm (ISBN: 9780500518366). Zapraszamy!\" \/>\n<meta name=\"robots\" content=\"index, follow, max-snippet:-1, max-image-preview:large, max-video-preview:-1\" \/>\n<link rel=\"canonical\" href=\"https:\/\/foliobooks.pl\/en\/shop\/chanel-catwalk\/\" \/>\n<meta property=\"og:locale\" content=\"en_US\" \/>\n<meta property=\"og:type\" content=\"article\" \/>\n<meta property=\"og:title\" content=\"Chanel Catwalk (Ad\u00e9lia Sabatini, Patrick Mauri\u00e8s) - book \/ album - Folio\" \/>\n<meta property=\"og:description\" content=\"Wejd\u017a i kup ksi\u0105\u017ck\u0119 Chanel Catwalk autorstwa Ad\u00e9lia Sabatini, Patrick Mauri\u00e8s wydan\u0105 przez Thames &amp; Hudson (2016-05-16) w formacie 27 x 19 cm (ISBN: 9780500518366). Zapraszamy!\" \/>\n<meta property=\"og:url\" content=\"https:\/\/foliobooks.pl\/en\/shop\/chanel-catwalk\/\" \/>\n<meta property=\"og:site_name\" content=\"Folio\" \/>\n<meta property=\"article:modified_time\" content=\"2025-11-07T15:35:18+00:00\" \/>\n<meta property=\"og:image\" content=\"https:\/\/foliobooks.pl\/wp-content\/uploads\/2016\/10\/9780500518366.png\" \/>\n\t<meta property=\"og:image:width\" content=\"570\" \/>\n\t<meta property=\"og:image:height\" content=\"708\" \/>\n\t<meta property=\"og:image:type\" content=\"image\/png\" \/>\n<meta name=\"twitter:card\" content=\"summary_large_image\" \/>\n<meta name=\"twitter:label1\" content=\"Est. reading time\" \/>\n\t<meta name=\"twitter:data1\" content=\"1 minute\" \/>\n<script type=\"application\/ld+json\" class=\"yoast-schema-graph\">{\"@context\":\"https:\\\/\\\/schema.org\",\"@graph\":[{\"@type\":\"WebPage\",\"@id\":\"https:\\\/\\\/foliobooks.pl\\\/en\\\/shop\\\/chanel-catwalk\\\/\",\"url\":\"https:\\\/\\\/foliobooks.pl\\\/en\\\/shop\\\/chanel-catwalk\\\/\",\"name\":\"Chanel Catwalk (Ad\u00e9lia Sabatini, Patrick Mauri\u00e8s) - book \\\/ album - Folio\",\"isPartOf\":{\"@id\":\"https:\\\/\\\/foliobooks.pl\\\/en\\\/#website\"},\"primaryImageOfPage\":{\"@id\":\"https:\\\/\\\/foliobooks.pl\\\/en\\\/shop\\\/chanel-catwalk\\\/#primaryimage\"},\"image\":{\"@id\":\"https:\\\/\\\/foliobooks.pl\\\/en\\\/shop\\\/chanel-catwalk\\\/#primaryimage\"},\"thumbnailUrl\":\"https:\\\/\\\/foliobooks.pl\\\/wp-content\\\/uploads\\\/2016\\\/10\\\/9780500518366.png\",\"datePublished\":\"2016-10-28T13:55:45+00:00\",\"dateModified\":\"2025-11-07T15:35:18+00:00\",\"description\":\"Wejd\u017a i kup ksi\u0105\u017ck\u0119 Chanel Catwalk autorstwa Ad\u00e9lia Sabatini, Patrick Mauri\u00e8s wydan\u0105 przez Thames &amp; Hudson (2016-05-16) w formacie 27 x 19 cm (ISBN: 9780500518366). Zapraszamy!\",\"breadcrumb\":{\"@id\":\"https:\\\/\\\/foliobooks.pl\\\/en\\\/shop\\\/chanel-catwalk\\\/#breadcrumb\"},\"inLanguage\":\"en-US\",\"potentialAction\":[{\"@type\":\"ReadAction\",\"target\":[\"https:\\\/\\\/foliobooks.pl\\\/en\\\/shop\\\/chanel-catwalk\\\/\"]}]},{\"@type\":\"ImageObject\",\"inLanguage\":\"en-US\",\"@id\":\"https:\\\/\\\/foliobooks.pl\\\/en\\\/shop\\\/chanel-catwalk\\\/#primaryimage\",\"url\":\"https:\\\/\\\/foliobooks.pl\\\/wp-content\\\/uploads\\\/2016\\\/10\\\/9780500518366.png\",\"contentUrl\":\"https:\\\/\\\/foliobooks.pl\\\/wp-content\\\/uploads\\\/2016\\\/10\\\/9780500518366.png\",\"width\":570,\"height\":708},{\"@type\":\"BreadcrumbList\",\"@id\":\"https:\\\/\\\/foliobooks.pl\\\/en\\\/shop\\\/chanel-catwalk\\\/#breadcrumb\",\"itemListElement\":[{\"@type\":\"ListItem\",\"position\":1,\"name\":\"Strona g\u0142\u00f3wna\",\"item\":\"https:\\\/\\\/foliobooks.pl\\\/en\\\/\"},{\"@type\":\"ListItem\",\"position\":2,\"name\":\"Shop\",\"item\":\"https:\\\/\\\/foliobooks.pl\\\/en\\\/shop\\\/\"},{\"@type\":\"ListItem\",\"position\":3,\"name\":\"Chanel Catwalk\"}]},{\"@type\":\"WebSite\",\"@id\":\"https:\\\/\\\/foliobooks.pl\\\/en\\\/#website\",\"url\":\"https:\\\/\\\/foliobooks.pl\\\/en\\\/\",\"name\":\"Folio\",\"description\":\"Ksi\u0119garnia internetowa\",\"potentialAction\":[{\"@type\":\"SearchAction\",\"target\":{\"@type\":\"EntryPoint\",\"urlTemplate\":\"https:\\\/\\\/foliobooks.pl\\\/en\\\/?s={search_term_string}\"},\"query-input\":{\"@type\":\"PropertyValueSpecification\",\"valueRequired\":true,\"valueName\":\"search_term_string\"}}],\"inLanguage\":\"en-US\"}]}<\/script>\n<!-- \/ Yoast SEO plugin. -->","yoast_head_json":{"title":"Chanel Catwalk (Ad\u00e9lia Sabatini, Patrick Mauri\u00e8s) - book \/ album - Folio","description":"Wejd\u017a i kup ksi\u0105\u017ck\u0119 Chanel Catwalk autorstwa Ad\u00e9lia Sabatini, Patrick Mauri\u00e8s wydan\u0105 przez Thames &amp; Hudson (2016-05-16) w formacie 27 x 19 cm (ISBN: 9780500518366). Zapraszamy!","robots":{"index":"index","follow":"follow","max-snippet":"max-snippet:-1","max-image-preview":"max-image-preview:large","max-video-preview":"max-video-preview:-1"},"canonical":"https:\/\/foliobooks.pl\/en\/shop\/chanel-catwalk\/","og_locale":"en_US","og_type":"article","og_title":"Chanel Catwalk (Ad\u00e9lia Sabatini, Patrick Mauri\u00e8s) - book \/ album - Folio","og_description":"Wejd\u017a i kup ksi\u0105\u017ck\u0119 Chanel Catwalk autorstwa Ad\u00e9lia Sabatini, Patrick Mauri\u00e8s wydan\u0105 przez Thames &amp; Hudson (2016-05-16) w formacie 27 x 19 cm (ISBN: 9780500518366). Zapraszamy!","og_url":"https:\/\/foliobooks.pl\/en\/shop\/chanel-catwalk\/","og_site_name":"Folio","article_modified_time":"2025-11-07T15:35:18+00:00","og_image":[{"width":570,"height":708,"url":"https:\/\/foliobooks.pl\/wp-content\/uploads\/2016\/10\/9780500518366.png","type":"image\/png"}],"twitter_card":"summary_large_image","twitter_misc":{"Est. reading time":"1 minute"},"schema":{"@context":"https:\/\/schema.org","@graph":[{"@type":"WebPage","@id":"https:\/\/foliobooks.pl\/en\/shop\/chanel-catwalk\/","url":"https:\/\/foliobooks.pl\/en\/shop\/chanel-catwalk\/","name":"Chanel Catwalk (Ad\u00e9lia Sabatini, Patrick Mauri\u00e8s) - book \/ album - Folio","isPartOf":{"@id":"https:\/\/foliobooks.pl\/en\/#website"},"primaryImageOfPage":{"@id":"https:\/\/foliobooks.pl\/en\/shop\/chanel-catwalk\/#primaryimage"},"image":{"@id":"https:\/\/foliobooks.pl\/en\/shop\/chanel-catwalk\/#primaryimage"},"thumbnailUrl":"https:\/\/foliobooks.pl\/wp-content\/uploads\/2016\/10\/9780500518366.png","datePublished":"2016-10-28T13:55:45+00:00","dateModified":"2025-11-07T15:35:18+00:00","description":"Wejd\u017a i kup ksi\u0105\u017ck\u0119 Chanel Catwalk autorstwa Ad\u00e9lia Sabatini, Patrick Mauri\u00e8s wydan\u0105 przez Thames &amp; Hudson (2016-05-16) w formacie 27 x 19 cm (ISBN: 9780500518366). Zapraszamy!","breadcrumb":{"@id":"https:\/\/foliobooks.pl\/en\/shop\/chanel-catwalk\/#breadcrumb"},"inLanguage":"en-US","potentialAction":[{"@type":"ReadAction","target":["https:\/\/foliobooks.pl\/en\/shop\/chanel-catwalk\/"]}]},{"@type":"ImageObject","inLanguage":"en-US","@id":"https:\/\/foliobooks.pl\/en\/shop\/chanel-catwalk\/#primaryimage","url":"https:\/\/foliobooks.pl\/wp-content\/uploads\/2016\/10\/9780500518366.png","contentUrl":"https:\/\/foliobooks.pl\/wp-content\/uploads\/2016\/10\/9780500518366.png","width":570,"height":708},{"@type":"BreadcrumbList","@id":"https:\/\/foliobooks.pl\/en\/shop\/chanel-catwalk\/#breadcrumb","itemListElement":[{"@type":"ListItem","position":1,"name":"Strona g\u0142\u00f3wna","item":"https:\/\/foliobooks.pl\/en\/"},{"@type":"ListItem","position":2,"name":"Shop","item":"https:\/\/foliobooks.pl\/en\/shop\/"},{"@type":"ListItem","position":3,"name":"Chanel Catwalk"}]},{"@type":"WebSite","@id":"https:\/\/foliobooks.pl\/en\/#website","url":"https:\/\/foliobooks.pl\/en\/","name":"Folio","description":"Ksi\u0119garnia internetowa","potentialAction":[{"@type":"SearchAction","target":{"@type":"EntryPoint","urlTemplate":"https:\/\/foliobooks.pl\/en\/?s={search_term_string}"},"query-input":{"@type":"PropertyValueSpecification","valueRequired":true,"valueName":"search_term_string"}}],"inLanguage":"en-US"}]}},"_links":{"self":[{"href":"https:\/\/foliobooks.pl\/en\/wp-json\/wp\/v2\/product\/16993","targetHints":{"allow":["GET"]}}],"collection":[{"href":"https:\/\/foliobooks.pl\/en\/wp-json\/wp\/v2\/product"}],"about":[{"href":"https:\/\/foliobooks.pl\/en\/wp-json\/wp\/v2\/types\/product"}],"replies":[{"embeddable":true,"href":"https:\/\/foliobooks.pl\/en\/wp-json\/wp\/v2\/comments?post=16993"}],"wp:featuredmedia":[{"embeddable":true,"href":"https:\/\/foliobooks.pl\/en\/wp-json\/wp\/v2\/media\/16982"}],"wp:attachment":[{"href":"https:\/\/foliobooks.pl\/en\/wp-json\/wp\/v2\/media?parent=16993"}],"wp:term":[{"taxonomy":"product_brand","embeddable":true,"href":"https:\/\/foliobooks.pl\/en\/wp-json\/wp\/v2\/product_brand?post=16993"},{"taxonomy":"product_cat","embeddable":true,"href":"https:\/\/foliobooks.pl\/en\/wp-json\/wp\/v2\/product_cat?post=16993"},{"taxonomy":"product_tag","embeddable":true,"href":"https:\/\/foliobooks.pl\/en\/wp-json\/wp\/v2\/product_tag?post=16993"}],"curies":[{"name":"wp","href":"https:\/\/api.w.org\/{rel}","templated":true}]}}