{"id":16864,"date":"2016-10-14T12:37:47","date_gmt":"2016-10-14T10:37:47","guid":{"rendered":"http:\/\/foliobooks.pl\/en\/sklep\/photographers-a-z\/"},"modified":"2023-08-09T15:08:17","modified_gmt":"2023-08-09T13:08:17","slug":"photographers-a-z","status":"publish","type":"product","link":"https:\/\/foliobooks.pl\/en\/shop\/photographers-a-z\/","title":{"rendered":"Photographers A-Z"},"content":{"rendered":"<p>Arranged alphabetically, this biographical encyclopedia features every major photographer of the 20th century alongside her or his most significant monographs.<\/p>\n<p>From the earliest representatives of classical Modernism right up to the present day, Photographers A\u2013Z celebrates those photographers who have distinguished themselves with important publications or exhibitions, and who have made a significant contribution to the culture of the photographic image. The entries include photographers from North America and Europe as well as from Japan, Latin America, Africa, and China.<\/p>\n<p>Richly illustrated with facsimiles from books and magazines, the collection also features photographers working in \u201capplied\u201d areas, whose work is regarded as photographic art. Star turns include Julius Shulman, Terry Richardson, Cindy Sherman, and David LaChapelle.<\/p>\n","protected":false},"excerpt":{"rendered":"<p>Arranged alphabetically, this biographical encyclopedia features every major photographer of the 20th century alongside her or his most significant monographs. From the earliest representatives of classical Modernism right up to the present day, Photographers A\u2013Z celebrates those photographers who have distinguished themselves with important publications or exhibitions, and who have made a significant contribution to&#8230;<\/p>\n","protected":false},"featured_media":16857,"comment_status":"closed","ping_status":"closed","template":"","meta":[],"product_brand":[],"product_cat":[4517],"product_tag":[6121],"class_list":{"0":"post-16864","1":"product","2":"type-product","3":"status-publish","4":"has-post-thumbnail","6":"product_cat-photography-en","7":"product_tag-photography","8":"pa_author_att-hans-michael-koetzle-en","9":"pa_cover-hardcover","10":"pa_format-14-x-195-cm-en","11":"pa_isbn-9783836554367-en","12":"pa_language-eng","13":"pa_pages-640-en","14":"pa_published-2015-03-12-en","15":"pa_publisher-taschen-en-en","17":"first","18":"outofstock","19":"sold-individually","20":"shipping-taxable","21":"purchasable","22":"product-type-simple"},"yoast_head":"<!-- This site is optimized with the Yoast SEO plugin v27.4 - https:\/\/yoast.com\/product\/yoast-seo-wordpress\/ -->\n<title>Photographers A-Z (Hans-Michael Koetzle) - book \/ album - Folio<\/title>\n<meta name=\"description\" content=\"Wejd\u017a i kup ksi\u0105\u017ck\u0119 Photographers A-Z autorstwa Hans-Michael Koetzle wydan\u0105 przez TASCHEN (2015-03-12) w formacie 14 x 19,5 cm (ISBN: 9783836554367). Zapraszamy!\" \/>\n<meta name=\"robots\" content=\"index, follow, max-snippet:-1, max-image-preview:large, max-video-preview:-1\" \/>\n<link rel=\"canonical\" href=\"https:\/\/foliobooks.pl\/en\/shop\/photographers-a-z\/\" \/>\n<meta property=\"og:locale\" content=\"en_US\" \/>\n<meta property=\"og:type\" content=\"article\" \/>\n<meta property=\"og:title\" content=\"Photographers A-Z (Hans-Michael Koetzle) - book \/ album - Folio\" \/>\n<meta property=\"og:description\" content=\"Wejd\u017a i kup ksi\u0105\u017ck\u0119 Photographers A-Z autorstwa Hans-Michael Koetzle wydan\u0105 przez TASCHEN (2015-03-12) w formacie 14 x 19,5 cm (ISBN: 9783836554367). Zapraszamy!\" \/>\n<meta property=\"og:url\" content=\"https:\/\/foliobooks.pl\/en\/shop\/photographers-a-z\/\" \/>\n<meta property=\"og:site_name\" content=\"Folio\" \/>\n<meta property=\"article:modified_time\" content=\"2023-08-09T13:08:17+00:00\" \/>\n<meta property=\"og:image\" content=\"https:\/\/foliobooks.pl\/wp-content\/uploads\/2016\/10\/9783836554367.png\" \/>\n\t<meta property=\"og:image:width\" content=\"570\" \/>\n\t<meta property=\"og:image:height\" content=\"708\" \/>\n\t<meta property=\"og:image:type\" content=\"image\/png\" \/>\n<meta name=\"twitter:card\" content=\"summary_large_image\" \/>\n<meta name=\"twitter:label1\" content=\"Est. reading time\" \/>\n\t<meta name=\"twitter:data1\" content=\"1 minute\" \/>\n<script type=\"application\/ld+json\" class=\"yoast-schema-graph\">{\"@context\":\"https:\\\/\\\/schema.org\",\"@graph\":[{\"@type\":\"WebPage\",\"@id\":\"https:\\\/\\\/foliobooks.pl\\\/en\\\/shop\\\/photographers-a-z\\\/\",\"url\":\"https:\\\/\\\/foliobooks.pl\\\/en\\\/shop\\\/photographers-a-z\\\/\",\"name\":\"Photographers A-Z (Hans-Michael Koetzle) - book \\\/ album - Folio\",\"isPartOf\":{\"@id\":\"https:\\\/\\\/foliobooks.pl\\\/en\\\/#website\"},\"primaryImageOfPage\":{\"@id\":\"https:\\\/\\\/foliobooks.pl\\\/en\\\/shop\\\/photographers-a-z\\\/#primaryimage\"},\"image\":{\"@id\":\"https:\\\/\\\/foliobooks.pl\\\/en\\\/shop\\\/photographers-a-z\\\/#primaryimage\"},\"thumbnailUrl\":\"https:\\\/\\\/foliobooks.pl\\\/wp-content\\\/uploads\\\/2016\\\/10\\\/9783836554367.png\",\"datePublished\":\"2016-10-14T10:37:47+00:00\",\"dateModified\":\"2023-08-09T13:08:17+00:00\",\"description\":\"Wejd\u017a i kup ksi\u0105\u017ck\u0119 Photographers A-Z autorstwa Hans-Michael Koetzle wydan\u0105 przez TASCHEN (2015-03-12) w formacie 14 x 19,5 cm (ISBN: 9783836554367). Zapraszamy!\",\"breadcrumb\":{\"@id\":\"https:\\\/\\\/foliobooks.pl\\\/en\\\/shop\\\/photographers-a-z\\\/#breadcrumb\"},\"inLanguage\":\"en-US\",\"potentialAction\":[{\"@type\":\"ReadAction\",\"target\":[\"https:\\\/\\\/foliobooks.pl\\\/en\\\/shop\\\/photographers-a-z\\\/\"]}]},{\"@type\":\"ImageObject\",\"inLanguage\":\"en-US\",\"@id\":\"https:\\\/\\\/foliobooks.pl\\\/en\\\/shop\\\/photographers-a-z\\\/#primaryimage\",\"url\":\"https:\\\/\\\/foliobooks.pl\\\/wp-content\\\/uploads\\\/2016\\\/10\\\/9783836554367.png\",\"contentUrl\":\"https:\\\/\\\/foliobooks.pl\\\/wp-content\\\/uploads\\\/2016\\\/10\\\/9783836554367.png\",\"width\":570,\"height\":708},{\"@type\":\"BreadcrumbList\",\"@id\":\"https:\\\/\\\/foliobooks.pl\\\/en\\\/shop\\\/photographers-a-z\\\/#breadcrumb\",\"itemListElement\":[{\"@type\":\"ListItem\",\"position\":1,\"name\":\"Strona g\u0142\u00f3wna\",\"item\":\"https:\\\/\\\/foliobooks.pl\\\/en\\\/\"},{\"@type\":\"ListItem\",\"position\":2,\"name\":\"Shop\",\"item\":\"https:\\\/\\\/foliobooks.pl\\\/en\\\/shop\\\/\"},{\"@type\":\"ListItem\",\"position\":3,\"name\":\"Photographers A-Z\"}]},{\"@type\":\"WebSite\",\"@id\":\"https:\\\/\\\/foliobooks.pl\\\/en\\\/#website\",\"url\":\"https:\\\/\\\/foliobooks.pl\\\/en\\\/\",\"name\":\"Folio\",\"description\":\"Ksi\u0119garnia internetowa\",\"potentialAction\":[{\"@type\":\"SearchAction\",\"target\":{\"@type\":\"EntryPoint\",\"urlTemplate\":\"https:\\\/\\\/foliobooks.pl\\\/en\\\/?s={search_term_string}\"},\"query-input\":{\"@type\":\"PropertyValueSpecification\",\"valueRequired\":true,\"valueName\":\"search_term_string\"}}],\"inLanguage\":\"en-US\"}]}<\/script>\n<!-- \/ Yoast SEO plugin. -->","yoast_head_json":{"title":"Photographers A-Z (Hans-Michael Koetzle) - book \/ album - Folio","description":"Wejd\u017a i kup ksi\u0105\u017ck\u0119 Photographers A-Z autorstwa Hans-Michael Koetzle wydan\u0105 przez TASCHEN (2015-03-12) w formacie 14 x 19,5 cm (ISBN: 9783836554367). Zapraszamy!","robots":{"index":"index","follow":"follow","max-snippet":"max-snippet:-1","max-image-preview":"max-image-preview:large","max-video-preview":"max-video-preview:-1"},"canonical":"https:\/\/foliobooks.pl\/en\/shop\/photographers-a-z\/","og_locale":"en_US","og_type":"article","og_title":"Photographers A-Z (Hans-Michael Koetzle) - book \/ album - Folio","og_description":"Wejd\u017a i kup ksi\u0105\u017ck\u0119 Photographers A-Z autorstwa Hans-Michael Koetzle wydan\u0105 przez TASCHEN (2015-03-12) w formacie 14 x 19,5 cm (ISBN: 9783836554367). Zapraszamy!","og_url":"https:\/\/foliobooks.pl\/en\/shop\/photographers-a-z\/","og_site_name":"Folio","article_modified_time":"2023-08-09T13:08:17+00:00","og_image":[{"width":570,"height":708,"url":"https:\/\/foliobooks.pl\/wp-content\/uploads\/2016\/10\/9783836554367.png","type":"image\/png"}],"twitter_card":"summary_large_image","twitter_misc":{"Est. reading time":"1 minute"},"schema":{"@context":"https:\/\/schema.org","@graph":[{"@type":"WebPage","@id":"https:\/\/foliobooks.pl\/en\/shop\/photographers-a-z\/","url":"https:\/\/foliobooks.pl\/en\/shop\/photographers-a-z\/","name":"Photographers A-Z (Hans-Michael Koetzle) - book \/ album - Folio","isPartOf":{"@id":"https:\/\/foliobooks.pl\/en\/#website"},"primaryImageOfPage":{"@id":"https:\/\/foliobooks.pl\/en\/shop\/photographers-a-z\/#primaryimage"},"image":{"@id":"https:\/\/foliobooks.pl\/en\/shop\/photographers-a-z\/#primaryimage"},"thumbnailUrl":"https:\/\/foliobooks.pl\/wp-content\/uploads\/2016\/10\/9783836554367.png","datePublished":"2016-10-14T10:37:47+00:00","dateModified":"2023-08-09T13:08:17+00:00","description":"Wejd\u017a i kup ksi\u0105\u017ck\u0119 Photographers A-Z autorstwa Hans-Michael Koetzle wydan\u0105 przez TASCHEN (2015-03-12) w formacie 14 x 19,5 cm (ISBN: 9783836554367). Zapraszamy!","breadcrumb":{"@id":"https:\/\/foliobooks.pl\/en\/shop\/photographers-a-z\/#breadcrumb"},"inLanguage":"en-US","potentialAction":[{"@type":"ReadAction","target":["https:\/\/foliobooks.pl\/en\/shop\/photographers-a-z\/"]}]},{"@type":"ImageObject","inLanguage":"en-US","@id":"https:\/\/foliobooks.pl\/en\/shop\/photographers-a-z\/#primaryimage","url":"https:\/\/foliobooks.pl\/wp-content\/uploads\/2016\/10\/9783836554367.png","contentUrl":"https:\/\/foliobooks.pl\/wp-content\/uploads\/2016\/10\/9783836554367.png","width":570,"height":708},{"@type":"BreadcrumbList","@id":"https:\/\/foliobooks.pl\/en\/shop\/photographers-a-z\/#breadcrumb","itemListElement":[{"@type":"ListItem","position":1,"name":"Strona g\u0142\u00f3wna","item":"https:\/\/foliobooks.pl\/en\/"},{"@type":"ListItem","position":2,"name":"Shop","item":"https:\/\/foliobooks.pl\/en\/shop\/"},{"@type":"ListItem","position":3,"name":"Photographers A-Z"}]},{"@type":"WebSite","@id":"https:\/\/foliobooks.pl\/en\/#website","url":"https:\/\/foliobooks.pl\/en\/","name":"Folio","description":"Ksi\u0119garnia internetowa","potentialAction":[{"@type":"SearchAction","target":{"@type":"EntryPoint","urlTemplate":"https:\/\/foliobooks.pl\/en\/?s={search_term_string}"},"query-input":{"@type":"PropertyValueSpecification","valueRequired":true,"valueName":"search_term_string"}}],"inLanguage":"en-US"}]}},"_links":{"self":[{"href":"https:\/\/foliobooks.pl\/en\/wp-json\/wp\/v2\/product\/16864","targetHints":{"allow":["GET"]}}],"collection":[{"href":"https:\/\/foliobooks.pl\/en\/wp-json\/wp\/v2\/product"}],"about":[{"href":"https:\/\/foliobooks.pl\/en\/wp-json\/wp\/v2\/types\/product"}],"replies":[{"embeddable":true,"href":"https:\/\/foliobooks.pl\/en\/wp-json\/wp\/v2\/comments?post=16864"}],"wp:featuredmedia":[{"embeddable":true,"href":"https:\/\/foliobooks.pl\/en\/wp-json\/wp\/v2\/media\/16857"}],"wp:attachment":[{"href":"https:\/\/foliobooks.pl\/en\/wp-json\/wp\/v2\/media?parent=16864"}],"wp:term":[{"taxonomy":"product_brand","embeddable":true,"href":"https:\/\/foliobooks.pl\/en\/wp-json\/wp\/v2\/product_brand?post=16864"},{"taxonomy":"product_cat","embeddable":true,"href":"https:\/\/foliobooks.pl\/en\/wp-json\/wp\/v2\/product_cat?post=16864"},{"taxonomy":"product_tag","embeddable":true,"href":"https:\/\/foliobooks.pl\/en\/wp-json\/wp\/v2\/product_tag?post=16864"}],"curies":[{"name":"wp","href":"https:\/\/api.w.org\/{rel}","templated":true}]}}