{"id":16854,"date":"2016-10-14T12:29:46","date_gmt":"2016-10-14T10:29:46","guid":{"rendered":"http:\/\/foliobooks.pl\/en\/sklep\/design-of-the-20th-century\/"},"modified":"2025-12-15T18:29:38","modified_gmt":"2025-12-15T17:29:38","slug":"design-of-the-20th-century","status":"publish","type":"product","link":"https:\/\/foliobooks.pl\/en\/shop\/design-of-the-20th-century\/","title":{"rendered":"Design of the 20th Century"},"content":{"rendered":"<p>Poised at the start of the 21st century, we can see clearly that the previous century was marked by momentous changes in the field of design. Aesthetics entered into everyday life with often staggering results. Our homes and workplaces turned into veritable galleries of style and innovation.<\/p>\n<p>From furniture to graphics, it`s all here &#8211; the work of artists who have shaped and recreated the modern world with a dizzying variety of materials. From the organic to the geometric, from Art Deco, through to Pop and High-Tech, this book contains all the great names &#8211; Harry Bertoia, De Stijl, Dieter Rams, Philippe Starck, Charles and Ray Eames, to name only a very few. This essential book is a comprehensive journey through the shapes and colors, forms and functions of design history in the 20th century. An A-Z of designers and design schools, which builds into a complete picture of contemporary living. Lavishly illustrated, this is design in the fullest sense.<\/p>\n","protected":false},"excerpt":{"rendered":"<p>Poised at the start of the 21st century, we can see clearly that the previous century was marked by momentous changes in the field of design. Aesthetics entered into everyday life with often staggering results. Our homes and workplaces turned into veritable galleries of style and innovation. From furniture to graphics, it`s all here &#8211;&#8230;<\/p>\n","protected":false},"featured_media":16847,"comment_status":"closed","ping_status":"closed","template":"","meta":[],"product_brand":[],"product_cat":[4523,4525,4526],"product_tag":[1156,4524,157,153],"class_list":{"0":"post-16854","1":"product","2":"type-product","3":"status-publish","4":"has-post-thumbnail","6":"product_cat-design-en-en","7":"product_cat-graphic-design","8":"product_cat-industrial-design","9":"product_tag-appliedarts-en","10":"product_tag-design-en-en","11":"product_tag-designers","12":"product_tag-furniture","13":"pa_author_att-charlotte-fiell-en","14":"pa_author_att-peter-fiell-en","15":"pa_cover-hardcover","16":"pa_format-14-x-195-cm-en","17":"pa_isbn-9783836541060-en","18":"pa_language-eng","19":"pa_pages-768-en","20":"pa_published-2012-10-15-en","21":"pa_publisher-taschen-en-en","23":"first","24":"outofstock","25":"sold-individually","26":"shipping-taxable","27":"purchasable","28":"product-type-simple"},"yoast_head":"<!-- This site is optimized with the Yoast SEO plugin v27.4 - https:\/\/yoast.com\/product\/yoast-seo-wordpress\/ -->\n<title>Design of the 20th Century (Charlotte Fiell, Peter Fiell) - book \/ album - Folio<\/title>\n<meta name=\"description\" content=\"Wejd\u017a i kup ksi\u0105\u017ck\u0119 Design of the 20th Century autorstwa Charlotte Fiell, Peter Fiell wydan\u0105 przez TASCHEN (2012-10-15) w formacie 14 x 19,5 cm (ISBN: 9783836541060). Zapraszamy!\" \/>\n<meta name=\"robots\" content=\"index, follow, max-snippet:-1, max-image-preview:large, max-video-preview:-1\" \/>\n<link rel=\"canonical\" href=\"https:\/\/foliobooks.pl\/en\/shop\/design-of-the-20th-century\/\" \/>\n<meta property=\"og:locale\" content=\"en_US\" \/>\n<meta property=\"og:type\" content=\"article\" \/>\n<meta property=\"og:title\" content=\"Design of the 20th Century (Charlotte Fiell, Peter Fiell) - book \/ album - Folio\" \/>\n<meta property=\"og:description\" content=\"Wejd\u017a i kup ksi\u0105\u017ck\u0119 Design of the 20th Century autorstwa Charlotte Fiell, Peter Fiell wydan\u0105 przez TASCHEN (2012-10-15) w formacie 14 x 19,5 cm (ISBN: 9783836541060). Zapraszamy!\" \/>\n<meta property=\"og:url\" content=\"https:\/\/foliobooks.pl\/en\/shop\/design-of-the-20th-century\/\" \/>\n<meta property=\"og:site_name\" content=\"Folio\" \/>\n<meta property=\"article:modified_time\" content=\"2025-12-15T17:29:38+00:00\" \/>\n<meta property=\"og:image\" content=\"https:\/\/foliobooks.pl\/wp-content\/uploads\/2016\/10\/9783836541060.png\" \/>\n\t<meta property=\"og:image:width\" content=\"570\" \/>\n\t<meta property=\"og:image:height\" content=\"708\" \/>\n\t<meta property=\"og:image:type\" content=\"image\/png\" \/>\n<meta name=\"twitter:card\" content=\"summary_large_image\" \/>\n<meta name=\"twitter:label1\" content=\"Est. reading time\" \/>\n\t<meta name=\"twitter:data1\" content=\"1 minute\" \/>\n<script type=\"application\/ld+json\" class=\"yoast-schema-graph\">{\"@context\":\"https:\\\/\\\/schema.org\",\"@graph\":[{\"@type\":\"WebPage\",\"@id\":\"https:\\\/\\\/foliobooks.pl\\\/en\\\/shop\\\/design-of-the-20th-century\\\/\",\"url\":\"https:\\\/\\\/foliobooks.pl\\\/en\\\/shop\\\/design-of-the-20th-century\\\/\",\"name\":\"Design of the 20th Century (Charlotte Fiell, Peter Fiell) - book \\\/ album - Folio\",\"isPartOf\":{\"@id\":\"https:\\\/\\\/foliobooks.pl\\\/en\\\/#website\"},\"primaryImageOfPage\":{\"@id\":\"https:\\\/\\\/foliobooks.pl\\\/en\\\/shop\\\/design-of-the-20th-century\\\/#primaryimage\"},\"image\":{\"@id\":\"https:\\\/\\\/foliobooks.pl\\\/en\\\/shop\\\/design-of-the-20th-century\\\/#primaryimage\"},\"thumbnailUrl\":\"https:\\\/\\\/foliobooks.pl\\\/wp-content\\\/uploads\\\/2016\\\/10\\\/9783836541060.png\",\"datePublished\":\"2016-10-14T10:29:46+00:00\",\"dateModified\":\"2025-12-15T17:29:38+00:00\",\"description\":\"Wejd\u017a i kup ksi\u0105\u017ck\u0119 Design of the 20th Century autorstwa Charlotte Fiell, Peter Fiell wydan\u0105 przez TASCHEN (2012-10-15) w formacie 14 x 19,5 cm (ISBN: 9783836541060). Zapraszamy!\",\"breadcrumb\":{\"@id\":\"https:\\\/\\\/foliobooks.pl\\\/en\\\/shop\\\/design-of-the-20th-century\\\/#breadcrumb\"},\"inLanguage\":\"en-US\",\"potentialAction\":[{\"@type\":\"ReadAction\",\"target\":[\"https:\\\/\\\/foliobooks.pl\\\/en\\\/shop\\\/design-of-the-20th-century\\\/\"]}]},{\"@type\":\"ImageObject\",\"inLanguage\":\"en-US\",\"@id\":\"https:\\\/\\\/foliobooks.pl\\\/en\\\/shop\\\/design-of-the-20th-century\\\/#primaryimage\",\"url\":\"https:\\\/\\\/foliobooks.pl\\\/wp-content\\\/uploads\\\/2016\\\/10\\\/9783836541060.png\",\"contentUrl\":\"https:\\\/\\\/foliobooks.pl\\\/wp-content\\\/uploads\\\/2016\\\/10\\\/9783836541060.png\",\"width\":570,\"height\":708},{\"@type\":\"BreadcrumbList\",\"@id\":\"https:\\\/\\\/foliobooks.pl\\\/en\\\/shop\\\/design-of-the-20th-century\\\/#breadcrumb\",\"itemListElement\":[{\"@type\":\"ListItem\",\"position\":1,\"name\":\"Strona g\u0142\u00f3wna\",\"item\":\"https:\\\/\\\/foliobooks.pl\\\/en\\\/\"},{\"@type\":\"ListItem\",\"position\":2,\"name\":\"Shop\",\"item\":\"https:\\\/\\\/foliobooks.pl\\\/en\\\/shop\\\/\"},{\"@type\":\"ListItem\",\"position\":3,\"name\":\"Design of the 20th Century\"}]},{\"@type\":\"WebSite\",\"@id\":\"https:\\\/\\\/foliobooks.pl\\\/en\\\/#website\",\"url\":\"https:\\\/\\\/foliobooks.pl\\\/en\\\/\",\"name\":\"Folio\",\"description\":\"Ksi\u0119garnia internetowa\",\"potentialAction\":[{\"@type\":\"SearchAction\",\"target\":{\"@type\":\"EntryPoint\",\"urlTemplate\":\"https:\\\/\\\/foliobooks.pl\\\/en\\\/?s={search_term_string}\"},\"query-input\":{\"@type\":\"PropertyValueSpecification\",\"valueRequired\":true,\"valueName\":\"search_term_string\"}}],\"inLanguage\":\"en-US\"}]}<\/script>\n<!-- \/ Yoast SEO plugin. -->","yoast_head_json":{"title":"Design of the 20th Century (Charlotte Fiell, Peter Fiell) - book \/ album - Folio","description":"Wejd\u017a i kup ksi\u0105\u017ck\u0119 Design of the 20th Century autorstwa Charlotte Fiell, Peter Fiell wydan\u0105 przez TASCHEN (2012-10-15) w formacie 14 x 19,5 cm (ISBN: 9783836541060). Zapraszamy!","robots":{"index":"index","follow":"follow","max-snippet":"max-snippet:-1","max-image-preview":"max-image-preview:large","max-video-preview":"max-video-preview:-1"},"canonical":"https:\/\/foliobooks.pl\/en\/shop\/design-of-the-20th-century\/","og_locale":"en_US","og_type":"article","og_title":"Design of the 20th Century (Charlotte Fiell, Peter Fiell) - book \/ album - Folio","og_description":"Wejd\u017a i kup ksi\u0105\u017ck\u0119 Design of the 20th Century autorstwa Charlotte Fiell, Peter Fiell wydan\u0105 przez TASCHEN (2012-10-15) w formacie 14 x 19,5 cm (ISBN: 9783836541060). Zapraszamy!","og_url":"https:\/\/foliobooks.pl\/en\/shop\/design-of-the-20th-century\/","og_site_name":"Folio","article_modified_time":"2025-12-15T17:29:38+00:00","og_image":[{"width":570,"height":708,"url":"https:\/\/foliobooks.pl\/wp-content\/uploads\/2016\/10\/9783836541060.png","type":"image\/png"}],"twitter_card":"summary_large_image","twitter_misc":{"Est. reading time":"1 minute"},"schema":{"@context":"https:\/\/schema.org","@graph":[{"@type":"WebPage","@id":"https:\/\/foliobooks.pl\/en\/shop\/design-of-the-20th-century\/","url":"https:\/\/foliobooks.pl\/en\/shop\/design-of-the-20th-century\/","name":"Design of the 20th Century (Charlotte Fiell, Peter Fiell) - book \/ album - Folio","isPartOf":{"@id":"https:\/\/foliobooks.pl\/en\/#website"},"primaryImageOfPage":{"@id":"https:\/\/foliobooks.pl\/en\/shop\/design-of-the-20th-century\/#primaryimage"},"image":{"@id":"https:\/\/foliobooks.pl\/en\/shop\/design-of-the-20th-century\/#primaryimage"},"thumbnailUrl":"https:\/\/foliobooks.pl\/wp-content\/uploads\/2016\/10\/9783836541060.png","datePublished":"2016-10-14T10:29:46+00:00","dateModified":"2025-12-15T17:29:38+00:00","description":"Wejd\u017a i kup ksi\u0105\u017ck\u0119 Design of the 20th Century autorstwa Charlotte Fiell, Peter Fiell wydan\u0105 przez TASCHEN (2012-10-15) w formacie 14 x 19,5 cm (ISBN: 9783836541060). Zapraszamy!","breadcrumb":{"@id":"https:\/\/foliobooks.pl\/en\/shop\/design-of-the-20th-century\/#breadcrumb"},"inLanguage":"en-US","potentialAction":[{"@type":"ReadAction","target":["https:\/\/foliobooks.pl\/en\/shop\/design-of-the-20th-century\/"]}]},{"@type":"ImageObject","inLanguage":"en-US","@id":"https:\/\/foliobooks.pl\/en\/shop\/design-of-the-20th-century\/#primaryimage","url":"https:\/\/foliobooks.pl\/wp-content\/uploads\/2016\/10\/9783836541060.png","contentUrl":"https:\/\/foliobooks.pl\/wp-content\/uploads\/2016\/10\/9783836541060.png","width":570,"height":708},{"@type":"BreadcrumbList","@id":"https:\/\/foliobooks.pl\/en\/shop\/design-of-the-20th-century\/#breadcrumb","itemListElement":[{"@type":"ListItem","position":1,"name":"Strona g\u0142\u00f3wna","item":"https:\/\/foliobooks.pl\/en\/"},{"@type":"ListItem","position":2,"name":"Shop","item":"https:\/\/foliobooks.pl\/en\/shop\/"},{"@type":"ListItem","position":3,"name":"Design of the 20th Century"}]},{"@type":"WebSite","@id":"https:\/\/foliobooks.pl\/en\/#website","url":"https:\/\/foliobooks.pl\/en\/","name":"Folio","description":"Ksi\u0119garnia internetowa","potentialAction":[{"@type":"SearchAction","target":{"@type":"EntryPoint","urlTemplate":"https:\/\/foliobooks.pl\/en\/?s={search_term_string}"},"query-input":{"@type":"PropertyValueSpecification","valueRequired":true,"valueName":"search_term_string"}}],"inLanguage":"en-US"}]}},"_links":{"self":[{"href":"https:\/\/foliobooks.pl\/en\/wp-json\/wp\/v2\/product\/16854","targetHints":{"allow":["GET"]}}],"collection":[{"href":"https:\/\/foliobooks.pl\/en\/wp-json\/wp\/v2\/product"}],"about":[{"href":"https:\/\/foliobooks.pl\/en\/wp-json\/wp\/v2\/types\/product"}],"replies":[{"embeddable":true,"href":"https:\/\/foliobooks.pl\/en\/wp-json\/wp\/v2\/comments?post=16854"}],"wp:featuredmedia":[{"embeddable":true,"href":"https:\/\/foliobooks.pl\/en\/wp-json\/wp\/v2\/media\/16847"}],"wp:attachment":[{"href":"https:\/\/foliobooks.pl\/en\/wp-json\/wp\/v2\/media?parent=16854"}],"wp:term":[{"taxonomy":"product_brand","embeddable":true,"href":"https:\/\/foliobooks.pl\/en\/wp-json\/wp\/v2\/product_brand?post=16854"},{"taxonomy":"product_cat","embeddable":true,"href":"https:\/\/foliobooks.pl\/en\/wp-json\/wp\/v2\/product_cat?post=16854"},{"taxonomy":"product_tag","embeddable":true,"href":"https:\/\/foliobooks.pl\/en\/wp-json\/wp\/v2\/product_tag?post=16854"}],"curies":[{"name":"wp","href":"https:\/\/api.w.org\/{rel}","templated":true}]}}