{"id":16834,"date":"2016-10-14T12:04:05","date_gmt":"2016-10-14T10:04:05","guid":{"rendered":"http:\/\/foliobooks.pl\/en\/sklep\/david-chipperfield-basic-architecture-series\/"},"modified":"2022-09-20T15:33:51","modified_gmt":"2022-09-20T13:33:51","slug":"david-chipperfield-basic-architecture-series","status":"publish","type":"product","link":"https:\/\/foliobooks.pl\/en\/shop\/david-chipperfield-basic-architecture-series\/","title":{"rendered":"David Chipperfield. Basic Architecture  Series"},"content":{"rendered":"<p>From Berlin to Beirut, David Chipperfield (born 1953) aspires to an architecture founded on collaboration, ideas, and excellence. His buildings are intended as physically immediate spaces in which \u201ca sort of ordinariness\u201d becomes remarkable, and by which the individual structure co-exists with broader concepts of city building.<\/p>\n<p>Chipperfield\u2019s vision has driven major projects around the globe, from the famed rebuilding of the Neues Museum in Berlin, Germany to the Amorepacific Headquarters in Seoul. His architec\u00adtural practice has won many international competitions and numerous awards and citations for design excellence.<\/p>\n<p>In vivid images and accessible texts, this book covers Chipperfield\u2019s most striking projects to introduce the architect suspicious of \u201cstarchitecture,\u201d but nevertheless a global star on the architecture stage.<\/p>\n","protected":false},"excerpt":{"rendered":"<p>From Berlin to Beirut, David Chipperfield (born 1953) aspires to an architecture founded on collaboration, ideas, and excellence. His buildings are intended as physically immediate spaces in which \u201ca sort of ordinariness\u201d becomes remarkable, and by which the individual structure co-exists with broader concepts of city building. Chipperfield\u2019s vision has driven major projects around the&#8230;<\/p>\n","protected":false},"featured_media":16827,"comment_status":"closed","ping_status":"closed","template":"","meta":[],"product_brand":[],"product_cat":[4516],"product_tag":[1126,290,154],"class_list":{"0":"post-16834","1":"product","2":"type-product","3":"status-publish","4":"has-post-thumbnail","6":"product_cat-architecture-en","7":"product_tag-architects-en","8":"product_tag-interiors-en","9":"product_tag-monographs","10":"pa_author_att-philip-jodidio-en","11":"pa_cover-hardcover","12":"pa_format-21-x-26-cm-en","13":"pa_isbn-9783836551816-en","14":"pa_language-eng","15":"pa_pages-96-en","16":"pa_published-2015-12-23-en","17":"pa_publisher-taschen-en-en","19":"first","20":"outofstock","21":"sold-individually","22":"shipping-taxable","23":"purchasable","24":"product-type-simple"},"yoast_head":"<!-- This site is optimized with the Yoast SEO plugin v27.4 - https:\/\/yoast.com\/product\/yoast-seo-wordpress\/ -->\n<title>David Chipperfield. Basic Architecture Series (Philip Jodidio) - book \/ album - Folio<\/title>\n<meta name=\"description\" content=\"Wejd\u017a i kup ksi\u0105\u017ck\u0119 David Chipperfield. Basic Architecture Series autorstwa Philip Jodidio wydan\u0105 przez TASCHEN (2015-12-23) w formacie 21 x 26 cm (ISBN: 9783836551816). Zapraszamy!\" \/>\n<meta name=\"robots\" content=\"index, follow, max-snippet:-1, max-image-preview:large, max-video-preview:-1\" \/>\n<link rel=\"canonical\" href=\"https:\/\/foliobooks.pl\/en\/shop\/david-chipperfield-basic-architecture-series\/\" \/>\n<meta property=\"og:locale\" content=\"en_US\" \/>\n<meta property=\"og:type\" content=\"article\" \/>\n<meta property=\"og:title\" content=\"David Chipperfield. Basic Architecture Series (Philip Jodidio) - book \/ album - Folio\" \/>\n<meta property=\"og:description\" content=\"Wejd\u017a i kup ksi\u0105\u017ck\u0119 David Chipperfield. Basic Architecture Series autorstwa Philip Jodidio wydan\u0105 przez TASCHEN (2015-12-23) w formacie 21 x 26 cm (ISBN: 9783836551816). Zapraszamy!\" \/>\n<meta property=\"og:url\" content=\"https:\/\/foliobooks.pl\/en\/shop\/david-chipperfield-basic-architecture-series\/\" \/>\n<meta property=\"og:site_name\" content=\"Folio\" \/>\n<meta property=\"article:modified_time\" content=\"2022-09-20T13:33:51+00:00\" \/>\n<meta property=\"og:image\" content=\"https:\/\/foliobooks.pl\/wp-content\/uploads\/2016\/10\/9783836551816.png\" \/>\n\t<meta property=\"og:image:width\" content=\"570\" \/>\n\t<meta property=\"og:image:height\" content=\"708\" \/>\n\t<meta property=\"og:image:type\" content=\"image\/png\" \/>\n<meta name=\"twitter:card\" content=\"summary_large_image\" \/>\n<meta name=\"twitter:label1\" content=\"Est. reading time\" \/>\n\t<meta name=\"twitter:data1\" content=\"1 minute\" \/>\n<script type=\"application\/ld+json\" class=\"yoast-schema-graph\">{\"@context\":\"https:\\\/\\\/schema.org\",\"@graph\":[{\"@type\":\"WebPage\",\"@id\":\"https:\\\/\\\/foliobooks.pl\\\/en\\\/shop\\\/david-chipperfield-basic-architecture-series\\\/\",\"url\":\"https:\\\/\\\/foliobooks.pl\\\/en\\\/shop\\\/david-chipperfield-basic-architecture-series\\\/\",\"name\":\"David Chipperfield. Basic Architecture Series (Philip Jodidio) - book \\\/ album - Folio\",\"isPartOf\":{\"@id\":\"https:\\\/\\\/foliobooks.pl\\\/en\\\/#website\"},\"primaryImageOfPage\":{\"@id\":\"https:\\\/\\\/foliobooks.pl\\\/en\\\/shop\\\/david-chipperfield-basic-architecture-series\\\/#primaryimage\"},\"image\":{\"@id\":\"https:\\\/\\\/foliobooks.pl\\\/en\\\/shop\\\/david-chipperfield-basic-architecture-series\\\/#primaryimage\"},\"thumbnailUrl\":\"https:\\\/\\\/foliobooks.pl\\\/wp-content\\\/uploads\\\/2016\\\/10\\\/9783836551816.png\",\"datePublished\":\"2016-10-14T10:04:05+00:00\",\"dateModified\":\"2022-09-20T13:33:51+00:00\",\"description\":\"Wejd\u017a i kup ksi\u0105\u017ck\u0119 David Chipperfield. Basic Architecture Series autorstwa Philip Jodidio wydan\u0105 przez TASCHEN (2015-12-23) w formacie 21 x 26 cm (ISBN: 9783836551816). Zapraszamy!\",\"breadcrumb\":{\"@id\":\"https:\\\/\\\/foliobooks.pl\\\/en\\\/shop\\\/david-chipperfield-basic-architecture-series\\\/#breadcrumb\"},\"inLanguage\":\"en-US\",\"potentialAction\":[{\"@type\":\"ReadAction\",\"target\":[\"https:\\\/\\\/foliobooks.pl\\\/en\\\/shop\\\/david-chipperfield-basic-architecture-series\\\/\"]}]},{\"@type\":\"ImageObject\",\"inLanguage\":\"en-US\",\"@id\":\"https:\\\/\\\/foliobooks.pl\\\/en\\\/shop\\\/david-chipperfield-basic-architecture-series\\\/#primaryimage\",\"url\":\"https:\\\/\\\/foliobooks.pl\\\/wp-content\\\/uploads\\\/2016\\\/10\\\/9783836551816.png\",\"contentUrl\":\"https:\\\/\\\/foliobooks.pl\\\/wp-content\\\/uploads\\\/2016\\\/10\\\/9783836551816.png\",\"width\":570,\"height\":708},{\"@type\":\"BreadcrumbList\",\"@id\":\"https:\\\/\\\/foliobooks.pl\\\/en\\\/shop\\\/david-chipperfield-basic-architecture-series\\\/#breadcrumb\",\"itemListElement\":[{\"@type\":\"ListItem\",\"position\":1,\"name\":\"Strona g\u0142\u00f3wna\",\"item\":\"https:\\\/\\\/foliobooks.pl\\\/en\\\/\"},{\"@type\":\"ListItem\",\"position\":2,\"name\":\"Shop\",\"item\":\"https:\\\/\\\/foliobooks.pl\\\/en\\\/shop\\\/\"},{\"@type\":\"ListItem\",\"position\":3,\"name\":\"David Chipperfield. Basic Architecture Series\"}]},{\"@type\":\"WebSite\",\"@id\":\"https:\\\/\\\/foliobooks.pl\\\/en\\\/#website\",\"url\":\"https:\\\/\\\/foliobooks.pl\\\/en\\\/\",\"name\":\"Folio\",\"description\":\"Ksi\u0119garnia internetowa\",\"potentialAction\":[{\"@type\":\"SearchAction\",\"target\":{\"@type\":\"EntryPoint\",\"urlTemplate\":\"https:\\\/\\\/foliobooks.pl\\\/en\\\/?s={search_term_string}\"},\"query-input\":{\"@type\":\"PropertyValueSpecification\",\"valueRequired\":true,\"valueName\":\"search_term_string\"}}],\"inLanguage\":\"en-US\"}]}<\/script>\n<!-- \/ Yoast SEO plugin. -->","yoast_head_json":{"title":"David Chipperfield. Basic Architecture Series (Philip Jodidio) - book \/ album - Folio","description":"Wejd\u017a i kup ksi\u0105\u017ck\u0119 David Chipperfield. Basic Architecture Series autorstwa Philip Jodidio wydan\u0105 przez TASCHEN (2015-12-23) w formacie 21 x 26 cm (ISBN: 9783836551816). Zapraszamy!","robots":{"index":"index","follow":"follow","max-snippet":"max-snippet:-1","max-image-preview":"max-image-preview:large","max-video-preview":"max-video-preview:-1"},"canonical":"https:\/\/foliobooks.pl\/en\/shop\/david-chipperfield-basic-architecture-series\/","og_locale":"en_US","og_type":"article","og_title":"David Chipperfield. Basic Architecture Series (Philip Jodidio) - book \/ album - Folio","og_description":"Wejd\u017a i kup ksi\u0105\u017ck\u0119 David Chipperfield. Basic Architecture Series autorstwa Philip Jodidio wydan\u0105 przez TASCHEN (2015-12-23) w formacie 21 x 26 cm (ISBN: 9783836551816). Zapraszamy!","og_url":"https:\/\/foliobooks.pl\/en\/shop\/david-chipperfield-basic-architecture-series\/","og_site_name":"Folio","article_modified_time":"2022-09-20T13:33:51+00:00","og_image":[{"width":570,"height":708,"url":"https:\/\/foliobooks.pl\/wp-content\/uploads\/2016\/10\/9783836551816.png","type":"image\/png"}],"twitter_card":"summary_large_image","twitter_misc":{"Est. reading time":"1 minute"},"schema":{"@context":"https:\/\/schema.org","@graph":[{"@type":"WebPage","@id":"https:\/\/foliobooks.pl\/en\/shop\/david-chipperfield-basic-architecture-series\/","url":"https:\/\/foliobooks.pl\/en\/shop\/david-chipperfield-basic-architecture-series\/","name":"David Chipperfield. Basic Architecture Series (Philip Jodidio) - book \/ album - Folio","isPartOf":{"@id":"https:\/\/foliobooks.pl\/en\/#website"},"primaryImageOfPage":{"@id":"https:\/\/foliobooks.pl\/en\/shop\/david-chipperfield-basic-architecture-series\/#primaryimage"},"image":{"@id":"https:\/\/foliobooks.pl\/en\/shop\/david-chipperfield-basic-architecture-series\/#primaryimage"},"thumbnailUrl":"https:\/\/foliobooks.pl\/wp-content\/uploads\/2016\/10\/9783836551816.png","datePublished":"2016-10-14T10:04:05+00:00","dateModified":"2022-09-20T13:33:51+00:00","description":"Wejd\u017a i kup ksi\u0105\u017ck\u0119 David Chipperfield. Basic Architecture Series autorstwa Philip Jodidio wydan\u0105 przez TASCHEN (2015-12-23) w formacie 21 x 26 cm (ISBN: 9783836551816). Zapraszamy!","breadcrumb":{"@id":"https:\/\/foliobooks.pl\/en\/shop\/david-chipperfield-basic-architecture-series\/#breadcrumb"},"inLanguage":"en-US","potentialAction":[{"@type":"ReadAction","target":["https:\/\/foliobooks.pl\/en\/shop\/david-chipperfield-basic-architecture-series\/"]}]},{"@type":"ImageObject","inLanguage":"en-US","@id":"https:\/\/foliobooks.pl\/en\/shop\/david-chipperfield-basic-architecture-series\/#primaryimage","url":"https:\/\/foliobooks.pl\/wp-content\/uploads\/2016\/10\/9783836551816.png","contentUrl":"https:\/\/foliobooks.pl\/wp-content\/uploads\/2016\/10\/9783836551816.png","width":570,"height":708},{"@type":"BreadcrumbList","@id":"https:\/\/foliobooks.pl\/en\/shop\/david-chipperfield-basic-architecture-series\/#breadcrumb","itemListElement":[{"@type":"ListItem","position":1,"name":"Strona g\u0142\u00f3wna","item":"https:\/\/foliobooks.pl\/en\/"},{"@type":"ListItem","position":2,"name":"Shop","item":"https:\/\/foliobooks.pl\/en\/shop\/"},{"@type":"ListItem","position":3,"name":"David Chipperfield. Basic Architecture Series"}]},{"@type":"WebSite","@id":"https:\/\/foliobooks.pl\/en\/#website","url":"https:\/\/foliobooks.pl\/en\/","name":"Folio","description":"Ksi\u0119garnia internetowa","potentialAction":[{"@type":"SearchAction","target":{"@type":"EntryPoint","urlTemplate":"https:\/\/foliobooks.pl\/en\/?s={search_term_string}"},"query-input":{"@type":"PropertyValueSpecification","valueRequired":true,"valueName":"search_term_string"}}],"inLanguage":"en-US"}]}},"_links":{"self":[{"href":"https:\/\/foliobooks.pl\/en\/wp-json\/wp\/v2\/product\/16834","targetHints":{"allow":["GET"]}}],"collection":[{"href":"https:\/\/foliobooks.pl\/en\/wp-json\/wp\/v2\/product"}],"about":[{"href":"https:\/\/foliobooks.pl\/en\/wp-json\/wp\/v2\/types\/product"}],"replies":[{"embeddable":true,"href":"https:\/\/foliobooks.pl\/en\/wp-json\/wp\/v2\/comments?post=16834"}],"wp:featuredmedia":[{"embeddable":true,"href":"https:\/\/foliobooks.pl\/en\/wp-json\/wp\/v2\/media\/16827"}],"wp:attachment":[{"href":"https:\/\/foliobooks.pl\/en\/wp-json\/wp\/v2\/media?parent=16834"}],"wp:term":[{"taxonomy":"product_brand","embeddable":true,"href":"https:\/\/foliobooks.pl\/en\/wp-json\/wp\/v2\/product_brand?post=16834"},{"taxonomy":"product_cat","embeddable":true,"href":"https:\/\/foliobooks.pl\/en\/wp-json\/wp\/v2\/product_cat?post=16834"},{"taxonomy":"product_tag","embeddable":true,"href":"https:\/\/foliobooks.pl\/en\/wp-json\/wp\/v2\/product_tag?post=16834"}],"curies":[{"name":"wp","href":"https:\/\/api.w.org\/{rel}","templated":true}]}}