{"id":16783,"date":"2016-10-14T10:59:58","date_gmt":"2016-10-14T08:59:58","guid":{"rendered":"http:\/\/foliobooks.pl\/en\/sklep\/automobile-design-graphics\/"},"modified":"2019-11-10T12:57:09","modified_gmt":"2019-11-10T11:57:09","slug":"automobile-design-graphics","status":"publish","type":"product","link":"https:\/\/foliobooks.pl\/en\/shop\/automobile-design-graphics\/","title":{"rendered":"Automobile Design Graphics"},"content":{"rendered":"<p>In the heyday of the automobile, marketing cars was an exacting process. Selling the public one of their major life purchases involved not only traditional advertising but also a crucial item that extolled the virtue of the cars: the brochure. Often oversize and sumptuously produced, including acetate overlays with fabric and paint swatches, brochures were only available at dealer showrooms or auto fairs\u2014hence specimens of antique and vintage car brochures are rare collector\u2019s items today.<\/p>\n<p>Frequently overlooked in design and automotive histories, this ephemera offers a lucid mirror image of tastes, consumerism, and buying habits since the dawn of the automobile. Automobile Design Graphics presents for the first time a comprehensive overview of this mostly forgotten breed of collateral advertising. From the most obscure (Tucker, Ajax, Columbia) to the most iconic (General Motors, Ford, Chrysler), the visual history brings together over 500 reproductions from these rare and collectible customer brochures. Across eight decades, they present not only some of the finest cars, but also some of the best illustration and graphic design of the 20th century.<\/p>\n<p>Ancillary examples of automotive literature, including the elaborate dealer manuals are also featured, alongside essays by automobile and cultural historian Jim Donnelly and preeminent design historian Steven Heller. Testament to a bygone era when cars were, quite simply, the stuff dreams were made of, this book is a visual and informative pleasure for car enthusiasts, designers, and pop culture aficionados alike.<\/p>\n","protected":false},"excerpt":{"rendered":"<p>In the heyday of the automobile, marketing cars was an exacting process. Selling the public one of their major life purchases involved not only traditional advertising but also a crucial item that extolled the virtue of the cars: the brochure. Often oversize and sumptuously produced, including acetate overlays with fabric and paint swatches, brochures were&#8230;<\/p>\n","protected":false},"featured_media":16776,"comment_status":"closed","ping_status":"closed","template":"","meta":[],"product_brand":[],"product_cat":[4523,4525,4521],"product_tag":[216,4524,2253,1649,6106],"class_list":{"0":"post-16783","1":"product","2":"type-product","3":"status-publish","4":"has-post-thumbnail","6":"product_cat-design-en-en","7":"product_cat-graphic-design","8":"product_cat-silva-rerum-en-en","9":"product_tag-cars-en","10":"product_tag-design-en-en","11":"product_tag-graphics","12":"product_tag-illustration","13":"product_tag-transport-en","14":"pa_author_att-jim-donnelly-en","15":"pa_author_att-jim-heimann-en","16":"pa_author_att-steven-heller-en","17":"pa_cover-hardcover","18":"pa_format-25-x-317-cm-en","19":"pa_isbn-9783822853719-en","20":"pa_language-eng-f-ger","21":"pa_pages-368-en-2","22":"pa_published-2016-09-01-en","23":"pa_publisher-taschen-en-en","25":"first","26":"outofstock","27":"sold-individually","28":"shipping-taxable","29":"purchasable","30":"product-type-simple"},"yoast_head":"<!-- This site is optimized with the Yoast SEO plugin v27.4 - https:\/\/yoast.com\/product\/yoast-seo-wordpress\/ -->\n<title>Automobile Design Graphics (Jim Donnelly, Jim Heimann, Steven Heller) - book \/ album - Folio<\/title>\n<meta name=\"description\" content=\"Wejd\u017a i kup ksi\u0105\u017ck\u0119 Automobile Design Graphics autorstwa Jim Donnelly, Jim Heimann, Steven Heller wydan\u0105 przez TASCHEN (2016-09-01) w formacie 25 x 31,7 cm (ISBN: 9783822853719). Zapraszamy!\" \/>\n<meta name=\"robots\" content=\"index, follow, max-snippet:-1, max-image-preview:large, max-video-preview:-1\" \/>\n<link rel=\"canonical\" href=\"https:\/\/foliobooks.pl\/en\/shop\/automobile-design-graphics\/\" \/>\n<meta property=\"og:locale\" content=\"en_US\" \/>\n<meta property=\"og:type\" content=\"article\" \/>\n<meta property=\"og:title\" content=\"Automobile Design Graphics (Jim Donnelly, Jim Heimann, Steven Heller) - book \/ album - Folio\" \/>\n<meta property=\"og:description\" content=\"Wejd\u017a i kup ksi\u0105\u017ck\u0119 Automobile Design Graphics autorstwa Jim Donnelly, Jim Heimann, Steven Heller wydan\u0105 przez TASCHEN (2016-09-01) w formacie 25 x 31,7 cm (ISBN: 9783822853719). Zapraszamy!\" \/>\n<meta property=\"og:url\" content=\"https:\/\/foliobooks.pl\/en\/shop\/automobile-design-graphics\/\" \/>\n<meta property=\"og:site_name\" content=\"Folio\" \/>\n<meta property=\"article:modified_time\" content=\"2019-11-10T11:57:09+00:00\" \/>\n<meta property=\"og:image\" content=\"https:\/\/foliobooks.pl\/wp-content\/uploads\/2016\/10\/9783822853719.png\" \/>\n\t<meta property=\"og:image:width\" content=\"570\" \/>\n\t<meta property=\"og:image:height\" content=\"708\" \/>\n\t<meta property=\"og:image:type\" content=\"image\/png\" \/>\n<meta name=\"twitter:card\" content=\"summary_large_image\" \/>\n<meta name=\"twitter:label1\" content=\"Est. reading time\" \/>\n\t<meta name=\"twitter:data1\" content=\"1 minute\" \/>\n<script type=\"application\/ld+json\" class=\"yoast-schema-graph\">{\"@context\":\"https:\\\/\\\/schema.org\",\"@graph\":[{\"@type\":\"WebPage\",\"@id\":\"https:\\\/\\\/foliobooks.pl\\\/en\\\/shop\\\/automobile-design-graphics\\\/\",\"url\":\"https:\\\/\\\/foliobooks.pl\\\/en\\\/shop\\\/automobile-design-graphics\\\/\",\"name\":\"Automobile Design Graphics (Jim Donnelly, Jim Heimann, Steven Heller) - book \\\/ album - Folio\",\"isPartOf\":{\"@id\":\"https:\\\/\\\/foliobooks.pl\\\/en\\\/#website\"},\"primaryImageOfPage\":{\"@id\":\"https:\\\/\\\/foliobooks.pl\\\/en\\\/shop\\\/automobile-design-graphics\\\/#primaryimage\"},\"image\":{\"@id\":\"https:\\\/\\\/foliobooks.pl\\\/en\\\/shop\\\/automobile-design-graphics\\\/#primaryimage\"},\"thumbnailUrl\":\"https:\\\/\\\/foliobooks.pl\\\/wp-content\\\/uploads\\\/2016\\\/10\\\/9783822853719.png\",\"datePublished\":\"2016-10-14T08:59:58+00:00\",\"dateModified\":\"2019-11-10T11:57:09+00:00\",\"description\":\"Wejd\u017a i kup ksi\u0105\u017ck\u0119 Automobile Design Graphics autorstwa Jim Donnelly, Jim Heimann, Steven Heller wydan\u0105 przez TASCHEN (2016-09-01) w formacie 25 x 31,7 cm (ISBN: 9783822853719). Zapraszamy!\",\"breadcrumb\":{\"@id\":\"https:\\\/\\\/foliobooks.pl\\\/en\\\/shop\\\/automobile-design-graphics\\\/#breadcrumb\"},\"inLanguage\":\"en-US\",\"potentialAction\":[{\"@type\":\"ReadAction\",\"target\":[\"https:\\\/\\\/foliobooks.pl\\\/en\\\/shop\\\/automobile-design-graphics\\\/\"]}]},{\"@type\":\"ImageObject\",\"inLanguage\":\"en-US\",\"@id\":\"https:\\\/\\\/foliobooks.pl\\\/en\\\/shop\\\/automobile-design-graphics\\\/#primaryimage\",\"url\":\"https:\\\/\\\/foliobooks.pl\\\/wp-content\\\/uploads\\\/2016\\\/10\\\/9783822853719.png\",\"contentUrl\":\"https:\\\/\\\/foliobooks.pl\\\/wp-content\\\/uploads\\\/2016\\\/10\\\/9783822853719.png\",\"width\":570,\"height\":708},{\"@type\":\"BreadcrumbList\",\"@id\":\"https:\\\/\\\/foliobooks.pl\\\/en\\\/shop\\\/automobile-design-graphics\\\/#breadcrumb\",\"itemListElement\":[{\"@type\":\"ListItem\",\"position\":1,\"name\":\"Strona g\u0142\u00f3wna\",\"item\":\"https:\\\/\\\/foliobooks.pl\\\/en\\\/\"},{\"@type\":\"ListItem\",\"position\":2,\"name\":\"Shop\",\"item\":\"https:\\\/\\\/foliobooks.pl\\\/en\\\/shop\\\/\"},{\"@type\":\"ListItem\",\"position\":3,\"name\":\"Automobile Design Graphics\"}]},{\"@type\":\"WebSite\",\"@id\":\"https:\\\/\\\/foliobooks.pl\\\/en\\\/#website\",\"url\":\"https:\\\/\\\/foliobooks.pl\\\/en\\\/\",\"name\":\"Folio\",\"description\":\"Ksi\u0119garnia internetowa\",\"potentialAction\":[{\"@type\":\"SearchAction\",\"target\":{\"@type\":\"EntryPoint\",\"urlTemplate\":\"https:\\\/\\\/foliobooks.pl\\\/en\\\/?s={search_term_string}\"},\"query-input\":{\"@type\":\"PropertyValueSpecification\",\"valueRequired\":true,\"valueName\":\"search_term_string\"}}],\"inLanguage\":\"en-US\"}]}<\/script>\n<!-- \/ Yoast SEO plugin. -->","yoast_head_json":{"title":"Automobile Design Graphics (Jim Donnelly, Jim Heimann, Steven Heller) - book \/ album - Folio","description":"Wejd\u017a i kup ksi\u0105\u017ck\u0119 Automobile Design Graphics autorstwa Jim Donnelly, Jim Heimann, Steven Heller wydan\u0105 przez TASCHEN (2016-09-01) w formacie 25 x 31,7 cm (ISBN: 9783822853719). Zapraszamy!","robots":{"index":"index","follow":"follow","max-snippet":"max-snippet:-1","max-image-preview":"max-image-preview:large","max-video-preview":"max-video-preview:-1"},"canonical":"https:\/\/foliobooks.pl\/en\/shop\/automobile-design-graphics\/","og_locale":"en_US","og_type":"article","og_title":"Automobile Design Graphics (Jim Donnelly, Jim Heimann, Steven Heller) - book \/ album - Folio","og_description":"Wejd\u017a i kup ksi\u0105\u017ck\u0119 Automobile Design Graphics autorstwa Jim Donnelly, Jim Heimann, Steven Heller wydan\u0105 przez TASCHEN (2016-09-01) w formacie 25 x 31,7 cm (ISBN: 9783822853719). Zapraszamy!","og_url":"https:\/\/foliobooks.pl\/en\/shop\/automobile-design-graphics\/","og_site_name":"Folio","article_modified_time":"2019-11-10T11:57:09+00:00","og_image":[{"width":570,"height":708,"url":"https:\/\/foliobooks.pl\/wp-content\/uploads\/2016\/10\/9783822853719.png","type":"image\/png"}],"twitter_card":"summary_large_image","twitter_misc":{"Est. reading time":"1 minute"},"schema":{"@context":"https:\/\/schema.org","@graph":[{"@type":"WebPage","@id":"https:\/\/foliobooks.pl\/en\/shop\/automobile-design-graphics\/","url":"https:\/\/foliobooks.pl\/en\/shop\/automobile-design-graphics\/","name":"Automobile Design Graphics (Jim Donnelly, Jim Heimann, Steven Heller) - book \/ album - Folio","isPartOf":{"@id":"https:\/\/foliobooks.pl\/en\/#website"},"primaryImageOfPage":{"@id":"https:\/\/foliobooks.pl\/en\/shop\/automobile-design-graphics\/#primaryimage"},"image":{"@id":"https:\/\/foliobooks.pl\/en\/shop\/automobile-design-graphics\/#primaryimage"},"thumbnailUrl":"https:\/\/foliobooks.pl\/wp-content\/uploads\/2016\/10\/9783822853719.png","datePublished":"2016-10-14T08:59:58+00:00","dateModified":"2019-11-10T11:57:09+00:00","description":"Wejd\u017a i kup ksi\u0105\u017ck\u0119 Automobile Design Graphics autorstwa Jim Donnelly, Jim Heimann, Steven Heller wydan\u0105 przez TASCHEN (2016-09-01) w formacie 25 x 31,7 cm (ISBN: 9783822853719). Zapraszamy!","breadcrumb":{"@id":"https:\/\/foliobooks.pl\/en\/shop\/automobile-design-graphics\/#breadcrumb"},"inLanguage":"en-US","potentialAction":[{"@type":"ReadAction","target":["https:\/\/foliobooks.pl\/en\/shop\/automobile-design-graphics\/"]}]},{"@type":"ImageObject","inLanguage":"en-US","@id":"https:\/\/foliobooks.pl\/en\/shop\/automobile-design-graphics\/#primaryimage","url":"https:\/\/foliobooks.pl\/wp-content\/uploads\/2016\/10\/9783822853719.png","contentUrl":"https:\/\/foliobooks.pl\/wp-content\/uploads\/2016\/10\/9783822853719.png","width":570,"height":708},{"@type":"BreadcrumbList","@id":"https:\/\/foliobooks.pl\/en\/shop\/automobile-design-graphics\/#breadcrumb","itemListElement":[{"@type":"ListItem","position":1,"name":"Strona g\u0142\u00f3wna","item":"https:\/\/foliobooks.pl\/en\/"},{"@type":"ListItem","position":2,"name":"Shop","item":"https:\/\/foliobooks.pl\/en\/shop\/"},{"@type":"ListItem","position":3,"name":"Automobile Design Graphics"}]},{"@type":"WebSite","@id":"https:\/\/foliobooks.pl\/en\/#website","url":"https:\/\/foliobooks.pl\/en\/","name":"Folio","description":"Ksi\u0119garnia internetowa","potentialAction":[{"@type":"SearchAction","target":{"@type":"EntryPoint","urlTemplate":"https:\/\/foliobooks.pl\/en\/?s={search_term_string}"},"query-input":{"@type":"PropertyValueSpecification","valueRequired":true,"valueName":"search_term_string"}}],"inLanguage":"en-US"}]}},"_links":{"self":[{"href":"https:\/\/foliobooks.pl\/en\/wp-json\/wp\/v2\/product\/16783","targetHints":{"allow":["GET"]}}],"collection":[{"href":"https:\/\/foliobooks.pl\/en\/wp-json\/wp\/v2\/product"}],"about":[{"href":"https:\/\/foliobooks.pl\/en\/wp-json\/wp\/v2\/types\/product"}],"replies":[{"embeddable":true,"href":"https:\/\/foliobooks.pl\/en\/wp-json\/wp\/v2\/comments?post=16783"}],"wp:featuredmedia":[{"embeddable":true,"href":"https:\/\/foliobooks.pl\/en\/wp-json\/wp\/v2\/media\/16776"}],"wp:attachment":[{"href":"https:\/\/foliobooks.pl\/en\/wp-json\/wp\/v2\/media?parent=16783"}],"wp:term":[{"taxonomy":"product_brand","embeddable":true,"href":"https:\/\/foliobooks.pl\/en\/wp-json\/wp\/v2\/product_brand?post=16783"},{"taxonomy":"product_cat","embeddable":true,"href":"https:\/\/foliobooks.pl\/en\/wp-json\/wp\/v2\/product_cat?post=16783"},{"taxonomy":"product_tag","embeddable":true,"href":"https:\/\/foliobooks.pl\/en\/wp-json\/wp\/v2\/product_tag?post=16783"}],"curies":[{"name":"wp","href":"https:\/\/api.w.org\/{rel}","templated":true}]}}