{"id":16773,"date":"2016-10-14T10:51:07","date_gmt":"2016-10-14T08:51:07","guid":{"rendered":"http:\/\/foliobooks.pl\/en\/sklep\/art-nouveau-2\/"},"modified":"2017-05-09T14:43:13","modified_gmt":"2017-05-09T12:43:13","slug":"art-nouveau-2","status":"publish","type":"product","link":"https:\/\/foliobooks.pl\/en\/shop\/art-nouveau-2\/","title":{"rendered":"Art Nouveau"},"content":{"rendered":"<p>For a fruitful period between the 1880s and the First World War, European and North American culture deferred to nature. With a symphony of flowing lines and organic shapes, Art Nouveau (\u201cNew Art\u201d) inflected architecture, design, painting, graphic work, applied arts, and illustration.<\/p>\n<p>Art Nouveau was deliberately nouveau. With a spirit of willful reform, its practitioners sought to distance themselves from the imitative historicism that characterized much 19th-century art and replace it with undulating, decorative qualities. Turning to vine tendrils, flowering buds, and bird feathers as ornamental reference, they pursued not only a linear freedom but also liberation from the weight of artistic tradition and expectation.<\/p>\n<p>At the same time, Art Nouveau followed the example of the earlier English Aesthetic and Arts and Crafts movements to reject established hierarchies of artistic practice, to emphasize a return to handcraftsmanship, and to synthesize artistic media and practices into a Gesamtkunstwerk, or total work of art. In this, as in its turn to nature, Art Nouveau is often seen as an aesthetic response to the Industrial Revolution, a recoil from the mass-produced and mechanic, and an elevation of the human hand and wonders of the great outdoors.<\/p>\n<p>This fresh TASCHEN edition considers Art Nouveau as a broad historical phenomenon with distinct local features. We consider the style\u2019s wider artistic, economic, and political circumstances, as well as its particular flavor in such hubs as Vienna, Glasgow, Munich, Weimar, and Chicago. Outstanding proponents such as Victor Horta, Antoni Gaud\u00ed, and Charles Rennie Mackintosh are featured in connection with the cities of their greatest activity. The result is a vivid portrait of the age and a movement that is as much entrenched in our imagination of the fin de si\u00e8cle as it is in the trajectory of modernism.<\/p>\n","protected":false},"excerpt":{"rendered":"<p>For a fruitful period between the 1880s and the First World War, European and North American culture deferred to nature. With a symphony of flowing lines and organic shapes, Art Nouveau (\u201cNew Art\u201d) inflected architecture, design, painting, graphic work, applied arts, and illustration. Art Nouveau was deliberately nouveau. With a spirit of willful reform, its&#8230;<\/p>\n","protected":false},"featured_media":16766,"comment_status":"closed","ping_status":"closed","template":"","meta":[],"product_brand":[],"product_cat":[4522],"product_tag":[159,1548,290],"class_list":{"0":"post-16773","1":"product","2":"type-product","3":"status-publish","4":"has-post-thumbnail","6":"product_cat-art-en","7":"product_tag-art-movements-en","8":"product_tag-craft","9":"product_tag-interiors-en","10":"pa_author_att-klaus-jurgen-sembach-en","11":"pa_cover-hardcover","12":"pa_format-24-x-316-cm-en","13":"pa_isbn-9783836520966-en","14":"pa_language-eng","15":"pa_pages-240-en","16":"pa_published-2016-06-17-en","17":"pa_publisher-taschen-en-en","19":"first","20":"outofstock","21":"sold-individually","22":"shipping-taxable","23":"purchasable","24":"product-type-simple"},"yoast_head":"<!-- This site is optimized with the Yoast SEO plugin v27.4 - https:\/\/yoast.com\/product\/yoast-seo-wordpress\/ -->\n<title>Art Nouveau (Klaus-Jurgen Sembach) - book \/ album - Folio<\/title>\n<meta name=\"description\" content=\"Wejd\u017a i kup ksi\u0105\u017ck\u0119 Art Nouveau autorstwa Klaus-Jurgen Sembach wydan\u0105 przez TASCHEN (2016-06-17) w formacie 24 x 31,6 cm (ISBN: 9783836520966). Zapraszamy!\" \/>\n<meta name=\"robots\" content=\"index, follow, max-snippet:-1, max-image-preview:large, max-video-preview:-1\" \/>\n<link rel=\"canonical\" href=\"https:\/\/foliobooks.pl\/en\/shop\/art-nouveau-2\/\" \/>\n<meta property=\"og:locale\" content=\"en_US\" \/>\n<meta property=\"og:type\" content=\"article\" \/>\n<meta property=\"og:title\" content=\"Art Nouveau (Klaus-Jurgen Sembach) - book \/ album - Folio\" \/>\n<meta property=\"og:description\" content=\"Wejd\u017a i kup ksi\u0105\u017ck\u0119 Art Nouveau autorstwa Klaus-Jurgen Sembach wydan\u0105 przez TASCHEN (2016-06-17) w formacie 24 x 31,6 cm (ISBN: 9783836520966). Zapraszamy!\" \/>\n<meta property=\"og:url\" content=\"https:\/\/foliobooks.pl\/en\/shop\/art-nouveau-2\/\" \/>\n<meta property=\"og:site_name\" content=\"Folio\" \/>\n<meta property=\"article:modified_time\" content=\"2017-05-09T12:43:13+00:00\" \/>\n<meta property=\"og:image\" content=\"https:\/\/foliobooks.pl\/wp-content\/uploads\/2016\/10\/9783836520966.png\" \/>\n\t<meta property=\"og:image:width\" content=\"570\" \/>\n\t<meta property=\"og:image:height\" content=\"708\" \/>\n\t<meta property=\"og:image:type\" content=\"image\/png\" \/>\n<meta name=\"twitter:card\" content=\"summary_large_image\" \/>\n<meta name=\"twitter:label1\" content=\"Est. reading time\" \/>\n\t<meta name=\"twitter:data1\" content=\"1 minute\" \/>\n<script type=\"application\/ld+json\" class=\"yoast-schema-graph\">{\"@context\":\"https:\\\/\\\/schema.org\",\"@graph\":[{\"@type\":\"WebPage\",\"@id\":\"https:\\\/\\\/foliobooks.pl\\\/en\\\/shop\\\/art-nouveau-2\\\/\",\"url\":\"https:\\\/\\\/foliobooks.pl\\\/en\\\/shop\\\/art-nouveau-2\\\/\",\"name\":\"Art Nouveau (Klaus-Jurgen Sembach) - book \\\/ album - Folio\",\"isPartOf\":{\"@id\":\"https:\\\/\\\/foliobooks.pl\\\/en\\\/#website\"},\"primaryImageOfPage\":{\"@id\":\"https:\\\/\\\/foliobooks.pl\\\/en\\\/shop\\\/art-nouveau-2\\\/#primaryimage\"},\"image\":{\"@id\":\"https:\\\/\\\/foliobooks.pl\\\/en\\\/shop\\\/art-nouveau-2\\\/#primaryimage\"},\"thumbnailUrl\":\"https:\\\/\\\/foliobooks.pl\\\/wp-content\\\/uploads\\\/2016\\\/10\\\/9783836520966.png\",\"datePublished\":\"2016-10-14T08:51:07+00:00\",\"dateModified\":\"2017-05-09T12:43:13+00:00\",\"description\":\"Wejd\u017a i kup ksi\u0105\u017ck\u0119 Art Nouveau autorstwa Klaus-Jurgen Sembach wydan\u0105 przez TASCHEN (2016-06-17) w formacie 24 x 31,6 cm (ISBN: 9783836520966). Zapraszamy!\",\"breadcrumb\":{\"@id\":\"https:\\\/\\\/foliobooks.pl\\\/en\\\/shop\\\/art-nouveau-2\\\/#breadcrumb\"},\"inLanguage\":\"en-US\",\"potentialAction\":[{\"@type\":\"ReadAction\",\"target\":[\"https:\\\/\\\/foliobooks.pl\\\/en\\\/shop\\\/art-nouveau-2\\\/\"]}]},{\"@type\":\"ImageObject\",\"inLanguage\":\"en-US\",\"@id\":\"https:\\\/\\\/foliobooks.pl\\\/en\\\/shop\\\/art-nouveau-2\\\/#primaryimage\",\"url\":\"https:\\\/\\\/foliobooks.pl\\\/wp-content\\\/uploads\\\/2016\\\/10\\\/9783836520966.png\",\"contentUrl\":\"https:\\\/\\\/foliobooks.pl\\\/wp-content\\\/uploads\\\/2016\\\/10\\\/9783836520966.png\",\"width\":570,\"height\":708},{\"@type\":\"BreadcrumbList\",\"@id\":\"https:\\\/\\\/foliobooks.pl\\\/en\\\/shop\\\/art-nouveau-2\\\/#breadcrumb\",\"itemListElement\":[{\"@type\":\"ListItem\",\"position\":1,\"name\":\"Strona g\u0142\u00f3wna\",\"item\":\"https:\\\/\\\/foliobooks.pl\\\/en\\\/\"},{\"@type\":\"ListItem\",\"position\":2,\"name\":\"Shop\",\"item\":\"https:\\\/\\\/foliobooks.pl\\\/en\\\/shop\\\/\"},{\"@type\":\"ListItem\",\"position\":3,\"name\":\"Art Nouveau\"}]},{\"@type\":\"WebSite\",\"@id\":\"https:\\\/\\\/foliobooks.pl\\\/en\\\/#website\",\"url\":\"https:\\\/\\\/foliobooks.pl\\\/en\\\/\",\"name\":\"Folio\",\"description\":\"Ksi\u0119garnia internetowa\",\"potentialAction\":[{\"@type\":\"SearchAction\",\"target\":{\"@type\":\"EntryPoint\",\"urlTemplate\":\"https:\\\/\\\/foliobooks.pl\\\/en\\\/?s={search_term_string}\"},\"query-input\":{\"@type\":\"PropertyValueSpecification\",\"valueRequired\":true,\"valueName\":\"search_term_string\"}}],\"inLanguage\":\"en-US\"}]}<\/script>\n<!-- \/ Yoast SEO plugin. -->","yoast_head_json":{"title":"Art Nouveau (Klaus-Jurgen Sembach) - book \/ album - Folio","description":"Wejd\u017a i kup ksi\u0105\u017ck\u0119 Art Nouveau autorstwa Klaus-Jurgen Sembach wydan\u0105 przez TASCHEN (2016-06-17) w formacie 24 x 31,6 cm (ISBN: 9783836520966). Zapraszamy!","robots":{"index":"index","follow":"follow","max-snippet":"max-snippet:-1","max-image-preview":"max-image-preview:large","max-video-preview":"max-video-preview:-1"},"canonical":"https:\/\/foliobooks.pl\/en\/shop\/art-nouveau-2\/","og_locale":"en_US","og_type":"article","og_title":"Art Nouveau (Klaus-Jurgen Sembach) - book \/ album - Folio","og_description":"Wejd\u017a i kup ksi\u0105\u017ck\u0119 Art Nouveau autorstwa Klaus-Jurgen Sembach wydan\u0105 przez TASCHEN (2016-06-17) w formacie 24 x 31,6 cm (ISBN: 9783836520966). Zapraszamy!","og_url":"https:\/\/foliobooks.pl\/en\/shop\/art-nouveau-2\/","og_site_name":"Folio","article_modified_time":"2017-05-09T12:43:13+00:00","og_image":[{"width":570,"height":708,"url":"https:\/\/foliobooks.pl\/wp-content\/uploads\/2016\/10\/9783836520966.png","type":"image\/png"}],"twitter_card":"summary_large_image","twitter_misc":{"Est. reading time":"1 minute"},"schema":{"@context":"https:\/\/schema.org","@graph":[{"@type":"WebPage","@id":"https:\/\/foliobooks.pl\/en\/shop\/art-nouveau-2\/","url":"https:\/\/foliobooks.pl\/en\/shop\/art-nouveau-2\/","name":"Art Nouveau (Klaus-Jurgen Sembach) - book \/ album - Folio","isPartOf":{"@id":"https:\/\/foliobooks.pl\/en\/#website"},"primaryImageOfPage":{"@id":"https:\/\/foliobooks.pl\/en\/shop\/art-nouveau-2\/#primaryimage"},"image":{"@id":"https:\/\/foliobooks.pl\/en\/shop\/art-nouveau-2\/#primaryimage"},"thumbnailUrl":"https:\/\/foliobooks.pl\/wp-content\/uploads\/2016\/10\/9783836520966.png","datePublished":"2016-10-14T08:51:07+00:00","dateModified":"2017-05-09T12:43:13+00:00","description":"Wejd\u017a i kup ksi\u0105\u017ck\u0119 Art Nouveau autorstwa Klaus-Jurgen Sembach wydan\u0105 przez TASCHEN (2016-06-17) w formacie 24 x 31,6 cm (ISBN: 9783836520966). Zapraszamy!","breadcrumb":{"@id":"https:\/\/foliobooks.pl\/en\/shop\/art-nouveau-2\/#breadcrumb"},"inLanguage":"en-US","potentialAction":[{"@type":"ReadAction","target":["https:\/\/foliobooks.pl\/en\/shop\/art-nouveau-2\/"]}]},{"@type":"ImageObject","inLanguage":"en-US","@id":"https:\/\/foliobooks.pl\/en\/shop\/art-nouveau-2\/#primaryimage","url":"https:\/\/foliobooks.pl\/wp-content\/uploads\/2016\/10\/9783836520966.png","contentUrl":"https:\/\/foliobooks.pl\/wp-content\/uploads\/2016\/10\/9783836520966.png","width":570,"height":708},{"@type":"BreadcrumbList","@id":"https:\/\/foliobooks.pl\/en\/shop\/art-nouveau-2\/#breadcrumb","itemListElement":[{"@type":"ListItem","position":1,"name":"Strona g\u0142\u00f3wna","item":"https:\/\/foliobooks.pl\/en\/"},{"@type":"ListItem","position":2,"name":"Shop","item":"https:\/\/foliobooks.pl\/en\/shop\/"},{"@type":"ListItem","position":3,"name":"Art Nouveau"}]},{"@type":"WebSite","@id":"https:\/\/foliobooks.pl\/en\/#website","url":"https:\/\/foliobooks.pl\/en\/","name":"Folio","description":"Ksi\u0119garnia internetowa","potentialAction":[{"@type":"SearchAction","target":{"@type":"EntryPoint","urlTemplate":"https:\/\/foliobooks.pl\/en\/?s={search_term_string}"},"query-input":{"@type":"PropertyValueSpecification","valueRequired":true,"valueName":"search_term_string"}}],"inLanguage":"en-US"}]}},"_links":{"self":[{"href":"https:\/\/foliobooks.pl\/en\/wp-json\/wp\/v2\/product\/16773","targetHints":{"allow":["GET"]}}],"collection":[{"href":"https:\/\/foliobooks.pl\/en\/wp-json\/wp\/v2\/product"}],"about":[{"href":"https:\/\/foliobooks.pl\/en\/wp-json\/wp\/v2\/types\/product"}],"replies":[{"embeddable":true,"href":"https:\/\/foliobooks.pl\/en\/wp-json\/wp\/v2\/comments?post=16773"}],"wp:featuredmedia":[{"embeddable":true,"href":"https:\/\/foliobooks.pl\/en\/wp-json\/wp\/v2\/media\/16766"}],"wp:attachment":[{"href":"https:\/\/foliobooks.pl\/en\/wp-json\/wp\/v2\/media?parent=16773"}],"wp:term":[{"taxonomy":"product_brand","embeddable":true,"href":"https:\/\/foliobooks.pl\/en\/wp-json\/wp\/v2\/product_brand?post=16773"},{"taxonomy":"product_cat","embeddable":true,"href":"https:\/\/foliobooks.pl\/en\/wp-json\/wp\/v2\/product_cat?post=16773"},{"taxonomy":"product_tag","embeddable":true,"href":"https:\/\/foliobooks.pl\/en\/wp-json\/wp\/v2\/product_tag?post=16773"}],"curies":[{"name":"wp","href":"https:\/\/api.w.org\/{rel}","templated":true}]}}