{"id":16751,"date":"2016-10-13T16:50:00","date_gmt":"2016-10-13T14:50:00","guid":{"rendered":"http:\/\/foliobooks.pl\/en\/sklep\/piranesi-the-complete-etchings\/"},"modified":"2022-09-20T15:33:33","modified_gmt":"2022-09-20T13:33:33","slug":"piranesi-the-complete-etchings","status":"publish","type":"product","link":"https:\/\/foliobooks.pl\/en\/shop\/piranesi-the-complete-etchings\/","title":{"rendered":"Piranesi. The Complete Etchings"},"content":{"rendered":"<p>The most famous 18th-century copper engraver, Giovanni Battista Piranesi (1720\u20131778) made his name with etchings of ancient Rome. His startling, chiaroscuro images imbued the city&#8217;s archaeological ruins with drama and romance and became favorite souvenirs for the Grand Tourists who travelled Italy in pursuit of classical culture and education.<\/p>\n<p>Today, Piranesi is renowned not just for shaping the European imagination of Rome, but also<br \/>\nfor his elaborate series of fanciful prisons, Carceri, which have influenced generations of creatives since, from the Surrealists to Samuel Taylor Coleridge, Edgar Allan Poe, Jorge Luis Borges and Franz Kafka.<\/p>\n<p>Loosely based on contemporary stage sets rather than the actual dingy dungeons of Piranesi&#8217;s day, these intricate images defy architectural reality to play instead with perspective, lighting, and scale. Staircases exist on two planes simultaneously; vast, vaulted ceilings seem to soar up to the heavens; interior and exterior distinctions collapse. With a low viewpoint and small, fragile figures, the prison scenes become monstrous mega-cities of incarceration, celebrated to this day as masterworks of existentialist drama.<br \/>\nAbout the series<br \/>\nBibliotheca Universalis \u2014 Compact cultural companions celebrating the eclectic TASCHEN universe at an unbeatable, democratic price!<br \/>\nSince we started our work as cultural archaeologists in 1980, the name TASCHEN has become synonymous with accessible, open-minded publishing. Bibliotheca Universalis brings together nearly 100 of our all-time favorite titles in a neat new format so you can curate your own affordable library of art, anthropology, and aphrodisia.<br \/>\nBookworm\u2019s delight \u2014 never bore, always excite!<\/p>\n","protected":false},"excerpt":{"rendered":"<p>The most famous 18th-century copper engraver, Giovanni Battista Piranesi (1720\u20131778) made his name with etchings of ancient Rome. His startling, chiaroscuro images imbued the city&#8217;s archaeological ruins with drama and romance and became favorite souvenirs for the Grand Tourists who travelled Italy in pursuit of classical culture and education. Today, Piranesi is renowned not just&#8230;<\/p>\n","protected":false},"featured_media":16744,"comment_status":"closed","ping_status":"closed","template":"","meta":[],"product_brand":[],"product_cat":[4522],"product_tag":[2253,1146,1649,154],"class_list":{"0":"post-16751","1":"product","2":"type-product","3":"status-publish","4":"has-post-thumbnail","6":"product_cat-art-en","7":"product_tag-graphics","8":"product_tag-great-masters-en","9":"product_tag-illustration","10":"product_tag-monographs","11":"pa_author_att-luigi-ficacci-en","12":"pa_cover-hardcover","13":"pa_format-14-x-195-cm-en","14":"pa_isbn-9783836559409-en","15":"pa_language-eng-f-ger","16":"pa_pages-856-en","17":"pa_published-2016-07-01-en","18":"pa_publisher-taschen-en-en","20":"first","21":"outofstock","22":"sold-individually","23":"shipping-taxable","24":"purchasable","25":"product-type-simple"},"yoast_head":"<!-- This site is optimized with the Yoast SEO plugin v27.4 - https:\/\/yoast.com\/product\/yoast-seo-wordpress\/ -->\n<title>Piranesi. The Complete Etchings (Luigi Ficacci) - book \/ album - Folio<\/title>\n<meta name=\"description\" content=\"Wejd\u017a i kup ksi\u0105\u017ck\u0119 Piranesi. The Complete Etchings autorstwa Luigi Ficacci wydan\u0105 przez TASCHEN (2016-07-01) w formacie 14 x 19,5 cm (ISBN: 9783836559409). Zapraszamy!\" \/>\n<meta name=\"robots\" content=\"index, follow, max-snippet:-1, max-image-preview:large, max-video-preview:-1\" \/>\n<link rel=\"canonical\" href=\"https:\/\/foliobooks.pl\/en\/shop\/piranesi-the-complete-etchings\/\" \/>\n<meta property=\"og:locale\" content=\"en_US\" \/>\n<meta property=\"og:type\" content=\"article\" \/>\n<meta property=\"og:title\" content=\"Piranesi. The Complete Etchings (Luigi Ficacci) - book \/ album - Folio\" \/>\n<meta property=\"og:description\" content=\"Wejd\u017a i kup ksi\u0105\u017ck\u0119 Piranesi. The Complete Etchings autorstwa Luigi Ficacci wydan\u0105 przez TASCHEN (2016-07-01) w formacie 14 x 19,5 cm (ISBN: 9783836559409). Zapraszamy!\" \/>\n<meta property=\"og:url\" content=\"https:\/\/foliobooks.pl\/en\/shop\/piranesi-the-complete-etchings\/\" \/>\n<meta property=\"og:site_name\" content=\"Folio\" \/>\n<meta property=\"article:modified_time\" content=\"2022-09-20T13:33:33+00:00\" \/>\n<meta property=\"og:image\" content=\"https:\/\/foliobooks.pl\/wp-content\/uploads\/2016\/10\/9783836559409.png\" \/>\n\t<meta property=\"og:image:width\" content=\"570\" \/>\n\t<meta property=\"og:image:height\" content=\"708\" \/>\n\t<meta property=\"og:image:type\" content=\"image\/png\" \/>\n<meta name=\"twitter:card\" content=\"summary_large_image\" \/>\n<meta name=\"twitter:label1\" content=\"Est. reading time\" \/>\n\t<meta name=\"twitter:data1\" content=\"1 minute\" \/>\n<script type=\"application\/ld+json\" class=\"yoast-schema-graph\">{\"@context\":\"https:\\\/\\\/schema.org\",\"@graph\":[{\"@type\":\"WebPage\",\"@id\":\"https:\\\/\\\/foliobooks.pl\\\/en\\\/shop\\\/piranesi-the-complete-etchings\\\/\",\"url\":\"https:\\\/\\\/foliobooks.pl\\\/en\\\/shop\\\/piranesi-the-complete-etchings\\\/\",\"name\":\"Piranesi. The Complete Etchings (Luigi Ficacci) - book \\\/ album - Folio\",\"isPartOf\":{\"@id\":\"https:\\\/\\\/foliobooks.pl\\\/en\\\/#website\"},\"primaryImageOfPage\":{\"@id\":\"https:\\\/\\\/foliobooks.pl\\\/en\\\/shop\\\/piranesi-the-complete-etchings\\\/#primaryimage\"},\"image\":{\"@id\":\"https:\\\/\\\/foliobooks.pl\\\/en\\\/shop\\\/piranesi-the-complete-etchings\\\/#primaryimage\"},\"thumbnailUrl\":\"https:\\\/\\\/foliobooks.pl\\\/wp-content\\\/uploads\\\/2016\\\/10\\\/9783836559409.png\",\"datePublished\":\"2016-10-13T14:50:00+00:00\",\"dateModified\":\"2022-09-20T13:33:33+00:00\",\"description\":\"Wejd\u017a i kup ksi\u0105\u017ck\u0119 Piranesi. The Complete Etchings autorstwa Luigi Ficacci wydan\u0105 przez TASCHEN (2016-07-01) w formacie 14 x 19,5 cm (ISBN: 9783836559409). Zapraszamy!\",\"breadcrumb\":{\"@id\":\"https:\\\/\\\/foliobooks.pl\\\/en\\\/shop\\\/piranesi-the-complete-etchings\\\/#breadcrumb\"},\"inLanguage\":\"en-US\",\"potentialAction\":[{\"@type\":\"ReadAction\",\"target\":[\"https:\\\/\\\/foliobooks.pl\\\/en\\\/shop\\\/piranesi-the-complete-etchings\\\/\"]}]},{\"@type\":\"ImageObject\",\"inLanguage\":\"en-US\",\"@id\":\"https:\\\/\\\/foliobooks.pl\\\/en\\\/shop\\\/piranesi-the-complete-etchings\\\/#primaryimage\",\"url\":\"https:\\\/\\\/foliobooks.pl\\\/wp-content\\\/uploads\\\/2016\\\/10\\\/9783836559409.png\",\"contentUrl\":\"https:\\\/\\\/foliobooks.pl\\\/wp-content\\\/uploads\\\/2016\\\/10\\\/9783836559409.png\",\"width\":570,\"height\":708},{\"@type\":\"BreadcrumbList\",\"@id\":\"https:\\\/\\\/foliobooks.pl\\\/en\\\/shop\\\/piranesi-the-complete-etchings\\\/#breadcrumb\",\"itemListElement\":[{\"@type\":\"ListItem\",\"position\":1,\"name\":\"Strona g\u0142\u00f3wna\",\"item\":\"https:\\\/\\\/foliobooks.pl\\\/en\\\/\"},{\"@type\":\"ListItem\",\"position\":2,\"name\":\"Shop\",\"item\":\"https:\\\/\\\/foliobooks.pl\\\/en\\\/shop\\\/\"},{\"@type\":\"ListItem\",\"position\":3,\"name\":\"Piranesi. The Complete Etchings\"}]},{\"@type\":\"WebSite\",\"@id\":\"https:\\\/\\\/foliobooks.pl\\\/en\\\/#website\",\"url\":\"https:\\\/\\\/foliobooks.pl\\\/en\\\/\",\"name\":\"Folio\",\"description\":\"Ksi\u0119garnia internetowa\",\"potentialAction\":[{\"@type\":\"SearchAction\",\"target\":{\"@type\":\"EntryPoint\",\"urlTemplate\":\"https:\\\/\\\/foliobooks.pl\\\/en\\\/?s={search_term_string}\"},\"query-input\":{\"@type\":\"PropertyValueSpecification\",\"valueRequired\":true,\"valueName\":\"search_term_string\"}}],\"inLanguage\":\"en-US\"}]}<\/script>\n<!-- \/ Yoast SEO plugin. -->","yoast_head_json":{"title":"Piranesi. The Complete Etchings (Luigi Ficacci) - book \/ album - Folio","description":"Wejd\u017a i kup ksi\u0105\u017ck\u0119 Piranesi. The Complete Etchings autorstwa Luigi Ficacci wydan\u0105 przez TASCHEN (2016-07-01) w formacie 14 x 19,5 cm (ISBN: 9783836559409). Zapraszamy!","robots":{"index":"index","follow":"follow","max-snippet":"max-snippet:-1","max-image-preview":"max-image-preview:large","max-video-preview":"max-video-preview:-1"},"canonical":"https:\/\/foliobooks.pl\/en\/shop\/piranesi-the-complete-etchings\/","og_locale":"en_US","og_type":"article","og_title":"Piranesi. The Complete Etchings (Luigi Ficacci) - book \/ album - Folio","og_description":"Wejd\u017a i kup ksi\u0105\u017ck\u0119 Piranesi. The Complete Etchings autorstwa Luigi Ficacci wydan\u0105 przez TASCHEN (2016-07-01) w formacie 14 x 19,5 cm (ISBN: 9783836559409). Zapraszamy!","og_url":"https:\/\/foliobooks.pl\/en\/shop\/piranesi-the-complete-etchings\/","og_site_name":"Folio","article_modified_time":"2022-09-20T13:33:33+00:00","og_image":[{"width":570,"height":708,"url":"https:\/\/foliobooks.pl\/wp-content\/uploads\/2016\/10\/9783836559409.png","type":"image\/png"}],"twitter_card":"summary_large_image","twitter_misc":{"Est. reading time":"1 minute"},"schema":{"@context":"https:\/\/schema.org","@graph":[{"@type":"WebPage","@id":"https:\/\/foliobooks.pl\/en\/shop\/piranesi-the-complete-etchings\/","url":"https:\/\/foliobooks.pl\/en\/shop\/piranesi-the-complete-etchings\/","name":"Piranesi. The Complete Etchings (Luigi Ficacci) - book \/ album - Folio","isPartOf":{"@id":"https:\/\/foliobooks.pl\/en\/#website"},"primaryImageOfPage":{"@id":"https:\/\/foliobooks.pl\/en\/shop\/piranesi-the-complete-etchings\/#primaryimage"},"image":{"@id":"https:\/\/foliobooks.pl\/en\/shop\/piranesi-the-complete-etchings\/#primaryimage"},"thumbnailUrl":"https:\/\/foliobooks.pl\/wp-content\/uploads\/2016\/10\/9783836559409.png","datePublished":"2016-10-13T14:50:00+00:00","dateModified":"2022-09-20T13:33:33+00:00","description":"Wejd\u017a i kup ksi\u0105\u017ck\u0119 Piranesi. The Complete Etchings autorstwa Luigi Ficacci wydan\u0105 przez TASCHEN (2016-07-01) w formacie 14 x 19,5 cm (ISBN: 9783836559409). Zapraszamy!","breadcrumb":{"@id":"https:\/\/foliobooks.pl\/en\/shop\/piranesi-the-complete-etchings\/#breadcrumb"},"inLanguage":"en-US","potentialAction":[{"@type":"ReadAction","target":["https:\/\/foliobooks.pl\/en\/shop\/piranesi-the-complete-etchings\/"]}]},{"@type":"ImageObject","inLanguage":"en-US","@id":"https:\/\/foliobooks.pl\/en\/shop\/piranesi-the-complete-etchings\/#primaryimage","url":"https:\/\/foliobooks.pl\/wp-content\/uploads\/2016\/10\/9783836559409.png","contentUrl":"https:\/\/foliobooks.pl\/wp-content\/uploads\/2016\/10\/9783836559409.png","width":570,"height":708},{"@type":"BreadcrumbList","@id":"https:\/\/foliobooks.pl\/en\/shop\/piranesi-the-complete-etchings\/#breadcrumb","itemListElement":[{"@type":"ListItem","position":1,"name":"Strona g\u0142\u00f3wna","item":"https:\/\/foliobooks.pl\/en\/"},{"@type":"ListItem","position":2,"name":"Shop","item":"https:\/\/foliobooks.pl\/en\/shop\/"},{"@type":"ListItem","position":3,"name":"Piranesi. The Complete Etchings"}]},{"@type":"WebSite","@id":"https:\/\/foliobooks.pl\/en\/#website","url":"https:\/\/foliobooks.pl\/en\/","name":"Folio","description":"Ksi\u0119garnia internetowa","potentialAction":[{"@type":"SearchAction","target":{"@type":"EntryPoint","urlTemplate":"https:\/\/foliobooks.pl\/en\/?s={search_term_string}"},"query-input":{"@type":"PropertyValueSpecification","valueRequired":true,"valueName":"search_term_string"}}],"inLanguage":"en-US"}]}},"_links":{"self":[{"href":"https:\/\/foliobooks.pl\/en\/wp-json\/wp\/v2\/product\/16751","targetHints":{"allow":["GET"]}}],"collection":[{"href":"https:\/\/foliobooks.pl\/en\/wp-json\/wp\/v2\/product"}],"about":[{"href":"https:\/\/foliobooks.pl\/en\/wp-json\/wp\/v2\/types\/product"}],"replies":[{"embeddable":true,"href":"https:\/\/foliobooks.pl\/en\/wp-json\/wp\/v2\/comments?post=16751"}],"wp:featuredmedia":[{"embeddable":true,"href":"https:\/\/foliobooks.pl\/en\/wp-json\/wp\/v2\/media\/16744"}],"wp:attachment":[{"href":"https:\/\/foliobooks.pl\/en\/wp-json\/wp\/v2\/media?parent=16751"}],"wp:term":[{"taxonomy":"product_brand","embeddable":true,"href":"https:\/\/foliobooks.pl\/en\/wp-json\/wp\/v2\/product_brand?post=16751"},{"taxonomy":"product_cat","embeddable":true,"href":"https:\/\/foliobooks.pl\/en\/wp-json\/wp\/v2\/product_cat?post=16751"},{"taxonomy":"product_tag","embeddable":true,"href":"https:\/\/foliobooks.pl\/en\/wp-json\/wp\/v2\/product_tag?post=16751"}],"curies":[{"name":"wp","href":"https:\/\/api.w.org\/{rel}","templated":true}]}}