{"id":16740,"date":"2016-10-13T16:42:26","date_gmt":"2016-10-13T14:42:26","guid":{"rendered":"http:\/\/foliobooks.pl\/en\/sklep\/bodoni-manual-of-typography\/"},"modified":"2022-09-20T15:33:33","modified_gmt":"2022-09-20T13:33:33","slug":"bodoni-manual-of-typography","status":"publish","type":"product","link":"https:\/\/foliobooks.pl\/en\/shop\/bodoni-manual-of-typography\/","title":{"rendered":"Bodoni. Manual of Typography"},"content":{"rendered":"<p>Official printer for the Duke of Parma, Giambattista Bodoni (1740\u20131813) declared that well-designed type derived its beauty from four principles: uniformity of design, sharpness and neatness, good taste, and charm. In his Manuale tipografico, published posthumously in 1818, he distilled these principles into a comprehensive catalog of type and set the standard for printing the alphabet thereafter.<\/p>\n<p>TASCHEN\u2019s meticulous reprint of Bodoni\u2019s masterwork celebrates what was an unprecedented degree of technical refinement and visual elegance, as well as exploring the origins of the much-loved Bodoni typeface, still frequently deployed in both print and digital media. Like the original, the book features 142 sets of roman and italic typefaces, a wide selection of borders, ornaments, symbols, and flowers, as well as Greek, Hebrew, Russian, Arabic, Phoenician, Armenian, Coptic, and Tibetan alphabets.<br \/>\nAbout the series<br \/>\nBibliotheca Universalis \u2014 Compact cultural companions celebrating the eclectic TASCHEN universe at an unbeatable, democratic price!<br \/>\nSince we started our work as cultural archaeologists in 1980, the name TASCHEN has become synonymous with accessible, open-minded publishing. Bibliotheca Universalis brings together nearly 100 of our all-time favorite titles in a neat new format so you can curate your own affordable library of art, anthropology, and aphrodisia.<br \/>\nBookworm\u2019s delight \u2014 never bore, always excite!<\/p>\n","protected":false},"excerpt":{"rendered":"<p>Official printer for the Duke of Parma, Giambattista Bodoni (1740\u20131813) declared that well-designed type derived its beauty from four principles: uniformity of design, sharpness and neatness, good taste, and charm. In his Manuale tipografico, published posthumously in 1818, he distilled these principles into a comprehensive catalog of type and set the standard for printing the&#8230;<\/p>\n","protected":false},"featured_media":16733,"comment_status":"closed","ping_status":"closed","template":"","meta":[],"product_brand":[],"product_cat":[4523,4525],"product_tag":[2272],"class_list":{"0":"post-16740","1":"product","2":"type-product","3":"status-publish","4":"has-post-thumbnail","6":"product_cat-design-en-en","7":"product_cat-graphic-design","8":"product_tag-typography","9":"pa_author_att-stephan-fussel-en","10":"pa_cover-hardcover","11":"pa_format-14-x-195-cm-en","12":"pa_isbn-9783836520362-en","13":"pa_language-eng","14":"pa_pages-752-en","15":"pa_published-2016-07-15-en","16":"pa_publisher-taschen-en-en","18":"first","19":"outofstock","20":"sold-individually","21":"shipping-taxable","22":"purchasable","23":"product-type-simple"},"yoast_head":"<!-- This site is optimized with the Yoast SEO plugin v27.4 - https:\/\/yoast.com\/product\/yoast-seo-wordpress\/ -->\n<title>Bodoni. Manual of Typography (Stephan F\u00fcssel) - book \/ album - Folio<\/title>\n<meta name=\"description\" content=\"Wejd\u017a i kup ksi\u0105\u017ck\u0119 Bodoni. Manual of Typography autorstwa Stephan F\u00fcssel wydan\u0105 przez TASCHEN (2016-07-15) w formacie 14 x 19,5 cm (ISBN: 9783836520362). Zapraszamy!\" \/>\n<meta name=\"robots\" content=\"index, follow, max-snippet:-1, max-image-preview:large, max-video-preview:-1\" \/>\n<link rel=\"canonical\" href=\"https:\/\/foliobooks.pl\/en\/shop\/bodoni-manual-of-typography\/\" \/>\n<meta property=\"og:locale\" content=\"en_US\" \/>\n<meta property=\"og:type\" content=\"article\" \/>\n<meta property=\"og:title\" content=\"Bodoni. Manual of Typography (Stephan F\u00fcssel) - book \/ album - Folio\" \/>\n<meta property=\"og:description\" content=\"Wejd\u017a i kup ksi\u0105\u017ck\u0119 Bodoni. Manual of Typography autorstwa Stephan F\u00fcssel wydan\u0105 przez TASCHEN (2016-07-15) w formacie 14 x 19,5 cm (ISBN: 9783836520362). Zapraszamy!\" \/>\n<meta property=\"og:url\" content=\"https:\/\/foliobooks.pl\/en\/shop\/bodoni-manual-of-typography\/\" \/>\n<meta property=\"og:site_name\" content=\"Folio\" \/>\n<meta property=\"article:modified_time\" content=\"2022-09-20T13:33:33+00:00\" \/>\n<meta property=\"og:image\" content=\"https:\/\/foliobooks.pl\/wp-content\/uploads\/2016\/10\/9783836520362.png\" \/>\n\t<meta property=\"og:image:width\" content=\"570\" \/>\n\t<meta property=\"og:image:height\" content=\"708\" \/>\n\t<meta property=\"og:image:type\" content=\"image\/png\" \/>\n<meta name=\"twitter:card\" content=\"summary_large_image\" \/>\n<meta name=\"twitter:label1\" content=\"Est. reading time\" \/>\n\t<meta name=\"twitter:data1\" content=\"1 minute\" \/>\n<script type=\"application\/ld+json\" class=\"yoast-schema-graph\">{\"@context\":\"https:\\\/\\\/schema.org\",\"@graph\":[{\"@type\":\"WebPage\",\"@id\":\"https:\\\/\\\/foliobooks.pl\\\/en\\\/shop\\\/bodoni-manual-of-typography\\\/\",\"url\":\"https:\\\/\\\/foliobooks.pl\\\/en\\\/shop\\\/bodoni-manual-of-typography\\\/\",\"name\":\"Bodoni. Manual of Typography (Stephan F\u00fcssel) - book \\\/ album - Folio\",\"isPartOf\":{\"@id\":\"https:\\\/\\\/foliobooks.pl\\\/en\\\/#website\"},\"primaryImageOfPage\":{\"@id\":\"https:\\\/\\\/foliobooks.pl\\\/en\\\/shop\\\/bodoni-manual-of-typography\\\/#primaryimage\"},\"image\":{\"@id\":\"https:\\\/\\\/foliobooks.pl\\\/en\\\/shop\\\/bodoni-manual-of-typography\\\/#primaryimage\"},\"thumbnailUrl\":\"https:\\\/\\\/foliobooks.pl\\\/wp-content\\\/uploads\\\/2016\\\/10\\\/9783836520362.png\",\"datePublished\":\"2016-10-13T14:42:26+00:00\",\"dateModified\":\"2022-09-20T13:33:33+00:00\",\"description\":\"Wejd\u017a i kup ksi\u0105\u017ck\u0119 Bodoni. Manual of Typography autorstwa Stephan F\u00fcssel wydan\u0105 przez TASCHEN (2016-07-15) w formacie 14 x 19,5 cm (ISBN: 9783836520362). Zapraszamy!\",\"breadcrumb\":{\"@id\":\"https:\\\/\\\/foliobooks.pl\\\/en\\\/shop\\\/bodoni-manual-of-typography\\\/#breadcrumb\"},\"inLanguage\":\"en-US\",\"potentialAction\":[{\"@type\":\"ReadAction\",\"target\":[\"https:\\\/\\\/foliobooks.pl\\\/en\\\/shop\\\/bodoni-manual-of-typography\\\/\"]}]},{\"@type\":\"ImageObject\",\"inLanguage\":\"en-US\",\"@id\":\"https:\\\/\\\/foliobooks.pl\\\/en\\\/shop\\\/bodoni-manual-of-typography\\\/#primaryimage\",\"url\":\"https:\\\/\\\/foliobooks.pl\\\/wp-content\\\/uploads\\\/2016\\\/10\\\/9783836520362.png\",\"contentUrl\":\"https:\\\/\\\/foliobooks.pl\\\/wp-content\\\/uploads\\\/2016\\\/10\\\/9783836520362.png\",\"width\":570,\"height\":708},{\"@type\":\"BreadcrumbList\",\"@id\":\"https:\\\/\\\/foliobooks.pl\\\/en\\\/shop\\\/bodoni-manual-of-typography\\\/#breadcrumb\",\"itemListElement\":[{\"@type\":\"ListItem\",\"position\":1,\"name\":\"Strona g\u0142\u00f3wna\",\"item\":\"https:\\\/\\\/foliobooks.pl\\\/en\\\/\"},{\"@type\":\"ListItem\",\"position\":2,\"name\":\"Shop\",\"item\":\"https:\\\/\\\/foliobooks.pl\\\/en\\\/shop\\\/\"},{\"@type\":\"ListItem\",\"position\":3,\"name\":\"Bodoni. Manual of Typography\"}]},{\"@type\":\"WebSite\",\"@id\":\"https:\\\/\\\/foliobooks.pl\\\/en\\\/#website\",\"url\":\"https:\\\/\\\/foliobooks.pl\\\/en\\\/\",\"name\":\"Folio\",\"description\":\"Ksi\u0119garnia internetowa\",\"potentialAction\":[{\"@type\":\"SearchAction\",\"target\":{\"@type\":\"EntryPoint\",\"urlTemplate\":\"https:\\\/\\\/foliobooks.pl\\\/en\\\/?s={search_term_string}\"},\"query-input\":{\"@type\":\"PropertyValueSpecification\",\"valueRequired\":true,\"valueName\":\"search_term_string\"}}],\"inLanguage\":\"en-US\"}]}<\/script>\n<!-- \/ Yoast SEO plugin. -->","yoast_head_json":{"title":"Bodoni. Manual of Typography (Stephan F\u00fcssel) - book \/ album - Folio","description":"Wejd\u017a i kup ksi\u0105\u017ck\u0119 Bodoni. Manual of Typography autorstwa Stephan F\u00fcssel wydan\u0105 przez TASCHEN (2016-07-15) w formacie 14 x 19,5 cm (ISBN: 9783836520362). Zapraszamy!","robots":{"index":"index","follow":"follow","max-snippet":"max-snippet:-1","max-image-preview":"max-image-preview:large","max-video-preview":"max-video-preview:-1"},"canonical":"https:\/\/foliobooks.pl\/en\/shop\/bodoni-manual-of-typography\/","og_locale":"en_US","og_type":"article","og_title":"Bodoni. Manual of Typography (Stephan F\u00fcssel) - book \/ album - Folio","og_description":"Wejd\u017a i kup ksi\u0105\u017ck\u0119 Bodoni. Manual of Typography autorstwa Stephan F\u00fcssel wydan\u0105 przez TASCHEN (2016-07-15) w formacie 14 x 19,5 cm (ISBN: 9783836520362). Zapraszamy!","og_url":"https:\/\/foliobooks.pl\/en\/shop\/bodoni-manual-of-typography\/","og_site_name":"Folio","article_modified_time":"2022-09-20T13:33:33+00:00","og_image":[{"width":570,"height":708,"url":"https:\/\/foliobooks.pl\/wp-content\/uploads\/2016\/10\/9783836520362.png","type":"image\/png"}],"twitter_card":"summary_large_image","twitter_misc":{"Est. reading time":"1 minute"},"schema":{"@context":"https:\/\/schema.org","@graph":[{"@type":"WebPage","@id":"https:\/\/foliobooks.pl\/en\/shop\/bodoni-manual-of-typography\/","url":"https:\/\/foliobooks.pl\/en\/shop\/bodoni-manual-of-typography\/","name":"Bodoni. Manual of Typography (Stephan F\u00fcssel) - book \/ album - Folio","isPartOf":{"@id":"https:\/\/foliobooks.pl\/en\/#website"},"primaryImageOfPage":{"@id":"https:\/\/foliobooks.pl\/en\/shop\/bodoni-manual-of-typography\/#primaryimage"},"image":{"@id":"https:\/\/foliobooks.pl\/en\/shop\/bodoni-manual-of-typography\/#primaryimage"},"thumbnailUrl":"https:\/\/foliobooks.pl\/wp-content\/uploads\/2016\/10\/9783836520362.png","datePublished":"2016-10-13T14:42:26+00:00","dateModified":"2022-09-20T13:33:33+00:00","description":"Wejd\u017a i kup ksi\u0105\u017ck\u0119 Bodoni. Manual of Typography autorstwa Stephan F\u00fcssel wydan\u0105 przez TASCHEN (2016-07-15) w formacie 14 x 19,5 cm (ISBN: 9783836520362). Zapraszamy!","breadcrumb":{"@id":"https:\/\/foliobooks.pl\/en\/shop\/bodoni-manual-of-typography\/#breadcrumb"},"inLanguage":"en-US","potentialAction":[{"@type":"ReadAction","target":["https:\/\/foliobooks.pl\/en\/shop\/bodoni-manual-of-typography\/"]}]},{"@type":"ImageObject","inLanguage":"en-US","@id":"https:\/\/foliobooks.pl\/en\/shop\/bodoni-manual-of-typography\/#primaryimage","url":"https:\/\/foliobooks.pl\/wp-content\/uploads\/2016\/10\/9783836520362.png","contentUrl":"https:\/\/foliobooks.pl\/wp-content\/uploads\/2016\/10\/9783836520362.png","width":570,"height":708},{"@type":"BreadcrumbList","@id":"https:\/\/foliobooks.pl\/en\/shop\/bodoni-manual-of-typography\/#breadcrumb","itemListElement":[{"@type":"ListItem","position":1,"name":"Strona g\u0142\u00f3wna","item":"https:\/\/foliobooks.pl\/en\/"},{"@type":"ListItem","position":2,"name":"Shop","item":"https:\/\/foliobooks.pl\/en\/shop\/"},{"@type":"ListItem","position":3,"name":"Bodoni. Manual of Typography"}]},{"@type":"WebSite","@id":"https:\/\/foliobooks.pl\/en\/#website","url":"https:\/\/foliobooks.pl\/en\/","name":"Folio","description":"Ksi\u0119garnia internetowa","potentialAction":[{"@type":"SearchAction","target":{"@type":"EntryPoint","urlTemplate":"https:\/\/foliobooks.pl\/en\/?s={search_term_string}"},"query-input":{"@type":"PropertyValueSpecification","valueRequired":true,"valueName":"search_term_string"}}],"inLanguage":"en-US"}]}},"_links":{"self":[{"href":"https:\/\/foliobooks.pl\/en\/wp-json\/wp\/v2\/product\/16740","targetHints":{"allow":["GET"]}}],"collection":[{"href":"https:\/\/foliobooks.pl\/en\/wp-json\/wp\/v2\/product"}],"about":[{"href":"https:\/\/foliobooks.pl\/en\/wp-json\/wp\/v2\/types\/product"}],"replies":[{"embeddable":true,"href":"https:\/\/foliobooks.pl\/en\/wp-json\/wp\/v2\/comments?post=16740"}],"wp:featuredmedia":[{"embeddable":true,"href":"https:\/\/foliobooks.pl\/en\/wp-json\/wp\/v2\/media\/16733"}],"wp:attachment":[{"href":"https:\/\/foliobooks.pl\/en\/wp-json\/wp\/v2\/media?parent=16740"}],"wp:term":[{"taxonomy":"product_brand","embeddable":true,"href":"https:\/\/foliobooks.pl\/en\/wp-json\/wp\/v2\/product_brand?post=16740"},{"taxonomy":"product_cat","embeddable":true,"href":"https:\/\/foliobooks.pl\/en\/wp-json\/wp\/v2\/product_cat?post=16740"},{"taxonomy":"product_tag","embeddable":true,"href":"https:\/\/foliobooks.pl\/en\/wp-json\/wp\/v2\/product_tag?post=16740"}],"curies":[{"name":"wp","href":"https:\/\/api.w.org\/{rel}","templated":true}]}}