{"id":16657,"date":"2016-10-05T20:30:21","date_gmt":"2016-10-05T18:30:21","guid":{"rendered":"http:\/\/foliobooks.pl\/en\/sklep\/orla-kiely-colouring-book\/"},"modified":"2021-11-08T16:55:21","modified_gmt":"2021-11-08T15:55:21","slug":"orla-kiely-colouring-book","status":"publish","type":"product","link":"https:\/\/foliobooks.pl\/en\/shop\/orla-kiely-colouring-book\/","title":{"rendered":"Orla Kiely Colouring Book"},"content":{"rendered":"<p>In this, her first colouring book, Orla includes a feature on her much-loved palette, explains how to add texture to the page and create new colours through layering. Pick up some crayons or felt-tips and create your own fabulous patterns and prints. It&#8217;s the perfect gift for anyone who loves colouring, fashion, design and illustration.<\/p>\n","protected":false},"excerpt":{"rendered":"<p>In this, her first colouring book, Orla includes a feature on her much-loved palette, explains how to add texture to the page and create new colours through layering. Pick up some crayons or felt-tips and create your own fabulous patterns and prints. It&#8217;s the perfect gift for anyone who loves colouring, fashion, design and illustration.<\/p>\n","protected":false},"featured_media":16656,"comment_status":"closed","ping_status":"closed","template":"","meta":[],"product_brand":[],"product_cat":[4519,4521],"product_tag":[],"class_list":{"0":"post-16657","1":"product","2":"type-product","3":"status-publish","4":"has-post-thumbnail","6":"product_cat-fashion-en-en","7":"product_cat-silva-rerum-en-en","8":"pa_author_att-orla-kiely-en","9":"pa_cover-softcover","10":"pa_format-28-x-22-cm-en","11":"pa_isbn-9781840917338-en","12":"pa_language-eng","13":"pa_pages-96-en","14":"pa_published-2016-02-25-en","15":"pa_publisher-conran-octopus-en","17":"first","18":"instock","19":"sale","20":"sold-individually","21":"shipping-taxable","22":"purchasable","23":"product-type-simple"},"yoast_head":"<!-- This site is optimized with the Yoast SEO plugin v27.4 - https:\/\/yoast.com\/product\/yoast-seo-wordpress\/ -->\n<title>Orla Kiely Colouring Book (Orla Kiely) - book \/ album - Folio<\/title>\n<meta name=\"description\" content=\"Wejd\u017a i kup ksi\u0105\u017ck\u0119 Orla Kiely Colouring Book autorstwa Orla Kiely wydan\u0105 przez Conran Octopus (2016-02-25) w formacie 28 x 22 cm (ISBN: 9781840917338). Zapraszamy!\" \/>\n<meta name=\"robots\" content=\"index, follow, max-snippet:-1, max-image-preview:large, max-video-preview:-1\" \/>\n<link rel=\"canonical\" href=\"https:\/\/foliobooks.pl\/en\/shop\/orla-kiely-colouring-book\/\" \/>\n<meta property=\"og:locale\" content=\"en_US\" \/>\n<meta property=\"og:type\" content=\"article\" \/>\n<meta property=\"og:title\" content=\"Orla Kiely Colouring Book (Orla Kiely) - book \/ album - Folio\" \/>\n<meta property=\"og:description\" content=\"Wejd\u017a i kup ksi\u0105\u017ck\u0119 Orla Kiely Colouring Book autorstwa Orla Kiely wydan\u0105 przez Conran Octopus (2016-02-25) w formacie 28 x 22 cm (ISBN: 9781840917338). Zapraszamy!\" \/>\n<meta property=\"og:url\" content=\"https:\/\/foliobooks.pl\/en\/shop\/orla-kiely-colouring-book\/\" \/>\n<meta property=\"og:site_name\" content=\"Folio\" \/>\n<meta property=\"article:modified_time\" content=\"2021-11-08T15:55:21+00:00\" \/>\n<meta property=\"og:image\" content=\"https:\/\/foliobooks.pl\/wp-content\/uploads\/2016\/10\/9781840917338.png\" \/>\n\t<meta property=\"og:image:width\" content=\"570\" \/>\n\t<meta property=\"og:image:height\" content=\"708\" \/>\n\t<meta property=\"og:image:type\" content=\"image\/png\" \/>\n<meta name=\"twitter:card\" content=\"summary_large_image\" \/>\n<script type=\"application\/ld+json\" class=\"yoast-schema-graph\">{\"@context\":\"https:\\\/\\\/schema.org\",\"@graph\":[{\"@type\":\"WebPage\",\"@id\":\"https:\\\/\\\/foliobooks.pl\\\/en\\\/shop\\\/orla-kiely-colouring-book\\\/\",\"url\":\"https:\\\/\\\/foliobooks.pl\\\/en\\\/shop\\\/orla-kiely-colouring-book\\\/\",\"name\":\"Orla Kiely Colouring Book (Orla Kiely) - book \\\/ album - Folio\",\"isPartOf\":{\"@id\":\"https:\\\/\\\/foliobooks.pl\\\/en\\\/#website\"},\"primaryImageOfPage\":{\"@id\":\"https:\\\/\\\/foliobooks.pl\\\/en\\\/shop\\\/orla-kiely-colouring-book\\\/#primaryimage\"},\"image\":{\"@id\":\"https:\\\/\\\/foliobooks.pl\\\/en\\\/shop\\\/orla-kiely-colouring-book\\\/#primaryimage\"},\"thumbnailUrl\":\"https:\\\/\\\/foliobooks.pl\\\/wp-content\\\/uploads\\\/2016\\\/10\\\/9781840917338.png\",\"datePublished\":\"2016-10-05T18:30:21+00:00\",\"dateModified\":\"2021-11-08T15:55:21+00:00\",\"description\":\"Wejd\u017a i kup ksi\u0105\u017ck\u0119 Orla Kiely Colouring Book autorstwa Orla Kiely wydan\u0105 przez Conran Octopus (2016-02-25) w formacie 28 x 22 cm (ISBN: 9781840917338). Zapraszamy!\",\"breadcrumb\":{\"@id\":\"https:\\\/\\\/foliobooks.pl\\\/en\\\/shop\\\/orla-kiely-colouring-book\\\/#breadcrumb\"},\"inLanguage\":\"en-US\",\"potentialAction\":[{\"@type\":\"ReadAction\",\"target\":[\"https:\\\/\\\/foliobooks.pl\\\/en\\\/shop\\\/orla-kiely-colouring-book\\\/\"]}]},{\"@type\":\"ImageObject\",\"inLanguage\":\"en-US\",\"@id\":\"https:\\\/\\\/foliobooks.pl\\\/en\\\/shop\\\/orla-kiely-colouring-book\\\/#primaryimage\",\"url\":\"https:\\\/\\\/foliobooks.pl\\\/wp-content\\\/uploads\\\/2016\\\/10\\\/9781840917338.png\",\"contentUrl\":\"https:\\\/\\\/foliobooks.pl\\\/wp-content\\\/uploads\\\/2016\\\/10\\\/9781840917338.png\",\"width\":570,\"height\":708},{\"@type\":\"BreadcrumbList\",\"@id\":\"https:\\\/\\\/foliobooks.pl\\\/en\\\/shop\\\/orla-kiely-colouring-book\\\/#breadcrumb\",\"itemListElement\":[{\"@type\":\"ListItem\",\"position\":1,\"name\":\"Strona g\u0142\u00f3wna\",\"item\":\"https:\\\/\\\/foliobooks.pl\\\/en\\\/\"},{\"@type\":\"ListItem\",\"position\":2,\"name\":\"Shop\",\"item\":\"https:\\\/\\\/foliobooks.pl\\\/en\\\/shop\\\/\"},{\"@type\":\"ListItem\",\"position\":3,\"name\":\"Orla Kiely Colouring Book\"}]},{\"@type\":\"WebSite\",\"@id\":\"https:\\\/\\\/foliobooks.pl\\\/en\\\/#website\",\"url\":\"https:\\\/\\\/foliobooks.pl\\\/en\\\/\",\"name\":\"Folio\",\"description\":\"Ksi\u0119garnia internetowa\",\"potentialAction\":[{\"@type\":\"SearchAction\",\"target\":{\"@type\":\"EntryPoint\",\"urlTemplate\":\"https:\\\/\\\/foliobooks.pl\\\/en\\\/?s={search_term_string}\"},\"query-input\":{\"@type\":\"PropertyValueSpecification\",\"valueRequired\":true,\"valueName\":\"search_term_string\"}}],\"inLanguage\":\"en-US\"}]}<\/script>\n<!-- \/ Yoast SEO plugin. -->","yoast_head_json":{"title":"Orla Kiely Colouring Book (Orla Kiely) - book \/ album - Folio","description":"Wejd\u017a i kup ksi\u0105\u017ck\u0119 Orla Kiely Colouring Book autorstwa Orla Kiely wydan\u0105 przez Conran Octopus (2016-02-25) w formacie 28 x 22 cm (ISBN: 9781840917338). Zapraszamy!","robots":{"index":"index","follow":"follow","max-snippet":"max-snippet:-1","max-image-preview":"max-image-preview:large","max-video-preview":"max-video-preview:-1"},"canonical":"https:\/\/foliobooks.pl\/en\/shop\/orla-kiely-colouring-book\/","og_locale":"en_US","og_type":"article","og_title":"Orla Kiely Colouring Book (Orla Kiely) - book \/ album - Folio","og_description":"Wejd\u017a i kup ksi\u0105\u017ck\u0119 Orla Kiely Colouring Book autorstwa Orla Kiely wydan\u0105 przez Conran Octopus (2016-02-25) w formacie 28 x 22 cm (ISBN: 9781840917338). Zapraszamy!","og_url":"https:\/\/foliobooks.pl\/en\/shop\/orla-kiely-colouring-book\/","og_site_name":"Folio","article_modified_time":"2021-11-08T15:55:21+00:00","og_image":[{"width":570,"height":708,"url":"https:\/\/foliobooks.pl\/wp-content\/uploads\/2016\/10\/9781840917338.png","type":"image\/png"}],"twitter_card":"summary_large_image","schema":{"@context":"https:\/\/schema.org","@graph":[{"@type":"WebPage","@id":"https:\/\/foliobooks.pl\/en\/shop\/orla-kiely-colouring-book\/","url":"https:\/\/foliobooks.pl\/en\/shop\/orla-kiely-colouring-book\/","name":"Orla Kiely Colouring Book (Orla Kiely) - book \/ album - Folio","isPartOf":{"@id":"https:\/\/foliobooks.pl\/en\/#website"},"primaryImageOfPage":{"@id":"https:\/\/foliobooks.pl\/en\/shop\/orla-kiely-colouring-book\/#primaryimage"},"image":{"@id":"https:\/\/foliobooks.pl\/en\/shop\/orla-kiely-colouring-book\/#primaryimage"},"thumbnailUrl":"https:\/\/foliobooks.pl\/wp-content\/uploads\/2016\/10\/9781840917338.png","datePublished":"2016-10-05T18:30:21+00:00","dateModified":"2021-11-08T15:55:21+00:00","description":"Wejd\u017a i kup ksi\u0105\u017ck\u0119 Orla Kiely Colouring Book autorstwa Orla Kiely wydan\u0105 przez Conran Octopus (2016-02-25) w formacie 28 x 22 cm (ISBN: 9781840917338). Zapraszamy!","breadcrumb":{"@id":"https:\/\/foliobooks.pl\/en\/shop\/orla-kiely-colouring-book\/#breadcrumb"},"inLanguage":"en-US","potentialAction":[{"@type":"ReadAction","target":["https:\/\/foliobooks.pl\/en\/shop\/orla-kiely-colouring-book\/"]}]},{"@type":"ImageObject","inLanguage":"en-US","@id":"https:\/\/foliobooks.pl\/en\/shop\/orla-kiely-colouring-book\/#primaryimage","url":"https:\/\/foliobooks.pl\/wp-content\/uploads\/2016\/10\/9781840917338.png","contentUrl":"https:\/\/foliobooks.pl\/wp-content\/uploads\/2016\/10\/9781840917338.png","width":570,"height":708},{"@type":"BreadcrumbList","@id":"https:\/\/foliobooks.pl\/en\/shop\/orla-kiely-colouring-book\/#breadcrumb","itemListElement":[{"@type":"ListItem","position":1,"name":"Strona g\u0142\u00f3wna","item":"https:\/\/foliobooks.pl\/en\/"},{"@type":"ListItem","position":2,"name":"Shop","item":"https:\/\/foliobooks.pl\/en\/shop\/"},{"@type":"ListItem","position":3,"name":"Orla Kiely Colouring Book"}]},{"@type":"WebSite","@id":"https:\/\/foliobooks.pl\/en\/#website","url":"https:\/\/foliobooks.pl\/en\/","name":"Folio","description":"Ksi\u0119garnia internetowa","potentialAction":[{"@type":"SearchAction","target":{"@type":"EntryPoint","urlTemplate":"https:\/\/foliobooks.pl\/en\/?s={search_term_string}"},"query-input":{"@type":"PropertyValueSpecification","valueRequired":true,"valueName":"search_term_string"}}],"inLanguage":"en-US"}]}},"_links":{"self":[{"href":"https:\/\/foliobooks.pl\/en\/wp-json\/wp\/v2\/product\/16657","targetHints":{"allow":["GET"]}}],"collection":[{"href":"https:\/\/foliobooks.pl\/en\/wp-json\/wp\/v2\/product"}],"about":[{"href":"https:\/\/foliobooks.pl\/en\/wp-json\/wp\/v2\/types\/product"}],"replies":[{"embeddable":true,"href":"https:\/\/foliobooks.pl\/en\/wp-json\/wp\/v2\/comments?post=16657"}],"wp:featuredmedia":[{"embeddable":true,"href":"https:\/\/foliobooks.pl\/en\/wp-json\/wp\/v2\/media\/16656"}],"wp:attachment":[{"href":"https:\/\/foliobooks.pl\/en\/wp-json\/wp\/v2\/media?parent=16657"}],"wp:term":[{"taxonomy":"product_brand","embeddable":true,"href":"https:\/\/foliobooks.pl\/en\/wp-json\/wp\/v2\/product_brand?post=16657"},{"taxonomy":"product_cat","embeddable":true,"href":"https:\/\/foliobooks.pl\/en\/wp-json\/wp\/v2\/product_cat?post=16657"},{"taxonomy":"product_tag","embeddable":true,"href":"https:\/\/foliobooks.pl\/en\/wp-json\/wp\/v2\/product_tag?post=16657"}],"curies":[{"name":"wp","href":"https:\/\/api.w.org\/{rel}","templated":true}]}}