{"id":16627,"date":"2016-10-05T20:03:32","date_gmt":"2016-10-05T18:03:32","guid":{"rendered":"http:\/\/foliobooks.pl\/en\/sklep\/kevin-amato-the-importants\/"},"modified":"2025-09-30T15:37:07","modified_gmt":"2025-09-30T13:37:07","slug":"kevin-amato-the-importants","status":"publish","type":"product","link":"https:\/\/foliobooks.pl\/en\/shop\/kevin-amato-the-importants\/","title":{"rendered":"Kevin Amato. The Importants"},"content":{"rendered":"<p>The much-anticipated first book by photographer Kevin Amato, a leading influencer in fashion today<\/p>\n<p>Kevin Amato, a fashion insider whose influence is felt around the world, defines who and what is beautiful and fashionable today. Through his photography &#8211; evocative of the work of the generation of photographers before him, including Nan Goldin, Larry Clark, and Ryan McGinley &#8211; Amato celebrates the faces of the Bronx, where he discovers the majority of his subjects. He takes their pictures. He casts them in fashion shows and advertising campaigns. He calls them &#8216;The Importants&#8217;, the young people thriving against all odds and who together exemplify diversity and inclusivity. Amato documents a new world order that is as provocative as it is tender, and as disturbing as it is joyful.<\/p>\n","protected":false},"excerpt":{"rendered":"<p>The much-anticipated first book by photographer Kevin Amato, a leading influencer in fashion today Kevin Amato, a fashion insider whose influence is felt around the world, defines who and what is beautiful and fashionable today. Through his photography &#8211; evocative of the work of the generation of photographers before him, including Nan Goldin, Larry Clark,&#8230;<\/p>\n","protected":false},"featured_media":16626,"comment_status":"closed","ping_status":"closed","template":"","meta":[],"product_brand":[],"product_cat":[4519,4517],"product_tag":[979,154,6121,1683,1066,1267],"class_list":{"0":"post-16627","1":"product","2":"type-product","3":"status-publish","4":"has-post-thumbnail","6":"product_cat-fashion-en-en","7":"product_cat-photography-en","8":"product_tag-contemporary-art-en","9":"product_tag-monographs","10":"product_tag-photography","11":"product_tag-pop-culture","12":"product_tag-portraits-en","13":"product_tag-reportage","14":"pa_author_att-kevin-amato-en","15":"pa_cover-hardcover","16":"pa_format-18-x-16-cm-en","17":"pa_isbn-9780714872384-en","18":"pa_language-eng","19":"pa_pages-224-2-en","20":"pa_published-2016-09-05-en","21":"pa_publisher-phaidon-en","23":"first","24":"instock","25":"sale","26":"sold-individually","27":"shipping-taxable","28":"purchasable","29":"product-type-simple"},"yoast_head":"<!-- This site is optimized with the Yoast SEO plugin v27.4 - https:\/\/yoast.com\/product\/yoast-seo-wordpress\/ -->\n<title>Kevin Amato. The Importants (Kevin Amato) - book \/ album - Folio<\/title>\n<meta name=\"description\" content=\"Wejd\u017a i kup ksi\u0105\u017ck\u0119 Kevin Amato. The Importants autorstwa Kevin Amato wydan\u0105 przez PHAIDON (2016-09-05) w formacie 18 x 16 cm (ISBN: 9780714872384). Zapraszamy!\" \/>\n<meta name=\"robots\" content=\"index, follow, max-snippet:-1, max-image-preview:large, max-video-preview:-1\" \/>\n<link rel=\"canonical\" href=\"https:\/\/foliobooks.pl\/en\/shop\/kevin-amato-the-importants\/\" \/>\n<meta property=\"og:locale\" content=\"en_US\" \/>\n<meta property=\"og:type\" content=\"article\" \/>\n<meta property=\"og:title\" content=\"Kevin Amato. The Importants (Kevin Amato) - book \/ album - Folio\" \/>\n<meta property=\"og:description\" content=\"Wejd\u017a i kup ksi\u0105\u017ck\u0119 Kevin Amato. The Importants autorstwa Kevin Amato wydan\u0105 przez PHAIDON (2016-09-05) w formacie 18 x 16 cm (ISBN: 9780714872384). Zapraszamy!\" \/>\n<meta property=\"og:url\" content=\"https:\/\/foliobooks.pl\/en\/shop\/kevin-amato-the-importants\/\" \/>\n<meta property=\"og:site_name\" content=\"Folio\" \/>\n<meta property=\"article:modified_time\" content=\"2025-09-30T13:37:07+00:00\" \/>\n<meta property=\"og:image\" content=\"https:\/\/foliobooks.pl\/wp-content\/uploads\/2016\/10\/9780714872384.png\" \/>\n\t<meta property=\"og:image:width\" content=\"570\" \/>\n\t<meta property=\"og:image:height\" content=\"708\" \/>\n\t<meta property=\"og:image:type\" content=\"image\/png\" \/>\n<meta name=\"twitter:card\" content=\"summary_large_image\" \/>\n<meta name=\"twitter:label1\" content=\"Est. reading time\" \/>\n\t<meta name=\"twitter:data1\" content=\"1 minute\" \/>\n<script type=\"application\/ld+json\" class=\"yoast-schema-graph\">{\"@context\":\"https:\\\/\\\/schema.org\",\"@graph\":[{\"@type\":\"WebPage\",\"@id\":\"https:\\\/\\\/foliobooks.pl\\\/en\\\/shop\\\/kevin-amato-the-importants\\\/\",\"url\":\"https:\\\/\\\/foliobooks.pl\\\/en\\\/shop\\\/kevin-amato-the-importants\\\/\",\"name\":\"Kevin Amato. The Importants (Kevin Amato) - book \\\/ album - Folio\",\"isPartOf\":{\"@id\":\"https:\\\/\\\/foliobooks.pl\\\/en\\\/#website\"},\"primaryImageOfPage\":{\"@id\":\"https:\\\/\\\/foliobooks.pl\\\/en\\\/shop\\\/kevin-amato-the-importants\\\/#primaryimage\"},\"image\":{\"@id\":\"https:\\\/\\\/foliobooks.pl\\\/en\\\/shop\\\/kevin-amato-the-importants\\\/#primaryimage\"},\"thumbnailUrl\":\"https:\\\/\\\/foliobooks.pl\\\/wp-content\\\/uploads\\\/2016\\\/10\\\/9780714872384.png\",\"datePublished\":\"2016-10-05T18:03:32+00:00\",\"dateModified\":\"2025-09-30T13:37:07+00:00\",\"description\":\"Wejd\u017a i kup ksi\u0105\u017ck\u0119 Kevin Amato. The Importants autorstwa Kevin Amato wydan\u0105 przez PHAIDON (2016-09-05) w formacie 18 x 16 cm (ISBN: 9780714872384). Zapraszamy!\",\"breadcrumb\":{\"@id\":\"https:\\\/\\\/foliobooks.pl\\\/en\\\/shop\\\/kevin-amato-the-importants\\\/#breadcrumb\"},\"inLanguage\":\"en-US\",\"potentialAction\":[{\"@type\":\"ReadAction\",\"target\":[\"https:\\\/\\\/foliobooks.pl\\\/en\\\/shop\\\/kevin-amato-the-importants\\\/\"]}]},{\"@type\":\"ImageObject\",\"inLanguage\":\"en-US\",\"@id\":\"https:\\\/\\\/foliobooks.pl\\\/en\\\/shop\\\/kevin-amato-the-importants\\\/#primaryimage\",\"url\":\"https:\\\/\\\/foliobooks.pl\\\/wp-content\\\/uploads\\\/2016\\\/10\\\/9780714872384.png\",\"contentUrl\":\"https:\\\/\\\/foliobooks.pl\\\/wp-content\\\/uploads\\\/2016\\\/10\\\/9780714872384.png\",\"width\":570,\"height\":708},{\"@type\":\"BreadcrumbList\",\"@id\":\"https:\\\/\\\/foliobooks.pl\\\/en\\\/shop\\\/kevin-amato-the-importants\\\/#breadcrumb\",\"itemListElement\":[{\"@type\":\"ListItem\",\"position\":1,\"name\":\"Strona g\u0142\u00f3wna\",\"item\":\"https:\\\/\\\/foliobooks.pl\\\/en\\\/\"},{\"@type\":\"ListItem\",\"position\":2,\"name\":\"Shop\",\"item\":\"https:\\\/\\\/foliobooks.pl\\\/en\\\/shop\\\/\"},{\"@type\":\"ListItem\",\"position\":3,\"name\":\"Kevin Amato. The Importants\"}]},{\"@type\":\"WebSite\",\"@id\":\"https:\\\/\\\/foliobooks.pl\\\/en\\\/#website\",\"url\":\"https:\\\/\\\/foliobooks.pl\\\/en\\\/\",\"name\":\"Folio\",\"description\":\"Ksi\u0119garnia internetowa\",\"potentialAction\":[{\"@type\":\"SearchAction\",\"target\":{\"@type\":\"EntryPoint\",\"urlTemplate\":\"https:\\\/\\\/foliobooks.pl\\\/en\\\/?s={search_term_string}\"},\"query-input\":{\"@type\":\"PropertyValueSpecification\",\"valueRequired\":true,\"valueName\":\"search_term_string\"}}],\"inLanguage\":\"en-US\"}]}<\/script>\n<!-- \/ Yoast SEO plugin. -->","yoast_head_json":{"title":"Kevin Amato. The Importants (Kevin Amato) - book \/ album - Folio","description":"Wejd\u017a i kup ksi\u0105\u017ck\u0119 Kevin Amato. The Importants autorstwa Kevin Amato wydan\u0105 przez PHAIDON (2016-09-05) w formacie 18 x 16 cm (ISBN: 9780714872384). Zapraszamy!","robots":{"index":"index","follow":"follow","max-snippet":"max-snippet:-1","max-image-preview":"max-image-preview:large","max-video-preview":"max-video-preview:-1"},"canonical":"https:\/\/foliobooks.pl\/en\/shop\/kevin-amato-the-importants\/","og_locale":"en_US","og_type":"article","og_title":"Kevin Amato. The Importants (Kevin Amato) - book \/ album - Folio","og_description":"Wejd\u017a i kup ksi\u0105\u017ck\u0119 Kevin Amato. The Importants autorstwa Kevin Amato wydan\u0105 przez PHAIDON (2016-09-05) w formacie 18 x 16 cm (ISBN: 9780714872384). Zapraszamy!","og_url":"https:\/\/foliobooks.pl\/en\/shop\/kevin-amato-the-importants\/","og_site_name":"Folio","article_modified_time":"2025-09-30T13:37:07+00:00","og_image":[{"width":570,"height":708,"url":"https:\/\/foliobooks.pl\/wp-content\/uploads\/2016\/10\/9780714872384.png","type":"image\/png"}],"twitter_card":"summary_large_image","twitter_misc":{"Est. reading time":"1 minute"},"schema":{"@context":"https:\/\/schema.org","@graph":[{"@type":"WebPage","@id":"https:\/\/foliobooks.pl\/en\/shop\/kevin-amato-the-importants\/","url":"https:\/\/foliobooks.pl\/en\/shop\/kevin-amato-the-importants\/","name":"Kevin Amato. The Importants (Kevin Amato) - book \/ album - Folio","isPartOf":{"@id":"https:\/\/foliobooks.pl\/en\/#website"},"primaryImageOfPage":{"@id":"https:\/\/foliobooks.pl\/en\/shop\/kevin-amato-the-importants\/#primaryimage"},"image":{"@id":"https:\/\/foliobooks.pl\/en\/shop\/kevin-amato-the-importants\/#primaryimage"},"thumbnailUrl":"https:\/\/foliobooks.pl\/wp-content\/uploads\/2016\/10\/9780714872384.png","datePublished":"2016-10-05T18:03:32+00:00","dateModified":"2025-09-30T13:37:07+00:00","description":"Wejd\u017a i kup ksi\u0105\u017ck\u0119 Kevin Amato. The Importants autorstwa Kevin Amato wydan\u0105 przez PHAIDON (2016-09-05) w formacie 18 x 16 cm (ISBN: 9780714872384). Zapraszamy!","breadcrumb":{"@id":"https:\/\/foliobooks.pl\/en\/shop\/kevin-amato-the-importants\/#breadcrumb"},"inLanguage":"en-US","potentialAction":[{"@type":"ReadAction","target":["https:\/\/foliobooks.pl\/en\/shop\/kevin-amato-the-importants\/"]}]},{"@type":"ImageObject","inLanguage":"en-US","@id":"https:\/\/foliobooks.pl\/en\/shop\/kevin-amato-the-importants\/#primaryimage","url":"https:\/\/foliobooks.pl\/wp-content\/uploads\/2016\/10\/9780714872384.png","contentUrl":"https:\/\/foliobooks.pl\/wp-content\/uploads\/2016\/10\/9780714872384.png","width":570,"height":708},{"@type":"BreadcrumbList","@id":"https:\/\/foliobooks.pl\/en\/shop\/kevin-amato-the-importants\/#breadcrumb","itemListElement":[{"@type":"ListItem","position":1,"name":"Strona g\u0142\u00f3wna","item":"https:\/\/foliobooks.pl\/en\/"},{"@type":"ListItem","position":2,"name":"Shop","item":"https:\/\/foliobooks.pl\/en\/shop\/"},{"@type":"ListItem","position":3,"name":"Kevin Amato. The Importants"}]},{"@type":"WebSite","@id":"https:\/\/foliobooks.pl\/en\/#website","url":"https:\/\/foliobooks.pl\/en\/","name":"Folio","description":"Ksi\u0119garnia internetowa","potentialAction":[{"@type":"SearchAction","target":{"@type":"EntryPoint","urlTemplate":"https:\/\/foliobooks.pl\/en\/?s={search_term_string}"},"query-input":{"@type":"PropertyValueSpecification","valueRequired":true,"valueName":"search_term_string"}}],"inLanguage":"en-US"}]}},"_links":{"self":[{"href":"https:\/\/foliobooks.pl\/en\/wp-json\/wp\/v2\/product\/16627","targetHints":{"allow":["GET"]}}],"collection":[{"href":"https:\/\/foliobooks.pl\/en\/wp-json\/wp\/v2\/product"}],"about":[{"href":"https:\/\/foliobooks.pl\/en\/wp-json\/wp\/v2\/types\/product"}],"replies":[{"embeddable":true,"href":"https:\/\/foliobooks.pl\/en\/wp-json\/wp\/v2\/comments?post=16627"}],"wp:featuredmedia":[{"embeddable":true,"href":"https:\/\/foliobooks.pl\/en\/wp-json\/wp\/v2\/media\/16626"}],"wp:attachment":[{"href":"https:\/\/foliobooks.pl\/en\/wp-json\/wp\/v2\/media?parent=16627"}],"wp:term":[{"taxonomy":"product_brand","embeddable":true,"href":"https:\/\/foliobooks.pl\/en\/wp-json\/wp\/v2\/product_brand?post=16627"},{"taxonomy":"product_cat","embeddable":true,"href":"https:\/\/foliobooks.pl\/en\/wp-json\/wp\/v2\/product_cat?post=16627"},{"taxonomy":"product_tag","embeddable":true,"href":"https:\/\/foliobooks.pl\/en\/wp-json\/wp\/v2\/product_tag?post=16627"}],"curies":[{"name":"wp","href":"https:\/\/api.w.org\/{rel}","templated":true}]}}