{"id":16539,"date":"2016-09-22T11:12:07","date_gmt":"2016-09-22T09:12:07","guid":{"rendered":"http:\/\/foliobooks.pl\/en\/sklep\/information-graphics\/"},"modified":"2019-10-10T16:54:11","modified_gmt":"2019-10-10T14:54:11","slug":"information-graphics","status":"publish","type":"product","link":"https:\/\/foliobooks.pl\/en\/shop\/information-graphics\/","title":{"rendered":"Information Graphics"},"content":{"rendered":"<p>Our everyday lives are filled with a massive flow of information that we must interpret in order to understand the world we live in. Considering this complex variety of data floating around us, sometimes the best \u2014 or even only \u2014 way to communicate is visually. This unique book presents a fascinating perspective on the subject, highlighting the work of the masters of the profession who have created a number of breakthroughs that have changed the way we communicate. Information Graphics has been conceived and designed not just for graphics professionals, but for anyone interested in the history and practice of communicating visually.<\/p>\n<p>The in-depth introductory section, illustrated with over 60 images (each accompanied by an explanatory caption), features essays by Sandra Rendgen, Paolo Ciuccarelli, Richard Saul Wurman, and Simon Rogers; looking back all the way to primitive cave paintings as a means of communication, this introductory section gives readers an excellent overview of the subject. The second part of the book is entirely dedicated to contemporary works by today\u2019s most renowned professionals, presenting 200 graphics projects, with over 400 examples \u2014 each with a fact sheet and an explanation of methods and objectives \u2014 divided into chapters by the subjects Location, Time, Category, and Hierarchy.<\/p>\n","protected":false},"excerpt":{"rendered":"<p>Our everyday lives are filled with a massive flow of information that we must interpret in order to understand the world we live in. Considering this complex variety of data floating around us, sometimes the best \u2014 or even only \u2014 way to communicate is visually. This unique book presents a fascinating perspective on the&#8230;<\/p>\n","protected":false},"featured_media":16526,"comment_status":"closed","ping_status":"closed","template":"","meta":[],"product_brand":[],"product_cat":[4523,4525],"product_tag":[2253,1649,1112],"class_list":{"0":"post-16539","1":"product","2":"type-product","3":"status-publish","4":"has-post-thumbnail","6":"product_cat-design-en-en","7":"product_cat-graphic-design","8":"product_tag-graphics","9":"product_tag-illustration","10":"product_tag-infographics-en","11":"pa_author_att-julius-wiedemann-en","12":"pa_author_att-sandra-rendgen-en","13":"pa_cover-hardcover","14":"pa_format-246-x-372-cm-en","15":"pa_isbn-9783836528795-en","16":"pa_language-eng-f-ger","17":"pa_pages-480-en","18":"pa_published-2012-08-03-en","19":"pa_publisher-taschen-en-en","21":"first","22":"outofstock","23":"sold-individually","24":"shipping-taxable","25":"purchasable","26":"product-type-simple"},"yoast_head":"<!-- This site is optimized with the Yoast SEO plugin v27.4 - https:\/\/yoast.com\/product\/yoast-seo-wordpress\/ -->\n<title>Information Graphics (Julius Wiedemann, Sandra Rendgen) - book \/ album - Folio<\/title>\n<meta name=\"description\" content=\"Wejd\u017a i kup ksi\u0105\u017ck\u0119 Information Graphics autorstwa Julius Wiedemann, Sandra Rendgen wydan\u0105 przez TASCHEN (2012-08-03) w formacie 24,6 x 37,2 cm (ISBN: 9783836528795). Zapraszamy!\" \/>\n<meta name=\"robots\" content=\"index, follow, max-snippet:-1, max-image-preview:large, max-video-preview:-1\" \/>\n<link rel=\"canonical\" href=\"https:\/\/foliobooks.pl\/en\/shop\/information-graphics\/\" \/>\n<meta property=\"og:locale\" content=\"en_US\" \/>\n<meta property=\"og:type\" content=\"article\" \/>\n<meta property=\"og:title\" content=\"Information Graphics (Julius Wiedemann, Sandra Rendgen) - book \/ album - Folio\" \/>\n<meta property=\"og:description\" content=\"Wejd\u017a i kup ksi\u0105\u017ck\u0119 Information Graphics autorstwa Julius Wiedemann, Sandra Rendgen wydan\u0105 przez TASCHEN (2012-08-03) w formacie 24,6 x 37,2 cm (ISBN: 9783836528795). Zapraszamy!\" \/>\n<meta property=\"og:url\" content=\"https:\/\/foliobooks.pl\/en\/shop\/information-graphics\/\" \/>\n<meta property=\"og:site_name\" content=\"Folio\" \/>\n<meta property=\"article:modified_time\" content=\"2019-10-10T14:54:11+00:00\" \/>\n<meta property=\"og:image\" content=\"https:\/\/foliobooks.pl\/wp-content\/uploads\/2016\/09\/9783836528795.png\" \/>\n\t<meta property=\"og:image:width\" content=\"570\" \/>\n\t<meta property=\"og:image:height\" content=\"708\" \/>\n\t<meta property=\"og:image:type\" content=\"image\/png\" \/>\n<meta name=\"twitter:card\" content=\"summary_large_image\" \/>\n<meta name=\"twitter:label1\" content=\"Est. reading time\" \/>\n\t<meta name=\"twitter:data1\" content=\"1 minute\" \/>\n<script type=\"application\/ld+json\" class=\"yoast-schema-graph\">{\"@context\":\"https:\\\/\\\/schema.org\",\"@graph\":[{\"@type\":\"WebPage\",\"@id\":\"https:\\\/\\\/foliobooks.pl\\\/en\\\/shop\\\/information-graphics\\\/\",\"url\":\"https:\\\/\\\/foliobooks.pl\\\/en\\\/shop\\\/information-graphics\\\/\",\"name\":\"Information Graphics (Julius Wiedemann, Sandra Rendgen) - book \\\/ album - Folio\",\"isPartOf\":{\"@id\":\"https:\\\/\\\/foliobooks.pl\\\/en\\\/#website\"},\"primaryImageOfPage\":{\"@id\":\"https:\\\/\\\/foliobooks.pl\\\/en\\\/shop\\\/information-graphics\\\/#primaryimage\"},\"image\":{\"@id\":\"https:\\\/\\\/foliobooks.pl\\\/en\\\/shop\\\/information-graphics\\\/#primaryimage\"},\"thumbnailUrl\":\"https:\\\/\\\/foliobooks.pl\\\/wp-content\\\/uploads\\\/2016\\\/09\\\/9783836528795.png\",\"datePublished\":\"2016-09-22T09:12:07+00:00\",\"dateModified\":\"2019-10-10T14:54:11+00:00\",\"description\":\"Wejd\u017a i kup ksi\u0105\u017ck\u0119 Information Graphics autorstwa Julius Wiedemann, Sandra Rendgen wydan\u0105 przez TASCHEN (2012-08-03) w formacie 24,6 x 37,2 cm (ISBN: 9783836528795). Zapraszamy!\",\"breadcrumb\":{\"@id\":\"https:\\\/\\\/foliobooks.pl\\\/en\\\/shop\\\/information-graphics\\\/#breadcrumb\"},\"inLanguage\":\"en-US\",\"potentialAction\":[{\"@type\":\"ReadAction\",\"target\":[\"https:\\\/\\\/foliobooks.pl\\\/en\\\/shop\\\/information-graphics\\\/\"]}]},{\"@type\":\"ImageObject\",\"inLanguage\":\"en-US\",\"@id\":\"https:\\\/\\\/foliobooks.pl\\\/en\\\/shop\\\/information-graphics\\\/#primaryimage\",\"url\":\"https:\\\/\\\/foliobooks.pl\\\/wp-content\\\/uploads\\\/2016\\\/09\\\/9783836528795.png\",\"contentUrl\":\"https:\\\/\\\/foliobooks.pl\\\/wp-content\\\/uploads\\\/2016\\\/09\\\/9783836528795.png\",\"width\":570,\"height\":708},{\"@type\":\"BreadcrumbList\",\"@id\":\"https:\\\/\\\/foliobooks.pl\\\/en\\\/shop\\\/information-graphics\\\/#breadcrumb\",\"itemListElement\":[{\"@type\":\"ListItem\",\"position\":1,\"name\":\"Strona g\u0142\u00f3wna\",\"item\":\"https:\\\/\\\/foliobooks.pl\\\/en\\\/\"},{\"@type\":\"ListItem\",\"position\":2,\"name\":\"Shop\",\"item\":\"https:\\\/\\\/foliobooks.pl\\\/en\\\/shop\\\/\"},{\"@type\":\"ListItem\",\"position\":3,\"name\":\"Information Graphics\"}]},{\"@type\":\"WebSite\",\"@id\":\"https:\\\/\\\/foliobooks.pl\\\/en\\\/#website\",\"url\":\"https:\\\/\\\/foliobooks.pl\\\/en\\\/\",\"name\":\"Folio\",\"description\":\"Ksi\u0119garnia internetowa\",\"potentialAction\":[{\"@type\":\"SearchAction\",\"target\":{\"@type\":\"EntryPoint\",\"urlTemplate\":\"https:\\\/\\\/foliobooks.pl\\\/en\\\/?s={search_term_string}\"},\"query-input\":{\"@type\":\"PropertyValueSpecification\",\"valueRequired\":true,\"valueName\":\"search_term_string\"}}],\"inLanguage\":\"en-US\"}]}<\/script>\n<!-- \/ Yoast SEO plugin. -->","yoast_head_json":{"title":"Information Graphics (Julius Wiedemann, Sandra Rendgen) - book \/ album - Folio","description":"Wejd\u017a i kup ksi\u0105\u017ck\u0119 Information Graphics autorstwa Julius Wiedemann, Sandra Rendgen wydan\u0105 przez TASCHEN (2012-08-03) w formacie 24,6 x 37,2 cm (ISBN: 9783836528795). Zapraszamy!","robots":{"index":"index","follow":"follow","max-snippet":"max-snippet:-1","max-image-preview":"max-image-preview:large","max-video-preview":"max-video-preview:-1"},"canonical":"https:\/\/foliobooks.pl\/en\/shop\/information-graphics\/","og_locale":"en_US","og_type":"article","og_title":"Information Graphics (Julius Wiedemann, Sandra Rendgen) - book \/ album - Folio","og_description":"Wejd\u017a i kup ksi\u0105\u017ck\u0119 Information Graphics autorstwa Julius Wiedemann, Sandra Rendgen wydan\u0105 przez TASCHEN (2012-08-03) w formacie 24,6 x 37,2 cm (ISBN: 9783836528795). Zapraszamy!","og_url":"https:\/\/foliobooks.pl\/en\/shop\/information-graphics\/","og_site_name":"Folio","article_modified_time":"2019-10-10T14:54:11+00:00","og_image":[{"width":570,"height":708,"url":"https:\/\/foliobooks.pl\/wp-content\/uploads\/2016\/09\/9783836528795.png","type":"image\/png"}],"twitter_card":"summary_large_image","twitter_misc":{"Est. reading time":"1 minute"},"schema":{"@context":"https:\/\/schema.org","@graph":[{"@type":"WebPage","@id":"https:\/\/foliobooks.pl\/en\/shop\/information-graphics\/","url":"https:\/\/foliobooks.pl\/en\/shop\/information-graphics\/","name":"Information Graphics (Julius Wiedemann, Sandra Rendgen) - book \/ album - Folio","isPartOf":{"@id":"https:\/\/foliobooks.pl\/en\/#website"},"primaryImageOfPage":{"@id":"https:\/\/foliobooks.pl\/en\/shop\/information-graphics\/#primaryimage"},"image":{"@id":"https:\/\/foliobooks.pl\/en\/shop\/information-graphics\/#primaryimage"},"thumbnailUrl":"https:\/\/foliobooks.pl\/wp-content\/uploads\/2016\/09\/9783836528795.png","datePublished":"2016-09-22T09:12:07+00:00","dateModified":"2019-10-10T14:54:11+00:00","description":"Wejd\u017a i kup ksi\u0105\u017ck\u0119 Information Graphics autorstwa Julius Wiedemann, Sandra Rendgen wydan\u0105 przez TASCHEN (2012-08-03) w formacie 24,6 x 37,2 cm (ISBN: 9783836528795). Zapraszamy!","breadcrumb":{"@id":"https:\/\/foliobooks.pl\/en\/shop\/information-graphics\/#breadcrumb"},"inLanguage":"en-US","potentialAction":[{"@type":"ReadAction","target":["https:\/\/foliobooks.pl\/en\/shop\/information-graphics\/"]}]},{"@type":"ImageObject","inLanguage":"en-US","@id":"https:\/\/foliobooks.pl\/en\/shop\/information-graphics\/#primaryimage","url":"https:\/\/foliobooks.pl\/wp-content\/uploads\/2016\/09\/9783836528795.png","contentUrl":"https:\/\/foliobooks.pl\/wp-content\/uploads\/2016\/09\/9783836528795.png","width":570,"height":708},{"@type":"BreadcrumbList","@id":"https:\/\/foliobooks.pl\/en\/shop\/information-graphics\/#breadcrumb","itemListElement":[{"@type":"ListItem","position":1,"name":"Strona g\u0142\u00f3wna","item":"https:\/\/foliobooks.pl\/en\/"},{"@type":"ListItem","position":2,"name":"Shop","item":"https:\/\/foliobooks.pl\/en\/shop\/"},{"@type":"ListItem","position":3,"name":"Information Graphics"}]},{"@type":"WebSite","@id":"https:\/\/foliobooks.pl\/en\/#website","url":"https:\/\/foliobooks.pl\/en\/","name":"Folio","description":"Ksi\u0119garnia internetowa","potentialAction":[{"@type":"SearchAction","target":{"@type":"EntryPoint","urlTemplate":"https:\/\/foliobooks.pl\/en\/?s={search_term_string}"},"query-input":{"@type":"PropertyValueSpecification","valueRequired":true,"valueName":"search_term_string"}}],"inLanguage":"en-US"}]}},"_links":{"self":[{"href":"https:\/\/foliobooks.pl\/en\/wp-json\/wp\/v2\/product\/16539","targetHints":{"allow":["GET"]}}],"collection":[{"href":"https:\/\/foliobooks.pl\/en\/wp-json\/wp\/v2\/product"}],"about":[{"href":"https:\/\/foliobooks.pl\/en\/wp-json\/wp\/v2\/types\/product"}],"replies":[{"embeddable":true,"href":"https:\/\/foliobooks.pl\/en\/wp-json\/wp\/v2\/comments?post=16539"}],"wp:featuredmedia":[{"embeddable":true,"href":"https:\/\/foliobooks.pl\/en\/wp-json\/wp\/v2\/media\/16526"}],"wp:attachment":[{"href":"https:\/\/foliobooks.pl\/en\/wp-json\/wp\/v2\/media?parent=16539"}],"wp:term":[{"taxonomy":"product_brand","embeddable":true,"href":"https:\/\/foliobooks.pl\/en\/wp-json\/wp\/v2\/product_brand?post=16539"},{"taxonomy":"product_cat","embeddable":true,"href":"https:\/\/foliobooks.pl\/en\/wp-json\/wp\/v2\/product_cat?post=16539"},{"taxonomy":"product_tag","embeddable":true,"href":"https:\/\/foliobooks.pl\/en\/wp-json\/wp\/v2\/product_tag?post=16539"}],"curies":[{"name":"wp","href":"https:\/\/api.w.org\/{rel}","templated":true}]}}