{"id":16523,"date":"2016-09-22T11:04:20","date_gmt":"2016-09-22T09:04:20","guid":{"rendered":"http:\/\/foliobooks.pl\/en\/sklep\/audrey-hepburn-photographs-1953-1966\/"},"modified":"2025-11-05T13:39:35","modified_gmt":"2025-11-05T12:39:35","slug":"audrey-hepburn-photographs-1953-1966","status":"publish","type":"product","link":"https:\/\/foliobooks.pl\/en\/shop\/audrey-hepburn-photographs-1953-1966\/","title":{"rendered":"Audrey Hepburn. Photographs 1953\u20131966"},"content":{"rendered":"<p>In his distinguished career as a Hollywood photographer, Bob Willoughby captured Marilyn Monroe, Elizabeth Taylor and Jane Fonda, but remains unequivocal about his favorite subject: Audrey Kathleen Ruston, later Edda van Heemstra Hepburn-Ruston, best known as Audrey Hepburn. Willoughby was called in to shoot the new starlet one morning shortly after she arrived in Hollywood in 1953. It was a humdrum commission for the portraitist often credited with having perfected the photojournalistic movie still, but when he met the Belgian-born beauty, Willoughby was enraptured. \u201cShe took my hand like\u2026 well a princess, and dazzled me with that smile that God designed to melt mortal men\u2019s hearts,\u201d he recalled.<\/p>\n<p>As Hepburn\u2019s career soared following her Oscar-winning US debut in Roman Holiday, Willoughby became a trusted friend, framing her working and home life. His historic, perfectionist, tender photographs seek out the many facets of Hepburn\u2019s beauty and elegance, as she progresses from her debut to her career high of My Fair Lady in 1963. Willoughby\u2019s studies, showing her on set, preparing for a scene, interacting with actors and directors, and returning to her private life, comprise one of photography\u2019s great platonic love affairs and an unrivalled record of one of the 20th century\u2019s touchstone beauties.<\/p>\n","protected":false},"excerpt":{"rendered":"<p>In his distinguished career as a Hollywood photographer, Bob Willoughby captured Marilyn Monroe, Elizabeth Taylor and Jane Fonda, but remains unequivocal about his favorite subject: Audrey Kathleen Ruston, later Edda van Heemstra Hepburn-Ruston, best known as Audrey Hepburn. Willoughby was called in to shoot the new starlet one morning shortly after she arrived in Hollywood&#8230;<\/p>\n","protected":false},"featured_media":16512,"comment_status":"closed","ping_status":"closed","template":"","meta":[],"product_brand":[],"product_cat":[4522],"product_tag":[1676,151],"class_list":{"0":"post-16523","1":"product","2":"type-product","3":"status-publish","4":"has-post-thumbnail","6":"product_cat-art-en","7":"product_tag-movie-stars","8":"product_tag-women","9":"pa_author_att-bob-willoughby-en","10":"pa_cover-hardcover","11":"pa_format-24-x-30-cm-en","12":"pa_isbn-9783836554497-en","13":"pa_language-eng-f-ger","14":"pa_pages-280-en-2","15":"pa_published-2014-10-05-en","16":"pa_publisher-taschen-en-en","18":"first","19":"instock","20":"sold-individually","21":"shipping-taxable","22":"purchasable","23":"product-type-simple"},"yoast_head":"<!-- This site is optimized with the Yoast SEO plugin v27.5 - https:\/\/yoast.com\/product\/yoast-seo-wordpress\/ -->\n<title>Audrey Hepburn. Photographs 1953\u20131966 (Bob Willoughby) - book \/ album - Folio<\/title>\n<meta name=\"description\" content=\"Wejd\u017a i kup ksi\u0105\u017ck\u0119 Audrey Hepburn. Photographs 1953\u20131966 autorstwa Bob Willoughby wydan\u0105 przez TASCHEN (2014-10-05) w formacie 24 x 30 cm (ISBN: 9783836554497). Zapraszamy!\" \/>\n<meta name=\"robots\" content=\"index, follow, max-snippet:-1, max-image-preview:large, max-video-preview:-1\" \/>\n<link rel=\"canonical\" href=\"https:\/\/foliobooks.pl\/en\/shop\/audrey-hepburn-photographs-1953-1966\/\" \/>\n<meta property=\"og:locale\" content=\"en_US\" \/>\n<meta property=\"og:type\" content=\"article\" \/>\n<meta property=\"og:title\" content=\"Audrey Hepburn. Photographs 1953\u20131966 (Bob Willoughby) - book \/ album - Folio\" \/>\n<meta property=\"og:description\" content=\"Wejd\u017a i kup ksi\u0105\u017ck\u0119 Audrey Hepburn. Photographs 1953\u20131966 autorstwa Bob Willoughby wydan\u0105 przez TASCHEN (2014-10-05) w formacie 24 x 30 cm (ISBN: 9783836554497). Zapraszamy!\" \/>\n<meta property=\"og:url\" content=\"https:\/\/foliobooks.pl\/en\/shop\/audrey-hepburn-photographs-1953-1966\/\" \/>\n<meta property=\"og:site_name\" content=\"Folio\" \/>\n<meta property=\"article:modified_time\" content=\"2025-11-05T12:39:35+00:00\" \/>\n<meta property=\"og:image\" content=\"https:\/\/foliobooks.pl\/wp-content\/uploads\/2016\/09\/9783836554497.png\" \/>\n\t<meta property=\"og:image:width\" content=\"570\" \/>\n\t<meta property=\"og:image:height\" content=\"708\" \/>\n\t<meta property=\"og:image:type\" content=\"image\/png\" \/>\n<meta name=\"twitter:card\" content=\"summary_large_image\" \/>\n<meta name=\"twitter:label1\" content=\"Est. reading time\" \/>\n\t<meta name=\"twitter:data1\" content=\"1 minute\" \/>\n<script type=\"application\/ld+json\" class=\"yoast-schema-graph\">{\"@context\":\"https:\\\/\\\/schema.org\",\"@graph\":[{\"@type\":\"WebPage\",\"@id\":\"https:\\\/\\\/foliobooks.pl\\\/en\\\/shop\\\/audrey-hepburn-photographs-1953-1966\\\/\",\"url\":\"https:\\\/\\\/foliobooks.pl\\\/en\\\/shop\\\/audrey-hepburn-photographs-1953-1966\\\/\",\"name\":\"Audrey Hepburn. Photographs 1953\u20131966 (Bob Willoughby) - book \\\/ album - Folio\",\"isPartOf\":{\"@id\":\"https:\\\/\\\/foliobooks.pl\\\/en\\\/#website\"},\"primaryImageOfPage\":{\"@id\":\"https:\\\/\\\/foliobooks.pl\\\/en\\\/shop\\\/audrey-hepburn-photographs-1953-1966\\\/#primaryimage\"},\"image\":{\"@id\":\"https:\\\/\\\/foliobooks.pl\\\/en\\\/shop\\\/audrey-hepburn-photographs-1953-1966\\\/#primaryimage\"},\"thumbnailUrl\":\"https:\\\/\\\/foliobooks.pl\\\/wp-content\\\/uploads\\\/2016\\\/09\\\/9783836554497.png\",\"datePublished\":\"2016-09-22T09:04:20+00:00\",\"dateModified\":\"2025-11-05T12:39:35+00:00\",\"description\":\"Wejd\u017a i kup ksi\u0105\u017ck\u0119 Audrey Hepburn. Photographs 1953\u20131966 autorstwa Bob Willoughby wydan\u0105 przez TASCHEN (2014-10-05) w formacie 24 x 30 cm (ISBN: 9783836554497). Zapraszamy!\",\"breadcrumb\":{\"@id\":\"https:\\\/\\\/foliobooks.pl\\\/en\\\/shop\\\/audrey-hepburn-photographs-1953-1966\\\/#breadcrumb\"},\"inLanguage\":\"en-US\",\"potentialAction\":[{\"@type\":\"ReadAction\",\"target\":[\"https:\\\/\\\/foliobooks.pl\\\/en\\\/shop\\\/audrey-hepburn-photographs-1953-1966\\\/\"]}]},{\"@type\":\"ImageObject\",\"inLanguage\":\"en-US\",\"@id\":\"https:\\\/\\\/foliobooks.pl\\\/en\\\/shop\\\/audrey-hepburn-photographs-1953-1966\\\/#primaryimage\",\"url\":\"https:\\\/\\\/foliobooks.pl\\\/wp-content\\\/uploads\\\/2016\\\/09\\\/9783836554497.png\",\"contentUrl\":\"https:\\\/\\\/foliobooks.pl\\\/wp-content\\\/uploads\\\/2016\\\/09\\\/9783836554497.png\",\"width\":570,\"height\":708},{\"@type\":\"BreadcrumbList\",\"@id\":\"https:\\\/\\\/foliobooks.pl\\\/en\\\/shop\\\/audrey-hepburn-photographs-1953-1966\\\/#breadcrumb\",\"itemListElement\":[{\"@type\":\"ListItem\",\"position\":1,\"name\":\"Strona g\u0142\u00f3wna\",\"item\":\"https:\\\/\\\/foliobooks.pl\\\/en\\\/\"},{\"@type\":\"ListItem\",\"position\":2,\"name\":\"Shop\",\"item\":\"https:\\\/\\\/foliobooks.pl\\\/en\\\/shop\\\/\"},{\"@type\":\"ListItem\",\"position\":3,\"name\":\"Audrey Hepburn. Photographs 1953\u20131966\"}]},{\"@type\":\"WebSite\",\"@id\":\"https:\\\/\\\/foliobooks.pl\\\/en\\\/#website\",\"url\":\"https:\\\/\\\/foliobooks.pl\\\/en\\\/\",\"name\":\"Folio\",\"description\":\"Ksi\u0119garnia internetowa\",\"potentialAction\":[{\"@type\":\"SearchAction\",\"target\":{\"@type\":\"EntryPoint\",\"urlTemplate\":\"https:\\\/\\\/foliobooks.pl\\\/en\\\/?s={search_term_string}\"},\"query-input\":{\"@type\":\"PropertyValueSpecification\",\"valueRequired\":true,\"valueName\":\"search_term_string\"}}],\"inLanguage\":\"en-US\"}]}<\/script>\n<!-- \/ Yoast SEO plugin. -->","yoast_head_json":{"title":"Audrey Hepburn. Photographs 1953\u20131966 (Bob Willoughby) - book \/ album - Folio","description":"Wejd\u017a i kup ksi\u0105\u017ck\u0119 Audrey Hepburn. Photographs 1953\u20131966 autorstwa Bob Willoughby wydan\u0105 przez TASCHEN (2014-10-05) w formacie 24 x 30 cm (ISBN: 9783836554497). Zapraszamy!","robots":{"index":"index","follow":"follow","max-snippet":"max-snippet:-1","max-image-preview":"max-image-preview:large","max-video-preview":"max-video-preview:-1"},"canonical":"https:\/\/foliobooks.pl\/en\/shop\/audrey-hepburn-photographs-1953-1966\/","og_locale":"en_US","og_type":"article","og_title":"Audrey Hepburn. Photographs 1953\u20131966 (Bob Willoughby) - book \/ album - Folio","og_description":"Wejd\u017a i kup ksi\u0105\u017ck\u0119 Audrey Hepburn. Photographs 1953\u20131966 autorstwa Bob Willoughby wydan\u0105 przez TASCHEN (2014-10-05) w formacie 24 x 30 cm (ISBN: 9783836554497). Zapraszamy!","og_url":"https:\/\/foliobooks.pl\/en\/shop\/audrey-hepburn-photographs-1953-1966\/","og_site_name":"Folio","article_modified_time":"2025-11-05T12:39:35+00:00","og_image":[{"width":570,"height":708,"url":"https:\/\/foliobooks.pl\/wp-content\/uploads\/2016\/09\/9783836554497.png","type":"image\/png"}],"twitter_card":"summary_large_image","twitter_misc":{"Est. reading time":"1 minute"},"schema":{"@context":"https:\/\/schema.org","@graph":[{"@type":"WebPage","@id":"https:\/\/foliobooks.pl\/en\/shop\/audrey-hepburn-photographs-1953-1966\/","url":"https:\/\/foliobooks.pl\/en\/shop\/audrey-hepburn-photographs-1953-1966\/","name":"Audrey Hepburn. Photographs 1953\u20131966 (Bob Willoughby) - book \/ album - Folio","isPartOf":{"@id":"https:\/\/foliobooks.pl\/en\/#website"},"primaryImageOfPage":{"@id":"https:\/\/foliobooks.pl\/en\/shop\/audrey-hepburn-photographs-1953-1966\/#primaryimage"},"image":{"@id":"https:\/\/foliobooks.pl\/en\/shop\/audrey-hepburn-photographs-1953-1966\/#primaryimage"},"thumbnailUrl":"https:\/\/foliobooks.pl\/wp-content\/uploads\/2016\/09\/9783836554497.png","datePublished":"2016-09-22T09:04:20+00:00","dateModified":"2025-11-05T12:39:35+00:00","description":"Wejd\u017a i kup ksi\u0105\u017ck\u0119 Audrey Hepburn. Photographs 1953\u20131966 autorstwa Bob Willoughby wydan\u0105 przez TASCHEN (2014-10-05) w formacie 24 x 30 cm (ISBN: 9783836554497). Zapraszamy!","breadcrumb":{"@id":"https:\/\/foliobooks.pl\/en\/shop\/audrey-hepburn-photographs-1953-1966\/#breadcrumb"},"inLanguage":"en-US","potentialAction":[{"@type":"ReadAction","target":["https:\/\/foliobooks.pl\/en\/shop\/audrey-hepburn-photographs-1953-1966\/"]}]},{"@type":"ImageObject","inLanguage":"en-US","@id":"https:\/\/foliobooks.pl\/en\/shop\/audrey-hepburn-photographs-1953-1966\/#primaryimage","url":"https:\/\/foliobooks.pl\/wp-content\/uploads\/2016\/09\/9783836554497.png","contentUrl":"https:\/\/foliobooks.pl\/wp-content\/uploads\/2016\/09\/9783836554497.png","width":570,"height":708},{"@type":"BreadcrumbList","@id":"https:\/\/foliobooks.pl\/en\/shop\/audrey-hepburn-photographs-1953-1966\/#breadcrumb","itemListElement":[{"@type":"ListItem","position":1,"name":"Strona g\u0142\u00f3wna","item":"https:\/\/foliobooks.pl\/en\/"},{"@type":"ListItem","position":2,"name":"Shop","item":"https:\/\/foliobooks.pl\/en\/shop\/"},{"@type":"ListItem","position":3,"name":"Audrey Hepburn. Photographs 1953\u20131966"}]},{"@type":"WebSite","@id":"https:\/\/foliobooks.pl\/en\/#website","url":"https:\/\/foliobooks.pl\/en\/","name":"Folio","description":"Ksi\u0119garnia internetowa","potentialAction":[{"@type":"SearchAction","target":{"@type":"EntryPoint","urlTemplate":"https:\/\/foliobooks.pl\/en\/?s={search_term_string}"},"query-input":{"@type":"PropertyValueSpecification","valueRequired":true,"valueName":"search_term_string"}}],"inLanguage":"en-US"}]}},"_links":{"self":[{"href":"https:\/\/foliobooks.pl\/en\/wp-json\/wp\/v2\/product\/16523","targetHints":{"allow":["GET"]}}],"collection":[{"href":"https:\/\/foliobooks.pl\/en\/wp-json\/wp\/v2\/product"}],"about":[{"href":"https:\/\/foliobooks.pl\/en\/wp-json\/wp\/v2\/types\/product"}],"replies":[{"embeddable":true,"href":"https:\/\/foliobooks.pl\/en\/wp-json\/wp\/v2\/comments?post=16523"}],"wp:featuredmedia":[{"embeddable":true,"href":"https:\/\/foliobooks.pl\/en\/wp-json\/wp\/v2\/media\/16512"}],"wp:attachment":[{"href":"https:\/\/foliobooks.pl\/en\/wp-json\/wp\/v2\/media?parent=16523"}],"wp:term":[{"taxonomy":"product_brand","embeddable":true,"href":"https:\/\/foliobooks.pl\/en\/wp-json\/wp\/v2\/product_brand?post=16523"},{"taxonomy":"product_cat","embeddable":true,"href":"https:\/\/foliobooks.pl\/en\/wp-json\/wp\/v2\/product_cat?post=16523"},{"taxonomy":"product_tag","embeddable":true,"href":"https:\/\/foliobooks.pl\/en\/wp-json\/wp\/v2\/product_tag?post=16523"}],"curies":[{"name":"wp","href":"https:\/\/api.w.org\/{rel}","templated":true}]}}