{"id":16316,"date":"2016-09-21T11:55:03","date_gmt":"2016-09-21T09:55:03","guid":{"rendered":"http:\/\/foliobooks.pl\/en\/sklep\/lichtenstein-basic-art-series\/"},"modified":"2022-09-19T16:49:28","modified_gmt":"2022-09-19T14:49:28","slug":"lichtenstein-basic-art-series","status":"publish","type":"product","link":"https:\/\/foliobooks.pl\/en\/shop\/lichtenstein-basic-art-series\/","title":{"rendered":"Lichtenstein. Basic Art Series"},"content":{"rendered":"<p>American painter Roy Lichtenstein (1923\u20131997) pioneered a new epoch in American art, bursting onto a scene dominated by Abstract Expressionism in late 1950s New York and defining a new art vocabulary for a new era.<\/p>\n<p>With his groundbreaking use of industrial production techniques and trivial, quotidian imagery such as cartoons, comic strips, and advertising, Lichtenstein joined contemporaries such as Andy Warhol and James Rosenquist to reflect and satirize American mass media and consumer culture. Works such as Look, Mickey! (1961), Drowning Girl (1963), and Whaam! (1963), deployed mass production techniques, particularly Ben-Day dots printing, to create a blow-up effect and pixelated \u201cdot\u201d style, with which Lichtenstein has become synonymous.<\/p>\n<p>This book provides an essential overview of Lichtenstein\u2019s career, tracing his earliest Pop statements through to later \u201cbrushstroke\u201d retorts to Abstract Expressionism and reinterpretations of modern masterpieces. We look at his leading position in mid-century modernism, and the ways in which his works both critique and chronicle 20th-century America.<\/p>\n","protected":false},"excerpt":{"rendered":"<p>American painter Roy Lichtenstein (1923\u20131997) pioneered a new epoch in American art, bursting onto a scene dominated by Abstract Expressionism in late 1950s New York and defining a new art vocabulary for a new era. With his groundbreaking use of industrial production techniques and trivial, quotidian imagery such as cartoons, comic strips, and advertising, Lichtenstein&#8230;<\/p>\n","protected":false},"featured_media":16303,"comment_status":"closed","ping_status":"closed","template":"","meta":[],"product_brand":[],"product_cat":[4522],"product_tag":[2253,1146,1649,154],"class_list":{"0":"post-16316","1":"product","2":"type-product","3":"status-publish","4":"has-post-thumbnail","6":"product_cat-art-en","7":"product_tag-graphics","8":"product_tag-great-masters-en","9":"product_tag-illustration","10":"product_tag-monographs","11":"pa_author_att-janis-hendrickson-en","12":"pa_cover-hardcover","13":"pa_format-21-x-26-cm-en","14":"pa_isbn-9783836532075-en","15":"pa_language-eng","16":"pa_pages-96-en","17":"pa_published-2016-06-01-en","18":"pa_publisher-taschen-en-en","20":"first","21":"outofstock","22":"sold-individually","23":"shipping-taxable","24":"purchasable","25":"product-type-simple"},"yoast_head":"<!-- This site is optimized with the Yoast SEO plugin v27.4 - https:\/\/yoast.com\/product\/yoast-seo-wordpress\/ -->\n<title>Lichtenstein. Basic Art Series (Janis Hendrickson) - book \/ album - Folio<\/title>\n<meta name=\"description\" content=\"Wejd\u017a i kup ksi\u0105\u017ck\u0119 Lichtenstein. Basic Art Series autorstwa Janis Hendrickson wydan\u0105 przez TASCHEN (2016-06-01) w formacie 21 x 26 cm (ISBN: 9783836532075). Zapraszamy!\" \/>\n<meta name=\"robots\" content=\"index, follow, max-snippet:-1, max-image-preview:large, max-video-preview:-1\" \/>\n<link rel=\"canonical\" href=\"https:\/\/foliobooks.pl\/en\/shop\/lichtenstein-basic-art-series\/\" \/>\n<meta property=\"og:locale\" content=\"en_US\" \/>\n<meta property=\"og:type\" content=\"article\" \/>\n<meta property=\"og:title\" content=\"Lichtenstein. Basic Art Series (Janis Hendrickson) - book \/ album - Folio\" \/>\n<meta property=\"og:description\" content=\"Wejd\u017a i kup ksi\u0105\u017ck\u0119 Lichtenstein. Basic Art Series autorstwa Janis Hendrickson wydan\u0105 przez TASCHEN (2016-06-01) w formacie 21 x 26 cm (ISBN: 9783836532075). Zapraszamy!\" \/>\n<meta property=\"og:url\" content=\"https:\/\/foliobooks.pl\/en\/shop\/lichtenstein-basic-art-series\/\" \/>\n<meta property=\"og:site_name\" content=\"Folio\" \/>\n<meta property=\"article:modified_time\" content=\"2022-09-19T14:49:28+00:00\" \/>\n<meta property=\"og:image\" content=\"https:\/\/foliobooks.pl\/wp-content\/uploads\/2016\/09\/9783836532075.png\" \/>\n\t<meta property=\"og:image:width\" content=\"570\" \/>\n\t<meta property=\"og:image:height\" content=\"708\" \/>\n\t<meta property=\"og:image:type\" content=\"image\/png\" \/>\n<meta name=\"twitter:card\" content=\"summary_large_image\" \/>\n<meta name=\"twitter:label1\" content=\"Est. reading time\" \/>\n\t<meta name=\"twitter:data1\" content=\"1 minute\" \/>\n<script type=\"application\/ld+json\" class=\"yoast-schema-graph\">{\"@context\":\"https:\\\/\\\/schema.org\",\"@graph\":[{\"@type\":\"WebPage\",\"@id\":\"https:\\\/\\\/foliobooks.pl\\\/en\\\/shop\\\/lichtenstein-basic-art-series\\\/\",\"url\":\"https:\\\/\\\/foliobooks.pl\\\/en\\\/shop\\\/lichtenstein-basic-art-series\\\/\",\"name\":\"Lichtenstein. Basic Art Series (Janis Hendrickson) - book \\\/ album - Folio\",\"isPartOf\":{\"@id\":\"https:\\\/\\\/foliobooks.pl\\\/en\\\/#website\"},\"primaryImageOfPage\":{\"@id\":\"https:\\\/\\\/foliobooks.pl\\\/en\\\/shop\\\/lichtenstein-basic-art-series\\\/#primaryimage\"},\"image\":{\"@id\":\"https:\\\/\\\/foliobooks.pl\\\/en\\\/shop\\\/lichtenstein-basic-art-series\\\/#primaryimage\"},\"thumbnailUrl\":\"https:\\\/\\\/foliobooks.pl\\\/wp-content\\\/uploads\\\/2016\\\/09\\\/9783836532075.png\",\"datePublished\":\"2016-09-21T09:55:03+00:00\",\"dateModified\":\"2022-09-19T14:49:28+00:00\",\"description\":\"Wejd\u017a i kup ksi\u0105\u017ck\u0119 Lichtenstein. Basic Art Series autorstwa Janis Hendrickson wydan\u0105 przez TASCHEN (2016-06-01) w formacie 21 x 26 cm (ISBN: 9783836532075). Zapraszamy!\",\"breadcrumb\":{\"@id\":\"https:\\\/\\\/foliobooks.pl\\\/en\\\/shop\\\/lichtenstein-basic-art-series\\\/#breadcrumb\"},\"inLanguage\":\"en-US\",\"potentialAction\":[{\"@type\":\"ReadAction\",\"target\":[\"https:\\\/\\\/foliobooks.pl\\\/en\\\/shop\\\/lichtenstein-basic-art-series\\\/\"]}]},{\"@type\":\"ImageObject\",\"inLanguage\":\"en-US\",\"@id\":\"https:\\\/\\\/foliobooks.pl\\\/en\\\/shop\\\/lichtenstein-basic-art-series\\\/#primaryimage\",\"url\":\"https:\\\/\\\/foliobooks.pl\\\/wp-content\\\/uploads\\\/2016\\\/09\\\/9783836532075.png\",\"contentUrl\":\"https:\\\/\\\/foliobooks.pl\\\/wp-content\\\/uploads\\\/2016\\\/09\\\/9783836532075.png\",\"width\":570,\"height\":708},{\"@type\":\"BreadcrumbList\",\"@id\":\"https:\\\/\\\/foliobooks.pl\\\/en\\\/shop\\\/lichtenstein-basic-art-series\\\/#breadcrumb\",\"itemListElement\":[{\"@type\":\"ListItem\",\"position\":1,\"name\":\"Strona g\u0142\u00f3wna\",\"item\":\"https:\\\/\\\/foliobooks.pl\\\/en\\\/\"},{\"@type\":\"ListItem\",\"position\":2,\"name\":\"Shop\",\"item\":\"https:\\\/\\\/foliobooks.pl\\\/en\\\/shop\\\/\"},{\"@type\":\"ListItem\",\"position\":3,\"name\":\"Lichtenstein. Basic Art Series\"}]},{\"@type\":\"WebSite\",\"@id\":\"https:\\\/\\\/foliobooks.pl\\\/en\\\/#website\",\"url\":\"https:\\\/\\\/foliobooks.pl\\\/en\\\/\",\"name\":\"Folio\",\"description\":\"Ksi\u0119garnia internetowa\",\"potentialAction\":[{\"@type\":\"SearchAction\",\"target\":{\"@type\":\"EntryPoint\",\"urlTemplate\":\"https:\\\/\\\/foliobooks.pl\\\/en\\\/?s={search_term_string}\"},\"query-input\":{\"@type\":\"PropertyValueSpecification\",\"valueRequired\":true,\"valueName\":\"search_term_string\"}}],\"inLanguage\":\"en-US\"}]}<\/script>\n<!-- \/ Yoast SEO plugin. -->","yoast_head_json":{"title":"Lichtenstein. Basic Art Series (Janis Hendrickson) - book \/ album - Folio","description":"Wejd\u017a i kup ksi\u0105\u017ck\u0119 Lichtenstein. Basic Art Series autorstwa Janis Hendrickson wydan\u0105 przez TASCHEN (2016-06-01) w formacie 21 x 26 cm (ISBN: 9783836532075). Zapraszamy!","robots":{"index":"index","follow":"follow","max-snippet":"max-snippet:-1","max-image-preview":"max-image-preview:large","max-video-preview":"max-video-preview:-1"},"canonical":"https:\/\/foliobooks.pl\/en\/shop\/lichtenstein-basic-art-series\/","og_locale":"en_US","og_type":"article","og_title":"Lichtenstein. Basic Art Series (Janis Hendrickson) - book \/ album - Folio","og_description":"Wejd\u017a i kup ksi\u0105\u017ck\u0119 Lichtenstein. Basic Art Series autorstwa Janis Hendrickson wydan\u0105 przez TASCHEN (2016-06-01) w formacie 21 x 26 cm (ISBN: 9783836532075). Zapraszamy!","og_url":"https:\/\/foliobooks.pl\/en\/shop\/lichtenstein-basic-art-series\/","og_site_name":"Folio","article_modified_time":"2022-09-19T14:49:28+00:00","og_image":[{"width":570,"height":708,"url":"https:\/\/foliobooks.pl\/wp-content\/uploads\/2016\/09\/9783836532075.png","type":"image\/png"}],"twitter_card":"summary_large_image","twitter_misc":{"Est. reading time":"1 minute"},"schema":{"@context":"https:\/\/schema.org","@graph":[{"@type":"WebPage","@id":"https:\/\/foliobooks.pl\/en\/shop\/lichtenstein-basic-art-series\/","url":"https:\/\/foliobooks.pl\/en\/shop\/lichtenstein-basic-art-series\/","name":"Lichtenstein. Basic Art Series (Janis Hendrickson) - book \/ album - Folio","isPartOf":{"@id":"https:\/\/foliobooks.pl\/en\/#website"},"primaryImageOfPage":{"@id":"https:\/\/foliobooks.pl\/en\/shop\/lichtenstein-basic-art-series\/#primaryimage"},"image":{"@id":"https:\/\/foliobooks.pl\/en\/shop\/lichtenstein-basic-art-series\/#primaryimage"},"thumbnailUrl":"https:\/\/foliobooks.pl\/wp-content\/uploads\/2016\/09\/9783836532075.png","datePublished":"2016-09-21T09:55:03+00:00","dateModified":"2022-09-19T14:49:28+00:00","description":"Wejd\u017a i kup ksi\u0105\u017ck\u0119 Lichtenstein. Basic Art Series autorstwa Janis Hendrickson wydan\u0105 przez TASCHEN (2016-06-01) w formacie 21 x 26 cm (ISBN: 9783836532075). Zapraszamy!","breadcrumb":{"@id":"https:\/\/foliobooks.pl\/en\/shop\/lichtenstein-basic-art-series\/#breadcrumb"},"inLanguage":"en-US","potentialAction":[{"@type":"ReadAction","target":["https:\/\/foliobooks.pl\/en\/shop\/lichtenstein-basic-art-series\/"]}]},{"@type":"ImageObject","inLanguage":"en-US","@id":"https:\/\/foliobooks.pl\/en\/shop\/lichtenstein-basic-art-series\/#primaryimage","url":"https:\/\/foliobooks.pl\/wp-content\/uploads\/2016\/09\/9783836532075.png","contentUrl":"https:\/\/foliobooks.pl\/wp-content\/uploads\/2016\/09\/9783836532075.png","width":570,"height":708},{"@type":"BreadcrumbList","@id":"https:\/\/foliobooks.pl\/en\/shop\/lichtenstein-basic-art-series\/#breadcrumb","itemListElement":[{"@type":"ListItem","position":1,"name":"Strona g\u0142\u00f3wna","item":"https:\/\/foliobooks.pl\/en\/"},{"@type":"ListItem","position":2,"name":"Shop","item":"https:\/\/foliobooks.pl\/en\/shop\/"},{"@type":"ListItem","position":3,"name":"Lichtenstein. Basic Art Series"}]},{"@type":"WebSite","@id":"https:\/\/foliobooks.pl\/en\/#website","url":"https:\/\/foliobooks.pl\/en\/","name":"Folio","description":"Ksi\u0119garnia internetowa","potentialAction":[{"@type":"SearchAction","target":{"@type":"EntryPoint","urlTemplate":"https:\/\/foliobooks.pl\/en\/?s={search_term_string}"},"query-input":{"@type":"PropertyValueSpecification","valueRequired":true,"valueName":"search_term_string"}}],"inLanguage":"en-US"}]}},"_links":{"self":[{"href":"https:\/\/foliobooks.pl\/en\/wp-json\/wp\/v2\/product\/16316","targetHints":{"allow":["GET"]}}],"collection":[{"href":"https:\/\/foliobooks.pl\/en\/wp-json\/wp\/v2\/product"}],"about":[{"href":"https:\/\/foliobooks.pl\/en\/wp-json\/wp\/v2\/types\/product"}],"replies":[{"embeddable":true,"href":"https:\/\/foliobooks.pl\/en\/wp-json\/wp\/v2\/comments?post=16316"}],"wp:featuredmedia":[{"embeddable":true,"href":"https:\/\/foliobooks.pl\/en\/wp-json\/wp\/v2\/media\/16303"}],"wp:attachment":[{"href":"https:\/\/foliobooks.pl\/en\/wp-json\/wp\/v2\/media?parent=16316"}],"wp:term":[{"taxonomy":"product_brand","embeddable":true,"href":"https:\/\/foliobooks.pl\/en\/wp-json\/wp\/v2\/product_brand?post=16316"},{"taxonomy":"product_cat","embeddable":true,"href":"https:\/\/foliobooks.pl\/en\/wp-json\/wp\/v2\/product_cat?post=16316"},{"taxonomy":"product_tag","embeddable":true,"href":"https:\/\/foliobooks.pl\/en\/wp-json\/wp\/v2\/product_tag?post=16316"}],"curies":[{"name":"wp","href":"https:\/\/api.w.org\/{rel}","templated":true}]}}