{"id":16272,"date":"2016-09-15T13:47:05","date_gmt":"2016-09-15T11:47:05","guid":{"rendered":"http:\/\/foliobooks.pl\/en\/?post_type=product&#038;p=16272"},"modified":"2025-09-30T15:34:14","modified_gmt":"2025-09-30T13:34:14","slug":"norman-mailer-jfk-superman-comes-to-the-supermarket","status":"publish","type":"product","link":"https:\/\/foliobooks.pl\/en\/shop\/norman-mailer-jfk-superman-comes-to-the-supermarket\/","title":{"rendered":"Norman Mailer. JFK. Superman Comes to the Supermarket"},"content":{"rendered":"<p>With his Hollywood good looks, boundless enthusiasm, and mesmeric media presence, John F. Kennedy was destined to capture the imaginations of the more than 70 million Americans who watched the nation\u2019s first televised presidential debate. Just days after beating out Richard Nixon by the narrowest margin in history, Kennedy himself said, \u201cIt was the TV more than anything else that turned the tide.\u201d<\/p>\n<p>But one man begged to differ: writer Norman Mailer, who bragged that his pro-Kennedy treatise, \u201cSuperman Comes to the Supermarket,\u201d had \u201cwon the election for Kennedy.\u201d The article, published in Esquire magazine just weeks before polls opened, redefined political reporting with Mailer&#8217;s frank, first-person voice identifying Kennedy as the \u201cexistential hero\u201d who could awaken the nation from its postwar slumber and conformist Eisenhower years. Both Kennedy and New Journalism had arrived.<\/p>\n<p>Now, TASCHEN reimagines and interprets this no-holds-barred portrait of Kennedy on his path to the White House, publishing Mailer\u2019s essay in book form alongside 300 photographs that bring the campaign and the candidate\u2019s family to life. These images were captured by some of the great photojournalists of the day\u2014including Cornell Capa, Henri Dauman, Jacques Lowe, Lawrence Schiller, Paul Schutzer, Stanley Tretick, Hank Walker, and Garry Winogrand\u2014providing a fascinating look at the man who declared the \u201960s \u201ca time for greatness.\u201d<\/p>\n","protected":false},"excerpt":{"rendered":"<p>With his Hollywood good looks, boundless enthusiasm, and mesmeric media presence, John F. Kennedy was destined to capture the imaginations of the more than 70 million Americans who watched the nation\u2019s first televised presidential debate. Just days after beating out Richard Nixon by the narrowest margin in history, Kennedy himself said, \u201cIt was the TV&#8230;<\/p>\n","protected":false},"featured_media":16287,"comment_status":"closed","ping_status":"closed","template":"","meta":[],"product_brand":[],"product_cat":[4517,4521],"product_tag":[1681,1175,514,8781,1683,1267,1185],"class_list":{"0":"post-16272","1":"product","2":"type-product","3":"status-publish","4":"has-post-thumbnail","6":"product_cat-photography-en","7":"product_cat-silva-rerum-en-en","8":"product_tag-history","9":"product_tag-iconic-photographs","10":"product_tag-men-en","11":"product_tag-politics-en","12":"product_tag-pop-culture","13":"product_tag-reportage","14":"product_tag-world-en","15":"pa_author_att-j-michael-lennon-en","16":"pa_author_att-nina-wiener-en","17":"pa_author_att-norman-mailer-en","18":"pa_cover-hardcover-box","19":"pa_format-40-x-30-cm-en","20":"pa_isbn-9783836550338-en","21":"pa_language-eng","22":"pa_pages-370-en","23":"pa_published-2014-10-15-en","24":"pa_publisher-taschen-en-en","26":"first","27":"instock","28":"sale","29":"sold-individually","30":"shipping-taxable","31":"purchasable","32":"product-type-simple"},"yoast_head":"<!-- This site is optimized with the Yoast SEO plugin v27.4 - https:\/\/yoast.com\/product\/yoast-seo-wordpress\/ -->\n<title>Norman Mailer. JFK. Superman Comes to the Supermarket (J. Michael Lennon, Nina Wiener, Norman Mailer) - book \/ album - Folio<\/title>\n<meta name=\"description\" content=\"Wejd\u017a i kup ksi\u0105\u017ck\u0119 Norman Mailer. JFK. Superman Comes to the Supermarket autorstwa J. Michael Lennon, Nina Wiener, Norman Mailer wydan\u0105 przez TASCHEN (2014-10-15) w formacie 40 x 30 cm (ISBN: 9783836550338). Zapraszamy!\" \/>\n<meta name=\"robots\" content=\"index, follow, max-snippet:-1, max-image-preview:large, max-video-preview:-1\" \/>\n<link rel=\"canonical\" href=\"https:\/\/foliobooks.pl\/en\/shop\/norman-mailer-jfk-superman-comes-to-the-supermarket\/\" \/>\n<meta property=\"og:locale\" content=\"en_US\" \/>\n<meta property=\"og:type\" content=\"article\" \/>\n<meta property=\"og:title\" content=\"Norman Mailer. JFK. Superman Comes to the Supermarket (J. Michael Lennon, Nina Wiener, Norman Mailer) - book \/ album - Folio\" \/>\n<meta property=\"og:description\" content=\"Wejd\u017a i kup ksi\u0105\u017ck\u0119 Norman Mailer. JFK. Superman Comes to the Supermarket autorstwa J. Michael Lennon, Nina Wiener, Norman Mailer wydan\u0105 przez TASCHEN (2014-10-15) w formacie 40 x 30 cm (ISBN: 9783836550338). Zapraszamy!\" \/>\n<meta property=\"og:url\" content=\"https:\/\/foliobooks.pl\/en\/shop\/norman-mailer-jfk-superman-comes-to-the-supermarket\/\" \/>\n<meta property=\"og:site_name\" content=\"Folio\" \/>\n<meta property=\"article:modified_time\" content=\"2025-09-30T13:34:14+00:00\" \/>\n<meta property=\"og:image\" content=\"https:\/\/foliobooks.pl\/wp-content\/uploads\/2016\/09\/9783836550338.png\" \/>\n\t<meta property=\"og:image:width\" content=\"570\" \/>\n\t<meta property=\"og:image:height\" content=\"708\" \/>\n\t<meta property=\"og:image:type\" content=\"image\/png\" \/>\n<meta name=\"twitter:card\" content=\"summary_large_image\" \/>\n<meta name=\"twitter:label1\" content=\"Est. reading time\" \/>\n\t<meta name=\"twitter:data1\" content=\"1 minute\" \/>\n<script type=\"application\/ld+json\" class=\"yoast-schema-graph\">{\"@context\":\"https:\\\/\\\/schema.org\",\"@graph\":[{\"@type\":\"WebPage\",\"@id\":\"https:\\\/\\\/foliobooks.pl\\\/en\\\/shop\\\/norman-mailer-jfk-superman-comes-to-the-supermarket\\\/\",\"url\":\"https:\\\/\\\/foliobooks.pl\\\/en\\\/shop\\\/norman-mailer-jfk-superman-comes-to-the-supermarket\\\/\",\"name\":\"Norman Mailer. JFK. Superman Comes to the Supermarket (J. Michael Lennon, Nina Wiener, Norman Mailer) - book \\\/ album - Folio\",\"isPartOf\":{\"@id\":\"https:\\\/\\\/foliobooks.pl\\\/en\\\/#website\"},\"primaryImageOfPage\":{\"@id\":\"https:\\\/\\\/foliobooks.pl\\\/en\\\/shop\\\/norman-mailer-jfk-superman-comes-to-the-supermarket\\\/#primaryimage\"},\"image\":{\"@id\":\"https:\\\/\\\/foliobooks.pl\\\/en\\\/shop\\\/norman-mailer-jfk-superman-comes-to-the-supermarket\\\/#primaryimage\"},\"thumbnailUrl\":\"https:\\\/\\\/foliobooks.pl\\\/wp-content\\\/uploads\\\/2016\\\/09\\\/9783836550338.png\",\"datePublished\":\"2016-09-15T11:47:05+00:00\",\"dateModified\":\"2025-09-30T13:34:14+00:00\",\"description\":\"Wejd\u017a i kup ksi\u0105\u017ck\u0119 Norman Mailer. JFK. Superman Comes to the Supermarket autorstwa J. Michael Lennon, Nina Wiener, Norman Mailer wydan\u0105 przez TASCHEN (2014-10-15) w formacie 40 x 30 cm (ISBN: 9783836550338). Zapraszamy!\",\"breadcrumb\":{\"@id\":\"https:\\\/\\\/foliobooks.pl\\\/en\\\/shop\\\/norman-mailer-jfk-superman-comes-to-the-supermarket\\\/#breadcrumb\"},\"inLanguage\":\"en-US\",\"potentialAction\":[{\"@type\":\"ReadAction\",\"target\":[\"https:\\\/\\\/foliobooks.pl\\\/en\\\/shop\\\/norman-mailer-jfk-superman-comes-to-the-supermarket\\\/\"]}]},{\"@type\":\"ImageObject\",\"inLanguage\":\"en-US\",\"@id\":\"https:\\\/\\\/foliobooks.pl\\\/en\\\/shop\\\/norman-mailer-jfk-superman-comes-to-the-supermarket\\\/#primaryimage\",\"url\":\"https:\\\/\\\/foliobooks.pl\\\/wp-content\\\/uploads\\\/2016\\\/09\\\/9783836550338.png\",\"contentUrl\":\"https:\\\/\\\/foliobooks.pl\\\/wp-content\\\/uploads\\\/2016\\\/09\\\/9783836550338.png\",\"width\":570,\"height\":708},{\"@type\":\"BreadcrumbList\",\"@id\":\"https:\\\/\\\/foliobooks.pl\\\/en\\\/shop\\\/norman-mailer-jfk-superman-comes-to-the-supermarket\\\/#breadcrumb\",\"itemListElement\":[{\"@type\":\"ListItem\",\"position\":1,\"name\":\"Strona g\u0142\u00f3wna\",\"item\":\"https:\\\/\\\/foliobooks.pl\\\/en\\\/\"},{\"@type\":\"ListItem\",\"position\":2,\"name\":\"Shop\",\"item\":\"https:\\\/\\\/foliobooks.pl\\\/en\\\/shop\\\/\"},{\"@type\":\"ListItem\",\"position\":3,\"name\":\"Norman Mailer. JFK. Superman Comes to the Supermarket\"}]},{\"@type\":\"WebSite\",\"@id\":\"https:\\\/\\\/foliobooks.pl\\\/en\\\/#website\",\"url\":\"https:\\\/\\\/foliobooks.pl\\\/en\\\/\",\"name\":\"Folio\",\"description\":\"Ksi\u0119garnia internetowa\",\"potentialAction\":[{\"@type\":\"SearchAction\",\"target\":{\"@type\":\"EntryPoint\",\"urlTemplate\":\"https:\\\/\\\/foliobooks.pl\\\/en\\\/?s={search_term_string}\"},\"query-input\":{\"@type\":\"PropertyValueSpecification\",\"valueRequired\":true,\"valueName\":\"search_term_string\"}}],\"inLanguage\":\"en-US\"}]}<\/script>\n<!-- \/ Yoast SEO plugin. -->","yoast_head_json":{"title":"Norman Mailer. JFK. Superman Comes to the Supermarket (J. Michael Lennon, Nina Wiener, Norman Mailer) - book \/ album - Folio","description":"Wejd\u017a i kup ksi\u0105\u017ck\u0119 Norman Mailer. JFK. Superman Comes to the Supermarket autorstwa J. Michael Lennon, Nina Wiener, Norman Mailer wydan\u0105 przez TASCHEN (2014-10-15) w formacie 40 x 30 cm (ISBN: 9783836550338). Zapraszamy!","robots":{"index":"index","follow":"follow","max-snippet":"max-snippet:-1","max-image-preview":"max-image-preview:large","max-video-preview":"max-video-preview:-1"},"canonical":"https:\/\/foliobooks.pl\/en\/shop\/norman-mailer-jfk-superman-comes-to-the-supermarket\/","og_locale":"en_US","og_type":"article","og_title":"Norman Mailer. JFK. Superman Comes to the Supermarket (J. Michael Lennon, Nina Wiener, Norman Mailer) - book \/ album - Folio","og_description":"Wejd\u017a i kup ksi\u0105\u017ck\u0119 Norman Mailer. JFK. Superman Comes to the Supermarket autorstwa J. Michael Lennon, Nina Wiener, Norman Mailer wydan\u0105 przez TASCHEN (2014-10-15) w formacie 40 x 30 cm (ISBN: 9783836550338). Zapraszamy!","og_url":"https:\/\/foliobooks.pl\/en\/shop\/norman-mailer-jfk-superman-comes-to-the-supermarket\/","og_site_name":"Folio","article_modified_time":"2025-09-30T13:34:14+00:00","og_image":[{"width":570,"height":708,"url":"https:\/\/foliobooks.pl\/wp-content\/uploads\/2016\/09\/9783836550338.png","type":"image\/png"}],"twitter_card":"summary_large_image","twitter_misc":{"Est. reading time":"1 minute"},"schema":{"@context":"https:\/\/schema.org","@graph":[{"@type":"WebPage","@id":"https:\/\/foliobooks.pl\/en\/shop\/norman-mailer-jfk-superman-comes-to-the-supermarket\/","url":"https:\/\/foliobooks.pl\/en\/shop\/norman-mailer-jfk-superman-comes-to-the-supermarket\/","name":"Norman Mailer. JFK. Superman Comes to the Supermarket (J. Michael Lennon, Nina Wiener, Norman Mailer) - book \/ album - Folio","isPartOf":{"@id":"https:\/\/foliobooks.pl\/en\/#website"},"primaryImageOfPage":{"@id":"https:\/\/foliobooks.pl\/en\/shop\/norman-mailer-jfk-superman-comes-to-the-supermarket\/#primaryimage"},"image":{"@id":"https:\/\/foliobooks.pl\/en\/shop\/norman-mailer-jfk-superman-comes-to-the-supermarket\/#primaryimage"},"thumbnailUrl":"https:\/\/foliobooks.pl\/wp-content\/uploads\/2016\/09\/9783836550338.png","datePublished":"2016-09-15T11:47:05+00:00","dateModified":"2025-09-30T13:34:14+00:00","description":"Wejd\u017a i kup ksi\u0105\u017ck\u0119 Norman Mailer. JFK. Superman Comes to the Supermarket autorstwa J. Michael Lennon, Nina Wiener, Norman Mailer wydan\u0105 przez TASCHEN (2014-10-15) w formacie 40 x 30 cm (ISBN: 9783836550338). Zapraszamy!","breadcrumb":{"@id":"https:\/\/foliobooks.pl\/en\/shop\/norman-mailer-jfk-superman-comes-to-the-supermarket\/#breadcrumb"},"inLanguage":"en-US","potentialAction":[{"@type":"ReadAction","target":["https:\/\/foliobooks.pl\/en\/shop\/norman-mailer-jfk-superman-comes-to-the-supermarket\/"]}]},{"@type":"ImageObject","inLanguage":"en-US","@id":"https:\/\/foliobooks.pl\/en\/shop\/norman-mailer-jfk-superman-comes-to-the-supermarket\/#primaryimage","url":"https:\/\/foliobooks.pl\/wp-content\/uploads\/2016\/09\/9783836550338.png","contentUrl":"https:\/\/foliobooks.pl\/wp-content\/uploads\/2016\/09\/9783836550338.png","width":570,"height":708},{"@type":"BreadcrumbList","@id":"https:\/\/foliobooks.pl\/en\/shop\/norman-mailer-jfk-superman-comes-to-the-supermarket\/#breadcrumb","itemListElement":[{"@type":"ListItem","position":1,"name":"Strona g\u0142\u00f3wna","item":"https:\/\/foliobooks.pl\/en\/"},{"@type":"ListItem","position":2,"name":"Shop","item":"https:\/\/foliobooks.pl\/en\/shop\/"},{"@type":"ListItem","position":3,"name":"Norman Mailer. JFK. Superman Comes to the Supermarket"}]},{"@type":"WebSite","@id":"https:\/\/foliobooks.pl\/en\/#website","url":"https:\/\/foliobooks.pl\/en\/","name":"Folio","description":"Ksi\u0119garnia internetowa","potentialAction":[{"@type":"SearchAction","target":{"@type":"EntryPoint","urlTemplate":"https:\/\/foliobooks.pl\/en\/?s={search_term_string}"},"query-input":{"@type":"PropertyValueSpecification","valueRequired":true,"valueName":"search_term_string"}}],"inLanguage":"en-US"}]}},"_links":{"self":[{"href":"https:\/\/foliobooks.pl\/en\/wp-json\/wp\/v2\/product\/16272","targetHints":{"allow":["GET"]}}],"collection":[{"href":"https:\/\/foliobooks.pl\/en\/wp-json\/wp\/v2\/product"}],"about":[{"href":"https:\/\/foliobooks.pl\/en\/wp-json\/wp\/v2\/types\/product"}],"replies":[{"embeddable":true,"href":"https:\/\/foliobooks.pl\/en\/wp-json\/wp\/v2\/comments?post=16272"}],"wp:featuredmedia":[{"embeddable":true,"href":"https:\/\/foliobooks.pl\/en\/wp-json\/wp\/v2\/media\/16287"}],"wp:attachment":[{"href":"https:\/\/foliobooks.pl\/en\/wp-json\/wp\/v2\/media?parent=16272"}],"wp:term":[{"taxonomy":"product_brand","embeddable":true,"href":"https:\/\/foliobooks.pl\/en\/wp-json\/wp\/v2\/product_brand?post=16272"},{"taxonomy":"product_cat","embeddable":true,"href":"https:\/\/foliobooks.pl\/en\/wp-json\/wp\/v2\/product_cat?post=16272"},{"taxonomy":"product_tag","embeddable":true,"href":"https:\/\/foliobooks.pl\/en\/wp-json\/wp\/v2\/product_tag?post=16272"}],"curies":[{"name":"wp","href":"https:\/\/api.w.org\/{rel}","templated":true}]}}