{"id":16253,"date":"2016-09-15T13:46:54","date_gmt":"2016-09-15T11:46:54","guid":{"rendered":"http:\/\/foliobooks.pl\/en\/?post_type=product&#038;p=16253"},"modified":"2019-01-24T14:01:49","modified_gmt":"2019-01-24T13:01:49","slug":"barbra-streisand-steve-schapiro-and-lawrence-schiller","status":"publish","type":"product","link":"https:\/\/foliobooks.pl\/en\/shop\/barbra-streisand-steve-schapiro-and-lawrence-schiller\/","title":{"rendered":"Barbra Streisand. Steve Schapiro and Lawrence Schiller"},"content":{"rendered":"<p>In 1970 Barbra Streisand published a story in Life magazine titled \u201cWho Am I Anyway?\u201d It was the very question two leading photojournalists of the day\u2014Steve Schapiro and Lawrence Schiller\u2014were also asking as they photographed her during her first five years in Hollywood, working to get beneath the veneer and capture \u201cthe real Barbra.\u201d<\/p>\n<p>Brimming with photographs\u2014over half of which have never been published before\u2014and stories and behind the shots from Schapiro and Schiller, this is a must-have collection for any Streisand fan. All the best movies of Streisand&#8217;s first Hollywood decade are here: Funny Girl, On a Clear Day You Can See Forever, The Way We Were, The Owl and the Pussycat, Up the Sandbox, Funny Lady, and A Star Is Born. So too are her loves, directors, confidantes, and costars: Elliott Gould, William Wyler, Sydney Pollack, Vincente Minnelli, Cis Corman, Omar Sharif, Kris Kristofferson, and, of course, Robert Redford. Through it all a picture emerges not of a singer who could act, but of an actress who could sing, write, direct, dance, and do just about anything she put her mind to.<\/p>\n<p>Limited to a total of 1,200 numbered copies signed by Steve Schapiro and Lawrence Schiller.<\/p>\n","protected":false},"excerpt":{"rendered":"<p>In 1970 Barbra Streisand published a story in Life magazine titled \u201cWho Am I Anyway?\u201d It was the very question two leading photojournalists of the day\u2014Steve Schapiro and Lawrence Schiller\u2014were also asking as they photographed her during her first five years in Hollywood, working to get beneath the veneer and capture \u201cthe real Barbra.\u201d Brimming&#8230;<\/p>\n","protected":false},"featured_media":16284,"comment_status":"closed","ping_status":"closed","template":"","meta":[],"product_brand":[],"product_cat":[4519,4517,4521],"product_tag":[1175,154,1676,6121,1683,1066,1267,151],"class_list":{"0":"post-16253","1":"product","2":"type-product","3":"status-publish","4":"has-post-thumbnail","6":"product_cat-fashion-en-en","7":"product_cat-photography-en","8":"product_cat-silva-rerum-en-en","9":"product_tag-iconic-photographs","10":"product_tag-monographs","11":"product_tag-movie-stars","12":"product_tag-photography","13":"product_tag-pop-culture","14":"product_tag-portraits-en","15":"product_tag-reportage","16":"product_tag-women","17":"pa_author_att-lawrence-grobel-en","18":"pa_author_att-patt-morrison-en","19":"pa_author_att-steve-schapiro-en","20":"pa_cover-hardcover-box","21":"pa_format-58-x-45-cm-en","22":"pa_isbn-9783836542401-en","23":"pa_language-eng-f-ger","24":"pa_pages-356-en","25":"pa_published-2014-11-01-en","26":"pa_publisher-taschen-en-en","28":"first","29":"outofstock","30":"sold-individually","31":"shipping-taxable","32":"purchasable","33":"product-type-simple"},"yoast_head":"<!-- This site is optimized with the Yoast SEO plugin v27.4 - https:\/\/yoast.com\/product\/yoast-seo-wordpress\/ -->\n<title>Barbra Streisand. Steve Schapiro and Lawrence Schiller (Lawrence Grobel, Patt Morrison, Steve Schapiro) - book \/ album - Folio<\/title>\n<meta name=\"description\" content=\"Wejd\u017a i kup ksi\u0105\u017ck\u0119 Barbra Streisand. Steve Schapiro and Lawrence Schiller autorstwa Lawrence Grobel, Patt Morrison, Steve Schapiro wydan\u0105 przez TASCHEN (2014-11-01) w formacie 58 x 45 cm (ISBN: 9783836542401). Zapraszamy!\" \/>\n<meta name=\"robots\" content=\"index, follow, max-snippet:-1, max-image-preview:large, max-video-preview:-1\" \/>\n<link rel=\"canonical\" href=\"https:\/\/foliobooks.pl\/en\/shop\/barbra-streisand-steve-schapiro-and-lawrence-schiller\/\" \/>\n<meta property=\"og:locale\" content=\"en_US\" \/>\n<meta property=\"og:type\" content=\"article\" \/>\n<meta property=\"og:title\" content=\"Barbra Streisand. Steve Schapiro and Lawrence Schiller (Lawrence Grobel, Patt Morrison, Steve Schapiro) - book \/ album - Folio\" \/>\n<meta property=\"og:description\" content=\"Wejd\u017a i kup ksi\u0105\u017ck\u0119 Barbra Streisand. Steve Schapiro and Lawrence Schiller autorstwa Lawrence Grobel, Patt Morrison, Steve Schapiro wydan\u0105 przez TASCHEN (2014-11-01) w formacie 58 x 45 cm (ISBN: 9783836542401). Zapraszamy!\" \/>\n<meta property=\"og:url\" content=\"https:\/\/foliobooks.pl\/en\/shop\/barbra-streisand-steve-schapiro-and-lawrence-schiller\/\" \/>\n<meta property=\"og:site_name\" content=\"Folio\" \/>\n<meta property=\"article:modified_time\" content=\"2019-01-24T13:01:49+00:00\" \/>\n<meta property=\"og:image\" content=\"https:\/\/foliobooks.pl\/wp-content\/uploads\/2016\/09\/9783836542401.png\" \/>\n\t<meta property=\"og:image:width\" content=\"570\" \/>\n\t<meta property=\"og:image:height\" content=\"708\" \/>\n\t<meta property=\"og:image:type\" content=\"image\/png\" \/>\n<meta name=\"twitter:card\" content=\"summary_large_image\" \/>\n<meta name=\"twitter:label1\" content=\"Est. reading time\" \/>\n\t<meta name=\"twitter:data1\" content=\"1 minute\" \/>\n<script type=\"application\/ld+json\" class=\"yoast-schema-graph\">{\"@context\":\"https:\\\/\\\/schema.org\",\"@graph\":[{\"@type\":\"WebPage\",\"@id\":\"https:\\\/\\\/foliobooks.pl\\\/en\\\/shop\\\/barbra-streisand-steve-schapiro-and-lawrence-schiller\\\/\",\"url\":\"https:\\\/\\\/foliobooks.pl\\\/en\\\/shop\\\/barbra-streisand-steve-schapiro-and-lawrence-schiller\\\/\",\"name\":\"Barbra Streisand. Steve Schapiro and Lawrence Schiller (Lawrence Grobel, Patt Morrison, Steve Schapiro) - book \\\/ album - Folio\",\"isPartOf\":{\"@id\":\"https:\\\/\\\/foliobooks.pl\\\/en\\\/#website\"},\"primaryImageOfPage\":{\"@id\":\"https:\\\/\\\/foliobooks.pl\\\/en\\\/shop\\\/barbra-streisand-steve-schapiro-and-lawrence-schiller\\\/#primaryimage\"},\"image\":{\"@id\":\"https:\\\/\\\/foliobooks.pl\\\/en\\\/shop\\\/barbra-streisand-steve-schapiro-and-lawrence-schiller\\\/#primaryimage\"},\"thumbnailUrl\":\"https:\\\/\\\/foliobooks.pl\\\/wp-content\\\/uploads\\\/2016\\\/09\\\/9783836542401.png\",\"datePublished\":\"2016-09-15T11:46:54+00:00\",\"dateModified\":\"2019-01-24T13:01:49+00:00\",\"description\":\"Wejd\u017a i kup ksi\u0105\u017ck\u0119 Barbra Streisand. Steve Schapiro and Lawrence Schiller autorstwa Lawrence Grobel, Patt Morrison, Steve Schapiro wydan\u0105 przez TASCHEN (2014-11-01) w formacie 58 x 45 cm (ISBN: 9783836542401). Zapraszamy!\",\"breadcrumb\":{\"@id\":\"https:\\\/\\\/foliobooks.pl\\\/en\\\/shop\\\/barbra-streisand-steve-schapiro-and-lawrence-schiller\\\/#breadcrumb\"},\"inLanguage\":\"en-US\",\"potentialAction\":[{\"@type\":\"ReadAction\",\"target\":[\"https:\\\/\\\/foliobooks.pl\\\/en\\\/shop\\\/barbra-streisand-steve-schapiro-and-lawrence-schiller\\\/\"]}]},{\"@type\":\"ImageObject\",\"inLanguage\":\"en-US\",\"@id\":\"https:\\\/\\\/foliobooks.pl\\\/en\\\/shop\\\/barbra-streisand-steve-schapiro-and-lawrence-schiller\\\/#primaryimage\",\"url\":\"https:\\\/\\\/foliobooks.pl\\\/wp-content\\\/uploads\\\/2016\\\/09\\\/9783836542401.png\",\"contentUrl\":\"https:\\\/\\\/foliobooks.pl\\\/wp-content\\\/uploads\\\/2016\\\/09\\\/9783836542401.png\",\"width\":570,\"height\":708},{\"@type\":\"BreadcrumbList\",\"@id\":\"https:\\\/\\\/foliobooks.pl\\\/en\\\/shop\\\/barbra-streisand-steve-schapiro-and-lawrence-schiller\\\/#breadcrumb\",\"itemListElement\":[{\"@type\":\"ListItem\",\"position\":1,\"name\":\"Strona g\u0142\u00f3wna\",\"item\":\"https:\\\/\\\/foliobooks.pl\\\/en\\\/\"},{\"@type\":\"ListItem\",\"position\":2,\"name\":\"Shop\",\"item\":\"https:\\\/\\\/foliobooks.pl\\\/en\\\/shop\\\/\"},{\"@type\":\"ListItem\",\"position\":3,\"name\":\"Barbra Streisand. Steve Schapiro and Lawrence Schiller\"}]},{\"@type\":\"WebSite\",\"@id\":\"https:\\\/\\\/foliobooks.pl\\\/en\\\/#website\",\"url\":\"https:\\\/\\\/foliobooks.pl\\\/en\\\/\",\"name\":\"Folio\",\"description\":\"Ksi\u0119garnia internetowa\",\"potentialAction\":[{\"@type\":\"SearchAction\",\"target\":{\"@type\":\"EntryPoint\",\"urlTemplate\":\"https:\\\/\\\/foliobooks.pl\\\/en\\\/?s={search_term_string}\"},\"query-input\":{\"@type\":\"PropertyValueSpecification\",\"valueRequired\":true,\"valueName\":\"search_term_string\"}}],\"inLanguage\":\"en-US\"}]}<\/script>\n<!-- \/ Yoast SEO plugin. -->","yoast_head_json":{"title":"Barbra Streisand. Steve Schapiro and Lawrence Schiller (Lawrence Grobel, Patt Morrison, Steve Schapiro) - book \/ album - Folio","description":"Wejd\u017a i kup ksi\u0105\u017ck\u0119 Barbra Streisand. Steve Schapiro and Lawrence Schiller autorstwa Lawrence Grobel, Patt Morrison, Steve Schapiro wydan\u0105 przez TASCHEN (2014-11-01) w formacie 58 x 45 cm (ISBN: 9783836542401). Zapraszamy!","robots":{"index":"index","follow":"follow","max-snippet":"max-snippet:-1","max-image-preview":"max-image-preview:large","max-video-preview":"max-video-preview:-1"},"canonical":"https:\/\/foliobooks.pl\/en\/shop\/barbra-streisand-steve-schapiro-and-lawrence-schiller\/","og_locale":"en_US","og_type":"article","og_title":"Barbra Streisand. Steve Schapiro and Lawrence Schiller (Lawrence Grobel, Patt Morrison, Steve Schapiro) - book \/ album - Folio","og_description":"Wejd\u017a i kup ksi\u0105\u017ck\u0119 Barbra Streisand. Steve Schapiro and Lawrence Schiller autorstwa Lawrence Grobel, Patt Morrison, Steve Schapiro wydan\u0105 przez TASCHEN (2014-11-01) w formacie 58 x 45 cm (ISBN: 9783836542401). Zapraszamy!","og_url":"https:\/\/foliobooks.pl\/en\/shop\/barbra-streisand-steve-schapiro-and-lawrence-schiller\/","og_site_name":"Folio","article_modified_time":"2019-01-24T13:01:49+00:00","og_image":[{"width":570,"height":708,"url":"https:\/\/foliobooks.pl\/wp-content\/uploads\/2016\/09\/9783836542401.png","type":"image\/png"}],"twitter_card":"summary_large_image","twitter_misc":{"Est. reading time":"1 minute"},"schema":{"@context":"https:\/\/schema.org","@graph":[{"@type":"WebPage","@id":"https:\/\/foliobooks.pl\/en\/shop\/barbra-streisand-steve-schapiro-and-lawrence-schiller\/","url":"https:\/\/foliobooks.pl\/en\/shop\/barbra-streisand-steve-schapiro-and-lawrence-schiller\/","name":"Barbra Streisand. Steve Schapiro and Lawrence Schiller (Lawrence Grobel, Patt Morrison, Steve Schapiro) - book \/ album - Folio","isPartOf":{"@id":"https:\/\/foliobooks.pl\/en\/#website"},"primaryImageOfPage":{"@id":"https:\/\/foliobooks.pl\/en\/shop\/barbra-streisand-steve-schapiro-and-lawrence-schiller\/#primaryimage"},"image":{"@id":"https:\/\/foliobooks.pl\/en\/shop\/barbra-streisand-steve-schapiro-and-lawrence-schiller\/#primaryimage"},"thumbnailUrl":"https:\/\/foliobooks.pl\/wp-content\/uploads\/2016\/09\/9783836542401.png","datePublished":"2016-09-15T11:46:54+00:00","dateModified":"2019-01-24T13:01:49+00:00","description":"Wejd\u017a i kup ksi\u0105\u017ck\u0119 Barbra Streisand. Steve Schapiro and Lawrence Schiller autorstwa Lawrence Grobel, Patt Morrison, Steve Schapiro wydan\u0105 przez TASCHEN (2014-11-01) w formacie 58 x 45 cm (ISBN: 9783836542401). Zapraszamy!","breadcrumb":{"@id":"https:\/\/foliobooks.pl\/en\/shop\/barbra-streisand-steve-schapiro-and-lawrence-schiller\/#breadcrumb"},"inLanguage":"en-US","potentialAction":[{"@type":"ReadAction","target":["https:\/\/foliobooks.pl\/en\/shop\/barbra-streisand-steve-schapiro-and-lawrence-schiller\/"]}]},{"@type":"ImageObject","inLanguage":"en-US","@id":"https:\/\/foliobooks.pl\/en\/shop\/barbra-streisand-steve-schapiro-and-lawrence-schiller\/#primaryimage","url":"https:\/\/foliobooks.pl\/wp-content\/uploads\/2016\/09\/9783836542401.png","contentUrl":"https:\/\/foliobooks.pl\/wp-content\/uploads\/2016\/09\/9783836542401.png","width":570,"height":708},{"@type":"BreadcrumbList","@id":"https:\/\/foliobooks.pl\/en\/shop\/barbra-streisand-steve-schapiro-and-lawrence-schiller\/#breadcrumb","itemListElement":[{"@type":"ListItem","position":1,"name":"Strona g\u0142\u00f3wna","item":"https:\/\/foliobooks.pl\/en\/"},{"@type":"ListItem","position":2,"name":"Shop","item":"https:\/\/foliobooks.pl\/en\/shop\/"},{"@type":"ListItem","position":3,"name":"Barbra Streisand. Steve Schapiro and Lawrence Schiller"}]},{"@type":"WebSite","@id":"https:\/\/foliobooks.pl\/en\/#website","url":"https:\/\/foliobooks.pl\/en\/","name":"Folio","description":"Ksi\u0119garnia internetowa","potentialAction":[{"@type":"SearchAction","target":{"@type":"EntryPoint","urlTemplate":"https:\/\/foliobooks.pl\/en\/?s={search_term_string}"},"query-input":{"@type":"PropertyValueSpecification","valueRequired":true,"valueName":"search_term_string"}}],"inLanguage":"en-US"}]}},"_links":{"self":[{"href":"https:\/\/foliobooks.pl\/en\/wp-json\/wp\/v2\/product\/16253","targetHints":{"allow":["GET"]}}],"collection":[{"href":"https:\/\/foliobooks.pl\/en\/wp-json\/wp\/v2\/product"}],"about":[{"href":"https:\/\/foliobooks.pl\/en\/wp-json\/wp\/v2\/types\/product"}],"replies":[{"embeddable":true,"href":"https:\/\/foliobooks.pl\/en\/wp-json\/wp\/v2\/comments?post=16253"}],"wp:featuredmedia":[{"embeddable":true,"href":"https:\/\/foliobooks.pl\/en\/wp-json\/wp\/v2\/media\/16284"}],"wp:attachment":[{"href":"https:\/\/foliobooks.pl\/en\/wp-json\/wp\/v2\/media?parent=16253"}],"wp:term":[{"taxonomy":"product_brand","embeddable":true,"href":"https:\/\/foliobooks.pl\/en\/wp-json\/wp\/v2\/product_brand?post=16253"},{"taxonomy":"product_cat","embeddable":true,"href":"https:\/\/foliobooks.pl\/en\/wp-json\/wp\/v2\/product_cat?post=16253"},{"taxonomy":"product_tag","embeddable":true,"href":"https:\/\/foliobooks.pl\/en\/wp-json\/wp\/v2\/product_tag?post=16253"}],"curies":[{"name":"wp","href":"https:\/\/api.w.org\/{rel}","templated":true}]}}