{"id":16137,"date":"2016-08-31T14:02:57","date_gmt":"2016-08-31T12:02:57","guid":{"rendered":"http:\/\/foliobooks.pl\/en\/sklep\/case-study-houses-basic-architecture-series\/"},"modified":"2025-03-14T14:08:58","modified_gmt":"2025-03-14T13:08:58","slug":"case-study-houses-basic-architecture-series","status":"publish","type":"product","link":"https:\/\/foliobooks.pl\/en\/shop\/case-study-houses-basic-architecture-series\/","title":{"rendered":"Case Study Houses. Basic Architecture Series"},"content":{"rendered":"<p>e Case Study House program (1945\u20131966) was a unique event in the history of American architecture. Sponsored by Arts &amp; Architecture magazine, the program sought to respond to the postwar building boom with prototype modern homes that could be both easily replicated and readily affordable to the average American.<\/p>\n<p>Concentrated on the Los Angeles area, the Case Study Houses included 36 model homes commissioned from such major architects of the day as Richard Neutra, Raphael Soriano, Craig Ellwood, Charles and Ray Eames, Pierre Koenig, Eero Saarinen, A. Quincy Jones, and Ralph Rapson. Their criteria included \u201cusing, as far as is practicable, many war-born techniques and materials best suited to the expression of man\u2019s life in the modern world.\u201d<\/p>\n<p>The results of the program would redefine the modern home and extend influence not only across the United States but around the world. This compact guide includes all of the Case Study Houses with over 150 photos and plans, as well as a map showing locations of all sites, including those that no longer exist.<\/p>\n","protected":false},"excerpt":{"rendered":"<p>e Case Study House program (1945\u20131966) was a unique event in the history of American architecture. Sponsored by Arts &amp; Architecture magazine, the program sought to respond to the postwar building boom with prototype modern homes that could be both easily replicated and readily affordable to the average American. Concentrated on the Los Angeles area,&#8230;<\/p>\n","protected":false},"featured_media":16128,"comment_status":"closed","ping_status":"closed","template":"","meta":[],"product_brand":[],"product_cat":[4516],"product_tag":[1126,6825,1122,290],"class_list":{"0":"post-16137","1":"product","2":"type-product","3":"status-publish","4":"has-post-thumbnail","6":"product_cat-architecture-en","7":"product_tag-architects-en","8":"product_tag-home","9":"product_tag-houses-en","10":"product_tag-interiors-en","11":"pa_author_att-elizabeth-a-t-smith-en","12":"pa_author_att-peter-gossel-en","13":"pa_cover-hardcover","14":"pa_format-21-x-26-cm-en","15":"pa_isbn-9783836535601-en","16":"pa_language-eng","17":"pa_pages-96-en","18":"pa_published-2016-03-04-en","19":"pa_publisher-taschen-en-en","21":"first","22":"outofstock","23":"sold-individually","24":"shipping-taxable","25":"purchasable","26":"product-type-simple"},"yoast_head":"<!-- This site is optimized with the Yoast SEO plugin v27.6 - https:\/\/yoast.com\/product\/yoast-seo-wordpress\/ -->\n<title>Case Study Houses. Basic Architecture Series (Elizabeth A. T. Smith, Peter G\u00f6ssel) - book \/ album - Folio<\/title>\n<meta name=\"description\" content=\"Wejd\u017a i kup ksi\u0105\u017ck\u0119 Case Study Houses. Basic Architecture Series autorstwa Elizabeth A. T. Smith, Peter G\u00f6ssel wydan\u0105 przez TASCHEN (2016-03-04) w formacie 21 x 26 cm (ISBN: 9783836535601). Zapraszamy!\" \/>\n<meta name=\"robots\" content=\"index, follow, max-snippet:-1, max-image-preview:large, max-video-preview:-1\" \/>\n<link rel=\"canonical\" href=\"https:\/\/foliobooks.pl\/en\/shop\/case-study-houses-basic-architecture-series\/\" \/>\n<meta property=\"og:locale\" content=\"en_US\" \/>\n<meta property=\"og:type\" content=\"article\" \/>\n<meta property=\"og:title\" content=\"Case Study Houses. Basic Architecture Series (Elizabeth A. T. Smith, Peter G\u00f6ssel) - book \/ album - Folio\" \/>\n<meta property=\"og:description\" content=\"Wejd\u017a i kup ksi\u0105\u017ck\u0119 Case Study Houses. Basic Architecture Series autorstwa Elizabeth A. T. Smith, Peter G\u00f6ssel wydan\u0105 przez TASCHEN (2016-03-04) w formacie 21 x 26 cm (ISBN: 9783836535601). Zapraszamy!\" \/>\n<meta property=\"og:url\" content=\"https:\/\/foliobooks.pl\/en\/shop\/case-study-houses-basic-architecture-series\/\" \/>\n<meta property=\"og:site_name\" content=\"Folio\" \/>\n<meta property=\"article:modified_time\" content=\"2025-03-14T13:08:58+00:00\" \/>\n<meta property=\"og:image\" content=\"https:\/\/foliobooks.pl\/wp-content\/uploads\/2016\/08\/9783836535601.png\" \/>\n\t<meta property=\"og:image:width\" content=\"570\" \/>\n\t<meta property=\"og:image:height\" content=\"708\" \/>\n\t<meta property=\"og:image:type\" content=\"image\/png\" \/>\n<meta name=\"twitter:card\" content=\"summary_large_image\" \/>\n<meta name=\"twitter:label1\" content=\"Est. reading time\" \/>\n\t<meta name=\"twitter:data1\" content=\"1 minute\" \/>\n<script type=\"application\/ld+json\" class=\"yoast-schema-graph\">{\"@context\":\"https:\\\/\\\/schema.org\",\"@graph\":[{\"@type\":\"WebPage\",\"@id\":\"https:\\\/\\\/foliobooks.pl\\\/en\\\/shop\\\/case-study-houses-basic-architecture-series\\\/\",\"url\":\"https:\\\/\\\/foliobooks.pl\\\/en\\\/shop\\\/case-study-houses-basic-architecture-series\\\/\",\"name\":\"Case Study Houses. Basic Architecture Series (Elizabeth A. T. Smith, Peter G\u00f6ssel) - book \\\/ album - Folio\",\"isPartOf\":{\"@id\":\"https:\\\/\\\/foliobooks.pl\\\/en\\\/#website\"},\"primaryImageOfPage\":{\"@id\":\"https:\\\/\\\/foliobooks.pl\\\/en\\\/shop\\\/case-study-houses-basic-architecture-series\\\/#primaryimage\"},\"image\":{\"@id\":\"https:\\\/\\\/foliobooks.pl\\\/en\\\/shop\\\/case-study-houses-basic-architecture-series\\\/#primaryimage\"},\"thumbnailUrl\":\"https:\\\/\\\/foliobooks.pl\\\/wp-content\\\/uploads\\\/2016\\\/08\\\/9783836535601.png\",\"datePublished\":\"2016-08-31T12:02:57+00:00\",\"dateModified\":\"2025-03-14T13:08:58+00:00\",\"description\":\"Wejd\u017a i kup ksi\u0105\u017ck\u0119 Case Study Houses. Basic Architecture Series autorstwa Elizabeth A. T. Smith, Peter G\u00f6ssel wydan\u0105 przez TASCHEN (2016-03-04) w formacie 21 x 26 cm (ISBN: 9783836535601). Zapraszamy!\",\"breadcrumb\":{\"@id\":\"https:\\\/\\\/foliobooks.pl\\\/en\\\/shop\\\/case-study-houses-basic-architecture-series\\\/#breadcrumb\"},\"inLanguage\":\"en-US\",\"potentialAction\":[{\"@type\":\"ReadAction\",\"target\":[\"https:\\\/\\\/foliobooks.pl\\\/en\\\/shop\\\/case-study-houses-basic-architecture-series\\\/\"]}]},{\"@type\":\"ImageObject\",\"inLanguage\":\"en-US\",\"@id\":\"https:\\\/\\\/foliobooks.pl\\\/en\\\/shop\\\/case-study-houses-basic-architecture-series\\\/#primaryimage\",\"url\":\"https:\\\/\\\/foliobooks.pl\\\/wp-content\\\/uploads\\\/2016\\\/08\\\/9783836535601.png\",\"contentUrl\":\"https:\\\/\\\/foliobooks.pl\\\/wp-content\\\/uploads\\\/2016\\\/08\\\/9783836535601.png\",\"width\":570,\"height\":708},{\"@type\":\"BreadcrumbList\",\"@id\":\"https:\\\/\\\/foliobooks.pl\\\/en\\\/shop\\\/case-study-houses-basic-architecture-series\\\/#breadcrumb\",\"itemListElement\":[{\"@type\":\"ListItem\",\"position\":1,\"name\":\"Strona g\u0142\u00f3wna\",\"item\":\"https:\\\/\\\/foliobooks.pl\\\/en\\\/\"},{\"@type\":\"ListItem\",\"position\":2,\"name\":\"Shop\",\"item\":\"https:\\\/\\\/foliobooks.pl\\\/en\\\/shop\\\/\"},{\"@type\":\"ListItem\",\"position\":3,\"name\":\"Case Study Houses. Basic Architecture Series\"}]},{\"@type\":\"WebSite\",\"@id\":\"https:\\\/\\\/foliobooks.pl\\\/en\\\/#website\",\"url\":\"https:\\\/\\\/foliobooks.pl\\\/en\\\/\",\"name\":\"Folio\",\"description\":\"Ksi\u0119garnia internetowa\",\"potentialAction\":[{\"@type\":\"SearchAction\",\"target\":{\"@type\":\"EntryPoint\",\"urlTemplate\":\"https:\\\/\\\/foliobooks.pl\\\/en\\\/?s={search_term_string}\"},\"query-input\":{\"@type\":\"PropertyValueSpecification\",\"valueRequired\":true,\"valueName\":\"search_term_string\"}}],\"inLanguage\":\"en-US\"}]}<\/script>\n<!-- \/ Yoast SEO plugin. -->","yoast_head_json":{"title":"Case Study Houses. Basic Architecture Series (Elizabeth A. T. Smith, Peter G\u00f6ssel) - book \/ album - Folio","description":"Wejd\u017a i kup ksi\u0105\u017ck\u0119 Case Study Houses. Basic Architecture Series autorstwa Elizabeth A. T. Smith, Peter G\u00f6ssel wydan\u0105 przez TASCHEN (2016-03-04) w formacie 21 x 26 cm (ISBN: 9783836535601). Zapraszamy!","robots":{"index":"index","follow":"follow","max-snippet":"max-snippet:-1","max-image-preview":"max-image-preview:large","max-video-preview":"max-video-preview:-1"},"canonical":"https:\/\/foliobooks.pl\/en\/shop\/case-study-houses-basic-architecture-series\/","og_locale":"en_US","og_type":"article","og_title":"Case Study Houses. Basic Architecture Series (Elizabeth A. T. Smith, Peter G\u00f6ssel) - book \/ album - Folio","og_description":"Wejd\u017a i kup ksi\u0105\u017ck\u0119 Case Study Houses. Basic Architecture Series autorstwa Elizabeth A. T. Smith, Peter G\u00f6ssel wydan\u0105 przez TASCHEN (2016-03-04) w formacie 21 x 26 cm (ISBN: 9783836535601). Zapraszamy!","og_url":"https:\/\/foliobooks.pl\/en\/shop\/case-study-houses-basic-architecture-series\/","og_site_name":"Folio","article_modified_time":"2025-03-14T13:08:58+00:00","og_image":[{"width":570,"height":708,"url":"https:\/\/foliobooks.pl\/wp-content\/uploads\/2016\/08\/9783836535601.png","type":"image\/png"}],"twitter_card":"summary_large_image","twitter_misc":{"Est. reading time":"1 minute"},"schema":{"@context":"https:\/\/schema.org","@graph":[{"@type":"WebPage","@id":"https:\/\/foliobooks.pl\/en\/shop\/case-study-houses-basic-architecture-series\/","url":"https:\/\/foliobooks.pl\/en\/shop\/case-study-houses-basic-architecture-series\/","name":"Case Study Houses. Basic Architecture Series (Elizabeth A. T. Smith, Peter G\u00f6ssel) - book \/ album - Folio","isPartOf":{"@id":"https:\/\/foliobooks.pl\/en\/#website"},"primaryImageOfPage":{"@id":"https:\/\/foliobooks.pl\/en\/shop\/case-study-houses-basic-architecture-series\/#primaryimage"},"image":{"@id":"https:\/\/foliobooks.pl\/en\/shop\/case-study-houses-basic-architecture-series\/#primaryimage"},"thumbnailUrl":"https:\/\/foliobooks.pl\/wp-content\/uploads\/2016\/08\/9783836535601.png","datePublished":"2016-08-31T12:02:57+00:00","dateModified":"2025-03-14T13:08:58+00:00","description":"Wejd\u017a i kup ksi\u0105\u017ck\u0119 Case Study Houses. Basic Architecture Series autorstwa Elizabeth A. T. Smith, Peter G\u00f6ssel wydan\u0105 przez TASCHEN (2016-03-04) w formacie 21 x 26 cm (ISBN: 9783836535601). Zapraszamy!","breadcrumb":{"@id":"https:\/\/foliobooks.pl\/en\/shop\/case-study-houses-basic-architecture-series\/#breadcrumb"},"inLanguage":"en-US","potentialAction":[{"@type":"ReadAction","target":["https:\/\/foliobooks.pl\/en\/shop\/case-study-houses-basic-architecture-series\/"]}]},{"@type":"ImageObject","inLanguage":"en-US","@id":"https:\/\/foliobooks.pl\/en\/shop\/case-study-houses-basic-architecture-series\/#primaryimage","url":"https:\/\/foliobooks.pl\/wp-content\/uploads\/2016\/08\/9783836535601.png","contentUrl":"https:\/\/foliobooks.pl\/wp-content\/uploads\/2016\/08\/9783836535601.png","width":570,"height":708},{"@type":"BreadcrumbList","@id":"https:\/\/foliobooks.pl\/en\/shop\/case-study-houses-basic-architecture-series\/#breadcrumb","itemListElement":[{"@type":"ListItem","position":1,"name":"Strona g\u0142\u00f3wna","item":"https:\/\/foliobooks.pl\/en\/"},{"@type":"ListItem","position":2,"name":"Shop","item":"https:\/\/foliobooks.pl\/en\/shop\/"},{"@type":"ListItem","position":3,"name":"Case Study Houses. Basic Architecture Series"}]},{"@type":"WebSite","@id":"https:\/\/foliobooks.pl\/en\/#website","url":"https:\/\/foliobooks.pl\/en\/","name":"Folio","description":"Ksi\u0119garnia internetowa","potentialAction":[{"@type":"SearchAction","target":{"@type":"EntryPoint","urlTemplate":"https:\/\/foliobooks.pl\/en\/?s={search_term_string}"},"query-input":{"@type":"PropertyValueSpecification","valueRequired":true,"valueName":"search_term_string"}}],"inLanguage":"en-US"}]}},"_links":{"self":[{"href":"https:\/\/foliobooks.pl\/en\/wp-json\/wp\/v2\/product\/16137","targetHints":{"allow":["GET"]}}],"collection":[{"href":"https:\/\/foliobooks.pl\/en\/wp-json\/wp\/v2\/product"}],"about":[{"href":"https:\/\/foliobooks.pl\/en\/wp-json\/wp\/v2\/types\/product"}],"replies":[{"embeddable":true,"href":"https:\/\/foliobooks.pl\/en\/wp-json\/wp\/v2\/comments?post=16137"}],"wp:featuredmedia":[{"embeddable":true,"href":"https:\/\/foliobooks.pl\/en\/wp-json\/wp\/v2\/media\/16128"}],"wp:attachment":[{"href":"https:\/\/foliobooks.pl\/en\/wp-json\/wp\/v2\/media?parent=16137"}],"wp:term":[{"taxonomy":"product_brand","embeddable":true,"href":"https:\/\/foliobooks.pl\/en\/wp-json\/wp\/v2\/product_brand?post=16137"},{"taxonomy":"product_cat","embeddable":true,"href":"https:\/\/foliobooks.pl\/en\/wp-json\/wp\/v2\/product_cat?post=16137"},{"taxonomy":"product_tag","embeddable":true,"href":"https:\/\/foliobooks.pl\/en\/wp-json\/wp\/v2\/product_tag?post=16137"}],"curies":[{"name":"wp","href":"https:\/\/api.w.org\/{rel}","templated":true}]}}