{"id":16111,"date":"2016-08-31T13:26:56","date_gmt":"2016-08-31T11:26:56","guid":{"rendered":"http:\/\/foliobooks.pl\/en\/sklep\/niemeyer-basic-architecture-series\/"},"modified":"2025-12-18T16:48:17","modified_gmt":"2025-12-18T15:48:17","slug":"niemeyer-basic-architecture-series","status":"publish","type":"product","link":"https:\/\/foliobooks.pl\/en\/shop\/niemeyer-basic-architecture-series\/","title":{"rendered":"Niemeyer. Basic Architecture Series"},"content":{"rendered":"<p>Until his death at age 104, Oscar Niemeyer (1907\u20132012) was something of an unstoppable architectural force. Over seven decades of work, he designed approximately 600 buildings, transforming skylines from Bab-Ezzouar, Algeria, to his homeland masterpiece Bras\u00edlia.<\/p>\n<p>Niemeyer\u2019s work took the reduced forms of modernism and infused them with free-flowing grace. In place of pared-down starkness, his structures rippled with sinuous and seductive lines. In buildings such as the Niter\u00f3i Contemporary Art Museum, Edif\u00edcio Copan, or the Metropolitan Cathedral in Bras\u00edlia, he brought curvaceousness to the concrete jungle. In the futuristic federal capital of Bras\u00edlia, he designed almost all public buildings, and thus became integral to the global image of Brazil.<\/p>\n<p>With rich illustrations documenting highlights from his prolific career, this book introduces Niemeyer\u2019s unique vision and its transformative influence on buildings of business, faith, culture, and the public imagination of Brazil.<\/p>\n","protected":false},"excerpt":{"rendered":"<p>Until his death at age 104, Oscar Niemeyer (1907\u20132012) was something of an unstoppable architectural force. Over seven decades of work, he designed approximately 600 buildings, transforming skylines from Bab-Ezzouar, Algeria, to his homeland masterpiece Bras\u00edlia. Niemeyer\u2019s work took the reduced forms of modernism and infused them with free-flowing grace. In place of pared-down starkness,&#8230;<\/p>\n","protected":false},"featured_media":16100,"comment_status":"closed","ping_status":"closed","template":"","meta":[],"product_brand":[],"product_cat":[4516],"product_tag":[1156,1126,1146,290],"class_list":{"0":"post-16111","1":"product","2":"type-product","3":"status-publish","4":"has-post-thumbnail","6":"product_cat-architecture-en","7":"product_tag-appliedarts-en","8":"product_tag-architects-en","9":"product_tag-great-masters-en","10":"product_tag-interiors-en","11":"pa_author_att-philip-jodidio-en","12":"pa_cover-hardcover","13":"pa_format-21-x-26-cm-en","14":"pa_isbn-9783836536226-en","15":"pa_language-eng","16":"pa_pages-96-en","17":"pa_published-2016-04-15-en","18":"pa_publisher-taschen-en-en","20":"first","21":"instock","22":"sold-individually","23":"shipping-taxable","24":"purchasable","25":"product-type-simple"},"yoast_head":"<!-- This site is optimized with the Yoast SEO plugin v27.4 - https:\/\/yoast.com\/product\/yoast-seo-wordpress\/ -->\n<title>Niemeyer. Basic Architecture Series (Philip Jodidio) - book \/ album - Folio<\/title>\n<meta name=\"description\" content=\"Wejd\u017a i kup ksi\u0105\u017ck\u0119 Niemeyer. Basic Architecture Series autorstwa Philip Jodidio wydan\u0105 przez TASCHEN (2016-04-15) w formacie 21 x 26 cm (ISBN: 9783836536226). Zapraszamy!\" \/>\n<meta name=\"robots\" content=\"index, follow, max-snippet:-1, max-image-preview:large, max-video-preview:-1\" \/>\n<link rel=\"canonical\" href=\"https:\/\/foliobooks.pl\/en\/shop\/niemeyer-basic-architecture-series\/\" \/>\n<meta property=\"og:locale\" content=\"en_US\" \/>\n<meta property=\"og:type\" content=\"article\" \/>\n<meta property=\"og:title\" content=\"Niemeyer. Basic Architecture Series (Philip Jodidio) - book \/ album - Folio\" \/>\n<meta property=\"og:description\" content=\"Wejd\u017a i kup ksi\u0105\u017ck\u0119 Niemeyer. Basic Architecture Series autorstwa Philip Jodidio wydan\u0105 przez TASCHEN (2016-04-15) w formacie 21 x 26 cm (ISBN: 9783836536226). Zapraszamy!\" \/>\n<meta property=\"og:url\" content=\"https:\/\/foliobooks.pl\/en\/shop\/niemeyer-basic-architecture-series\/\" \/>\n<meta property=\"og:site_name\" content=\"Folio\" \/>\n<meta property=\"article:modified_time\" content=\"2025-12-18T15:48:17+00:00\" \/>\n<meta property=\"og:image\" content=\"https:\/\/foliobooks.pl\/wp-content\/uploads\/2016\/08\/9783836536226.png\" \/>\n\t<meta property=\"og:image:width\" content=\"570\" \/>\n\t<meta property=\"og:image:height\" content=\"708\" \/>\n\t<meta property=\"og:image:type\" content=\"image\/png\" \/>\n<meta name=\"twitter:card\" content=\"summary_large_image\" \/>\n<meta name=\"twitter:label1\" content=\"Est. reading time\" \/>\n\t<meta name=\"twitter:data1\" content=\"1 minute\" \/>\n<script type=\"application\/ld+json\" class=\"yoast-schema-graph\">{\"@context\":\"https:\\\/\\\/schema.org\",\"@graph\":[{\"@type\":\"WebPage\",\"@id\":\"https:\\\/\\\/foliobooks.pl\\\/en\\\/shop\\\/niemeyer-basic-architecture-series\\\/\",\"url\":\"https:\\\/\\\/foliobooks.pl\\\/en\\\/shop\\\/niemeyer-basic-architecture-series\\\/\",\"name\":\"Niemeyer. Basic Architecture Series (Philip Jodidio) - book \\\/ album - Folio\",\"isPartOf\":{\"@id\":\"https:\\\/\\\/foliobooks.pl\\\/en\\\/#website\"},\"primaryImageOfPage\":{\"@id\":\"https:\\\/\\\/foliobooks.pl\\\/en\\\/shop\\\/niemeyer-basic-architecture-series\\\/#primaryimage\"},\"image\":{\"@id\":\"https:\\\/\\\/foliobooks.pl\\\/en\\\/shop\\\/niemeyer-basic-architecture-series\\\/#primaryimage\"},\"thumbnailUrl\":\"https:\\\/\\\/foliobooks.pl\\\/wp-content\\\/uploads\\\/2016\\\/08\\\/9783836536226.png\",\"datePublished\":\"2016-08-31T11:26:56+00:00\",\"dateModified\":\"2025-12-18T15:48:17+00:00\",\"description\":\"Wejd\u017a i kup ksi\u0105\u017ck\u0119 Niemeyer. Basic Architecture Series autorstwa Philip Jodidio wydan\u0105 przez TASCHEN (2016-04-15) w formacie 21 x 26 cm (ISBN: 9783836536226). Zapraszamy!\",\"breadcrumb\":{\"@id\":\"https:\\\/\\\/foliobooks.pl\\\/en\\\/shop\\\/niemeyer-basic-architecture-series\\\/#breadcrumb\"},\"inLanguage\":\"en-US\",\"potentialAction\":[{\"@type\":\"ReadAction\",\"target\":[\"https:\\\/\\\/foliobooks.pl\\\/en\\\/shop\\\/niemeyer-basic-architecture-series\\\/\"]}]},{\"@type\":\"ImageObject\",\"inLanguage\":\"en-US\",\"@id\":\"https:\\\/\\\/foliobooks.pl\\\/en\\\/shop\\\/niemeyer-basic-architecture-series\\\/#primaryimage\",\"url\":\"https:\\\/\\\/foliobooks.pl\\\/wp-content\\\/uploads\\\/2016\\\/08\\\/9783836536226.png\",\"contentUrl\":\"https:\\\/\\\/foliobooks.pl\\\/wp-content\\\/uploads\\\/2016\\\/08\\\/9783836536226.png\",\"width\":570,\"height\":708},{\"@type\":\"BreadcrumbList\",\"@id\":\"https:\\\/\\\/foliobooks.pl\\\/en\\\/shop\\\/niemeyer-basic-architecture-series\\\/#breadcrumb\",\"itemListElement\":[{\"@type\":\"ListItem\",\"position\":1,\"name\":\"Strona g\u0142\u00f3wna\",\"item\":\"https:\\\/\\\/foliobooks.pl\\\/en\\\/\"},{\"@type\":\"ListItem\",\"position\":2,\"name\":\"Shop\",\"item\":\"https:\\\/\\\/foliobooks.pl\\\/en\\\/shop\\\/\"},{\"@type\":\"ListItem\",\"position\":3,\"name\":\"Niemeyer. Basic Architecture Series\"}]},{\"@type\":\"WebSite\",\"@id\":\"https:\\\/\\\/foliobooks.pl\\\/en\\\/#website\",\"url\":\"https:\\\/\\\/foliobooks.pl\\\/en\\\/\",\"name\":\"Folio\",\"description\":\"Ksi\u0119garnia internetowa\",\"potentialAction\":[{\"@type\":\"SearchAction\",\"target\":{\"@type\":\"EntryPoint\",\"urlTemplate\":\"https:\\\/\\\/foliobooks.pl\\\/en\\\/?s={search_term_string}\"},\"query-input\":{\"@type\":\"PropertyValueSpecification\",\"valueRequired\":true,\"valueName\":\"search_term_string\"}}],\"inLanguage\":\"en-US\"}]}<\/script>\n<!-- \/ Yoast SEO plugin. -->","yoast_head_json":{"title":"Niemeyer. Basic Architecture Series (Philip Jodidio) - book \/ album - Folio","description":"Wejd\u017a i kup ksi\u0105\u017ck\u0119 Niemeyer. Basic Architecture Series autorstwa Philip Jodidio wydan\u0105 przez TASCHEN (2016-04-15) w formacie 21 x 26 cm (ISBN: 9783836536226). Zapraszamy!","robots":{"index":"index","follow":"follow","max-snippet":"max-snippet:-1","max-image-preview":"max-image-preview:large","max-video-preview":"max-video-preview:-1"},"canonical":"https:\/\/foliobooks.pl\/en\/shop\/niemeyer-basic-architecture-series\/","og_locale":"en_US","og_type":"article","og_title":"Niemeyer. Basic Architecture Series (Philip Jodidio) - book \/ album - Folio","og_description":"Wejd\u017a i kup ksi\u0105\u017ck\u0119 Niemeyer. Basic Architecture Series autorstwa Philip Jodidio wydan\u0105 przez TASCHEN (2016-04-15) w formacie 21 x 26 cm (ISBN: 9783836536226). Zapraszamy!","og_url":"https:\/\/foliobooks.pl\/en\/shop\/niemeyer-basic-architecture-series\/","og_site_name":"Folio","article_modified_time":"2025-12-18T15:48:17+00:00","og_image":[{"width":570,"height":708,"url":"https:\/\/foliobooks.pl\/wp-content\/uploads\/2016\/08\/9783836536226.png","type":"image\/png"}],"twitter_card":"summary_large_image","twitter_misc":{"Est. reading time":"1 minute"},"schema":{"@context":"https:\/\/schema.org","@graph":[{"@type":"WebPage","@id":"https:\/\/foliobooks.pl\/en\/shop\/niemeyer-basic-architecture-series\/","url":"https:\/\/foliobooks.pl\/en\/shop\/niemeyer-basic-architecture-series\/","name":"Niemeyer. Basic Architecture Series (Philip Jodidio) - book \/ album - Folio","isPartOf":{"@id":"https:\/\/foliobooks.pl\/en\/#website"},"primaryImageOfPage":{"@id":"https:\/\/foliobooks.pl\/en\/shop\/niemeyer-basic-architecture-series\/#primaryimage"},"image":{"@id":"https:\/\/foliobooks.pl\/en\/shop\/niemeyer-basic-architecture-series\/#primaryimage"},"thumbnailUrl":"https:\/\/foliobooks.pl\/wp-content\/uploads\/2016\/08\/9783836536226.png","datePublished":"2016-08-31T11:26:56+00:00","dateModified":"2025-12-18T15:48:17+00:00","description":"Wejd\u017a i kup ksi\u0105\u017ck\u0119 Niemeyer. Basic Architecture Series autorstwa Philip Jodidio wydan\u0105 przez TASCHEN (2016-04-15) w formacie 21 x 26 cm (ISBN: 9783836536226). Zapraszamy!","breadcrumb":{"@id":"https:\/\/foliobooks.pl\/en\/shop\/niemeyer-basic-architecture-series\/#breadcrumb"},"inLanguage":"en-US","potentialAction":[{"@type":"ReadAction","target":["https:\/\/foliobooks.pl\/en\/shop\/niemeyer-basic-architecture-series\/"]}]},{"@type":"ImageObject","inLanguage":"en-US","@id":"https:\/\/foliobooks.pl\/en\/shop\/niemeyer-basic-architecture-series\/#primaryimage","url":"https:\/\/foliobooks.pl\/wp-content\/uploads\/2016\/08\/9783836536226.png","contentUrl":"https:\/\/foliobooks.pl\/wp-content\/uploads\/2016\/08\/9783836536226.png","width":570,"height":708},{"@type":"BreadcrumbList","@id":"https:\/\/foliobooks.pl\/en\/shop\/niemeyer-basic-architecture-series\/#breadcrumb","itemListElement":[{"@type":"ListItem","position":1,"name":"Strona g\u0142\u00f3wna","item":"https:\/\/foliobooks.pl\/en\/"},{"@type":"ListItem","position":2,"name":"Shop","item":"https:\/\/foliobooks.pl\/en\/shop\/"},{"@type":"ListItem","position":3,"name":"Niemeyer. Basic Architecture Series"}]},{"@type":"WebSite","@id":"https:\/\/foliobooks.pl\/en\/#website","url":"https:\/\/foliobooks.pl\/en\/","name":"Folio","description":"Ksi\u0119garnia internetowa","potentialAction":[{"@type":"SearchAction","target":{"@type":"EntryPoint","urlTemplate":"https:\/\/foliobooks.pl\/en\/?s={search_term_string}"},"query-input":{"@type":"PropertyValueSpecification","valueRequired":true,"valueName":"search_term_string"}}],"inLanguage":"en-US"}]}},"_links":{"self":[{"href":"https:\/\/foliobooks.pl\/en\/wp-json\/wp\/v2\/product\/16111","targetHints":{"allow":["GET"]}}],"collection":[{"href":"https:\/\/foliobooks.pl\/en\/wp-json\/wp\/v2\/product"}],"about":[{"href":"https:\/\/foliobooks.pl\/en\/wp-json\/wp\/v2\/types\/product"}],"replies":[{"embeddable":true,"href":"https:\/\/foliobooks.pl\/en\/wp-json\/wp\/v2\/comments?post=16111"}],"wp:featuredmedia":[{"embeddable":true,"href":"https:\/\/foliobooks.pl\/en\/wp-json\/wp\/v2\/media\/16100"}],"wp:attachment":[{"href":"https:\/\/foliobooks.pl\/en\/wp-json\/wp\/v2\/media?parent=16111"}],"wp:term":[{"taxonomy":"product_brand","embeddable":true,"href":"https:\/\/foliobooks.pl\/en\/wp-json\/wp\/v2\/product_brand?post=16111"},{"taxonomy":"product_cat","embeddable":true,"href":"https:\/\/foliobooks.pl\/en\/wp-json\/wp\/v2\/product_cat?post=16111"},{"taxonomy":"product_tag","embeddable":true,"href":"https:\/\/foliobooks.pl\/en\/wp-json\/wp\/v2\/product_tag?post=16111"}],"curies":[{"name":"wp","href":"https:\/\/api.w.org\/{rel}","templated":true}]}}