{"id":16097,"date":"2016-08-30T08:51:56","date_gmt":"2016-08-30T06:51:56","guid":{"rendered":"http:\/\/foliobooks.pl\/en\/sklep\/sebastiao-salgado-africa\/"},"modified":"2026-02-03T14:47:52","modified_gmt":"2026-02-03T13:47:52","slug":"sebastiao-salgado-africa","status":"publish","type":"product","link":"https:\/\/foliobooks.pl\/en\/shop\/sebastiao-salgado-africa\/","title":{"rendered":"Sebasti\u00e3o Salgado. Africa"},"content":{"rendered":"<p>Sebasti\u00e3o Salgado is one the most respected photojournalists working today, his reputation forged by decades of dedication and powerful black-and-white images of dispossessed and distressed people taken in places where most wouldn\u2019t dare to go. Although he has photographed throughout South America and around the globe, his work most heavily concentrates on Africa, where he has shot more than 40 reportage works over a period of 30 years. From the Dinka tribes in Sudan and the Himba in Namibia to gorillas and volcanoes in the lakes region to displaced peoples throughout the continent, Salgado shows us all facets of African life today. Whether he\u2019s documenting refugees or vast landscapes, Salgado knows exactly how to grab the essence of a moment so that when one sees his images one is involuntarily drawn into them. His images artfully teach us the disastrous effects of war, poverty, disease, and hostile climatic conditions.<\/p>\n<p>This book brings together Salgado\u2019s photos of Africa in three parts. The first concentrates on the southern part of the continent (Mozambique, Malawi, Angola, Zimbabwe, South Africa, Namibia), the second on the Great Lakes region (Congo, Rwanda, Burundi, Uganda, Tanzania, Kenya), and the third on the Sub-Saharan region (Burkina Faso, Mali, Sudan, Somalia, Chad, Mauritania, Senegal, Ethiopia). Texts are provided by renowned Mozambique novelist Mia Couto, who describes how today\u2019s Africa reflects the effects of colonization as well as the consequences of economic, social, and environmental crises.<\/p>\n<p>This stunning book is not only a sweeping document of Africa but an homage to the continent\u2019s history, people, and natural phenomena.<\/p>\n","protected":false},"excerpt":{"rendered":"<p>Sebasti\u00e3o Salgado is one the most respected photojournalists working today, his reputation forged by decades of dedication and powerful black-and-white images of dispossessed and distressed people taken in places where most wouldn\u2019t dare to go. Although he has photographed throughout South America and around the globe, his work most heavily concentrates on Africa, where he&#8230;<\/p>\n","protected":false},"featured_media":16088,"comment_status":"closed","ping_status":"closed","template":"","meta":[],"product_brand":[],"product_cat":[4517],"product_tag":[1146,1991,6121,516,1066,156],"class_list":{"0":"post-16097","1":"product","2":"type-product","3":"status-publish","4":"has-post-thumbnail","6":"product_cat-photography-en","7":"product_tag-great-masters-en","8":"product_tag-nature","9":"product_tag-photography","10":"product_tag-places-en","11":"product_tag-portraits-en","12":"product_tag-travel","13":"pa_author_att-sebastiao-salgado-en","14":"pa_cover-hardcover","15":"pa_format-36-x-26-cm-en","16":"pa_isbn-9783822856215-en","17":"pa_language-eng-f-ger","18":"pa_pages-336-en","19":"pa_published-2013-09-11-en","20":"pa_publisher-taschen-en-en","22":"first","23":"instock","24":"sold-individually","25":"shipping-taxable","26":"purchasable","27":"product-type-simple"},"yoast_head":"<!-- This site is optimized with the Yoast SEO plugin v27.4 - https:\/\/yoast.com\/product\/yoast-seo-wordpress\/ -->\n<title>Sebasti\u00e3o Salgado. Africa (Sebastiao Salgado) - book \/ album - Folio<\/title>\n<meta name=\"description\" content=\"Wejd\u017a i kup ksi\u0105\u017ck\u0119 Sebasti\u00e3o Salgado. Africa autorstwa Sebastiao Salgado wydan\u0105 przez TASCHEN (2013-09-11) w formacie 36 x 26 cm (ISBN: 9783822856215). Zapraszamy!\" \/>\n<meta name=\"robots\" content=\"index, follow, max-snippet:-1, max-image-preview:large, max-video-preview:-1\" \/>\n<link rel=\"canonical\" href=\"https:\/\/foliobooks.pl\/en\/shop\/sebastiao-salgado-africa\/\" \/>\n<meta property=\"og:locale\" content=\"en_US\" \/>\n<meta property=\"og:type\" content=\"article\" \/>\n<meta property=\"og:title\" content=\"Sebasti\u00e3o Salgado. Africa (Sebastiao Salgado) - book \/ album - Folio\" \/>\n<meta property=\"og:description\" content=\"Wejd\u017a i kup ksi\u0105\u017ck\u0119 Sebasti\u00e3o Salgado. Africa autorstwa Sebastiao Salgado wydan\u0105 przez TASCHEN (2013-09-11) w formacie 36 x 26 cm (ISBN: 9783822856215). Zapraszamy!\" \/>\n<meta property=\"og:url\" content=\"https:\/\/foliobooks.pl\/en\/shop\/sebastiao-salgado-africa\/\" \/>\n<meta property=\"og:site_name\" content=\"Folio\" \/>\n<meta property=\"article:modified_time\" content=\"2026-02-03T13:47:52+00:00\" \/>\n<meta property=\"og:image\" content=\"https:\/\/foliobooks.pl\/wp-content\/uploads\/2016\/08\/9783822856215.png\" \/>\n\t<meta property=\"og:image:width\" content=\"570\" \/>\n\t<meta property=\"og:image:height\" content=\"708\" \/>\n\t<meta property=\"og:image:type\" content=\"image\/png\" \/>\n<meta name=\"twitter:card\" content=\"summary_large_image\" \/>\n<meta name=\"twitter:label1\" content=\"Est. reading time\" \/>\n\t<meta name=\"twitter:data1\" content=\"1 minute\" \/>\n<script type=\"application\/ld+json\" class=\"yoast-schema-graph\">{\"@context\":\"https:\\\/\\\/schema.org\",\"@graph\":[{\"@type\":\"WebPage\",\"@id\":\"https:\\\/\\\/foliobooks.pl\\\/en\\\/shop\\\/sebastiao-salgado-africa\\\/\",\"url\":\"https:\\\/\\\/foliobooks.pl\\\/en\\\/shop\\\/sebastiao-salgado-africa\\\/\",\"name\":\"Sebasti\u00e3o Salgado. Africa (Sebastiao Salgado) - book \\\/ album - Folio\",\"isPartOf\":{\"@id\":\"https:\\\/\\\/foliobooks.pl\\\/en\\\/#website\"},\"primaryImageOfPage\":{\"@id\":\"https:\\\/\\\/foliobooks.pl\\\/en\\\/shop\\\/sebastiao-salgado-africa\\\/#primaryimage\"},\"image\":{\"@id\":\"https:\\\/\\\/foliobooks.pl\\\/en\\\/shop\\\/sebastiao-salgado-africa\\\/#primaryimage\"},\"thumbnailUrl\":\"https:\\\/\\\/foliobooks.pl\\\/wp-content\\\/uploads\\\/2016\\\/08\\\/9783822856215.png\",\"datePublished\":\"2016-08-30T06:51:56+00:00\",\"dateModified\":\"2026-02-03T13:47:52+00:00\",\"description\":\"Wejd\u017a i kup ksi\u0105\u017ck\u0119 Sebasti\u00e3o Salgado. Africa autorstwa Sebastiao Salgado wydan\u0105 przez TASCHEN (2013-09-11) w formacie 36 x 26 cm (ISBN: 9783822856215). Zapraszamy!\",\"breadcrumb\":{\"@id\":\"https:\\\/\\\/foliobooks.pl\\\/en\\\/shop\\\/sebastiao-salgado-africa\\\/#breadcrumb\"},\"inLanguage\":\"en-US\",\"potentialAction\":[{\"@type\":\"ReadAction\",\"target\":[\"https:\\\/\\\/foliobooks.pl\\\/en\\\/shop\\\/sebastiao-salgado-africa\\\/\"]}]},{\"@type\":\"ImageObject\",\"inLanguage\":\"en-US\",\"@id\":\"https:\\\/\\\/foliobooks.pl\\\/en\\\/shop\\\/sebastiao-salgado-africa\\\/#primaryimage\",\"url\":\"https:\\\/\\\/foliobooks.pl\\\/wp-content\\\/uploads\\\/2016\\\/08\\\/9783822856215.png\",\"contentUrl\":\"https:\\\/\\\/foliobooks.pl\\\/wp-content\\\/uploads\\\/2016\\\/08\\\/9783822856215.png\",\"width\":570,\"height\":708},{\"@type\":\"BreadcrumbList\",\"@id\":\"https:\\\/\\\/foliobooks.pl\\\/en\\\/shop\\\/sebastiao-salgado-africa\\\/#breadcrumb\",\"itemListElement\":[{\"@type\":\"ListItem\",\"position\":1,\"name\":\"Strona g\u0142\u00f3wna\",\"item\":\"https:\\\/\\\/foliobooks.pl\\\/en\\\/\"},{\"@type\":\"ListItem\",\"position\":2,\"name\":\"Shop\",\"item\":\"https:\\\/\\\/foliobooks.pl\\\/en\\\/shop\\\/\"},{\"@type\":\"ListItem\",\"position\":3,\"name\":\"Sebasti\u00e3o Salgado. Africa\"}]},{\"@type\":\"WebSite\",\"@id\":\"https:\\\/\\\/foliobooks.pl\\\/en\\\/#website\",\"url\":\"https:\\\/\\\/foliobooks.pl\\\/en\\\/\",\"name\":\"Folio\",\"description\":\"Ksi\u0119garnia internetowa\",\"potentialAction\":[{\"@type\":\"SearchAction\",\"target\":{\"@type\":\"EntryPoint\",\"urlTemplate\":\"https:\\\/\\\/foliobooks.pl\\\/en\\\/?s={search_term_string}\"},\"query-input\":{\"@type\":\"PropertyValueSpecification\",\"valueRequired\":true,\"valueName\":\"search_term_string\"}}],\"inLanguage\":\"en-US\"}]}<\/script>\n<!-- \/ Yoast SEO plugin. -->","yoast_head_json":{"title":"Sebasti\u00e3o Salgado. Africa (Sebastiao Salgado) - book \/ album - Folio","description":"Wejd\u017a i kup ksi\u0105\u017ck\u0119 Sebasti\u00e3o Salgado. Africa autorstwa Sebastiao Salgado wydan\u0105 przez TASCHEN (2013-09-11) w formacie 36 x 26 cm (ISBN: 9783822856215). Zapraszamy!","robots":{"index":"index","follow":"follow","max-snippet":"max-snippet:-1","max-image-preview":"max-image-preview:large","max-video-preview":"max-video-preview:-1"},"canonical":"https:\/\/foliobooks.pl\/en\/shop\/sebastiao-salgado-africa\/","og_locale":"en_US","og_type":"article","og_title":"Sebasti\u00e3o Salgado. Africa (Sebastiao Salgado) - book \/ album - Folio","og_description":"Wejd\u017a i kup ksi\u0105\u017ck\u0119 Sebasti\u00e3o Salgado. Africa autorstwa Sebastiao Salgado wydan\u0105 przez TASCHEN (2013-09-11) w formacie 36 x 26 cm (ISBN: 9783822856215). Zapraszamy!","og_url":"https:\/\/foliobooks.pl\/en\/shop\/sebastiao-salgado-africa\/","og_site_name":"Folio","article_modified_time":"2026-02-03T13:47:52+00:00","og_image":[{"width":570,"height":708,"url":"https:\/\/foliobooks.pl\/wp-content\/uploads\/2016\/08\/9783822856215.png","type":"image\/png"}],"twitter_card":"summary_large_image","twitter_misc":{"Est. reading time":"1 minute"},"schema":{"@context":"https:\/\/schema.org","@graph":[{"@type":"WebPage","@id":"https:\/\/foliobooks.pl\/en\/shop\/sebastiao-salgado-africa\/","url":"https:\/\/foliobooks.pl\/en\/shop\/sebastiao-salgado-africa\/","name":"Sebasti\u00e3o Salgado. Africa (Sebastiao Salgado) - book \/ album - Folio","isPartOf":{"@id":"https:\/\/foliobooks.pl\/en\/#website"},"primaryImageOfPage":{"@id":"https:\/\/foliobooks.pl\/en\/shop\/sebastiao-salgado-africa\/#primaryimage"},"image":{"@id":"https:\/\/foliobooks.pl\/en\/shop\/sebastiao-salgado-africa\/#primaryimage"},"thumbnailUrl":"https:\/\/foliobooks.pl\/wp-content\/uploads\/2016\/08\/9783822856215.png","datePublished":"2016-08-30T06:51:56+00:00","dateModified":"2026-02-03T13:47:52+00:00","description":"Wejd\u017a i kup ksi\u0105\u017ck\u0119 Sebasti\u00e3o Salgado. Africa autorstwa Sebastiao Salgado wydan\u0105 przez TASCHEN (2013-09-11) w formacie 36 x 26 cm (ISBN: 9783822856215). Zapraszamy!","breadcrumb":{"@id":"https:\/\/foliobooks.pl\/en\/shop\/sebastiao-salgado-africa\/#breadcrumb"},"inLanguage":"en-US","potentialAction":[{"@type":"ReadAction","target":["https:\/\/foliobooks.pl\/en\/shop\/sebastiao-salgado-africa\/"]}]},{"@type":"ImageObject","inLanguage":"en-US","@id":"https:\/\/foliobooks.pl\/en\/shop\/sebastiao-salgado-africa\/#primaryimage","url":"https:\/\/foliobooks.pl\/wp-content\/uploads\/2016\/08\/9783822856215.png","contentUrl":"https:\/\/foliobooks.pl\/wp-content\/uploads\/2016\/08\/9783822856215.png","width":570,"height":708},{"@type":"BreadcrumbList","@id":"https:\/\/foliobooks.pl\/en\/shop\/sebastiao-salgado-africa\/#breadcrumb","itemListElement":[{"@type":"ListItem","position":1,"name":"Strona g\u0142\u00f3wna","item":"https:\/\/foliobooks.pl\/en\/"},{"@type":"ListItem","position":2,"name":"Shop","item":"https:\/\/foliobooks.pl\/en\/shop\/"},{"@type":"ListItem","position":3,"name":"Sebasti\u00e3o Salgado. Africa"}]},{"@type":"WebSite","@id":"https:\/\/foliobooks.pl\/en\/#website","url":"https:\/\/foliobooks.pl\/en\/","name":"Folio","description":"Ksi\u0119garnia internetowa","potentialAction":[{"@type":"SearchAction","target":{"@type":"EntryPoint","urlTemplate":"https:\/\/foliobooks.pl\/en\/?s={search_term_string}"},"query-input":{"@type":"PropertyValueSpecification","valueRequired":true,"valueName":"search_term_string"}}],"inLanguage":"en-US"}]}},"_links":{"self":[{"href":"https:\/\/foliobooks.pl\/en\/wp-json\/wp\/v2\/product\/16097","targetHints":{"allow":["GET"]}}],"collection":[{"href":"https:\/\/foliobooks.pl\/en\/wp-json\/wp\/v2\/product"}],"about":[{"href":"https:\/\/foliobooks.pl\/en\/wp-json\/wp\/v2\/types\/product"}],"replies":[{"embeddable":true,"href":"https:\/\/foliobooks.pl\/en\/wp-json\/wp\/v2\/comments?post=16097"}],"wp:featuredmedia":[{"embeddable":true,"href":"https:\/\/foliobooks.pl\/en\/wp-json\/wp\/v2\/media\/16088"}],"wp:attachment":[{"href":"https:\/\/foliobooks.pl\/en\/wp-json\/wp\/v2\/media?parent=16097"}],"wp:term":[{"taxonomy":"product_brand","embeddable":true,"href":"https:\/\/foliobooks.pl\/en\/wp-json\/wp\/v2\/product_brand?post=16097"},{"taxonomy":"product_cat","embeddable":true,"href":"https:\/\/foliobooks.pl\/en\/wp-json\/wp\/v2\/product_cat?post=16097"},{"taxonomy":"product_tag","embeddable":true,"href":"https:\/\/foliobooks.pl\/en\/wp-json\/wp\/v2\/product_tag?post=16097"}],"curies":[{"name":"wp","href":"https:\/\/api.w.org\/{rel}","templated":true}]}}