{"id":16037,"date":"2016-08-26T10:21:36","date_gmt":"2016-08-26T08:21:36","guid":{"rendered":"http:\/\/foliobooks.pl\/en\/sklep\/hieronymus-bosch-complete-works-3\/"},"modified":"2024-08-06T14:09:38","modified_gmt":"2024-08-06T12:09:38","slug":"hieronymus-bosch-complete-works-3","status":"publish","type":"product","link":"https:\/\/foliobooks.pl\/en\/shop\/hieronymus-bosch-complete-works-3\/","title":{"rendered":"Hieronymus Bosch. Complete Works"},"content":{"rendered":"<p>In the midst of the realist-leaning artistic climate of the Late Gothic and Early Renaissance, Netherlandish painter Hieronymus Bosch (c. 1450\u20131516) was more than an anomaly. Bosch\u2019s paintings are populated with grotesque scenes of fantastical creatures succumbing to all manner of human desire, fantasy, and angst. One of his greatest inventions was to take the figural and scenic representations known as drolleries, which use the monstrous and the grotesque to illustrate sin and evil, and to transfer them from the marginalia of illuminated manuscripts into large-format panel paintings. Alongside traditional hybrids of man and beast, such as centaurs, and mythological creatures such as unicorns, devils, dragons, and griffins, we also encounter countless mixed creatures freely invented by the artist. Many subsidiary scenes illustrate proverbs and figures of speech in common use in Bosch\u2019s day. In his Temptation of St Anthony triptych, for example, the artist shows a messenger devil wearing ice skates, evoking the popular expression that the world was \u201cskating on ice\u201d\u2014meaning it had gone astray. In his pictorial translation of proverbs, in particular, Bosch was very much an innovator.<\/p>\n<p>Bosch\u2014whose real name was Jheronimus van Aken\u2014was widely copied and imitated: the number of surviving works by Bosch\u2019s followers exceeds the master\u2019s own production by more than tenfold. Today only 20 paintings and eight drawings are confidently assigned to Bosch\u2019s oeuvre. He continues to be seen as a visionary, a portrayer of dreams and nightmares, and the painter par excellence of hell and its demons.<\/p>\n<p>Featuring brand new photography of recently restored paintings, this exhaustive book, published in view of the upcoming 500th anniversary of Bosch\u2019s death, covers the artist\u2019s complete works. Discover Bosch\u2019s pictorial inventions in splendid reproductions with copious details and a huge fold-out spread, over 110 cm (43 in.) long, of The Garden of Earthly Delights. Art historian and acknowledged Bosch expert Stefan Fischer examines just what it was about Bosch and his painting that proved so immensely influential.<\/p>\n","protected":false},"excerpt":{"rendered":"<p>In the midst of the realist-leaning artistic climate of the Late Gothic and Early Renaissance, Netherlandish painter Hieronymus Bosch (c. 1450\u20131516) was more than an anomaly. Bosch\u2019s paintings are populated with grotesque scenes of fantastical creatures succumbing to all manner of human desire, fantasy, and angst. One of his greatest inventions was to take the&#8230;<\/p>\n","protected":false},"featured_media":16034,"comment_status":"closed","ping_status":"closed","template":"","meta":[],"product_brand":[],"product_cat":[4522],"product_tag":[1146,154,524],"class_list":{"0":"post-16037","1":"product","2":"type-product","3":"status-publish","4":"has-post-thumbnail","6":"product_cat-art-en","7":"product_tag-great-masters-en","8":"product_tag-monographs","9":"product_tag-painting-en","10":"pa_author_att-stefan-fischer-en","11":"pa_cover-hardcover","12":"pa_format-29-x-395-cm-en","13":"pa_isbn-9783836526296-en","14":"pa_language-eng","15":"pa_pages-300-en","16":"pa_published-2016-07-15-en","17":"pa_publisher-taschen-en-en","19":"first","20":"outofstock","21":"sold-individually","22":"shipping-taxable","23":"purchasable","24":"product-type-simple"},"yoast_head":"<!-- This site is optimized with the Yoast SEO plugin v27.4 - https:\/\/yoast.com\/product\/yoast-seo-wordpress\/ -->\n<title>Hieronymus Bosch. Complete Works (Stefan Fischer) - book \/ album - Folio<\/title>\n<meta name=\"description\" content=\"Wejd\u017a i kup ksi\u0105\u017ck\u0119 Hieronymus Bosch. Complete Works autorstwa Stefan Fischer wydan\u0105 przez TASCHEN (2016-07-15) w formacie 29 x 39,5 cm (ISBN: 9783836526296). Zapraszamy!\" \/>\n<meta name=\"robots\" content=\"index, follow, max-snippet:-1, max-image-preview:large, max-video-preview:-1\" \/>\n<link rel=\"canonical\" href=\"https:\/\/foliobooks.pl\/en\/shop\/hieronymus-bosch-complete-works-3\/\" \/>\n<meta property=\"og:locale\" content=\"en_US\" \/>\n<meta property=\"og:type\" content=\"article\" \/>\n<meta property=\"og:title\" content=\"Hieronymus Bosch. Complete Works (Stefan Fischer) - book \/ album - Folio\" \/>\n<meta property=\"og:description\" content=\"Wejd\u017a i kup ksi\u0105\u017ck\u0119 Hieronymus Bosch. Complete Works autorstwa Stefan Fischer wydan\u0105 przez TASCHEN (2016-07-15) w formacie 29 x 39,5 cm (ISBN: 9783836526296). Zapraszamy!\" \/>\n<meta property=\"og:url\" content=\"https:\/\/foliobooks.pl\/en\/shop\/hieronymus-bosch-complete-works-3\/\" \/>\n<meta property=\"og:site_name\" content=\"Folio\" \/>\n<meta property=\"article:modified_time\" content=\"2024-08-06T12:09:38+00:00\" \/>\n<meta property=\"og:image\" content=\"https:\/\/foliobooks.pl\/wp-content\/uploads\/2016\/08\/9783836526296.png\" \/>\n\t<meta property=\"og:image:width\" content=\"570\" \/>\n\t<meta property=\"og:image:height\" content=\"708\" \/>\n\t<meta property=\"og:image:type\" content=\"image\/png\" \/>\n<meta name=\"twitter:card\" content=\"summary_large_image\" \/>\n<meta name=\"twitter:label1\" content=\"Est. reading time\" \/>\n\t<meta name=\"twitter:data1\" content=\"2 minutes\" \/>\n<script type=\"application\/ld+json\" class=\"yoast-schema-graph\">{\"@context\":\"https:\\\/\\\/schema.org\",\"@graph\":[{\"@type\":\"WebPage\",\"@id\":\"https:\\\/\\\/foliobooks.pl\\\/en\\\/shop\\\/hieronymus-bosch-complete-works-3\\\/\",\"url\":\"https:\\\/\\\/foliobooks.pl\\\/en\\\/shop\\\/hieronymus-bosch-complete-works-3\\\/\",\"name\":\"Hieronymus Bosch. Complete Works (Stefan Fischer) - book \\\/ album - Folio\",\"isPartOf\":{\"@id\":\"https:\\\/\\\/foliobooks.pl\\\/en\\\/#website\"},\"primaryImageOfPage\":{\"@id\":\"https:\\\/\\\/foliobooks.pl\\\/en\\\/shop\\\/hieronymus-bosch-complete-works-3\\\/#primaryimage\"},\"image\":{\"@id\":\"https:\\\/\\\/foliobooks.pl\\\/en\\\/shop\\\/hieronymus-bosch-complete-works-3\\\/#primaryimage\"},\"thumbnailUrl\":\"https:\\\/\\\/foliobooks.pl\\\/wp-content\\\/uploads\\\/2016\\\/08\\\/9783836526296.png\",\"datePublished\":\"2016-08-26T08:21:36+00:00\",\"dateModified\":\"2024-08-06T12:09:38+00:00\",\"description\":\"Wejd\u017a i kup ksi\u0105\u017ck\u0119 Hieronymus Bosch. Complete Works autorstwa Stefan Fischer wydan\u0105 przez TASCHEN (2016-07-15) w formacie 29 x 39,5 cm (ISBN: 9783836526296). Zapraszamy!\",\"breadcrumb\":{\"@id\":\"https:\\\/\\\/foliobooks.pl\\\/en\\\/shop\\\/hieronymus-bosch-complete-works-3\\\/#breadcrumb\"},\"inLanguage\":\"en-US\",\"potentialAction\":[{\"@type\":\"ReadAction\",\"target\":[\"https:\\\/\\\/foliobooks.pl\\\/en\\\/shop\\\/hieronymus-bosch-complete-works-3\\\/\"]}]},{\"@type\":\"ImageObject\",\"inLanguage\":\"en-US\",\"@id\":\"https:\\\/\\\/foliobooks.pl\\\/en\\\/shop\\\/hieronymus-bosch-complete-works-3\\\/#primaryimage\",\"url\":\"https:\\\/\\\/foliobooks.pl\\\/wp-content\\\/uploads\\\/2016\\\/08\\\/9783836526296.png\",\"contentUrl\":\"https:\\\/\\\/foliobooks.pl\\\/wp-content\\\/uploads\\\/2016\\\/08\\\/9783836526296.png\",\"width\":570,\"height\":708},{\"@type\":\"BreadcrumbList\",\"@id\":\"https:\\\/\\\/foliobooks.pl\\\/en\\\/shop\\\/hieronymus-bosch-complete-works-3\\\/#breadcrumb\",\"itemListElement\":[{\"@type\":\"ListItem\",\"position\":1,\"name\":\"Strona g\u0142\u00f3wna\",\"item\":\"https:\\\/\\\/foliobooks.pl\\\/en\\\/\"},{\"@type\":\"ListItem\",\"position\":2,\"name\":\"Shop\",\"item\":\"https:\\\/\\\/foliobooks.pl\\\/en\\\/shop\\\/\"},{\"@type\":\"ListItem\",\"position\":3,\"name\":\"Hieronymus Bosch. Complete Works\"}]},{\"@type\":\"WebSite\",\"@id\":\"https:\\\/\\\/foliobooks.pl\\\/en\\\/#website\",\"url\":\"https:\\\/\\\/foliobooks.pl\\\/en\\\/\",\"name\":\"Folio\",\"description\":\"Ksi\u0119garnia internetowa\",\"potentialAction\":[{\"@type\":\"SearchAction\",\"target\":{\"@type\":\"EntryPoint\",\"urlTemplate\":\"https:\\\/\\\/foliobooks.pl\\\/en\\\/?s={search_term_string}\"},\"query-input\":{\"@type\":\"PropertyValueSpecification\",\"valueRequired\":true,\"valueName\":\"search_term_string\"}}],\"inLanguage\":\"en-US\"}]}<\/script>\n<!-- \/ Yoast SEO plugin. -->","yoast_head_json":{"title":"Hieronymus Bosch. Complete Works (Stefan Fischer) - book \/ album - Folio","description":"Wejd\u017a i kup ksi\u0105\u017ck\u0119 Hieronymus Bosch. Complete Works autorstwa Stefan Fischer wydan\u0105 przez TASCHEN (2016-07-15) w formacie 29 x 39,5 cm (ISBN: 9783836526296). Zapraszamy!","robots":{"index":"index","follow":"follow","max-snippet":"max-snippet:-1","max-image-preview":"max-image-preview:large","max-video-preview":"max-video-preview:-1"},"canonical":"https:\/\/foliobooks.pl\/en\/shop\/hieronymus-bosch-complete-works-3\/","og_locale":"en_US","og_type":"article","og_title":"Hieronymus Bosch. Complete Works (Stefan Fischer) - book \/ album - Folio","og_description":"Wejd\u017a i kup ksi\u0105\u017ck\u0119 Hieronymus Bosch. Complete Works autorstwa Stefan Fischer wydan\u0105 przez TASCHEN (2016-07-15) w formacie 29 x 39,5 cm (ISBN: 9783836526296). Zapraszamy!","og_url":"https:\/\/foliobooks.pl\/en\/shop\/hieronymus-bosch-complete-works-3\/","og_site_name":"Folio","article_modified_time":"2024-08-06T12:09:38+00:00","og_image":[{"width":570,"height":708,"url":"https:\/\/foliobooks.pl\/wp-content\/uploads\/2016\/08\/9783836526296.png","type":"image\/png"}],"twitter_card":"summary_large_image","twitter_misc":{"Est. reading time":"2 minutes"},"schema":{"@context":"https:\/\/schema.org","@graph":[{"@type":"WebPage","@id":"https:\/\/foliobooks.pl\/en\/shop\/hieronymus-bosch-complete-works-3\/","url":"https:\/\/foliobooks.pl\/en\/shop\/hieronymus-bosch-complete-works-3\/","name":"Hieronymus Bosch. Complete Works (Stefan Fischer) - book \/ album - Folio","isPartOf":{"@id":"https:\/\/foliobooks.pl\/en\/#website"},"primaryImageOfPage":{"@id":"https:\/\/foliobooks.pl\/en\/shop\/hieronymus-bosch-complete-works-3\/#primaryimage"},"image":{"@id":"https:\/\/foliobooks.pl\/en\/shop\/hieronymus-bosch-complete-works-3\/#primaryimage"},"thumbnailUrl":"https:\/\/foliobooks.pl\/wp-content\/uploads\/2016\/08\/9783836526296.png","datePublished":"2016-08-26T08:21:36+00:00","dateModified":"2024-08-06T12:09:38+00:00","description":"Wejd\u017a i kup ksi\u0105\u017ck\u0119 Hieronymus Bosch. Complete Works autorstwa Stefan Fischer wydan\u0105 przez TASCHEN (2016-07-15) w formacie 29 x 39,5 cm (ISBN: 9783836526296). Zapraszamy!","breadcrumb":{"@id":"https:\/\/foliobooks.pl\/en\/shop\/hieronymus-bosch-complete-works-3\/#breadcrumb"},"inLanguage":"en-US","potentialAction":[{"@type":"ReadAction","target":["https:\/\/foliobooks.pl\/en\/shop\/hieronymus-bosch-complete-works-3\/"]}]},{"@type":"ImageObject","inLanguage":"en-US","@id":"https:\/\/foliobooks.pl\/en\/shop\/hieronymus-bosch-complete-works-3\/#primaryimage","url":"https:\/\/foliobooks.pl\/wp-content\/uploads\/2016\/08\/9783836526296.png","contentUrl":"https:\/\/foliobooks.pl\/wp-content\/uploads\/2016\/08\/9783836526296.png","width":570,"height":708},{"@type":"BreadcrumbList","@id":"https:\/\/foliobooks.pl\/en\/shop\/hieronymus-bosch-complete-works-3\/#breadcrumb","itemListElement":[{"@type":"ListItem","position":1,"name":"Strona g\u0142\u00f3wna","item":"https:\/\/foliobooks.pl\/en\/"},{"@type":"ListItem","position":2,"name":"Shop","item":"https:\/\/foliobooks.pl\/en\/shop\/"},{"@type":"ListItem","position":3,"name":"Hieronymus Bosch. Complete Works"}]},{"@type":"WebSite","@id":"https:\/\/foliobooks.pl\/en\/#website","url":"https:\/\/foliobooks.pl\/en\/","name":"Folio","description":"Ksi\u0119garnia internetowa","potentialAction":[{"@type":"SearchAction","target":{"@type":"EntryPoint","urlTemplate":"https:\/\/foliobooks.pl\/en\/?s={search_term_string}"},"query-input":{"@type":"PropertyValueSpecification","valueRequired":true,"valueName":"search_term_string"}}],"inLanguage":"en-US"}]}},"_links":{"self":[{"href":"https:\/\/foliobooks.pl\/en\/wp-json\/wp\/v2\/product\/16037","targetHints":{"allow":["GET"]}}],"collection":[{"href":"https:\/\/foliobooks.pl\/en\/wp-json\/wp\/v2\/product"}],"about":[{"href":"https:\/\/foliobooks.pl\/en\/wp-json\/wp\/v2\/types\/product"}],"replies":[{"embeddable":true,"href":"https:\/\/foliobooks.pl\/en\/wp-json\/wp\/v2\/comments?post=16037"}],"wp:featuredmedia":[{"embeddable":true,"href":"https:\/\/foliobooks.pl\/en\/wp-json\/wp\/v2\/media\/16034"}],"wp:attachment":[{"href":"https:\/\/foliobooks.pl\/en\/wp-json\/wp\/v2\/media?parent=16037"}],"wp:term":[{"taxonomy":"product_brand","embeddable":true,"href":"https:\/\/foliobooks.pl\/en\/wp-json\/wp\/v2\/product_brand?post=16037"},{"taxonomy":"product_cat","embeddable":true,"href":"https:\/\/foliobooks.pl\/en\/wp-json\/wp\/v2\/product_cat?post=16037"},{"taxonomy":"product_tag","embeddable":true,"href":"https:\/\/foliobooks.pl\/en\/wp-json\/wp\/v2\/product_tag?post=16037"}],"curies":[{"name":"wp","href":"https:\/\/api.w.org\/{rel}","templated":true}]}}