{"id":16007,"date":"2016-08-26T09:46:47","date_gmt":"2016-08-26T07:46:47","guid":{"rendered":"http:\/\/foliobooks.pl\/en\/sklep\/lautner-basic-architecture-series\/"},"modified":"2025-01-29T16:57:12","modified_gmt":"2025-01-29T15:57:12","slug":"lautner-basic-architecture-series","status":"publish","type":"product","link":"https:\/\/foliobooks.pl\/en\/shop\/lautner-basic-architecture-series\/","title":{"rendered":"Lautner. Basic Architecture Series"},"content":{"rendered":"<p>Michigan-born architect John Lautner (1911\u20131994) was behind some of the most striking and innovative architectural designs in mid-20th-century America. With designs for homes and commercial buildings primarily in Southern California, Lautner\u2019s innovative work captured the pioneering optimism of 1950s America, a time of space-age technology, economic growth, and affluence. Today, several of Lautner\u2019s houses are labeled Los Angeles Historic-Cultural Monuments.<\/p>\n<p>Lautner\u2019s projects focused on the relationship between humans, space, and nature. He was always particularly sensitive to the surrounding environment and would often integrate water and natural landscapes into his designs. His houses are characterized by sweeping rooflines, glass-paneled walls, and steel beams, in a heady combination of fantasy and minimalism. Eschewing architectural orthodoxies, Lautner emphasized geometric shapes such as circles and triangles, incorporating myriad technological innovations.<\/p>\n<p>Ingenious uses of modern building materials such as concrete allowed him to blend his structures into unique locations in the Californian landscape, perching his sci-fi structures on hillsides, beaches, and deserts. Residences in the Los Angeles area, including the \u201cChemosphere\u201d and the \u201cSilvertop,\u201d boast panoramic views and still exude an almost otherworldly magnetism.<\/p>\n<p>In this new Basic Art guide, we take you into the heart of Lautner\u2019s idiosyncratic practice, discover his manifold influences and ideas, and survey the resulting gems of modern architecture.<\/p>\n","protected":false},"excerpt":{"rendered":"<p>Michigan-born architect John Lautner (1911\u20131994) was behind some of the most striking and innovative architectural designs in mid-20th-century America. With designs for homes and commercial buildings primarily in Southern California, Lautner\u2019s innovative work captured the pioneering optimism of 1950s America, a time of space-age technology, economic growth, and affluence. Today, several of Lautner\u2019s houses are&#8230;<\/p>\n","protected":false},"featured_media":15998,"comment_status":"closed","ping_status":"closed","template":"","meta":[],"product_brand":[],"product_cat":[4516],"product_tag":[1126,4524,1122],"class_list":{"0":"post-16007","1":"product","2":"type-product","3":"status-publish","4":"has-post-thumbnail","6":"product_cat-architecture-en","7":"product_tag-architects-en","8":"product_tag-design-en-en","9":"product_tag-houses-en","10":"pa_author_att-barbara-ann-campbell-lange-en","11":"pa_author_att-peter-gossel-en","12":"pa_cover-hardcover","13":"pa_format-21-x-26-cm-en","14":"pa_isbn-9783836544115-en","15":"pa_language-eng","16":"pa_pages-96-en","17":"pa_published-2016-07-25-en","18":"pa_publisher-taschen-en-en","20":"first","21":"instock","22":"sold-individually","23":"shipping-taxable","24":"purchasable","25":"product-type-simple"},"yoast_head":"<!-- This site is optimized with the Yoast SEO plugin v27.6 - https:\/\/yoast.com\/product\/yoast-seo-wordpress\/ -->\n<title>Lautner. Basic Architecture Series (Barbara-Ann Campbell-Lange, Peter G\u00f6ssel) - book \/ album - Folio<\/title>\n<meta name=\"description\" content=\"Wejd\u017a i kup ksi\u0105\u017ck\u0119 Lautner. Basic Architecture Series autorstwa Barbara-Ann Campbell-Lange, Peter G\u00f6ssel wydan\u0105 przez TASCHEN (2016-07-25) w formacie 21 x 26 cm (ISBN: 9783836544115). Zapraszamy!\" \/>\n<meta name=\"robots\" content=\"index, follow, max-snippet:-1, max-image-preview:large, max-video-preview:-1\" \/>\n<link rel=\"canonical\" href=\"https:\/\/foliobooks.pl\/en\/shop\/lautner-basic-architecture-series\/\" \/>\n<meta property=\"og:locale\" content=\"en_US\" \/>\n<meta property=\"og:type\" content=\"article\" \/>\n<meta property=\"og:title\" content=\"Lautner. Basic Architecture Series (Barbara-Ann Campbell-Lange, Peter G\u00f6ssel) - book \/ album - Folio\" \/>\n<meta property=\"og:description\" content=\"Wejd\u017a i kup ksi\u0105\u017ck\u0119 Lautner. Basic Architecture Series autorstwa Barbara-Ann Campbell-Lange, Peter G\u00f6ssel wydan\u0105 przez TASCHEN (2016-07-25) w formacie 21 x 26 cm (ISBN: 9783836544115). Zapraszamy!\" \/>\n<meta property=\"og:url\" content=\"https:\/\/foliobooks.pl\/en\/shop\/lautner-basic-architecture-series\/\" \/>\n<meta property=\"og:site_name\" content=\"Folio\" \/>\n<meta property=\"article:modified_time\" content=\"2025-01-29T15:57:12+00:00\" \/>\n<meta property=\"og:image\" content=\"https:\/\/foliobooks.pl\/wp-content\/uploads\/2016\/08\/9783836544115.png\" \/>\n\t<meta property=\"og:image:width\" content=\"570\" \/>\n\t<meta property=\"og:image:height\" content=\"708\" \/>\n\t<meta property=\"og:image:type\" content=\"image\/png\" \/>\n<meta name=\"twitter:card\" content=\"summary_large_image\" \/>\n<meta name=\"twitter:label1\" content=\"Est. reading time\" \/>\n\t<meta name=\"twitter:data1\" content=\"1 minute\" \/>\n<script type=\"application\/ld+json\" class=\"yoast-schema-graph\">{\"@context\":\"https:\\\/\\\/schema.org\",\"@graph\":[{\"@type\":\"WebPage\",\"@id\":\"https:\\\/\\\/foliobooks.pl\\\/en\\\/shop\\\/lautner-basic-architecture-series\\\/\",\"url\":\"https:\\\/\\\/foliobooks.pl\\\/en\\\/shop\\\/lautner-basic-architecture-series\\\/\",\"name\":\"Lautner. Basic Architecture Series (Barbara-Ann Campbell-Lange, Peter G\u00f6ssel) - book \\\/ album - Folio\",\"isPartOf\":{\"@id\":\"https:\\\/\\\/foliobooks.pl\\\/en\\\/#website\"},\"primaryImageOfPage\":{\"@id\":\"https:\\\/\\\/foliobooks.pl\\\/en\\\/shop\\\/lautner-basic-architecture-series\\\/#primaryimage\"},\"image\":{\"@id\":\"https:\\\/\\\/foliobooks.pl\\\/en\\\/shop\\\/lautner-basic-architecture-series\\\/#primaryimage\"},\"thumbnailUrl\":\"https:\\\/\\\/foliobooks.pl\\\/wp-content\\\/uploads\\\/2016\\\/08\\\/9783836544115.png\",\"datePublished\":\"2016-08-26T07:46:47+00:00\",\"dateModified\":\"2025-01-29T15:57:12+00:00\",\"description\":\"Wejd\u017a i kup ksi\u0105\u017ck\u0119 Lautner. Basic Architecture Series autorstwa Barbara-Ann Campbell-Lange, Peter G\u00f6ssel wydan\u0105 przez TASCHEN (2016-07-25) w formacie 21 x 26 cm (ISBN: 9783836544115). Zapraszamy!\",\"breadcrumb\":{\"@id\":\"https:\\\/\\\/foliobooks.pl\\\/en\\\/shop\\\/lautner-basic-architecture-series\\\/#breadcrumb\"},\"inLanguage\":\"en-US\",\"potentialAction\":[{\"@type\":\"ReadAction\",\"target\":[\"https:\\\/\\\/foliobooks.pl\\\/en\\\/shop\\\/lautner-basic-architecture-series\\\/\"]}]},{\"@type\":\"ImageObject\",\"inLanguage\":\"en-US\",\"@id\":\"https:\\\/\\\/foliobooks.pl\\\/en\\\/shop\\\/lautner-basic-architecture-series\\\/#primaryimage\",\"url\":\"https:\\\/\\\/foliobooks.pl\\\/wp-content\\\/uploads\\\/2016\\\/08\\\/9783836544115.png\",\"contentUrl\":\"https:\\\/\\\/foliobooks.pl\\\/wp-content\\\/uploads\\\/2016\\\/08\\\/9783836544115.png\",\"width\":570,\"height\":708},{\"@type\":\"BreadcrumbList\",\"@id\":\"https:\\\/\\\/foliobooks.pl\\\/en\\\/shop\\\/lautner-basic-architecture-series\\\/#breadcrumb\",\"itemListElement\":[{\"@type\":\"ListItem\",\"position\":1,\"name\":\"Strona g\u0142\u00f3wna\",\"item\":\"https:\\\/\\\/foliobooks.pl\\\/en\\\/\"},{\"@type\":\"ListItem\",\"position\":2,\"name\":\"Shop\",\"item\":\"https:\\\/\\\/foliobooks.pl\\\/en\\\/shop\\\/\"},{\"@type\":\"ListItem\",\"position\":3,\"name\":\"Lautner. Basic Architecture Series\"}]},{\"@type\":\"WebSite\",\"@id\":\"https:\\\/\\\/foliobooks.pl\\\/en\\\/#website\",\"url\":\"https:\\\/\\\/foliobooks.pl\\\/en\\\/\",\"name\":\"Folio\",\"description\":\"Ksi\u0119garnia internetowa\",\"potentialAction\":[{\"@type\":\"SearchAction\",\"target\":{\"@type\":\"EntryPoint\",\"urlTemplate\":\"https:\\\/\\\/foliobooks.pl\\\/en\\\/?s={search_term_string}\"},\"query-input\":{\"@type\":\"PropertyValueSpecification\",\"valueRequired\":true,\"valueName\":\"search_term_string\"}}],\"inLanguage\":\"en-US\"}]}<\/script>\n<!-- \/ Yoast SEO plugin. -->","yoast_head_json":{"title":"Lautner. Basic Architecture Series (Barbara-Ann Campbell-Lange, Peter G\u00f6ssel) - book \/ album - Folio","description":"Wejd\u017a i kup ksi\u0105\u017ck\u0119 Lautner. Basic Architecture Series autorstwa Barbara-Ann Campbell-Lange, Peter G\u00f6ssel wydan\u0105 przez TASCHEN (2016-07-25) w formacie 21 x 26 cm (ISBN: 9783836544115). Zapraszamy!","robots":{"index":"index","follow":"follow","max-snippet":"max-snippet:-1","max-image-preview":"max-image-preview:large","max-video-preview":"max-video-preview:-1"},"canonical":"https:\/\/foliobooks.pl\/en\/shop\/lautner-basic-architecture-series\/","og_locale":"en_US","og_type":"article","og_title":"Lautner. Basic Architecture Series (Barbara-Ann Campbell-Lange, Peter G\u00f6ssel) - book \/ album - Folio","og_description":"Wejd\u017a i kup ksi\u0105\u017ck\u0119 Lautner. Basic Architecture Series autorstwa Barbara-Ann Campbell-Lange, Peter G\u00f6ssel wydan\u0105 przez TASCHEN (2016-07-25) w formacie 21 x 26 cm (ISBN: 9783836544115). Zapraszamy!","og_url":"https:\/\/foliobooks.pl\/en\/shop\/lautner-basic-architecture-series\/","og_site_name":"Folio","article_modified_time":"2025-01-29T15:57:12+00:00","og_image":[{"width":570,"height":708,"url":"https:\/\/foliobooks.pl\/wp-content\/uploads\/2016\/08\/9783836544115.png","type":"image\/png"}],"twitter_card":"summary_large_image","twitter_misc":{"Est. reading time":"1 minute"},"schema":{"@context":"https:\/\/schema.org","@graph":[{"@type":"WebPage","@id":"https:\/\/foliobooks.pl\/en\/shop\/lautner-basic-architecture-series\/","url":"https:\/\/foliobooks.pl\/en\/shop\/lautner-basic-architecture-series\/","name":"Lautner. Basic Architecture Series (Barbara-Ann Campbell-Lange, Peter G\u00f6ssel) - book \/ album - Folio","isPartOf":{"@id":"https:\/\/foliobooks.pl\/en\/#website"},"primaryImageOfPage":{"@id":"https:\/\/foliobooks.pl\/en\/shop\/lautner-basic-architecture-series\/#primaryimage"},"image":{"@id":"https:\/\/foliobooks.pl\/en\/shop\/lautner-basic-architecture-series\/#primaryimage"},"thumbnailUrl":"https:\/\/foliobooks.pl\/wp-content\/uploads\/2016\/08\/9783836544115.png","datePublished":"2016-08-26T07:46:47+00:00","dateModified":"2025-01-29T15:57:12+00:00","description":"Wejd\u017a i kup ksi\u0105\u017ck\u0119 Lautner. Basic Architecture Series autorstwa Barbara-Ann Campbell-Lange, Peter G\u00f6ssel wydan\u0105 przez TASCHEN (2016-07-25) w formacie 21 x 26 cm (ISBN: 9783836544115). Zapraszamy!","breadcrumb":{"@id":"https:\/\/foliobooks.pl\/en\/shop\/lautner-basic-architecture-series\/#breadcrumb"},"inLanguage":"en-US","potentialAction":[{"@type":"ReadAction","target":["https:\/\/foliobooks.pl\/en\/shop\/lautner-basic-architecture-series\/"]}]},{"@type":"ImageObject","inLanguage":"en-US","@id":"https:\/\/foliobooks.pl\/en\/shop\/lautner-basic-architecture-series\/#primaryimage","url":"https:\/\/foliobooks.pl\/wp-content\/uploads\/2016\/08\/9783836544115.png","contentUrl":"https:\/\/foliobooks.pl\/wp-content\/uploads\/2016\/08\/9783836544115.png","width":570,"height":708},{"@type":"BreadcrumbList","@id":"https:\/\/foliobooks.pl\/en\/shop\/lautner-basic-architecture-series\/#breadcrumb","itemListElement":[{"@type":"ListItem","position":1,"name":"Strona g\u0142\u00f3wna","item":"https:\/\/foliobooks.pl\/en\/"},{"@type":"ListItem","position":2,"name":"Shop","item":"https:\/\/foliobooks.pl\/en\/shop\/"},{"@type":"ListItem","position":3,"name":"Lautner. Basic Architecture Series"}]},{"@type":"WebSite","@id":"https:\/\/foliobooks.pl\/en\/#website","url":"https:\/\/foliobooks.pl\/en\/","name":"Folio","description":"Ksi\u0119garnia internetowa","potentialAction":[{"@type":"SearchAction","target":{"@type":"EntryPoint","urlTemplate":"https:\/\/foliobooks.pl\/en\/?s={search_term_string}"},"query-input":{"@type":"PropertyValueSpecification","valueRequired":true,"valueName":"search_term_string"}}],"inLanguage":"en-US"}]}},"_links":{"self":[{"href":"https:\/\/foliobooks.pl\/en\/wp-json\/wp\/v2\/product\/16007","targetHints":{"allow":["GET"]}}],"collection":[{"href":"https:\/\/foliobooks.pl\/en\/wp-json\/wp\/v2\/product"}],"about":[{"href":"https:\/\/foliobooks.pl\/en\/wp-json\/wp\/v2\/types\/product"}],"replies":[{"embeddable":true,"href":"https:\/\/foliobooks.pl\/en\/wp-json\/wp\/v2\/comments?post=16007"}],"wp:featuredmedia":[{"embeddable":true,"href":"https:\/\/foliobooks.pl\/en\/wp-json\/wp\/v2\/media\/15998"}],"wp:attachment":[{"href":"https:\/\/foliobooks.pl\/en\/wp-json\/wp\/v2\/media?parent=16007"}],"wp:term":[{"taxonomy":"product_brand","embeddable":true,"href":"https:\/\/foliobooks.pl\/en\/wp-json\/wp\/v2\/product_brand?post=16007"},{"taxonomy":"product_cat","embeddable":true,"href":"https:\/\/foliobooks.pl\/en\/wp-json\/wp\/v2\/product_cat?post=16007"},{"taxonomy":"product_tag","embeddable":true,"href":"https:\/\/foliobooks.pl\/en\/wp-json\/wp\/v2\/product_tag?post=16007"}],"curies":[{"name":"wp","href":"https:\/\/api.w.org\/{rel}","templated":true}]}}