{"id":15821,"date":"2016-08-22T10:10:07","date_gmt":"2016-08-22T08:10:07","guid":{"rendered":"http:\/\/foliobooks.pl\/en\/sklep\/madame-eiffel\/"},"modified":"2020-06-17T10:19:25","modified_gmt":"2020-06-17T08:19:25","slug":"madame-eiffel","status":"publish","type":"product","link":"https:\/\/foliobooks.pl\/en\/shop\/madame-eiffel\/","title":{"rendered":"Madame Eiffel"},"content":{"rendered":"<p>Everyone knows the Eiffel Tower, yet no one knows the love story that led to its construction. Author Alice Bri\u00e8re-Haquet and illustrator Csil have pooled their creative talents to tell this touching story about overcoming hardship with clever invention fueled by love.<\/p>\n<p>New York Times Best Illustrated Children&#8217;s Book Award for Madame Eiffel<\/p>\n<p>Madame Eiffel has been named a New York Times Best Illustrated Children\u2019s Book for 2015. We are thrilled that this Little Gestalten release was one of only ten winners chosen from among thousands of entries to receive this prestigious honor. The New York Times Book Review has convened an independent panel of judges every year since 1952 to make its selections. This annual award is based purely on artistic merit and is the only one of its kind.<\/p>\n","protected":false},"excerpt":{"rendered":"<p>Everyone knows the Eiffel Tower, yet no one knows the love story that led to its construction. Author Alice Bri\u00e8re-Haquet and illustrator Csil have pooled their creative talents to tell this touching story about overcoming hardship with clever invention fueled by love. New York Times Best Illustrated Children&#8217;s Book Award for Madame Eiffel Madame Eiffel&#8230;<\/p>\n","protected":false},"featured_media":15816,"comment_status":"closed","ping_status":"closed","template":"","meta":[],"product_brand":[],"product_cat":[13533,13534],"product_tag":[1460,1681,1649,516],"class_list":{"0":"post-15821","1":"product","2":"type-product","3":"status-publish","4":"has-post-thumbnail","6":"product_cat-books","7":"product_cat-kids","8":"product_tag-children-en","9":"product_tag-history","10":"product_tag-illustration","11":"product_tag-places-en","12":"pa_author_att-alice-briere-haquet-en","13":"pa_author_att-csil-en","14":"pa_cover-hardcover","15":"pa_format-20-x-30-cm-en","16":"pa_isbn-9783899557558-en","17":"pa_language-eng","18":"pa_pages-32-en","19":"pa_published-2015-09-30-en","20":"pa_publisher-gestalten-en","22":"first","23":"instock","24":"sale","25":"sold-individually","26":"shipping-taxable","27":"purchasable","28":"product-type-simple"},"yoast_head":"<!-- This site is optimized with the Yoast SEO plugin v27.4 - https:\/\/yoast.com\/product\/yoast-seo-wordpress\/ -->\n<title>Madame Eiffel (Alice Bri\u00e8re-Haquet, Csil) - book \/ album - Folio<\/title>\n<meta name=\"description\" content=\"Wejd\u017a i kup ksi\u0105\u017ck\u0119 Madame Eiffel autorstwa Alice Bri\u00e8re-Haquet, Csil wydan\u0105 przez gestalten (2015-09-30) w formacie 20 x 30 cm (ISBN: 9783899557558). Zapraszamy!\" \/>\n<meta name=\"robots\" content=\"index, follow, max-snippet:-1, max-image-preview:large, max-video-preview:-1\" \/>\n<link rel=\"canonical\" href=\"https:\/\/foliobooks.pl\/en\/shop\/madame-eiffel\/\" \/>\n<meta property=\"og:locale\" content=\"en_US\" \/>\n<meta property=\"og:type\" content=\"article\" \/>\n<meta property=\"og:title\" content=\"Madame Eiffel (Alice Bri\u00e8re-Haquet, Csil) - book \/ album - Folio\" \/>\n<meta property=\"og:description\" content=\"Wejd\u017a i kup ksi\u0105\u017ck\u0119 Madame Eiffel autorstwa Alice Bri\u00e8re-Haquet, Csil wydan\u0105 przez gestalten (2015-09-30) w formacie 20 x 30 cm (ISBN: 9783899557558). Zapraszamy!\" \/>\n<meta property=\"og:url\" content=\"https:\/\/foliobooks.pl\/en\/shop\/madame-eiffel\/\" \/>\n<meta property=\"og:site_name\" content=\"Folio\" \/>\n<meta property=\"article:modified_time\" content=\"2020-06-17T08:19:25+00:00\" \/>\n<meta property=\"og:image\" content=\"https:\/\/foliobooks.pl\/wp-content\/uploads\/2016\/08\/9783899557558.png\" \/>\n\t<meta property=\"og:image:width\" content=\"570\" \/>\n\t<meta property=\"og:image:height\" content=\"708\" \/>\n\t<meta property=\"og:image:type\" content=\"image\/png\" \/>\n<meta name=\"twitter:card\" content=\"summary_large_image\" \/>\n<meta name=\"twitter:label1\" content=\"Est. reading time\" \/>\n\t<meta name=\"twitter:data1\" content=\"1 minute\" \/>\n<script type=\"application\/ld+json\" class=\"yoast-schema-graph\">{\"@context\":\"https:\\\/\\\/schema.org\",\"@graph\":[{\"@type\":\"WebPage\",\"@id\":\"https:\\\/\\\/foliobooks.pl\\\/en\\\/shop\\\/madame-eiffel\\\/\",\"url\":\"https:\\\/\\\/foliobooks.pl\\\/en\\\/shop\\\/madame-eiffel\\\/\",\"name\":\"Madame Eiffel (Alice Bri\u00e8re-Haquet, Csil) - book \\\/ album - Folio\",\"isPartOf\":{\"@id\":\"https:\\\/\\\/foliobooks.pl\\\/en\\\/#website\"},\"primaryImageOfPage\":{\"@id\":\"https:\\\/\\\/foliobooks.pl\\\/en\\\/shop\\\/madame-eiffel\\\/#primaryimage\"},\"image\":{\"@id\":\"https:\\\/\\\/foliobooks.pl\\\/en\\\/shop\\\/madame-eiffel\\\/#primaryimage\"},\"thumbnailUrl\":\"https:\\\/\\\/foliobooks.pl\\\/wp-content\\\/uploads\\\/2016\\\/08\\\/9783899557558.png\",\"datePublished\":\"2016-08-22T08:10:07+00:00\",\"dateModified\":\"2020-06-17T08:19:25+00:00\",\"description\":\"Wejd\u017a i kup ksi\u0105\u017ck\u0119 Madame Eiffel autorstwa Alice Bri\u00e8re-Haquet, Csil wydan\u0105 przez gestalten (2015-09-30) w formacie 20 x 30 cm (ISBN: 9783899557558). Zapraszamy!\",\"breadcrumb\":{\"@id\":\"https:\\\/\\\/foliobooks.pl\\\/en\\\/shop\\\/madame-eiffel\\\/#breadcrumb\"},\"inLanguage\":\"en-US\",\"potentialAction\":[{\"@type\":\"ReadAction\",\"target\":[\"https:\\\/\\\/foliobooks.pl\\\/en\\\/shop\\\/madame-eiffel\\\/\"]}]},{\"@type\":\"ImageObject\",\"inLanguage\":\"en-US\",\"@id\":\"https:\\\/\\\/foliobooks.pl\\\/en\\\/shop\\\/madame-eiffel\\\/#primaryimage\",\"url\":\"https:\\\/\\\/foliobooks.pl\\\/wp-content\\\/uploads\\\/2016\\\/08\\\/9783899557558.png\",\"contentUrl\":\"https:\\\/\\\/foliobooks.pl\\\/wp-content\\\/uploads\\\/2016\\\/08\\\/9783899557558.png\",\"width\":570,\"height\":708},{\"@type\":\"BreadcrumbList\",\"@id\":\"https:\\\/\\\/foliobooks.pl\\\/en\\\/shop\\\/madame-eiffel\\\/#breadcrumb\",\"itemListElement\":[{\"@type\":\"ListItem\",\"position\":1,\"name\":\"Strona g\u0142\u00f3wna\",\"item\":\"https:\\\/\\\/foliobooks.pl\\\/en\\\/\"},{\"@type\":\"ListItem\",\"position\":2,\"name\":\"Shop\",\"item\":\"https:\\\/\\\/foliobooks.pl\\\/en\\\/shop\\\/\"},{\"@type\":\"ListItem\",\"position\":3,\"name\":\"Madame Eiffel\"}]},{\"@type\":\"WebSite\",\"@id\":\"https:\\\/\\\/foliobooks.pl\\\/en\\\/#website\",\"url\":\"https:\\\/\\\/foliobooks.pl\\\/en\\\/\",\"name\":\"Folio\",\"description\":\"Ksi\u0119garnia internetowa\",\"potentialAction\":[{\"@type\":\"SearchAction\",\"target\":{\"@type\":\"EntryPoint\",\"urlTemplate\":\"https:\\\/\\\/foliobooks.pl\\\/en\\\/?s={search_term_string}\"},\"query-input\":{\"@type\":\"PropertyValueSpecification\",\"valueRequired\":true,\"valueName\":\"search_term_string\"}}],\"inLanguage\":\"en-US\"}]}<\/script>\n<!-- \/ Yoast SEO plugin. -->","yoast_head_json":{"title":"Madame Eiffel (Alice Bri\u00e8re-Haquet, Csil) - book \/ album - Folio","description":"Wejd\u017a i kup ksi\u0105\u017ck\u0119 Madame Eiffel autorstwa Alice Bri\u00e8re-Haquet, Csil wydan\u0105 przez gestalten (2015-09-30) w formacie 20 x 30 cm (ISBN: 9783899557558). Zapraszamy!","robots":{"index":"index","follow":"follow","max-snippet":"max-snippet:-1","max-image-preview":"max-image-preview:large","max-video-preview":"max-video-preview:-1"},"canonical":"https:\/\/foliobooks.pl\/en\/shop\/madame-eiffel\/","og_locale":"en_US","og_type":"article","og_title":"Madame Eiffel (Alice Bri\u00e8re-Haquet, Csil) - book \/ album - Folio","og_description":"Wejd\u017a i kup ksi\u0105\u017ck\u0119 Madame Eiffel autorstwa Alice Bri\u00e8re-Haquet, Csil wydan\u0105 przez gestalten (2015-09-30) w formacie 20 x 30 cm (ISBN: 9783899557558). Zapraszamy!","og_url":"https:\/\/foliobooks.pl\/en\/shop\/madame-eiffel\/","og_site_name":"Folio","article_modified_time":"2020-06-17T08:19:25+00:00","og_image":[{"width":570,"height":708,"url":"https:\/\/foliobooks.pl\/wp-content\/uploads\/2016\/08\/9783899557558.png","type":"image\/png"}],"twitter_card":"summary_large_image","twitter_misc":{"Est. reading time":"1 minute"},"schema":{"@context":"https:\/\/schema.org","@graph":[{"@type":"WebPage","@id":"https:\/\/foliobooks.pl\/en\/shop\/madame-eiffel\/","url":"https:\/\/foliobooks.pl\/en\/shop\/madame-eiffel\/","name":"Madame Eiffel (Alice Bri\u00e8re-Haquet, Csil) - book \/ album - Folio","isPartOf":{"@id":"https:\/\/foliobooks.pl\/en\/#website"},"primaryImageOfPage":{"@id":"https:\/\/foliobooks.pl\/en\/shop\/madame-eiffel\/#primaryimage"},"image":{"@id":"https:\/\/foliobooks.pl\/en\/shop\/madame-eiffel\/#primaryimage"},"thumbnailUrl":"https:\/\/foliobooks.pl\/wp-content\/uploads\/2016\/08\/9783899557558.png","datePublished":"2016-08-22T08:10:07+00:00","dateModified":"2020-06-17T08:19:25+00:00","description":"Wejd\u017a i kup ksi\u0105\u017ck\u0119 Madame Eiffel autorstwa Alice Bri\u00e8re-Haquet, Csil wydan\u0105 przez gestalten (2015-09-30) w formacie 20 x 30 cm (ISBN: 9783899557558). Zapraszamy!","breadcrumb":{"@id":"https:\/\/foliobooks.pl\/en\/shop\/madame-eiffel\/#breadcrumb"},"inLanguage":"en-US","potentialAction":[{"@type":"ReadAction","target":["https:\/\/foliobooks.pl\/en\/shop\/madame-eiffel\/"]}]},{"@type":"ImageObject","inLanguage":"en-US","@id":"https:\/\/foliobooks.pl\/en\/shop\/madame-eiffel\/#primaryimage","url":"https:\/\/foliobooks.pl\/wp-content\/uploads\/2016\/08\/9783899557558.png","contentUrl":"https:\/\/foliobooks.pl\/wp-content\/uploads\/2016\/08\/9783899557558.png","width":570,"height":708},{"@type":"BreadcrumbList","@id":"https:\/\/foliobooks.pl\/en\/shop\/madame-eiffel\/#breadcrumb","itemListElement":[{"@type":"ListItem","position":1,"name":"Strona g\u0142\u00f3wna","item":"https:\/\/foliobooks.pl\/en\/"},{"@type":"ListItem","position":2,"name":"Shop","item":"https:\/\/foliobooks.pl\/en\/shop\/"},{"@type":"ListItem","position":3,"name":"Madame Eiffel"}]},{"@type":"WebSite","@id":"https:\/\/foliobooks.pl\/en\/#website","url":"https:\/\/foliobooks.pl\/en\/","name":"Folio","description":"Ksi\u0119garnia internetowa","potentialAction":[{"@type":"SearchAction","target":{"@type":"EntryPoint","urlTemplate":"https:\/\/foliobooks.pl\/en\/?s={search_term_string}"},"query-input":{"@type":"PropertyValueSpecification","valueRequired":true,"valueName":"search_term_string"}}],"inLanguage":"en-US"}]}},"_links":{"self":[{"href":"https:\/\/foliobooks.pl\/en\/wp-json\/wp\/v2\/product\/15821","targetHints":{"allow":["GET"]}}],"collection":[{"href":"https:\/\/foliobooks.pl\/en\/wp-json\/wp\/v2\/product"}],"about":[{"href":"https:\/\/foliobooks.pl\/en\/wp-json\/wp\/v2\/types\/product"}],"replies":[{"embeddable":true,"href":"https:\/\/foliobooks.pl\/en\/wp-json\/wp\/v2\/comments?post=15821"}],"wp:featuredmedia":[{"embeddable":true,"href":"https:\/\/foliobooks.pl\/en\/wp-json\/wp\/v2\/media\/15816"}],"wp:attachment":[{"href":"https:\/\/foliobooks.pl\/en\/wp-json\/wp\/v2\/media?parent=15821"}],"wp:term":[{"taxonomy":"product_brand","embeddable":true,"href":"https:\/\/foliobooks.pl\/en\/wp-json\/wp\/v2\/product_brand?post=15821"},{"taxonomy":"product_cat","embeddable":true,"href":"https:\/\/foliobooks.pl\/en\/wp-json\/wp\/v2\/product_cat?post=15821"},{"taxonomy":"product_tag","embeddable":true,"href":"https:\/\/foliobooks.pl\/en\/wp-json\/wp\/v2\/product_tag?post=15821"}],"curies":[{"name":"wp","href":"https:\/\/api.w.org\/{rel}","templated":true}]}}