{"id":15565,"date":"2016-08-02T13:46:11","date_gmt":"2016-08-02T11:46:11","guid":{"rendered":"http:\/\/foliobooks.pl\/en\/sklep\/little-book-of-tom-military-men\/"},"modified":"2025-12-03T15:41:33","modified_gmt":"2025-12-03T14:41:33","slug":"little-book-of-tom-military-men","status":"publish","type":"product","link":"https:\/\/foliobooks.pl\/en\/shop\/little-book-of-tom-military-men\/","title":{"rendered":"Little Book of Tom: Military Men"},"content":{"rendered":"<p>When we think Tom of Finland we first picture muscular, macho young men in military gear. Tom\u2019s vision of masculine perfection was formed during his service as an officer during World War II. Though he served in the Finnish air force, it was the German troops, stationed in Finland to help the country repel invading Russian forces, which served as inspiration. After all, only the Germans had uniforms created by Hugo Boss, tightly tailored, replete with designer touches, and complimented by high, shiny black leather boots. Tom, at 19, was smitten, an obsession that deepened following his first sexual experiences with German officers in the blackout streets of Helsinki.<\/p>\n<p>Tom began putting his military fantasies on paper in 1945 to memorialize his thrilling nighttime encounters when the war ended. At first the Hugo Boss uniforms dominated, but as the years and then decades passed he included American naval uniforms as well, and then his own hybridized designs of black leather, jodhpurs, boots, and peaked caps, with military insignia replaced by Tom\u2019s Men patches. As Tom attracted an army of loyal fans, he created, with pencil, pen and gouache, an army of free, proud, masculine fantasy men committed to pleasure and male camaraderie.<\/p>\n<p>The Little Book of Tom: Military Men explores Tom\u2019s fascination with militaria through a mixture of multi-panel comics and single-panel drawings and paintings, all in a compact and affordable 192 pages. Historic film stills and posters, personal photos of Tom, sketches, and Tom\u2019s own reference images explore the cultural context and private inspirations behind the ultimate Tom of Finland hero.<\/p>\n","protected":false},"excerpt":{"rendered":"<p>When we think Tom of Finland we first picture muscular, macho young men in military gear. Tom\u2019s vision of masculine perfection was formed during his service as an officer during World War II. Though he served in the Finnish air force, it was the German troops, stationed in Finland to help the country repel invading&#8230;<\/p>\n","protected":false},"featured_media":15558,"comment_status":"closed","ping_status":"closed","template":"","meta":[],"product_brand":[],"product_cat":[4521],"product_tag":[1647,514],"class_list":{"0":"post-15565","1":"product","2":"type-product","3":"status-publish","4":"has-post-thumbnail","6":"product_cat-silva-rerum-en-en","7":"product_tag-erotica","8":"product_tag-men-en","9":"pa_author_att-dian-hanson-en","10":"pa_author_att-tom-of-finland-en","11":"pa_cover-hardcover","12":"pa_isbn-9783836588683-en","13":"pa_language-multi","14":"pa_pages-192-en","15":"pa_published-2023-06-21-en","16":"pa_publisher-taschen-en-en","18":"first","19":"instock","20":"sold-individually","21":"shipping-taxable","22":"purchasable","23":"product-type-simple"},"yoast_head":"<!-- This site is optimized with the Yoast SEO plugin v27.4 - https:\/\/yoast.com\/product\/yoast-seo-wordpress\/ -->\n<title>Little Book of Tom: Military Men (Dian Hanson, Tom of Finland) - book \/ album - Folio<\/title>\n<meta name=\"description\" content=\"Wejd\u017a i kup ksi\u0105\u017ck\u0119 Little Book of Tom: Military Men autorstwa Dian Hanson, Tom of Finland wydan\u0105 przez TASCHEN (2023-06-21) w formacie (ISBN: 9783836588683). Zapraszamy!\" \/>\n<meta name=\"robots\" content=\"index, follow, max-snippet:-1, max-image-preview:large, max-video-preview:-1\" \/>\n<link rel=\"canonical\" href=\"https:\/\/foliobooks.pl\/en\/shop\/little-book-of-tom-military-men\/\" \/>\n<meta property=\"og:locale\" content=\"en_US\" \/>\n<meta property=\"og:type\" content=\"article\" \/>\n<meta property=\"og:title\" content=\"Little Book of Tom: Military Men (Dian Hanson, Tom of Finland) - book \/ album - Folio\" \/>\n<meta property=\"og:description\" content=\"Wejd\u017a i kup ksi\u0105\u017ck\u0119 Little Book of Tom: Military Men autorstwa Dian Hanson, Tom of Finland wydan\u0105 przez TASCHEN (2023-06-21) w formacie (ISBN: 9783836588683). Zapraszamy!\" \/>\n<meta property=\"og:url\" content=\"https:\/\/foliobooks.pl\/en\/shop\/little-book-of-tom-military-men\/\" \/>\n<meta property=\"og:site_name\" content=\"Folio\" \/>\n<meta property=\"article:modified_time\" content=\"2025-12-03T14:41:33+00:00\" \/>\n<meta property=\"og:image\" content=\"https:\/\/foliobooks.pl\/wp-content\/uploads\/2016\/08\/9783836540742.png\" \/>\n\t<meta property=\"og:image:width\" content=\"570\" \/>\n\t<meta property=\"og:image:height\" content=\"708\" \/>\n\t<meta property=\"og:image:type\" content=\"image\/png\" \/>\n<meta name=\"twitter:card\" content=\"summary_large_image\" \/>\n<meta name=\"twitter:label1\" content=\"Est. reading time\" \/>\n\t<meta name=\"twitter:data1\" content=\"1 minute\" \/>\n<script type=\"application\/ld+json\" class=\"yoast-schema-graph\">{\"@context\":\"https:\\\/\\\/schema.org\",\"@graph\":[{\"@type\":\"WebPage\",\"@id\":\"https:\\\/\\\/foliobooks.pl\\\/en\\\/shop\\\/little-book-of-tom-military-men\\\/\",\"url\":\"https:\\\/\\\/foliobooks.pl\\\/en\\\/shop\\\/little-book-of-tom-military-men\\\/\",\"name\":\"Little Book of Tom: Military Men (Dian Hanson, Tom of Finland) - book \\\/ album - Folio\",\"isPartOf\":{\"@id\":\"https:\\\/\\\/foliobooks.pl\\\/en\\\/#website\"},\"primaryImageOfPage\":{\"@id\":\"https:\\\/\\\/foliobooks.pl\\\/en\\\/shop\\\/little-book-of-tom-military-men\\\/#primaryimage\"},\"image\":{\"@id\":\"https:\\\/\\\/foliobooks.pl\\\/en\\\/shop\\\/little-book-of-tom-military-men\\\/#primaryimage\"},\"thumbnailUrl\":\"https:\\\/\\\/foliobooks.pl\\\/wp-content\\\/uploads\\\/2016\\\/08\\\/9783836540742.png\",\"datePublished\":\"2016-08-02T11:46:11+00:00\",\"dateModified\":\"2025-12-03T14:41:33+00:00\",\"description\":\"Wejd\u017a i kup ksi\u0105\u017ck\u0119 Little Book of Tom: Military Men autorstwa Dian Hanson, Tom of Finland wydan\u0105 przez TASCHEN (2023-06-21) w formacie (ISBN: 9783836588683). Zapraszamy!\",\"breadcrumb\":{\"@id\":\"https:\\\/\\\/foliobooks.pl\\\/en\\\/shop\\\/little-book-of-tom-military-men\\\/#breadcrumb\"},\"inLanguage\":\"en-US\",\"potentialAction\":[{\"@type\":\"ReadAction\",\"target\":[\"https:\\\/\\\/foliobooks.pl\\\/en\\\/shop\\\/little-book-of-tom-military-men\\\/\"]}]},{\"@type\":\"ImageObject\",\"inLanguage\":\"en-US\",\"@id\":\"https:\\\/\\\/foliobooks.pl\\\/en\\\/shop\\\/little-book-of-tom-military-men\\\/#primaryimage\",\"url\":\"https:\\\/\\\/foliobooks.pl\\\/wp-content\\\/uploads\\\/2016\\\/08\\\/9783836540742.png\",\"contentUrl\":\"https:\\\/\\\/foliobooks.pl\\\/wp-content\\\/uploads\\\/2016\\\/08\\\/9783836540742.png\",\"width\":570,\"height\":708},{\"@type\":\"BreadcrumbList\",\"@id\":\"https:\\\/\\\/foliobooks.pl\\\/en\\\/shop\\\/little-book-of-tom-military-men\\\/#breadcrumb\",\"itemListElement\":[{\"@type\":\"ListItem\",\"position\":1,\"name\":\"Strona g\u0142\u00f3wna\",\"item\":\"https:\\\/\\\/foliobooks.pl\\\/en\\\/\"},{\"@type\":\"ListItem\",\"position\":2,\"name\":\"Shop\",\"item\":\"https:\\\/\\\/foliobooks.pl\\\/en\\\/shop\\\/\"},{\"@type\":\"ListItem\",\"position\":3,\"name\":\"Little Book of Tom: Military Men\"}]},{\"@type\":\"WebSite\",\"@id\":\"https:\\\/\\\/foliobooks.pl\\\/en\\\/#website\",\"url\":\"https:\\\/\\\/foliobooks.pl\\\/en\\\/\",\"name\":\"Folio\",\"description\":\"Ksi\u0119garnia internetowa\",\"potentialAction\":[{\"@type\":\"SearchAction\",\"target\":{\"@type\":\"EntryPoint\",\"urlTemplate\":\"https:\\\/\\\/foliobooks.pl\\\/en\\\/?s={search_term_string}\"},\"query-input\":{\"@type\":\"PropertyValueSpecification\",\"valueRequired\":true,\"valueName\":\"search_term_string\"}}],\"inLanguage\":\"en-US\"}]}<\/script>\n<!-- \/ Yoast SEO plugin. -->","yoast_head_json":{"title":"Little Book of Tom: Military Men (Dian Hanson, Tom of Finland) - book \/ album - Folio","description":"Wejd\u017a i kup ksi\u0105\u017ck\u0119 Little Book of Tom: Military Men autorstwa Dian Hanson, Tom of Finland wydan\u0105 przez TASCHEN (2023-06-21) w formacie (ISBN: 9783836588683). Zapraszamy!","robots":{"index":"index","follow":"follow","max-snippet":"max-snippet:-1","max-image-preview":"max-image-preview:large","max-video-preview":"max-video-preview:-1"},"canonical":"https:\/\/foliobooks.pl\/en\/shop\/little-book-of-tom-military-men\/","og_locale":"en_US","og_type":"article","og_title":"Little Book of Tom: Military Men (Dian Hanson, Tom of Finland) - book \/ album - Folio","og_description":"Wejd\u017a i kup ksi\u0105\u017ck\u0119 Little Book of Tom: Military Men autorstwa Dian Hanson, Tom of Finland wydan\u0105 przez TASCHEN (2023-06-21) w formacie (ISBN: 9783836588683). Zapraszamy!","og_url":"https:\/\/foliobooks.pl\/en\/shop\/little-book-of-tom-military-men\/","og_site_name":"Folio","article_modified_time":"2025-12-03T14:41:33+00:00","og_image":[{"width":570,"height":708,"url":"https:\/\/foliobooks.pl\/wp-content\/uploads\/2016\/08\/9783836540742.png","type":"image\/png"}],"twitter_card":"summary_large_image","twitter_misc":{"Est. reading time":"1 minute"},"schema":{"@context":"https:\/\/schema.org","@graph":[{"@type":"WebPage","@id":"https:\/\/foliobooks.pl\/en\/shop\/little-book-of-tom-military-men\/","url":"https:\/\/foliobooks.pl\/en\/shop\/little-book-of-tom-military-men\/","name":"Little Book of Tom: Military Men (Dian Hanson, Tom of Finland) - book \/ album - Folio","isPartOf":{"@id":"https:\/\/foliobooks.pl\/en\/#website"},"primaryImageOfPage":{"@id":"https:\/\/foliobooks.pl\/en\/shop\/little-book-of-tom-military-men\/#primaryimage"},"image":{"@id":"https:\/\/foliobooks.pl\/en\/shop\/little-book-of-tom-military-men\/#primaryimage"},"thumbnailUrl":"https:\/\/foliobooks.pl\/wp-content\/uploads\/2016\/08\/9783836540742.png","datePublished":"2016-08-02T11:46:11+00:00","dateModified":"2025-12-03T14:41:33+00:00","description":"Wejd\u017a i kup ksi\u0105\u017ck\u0119 Little Book of Tom: Military Men autorstwa Dian Hanson, Tom of Finland wydan\u0105 przez TASCHEN (2023-06-21) w formacie (ISBN: 9783836588683). Zapraszamy!","breadcrumb":{"@id":"https:\/\/foliobooks.pl\/en\/shop\/little-book-of-tom-military-men\/#breadcrumb"},"inLanguage":"en-US","potentialAction":[{"@type":"ReadAction","target":["https:\/\/foliobooks.pl\/en\/shop\/little-book-of-tom-military-men\/"]}]},{"@type":"ImageObject","inLanguage":"en-US","@id":"https:\/\/foliobooks.pl\/en\/shop\/little-book-of-tom-military-men\/#primaryimage","url":"https:\/\/foliobooks.pl\/wp-content\/uploads\/2016\/08\/9783836540742.png","contentUrl":"https:\/\/foliobooks.pl\/wp-content\/uploads\/2016\/08\/9783836540742.png","width":570,"height":708},{"@type":"BreadcrumbList","@id":"https:\/\/foliobooks.pl\/en\/shop\/little-book-of-tom-military-men\/#breadcrumb","itemListElement":[{"@type":"ListItem","position":1,"name":"Strona g\u0142\u00f3wna","item":"https:\/\/foliobooks.pl\/en\/"},{"@type":"ListItem","position":2,"name":"Shop","item":"https:\/\/foliobooks.pl\/en\/shop\/"},{"@type":"ListItem","position":3,"name":"Little Book of Tom: Military Men"}]},{"@type":"WebSite","@id":"https:\/\/foliobooks.pl\/en\/#website","url":"https:\/\/foliobooks.pl\/en\/","name":"Folio","description":"Ksi\u0119garnia internetowa","potentialAction":[{"@type":"SearchAction","target":{"@type":"EntryPoint","urlTemplate":"https:\/\/foliobooks.pl\/en\/?s={search_term_string}"},"query-input":{"@type":"PropertyValueSpecification","valueRequired":true,"valueName":"search_term_string"}}],"inLanguage":"en-US"}]}},"_links":{"self":[{"href":"https:\/\/foliobooks.pl\/en\/wp-json\/wp\/v2\/product\/15565","targetHints":{"allow":["GET"]}}],"collection":[{"href":"https:\/\/foliobooks.pl\/en\/wp-json\/wp\/v2\/product"}],"about":[{"href":"https:\/\/foliobooks.pl\/en\/wp-json\/wp\/v2\/types\/product"}],"replies":[{"embeddable":true,"href":"https:\/\/foliobooks.pl\/en\/wp-json\/wp\/v2\/comments?post=15565"}],"wp:featuredmedia":[{"embeddable":true,"href":"https:\/\/foliobooks.pl\/en\/wp-json\/wp\/v2\/media\/15558"}],"wp:attachment":[{"href":"https:\/\/foliobooks.pl\/en\/wp-json\/wp\/v2\/media?parent=15565"}],"wp:term":[{"taxonomy":"product_brand","embeddable":true,"href":"https:\/\/foliobooks.pl\/en\/wp-json\/wp\/v2\/product_brand?post=15565"},{"taxonomy":"product_cat","embeddable":true,"href":"https:\/\/foliobooks.pl\/en\/wp-json\/wp\/v2\/product_cat?post=15565"},{"taxonomy":"product_tag","embeddable":true,"href":"https:\/\/foliobooks.pl\/en\/wp-json\/wp\/v2\/product_tag?post=15565"}],"curies":[{"name":"wp","href":"https:\/\/api.w.org\/{rel}","templated":true}]}}