{"id":15555,"date":"2016-08-02T13:29:10","date_gmt":"2016-08-02T11:29:10","guid":{"rendered":"http:\/\/foliobooks.pl\/en\/sklep\/little-book-of-tom-cops-robbers\/"},"modified":"2023-07-24T14:01:16","modified_gmt":"2023-07-24T12:01:16","slug":"little-book-of-tom-cops-robbers","status":"publish","type":"product","link":"https:\/\/foliobooks.pl\/en\/shop\/little-book-of-tom-cops-robbers\/","title":{"rendered":"Little Book of Tom: Cops &#038; Robbers"},"content":{"rendered":"<p>Tom\u2019s taste for police officers and felons\u2014and for sexual tension between the two\u2014developed late in his career. \u201cI\u2019ve never been to prison,\u201d he told a class at the California Institute of the Arts in 1985, \u201cbut I hear it\u2019s a closed world where there are different roles and people behave different from when they walk free. It fascinates me. It is another subject I come back to again and again.\u201d By which he meant fantasized about again and again, since only those subjects that aroused him sexually made it into his art.<\/p>\n<p>The uniforms of the California Highway Patrol motorcyclists were his favorite: tan and tight, with high boots and soft black leather gauntlet gloves. He created his own uniform variants as well, a cross between military and civilian police gear, and invented suitably butch criminals for his cops to apprehend, though once apprehended the power struggle could go either way. Tom was determined to show top and bottom as equally masculine roles, and his cops were as likely to end up happily speared by criminal cock as delivering corrective coitus. Though criticized by some for what appeared to be a glorification of power, Tom was always quick to remind that the world he created was a fantasy world, where anything was possible, and everything was consensual\u2014even in prison.<\/p>\n<p>The Little Book of Tom: Cops &amp; Robbers explores Tom\u2019s fascination with criminal justice through a mixture of multi-panel comics and single-panel drawings and paintings, all in a compact and affordable 192 pages. Historic film stills and posters, personal photos of Tom, sketches, and Tom\u2019s own reference photos make this far more than another Tom\u2019s Comics re-tread.<\/p>\n","protected":false},"excerpt":{"rendered":"<p>Tom\u2019s taste for police officers and felons\u2014and for sexual tension between the two\u2014developed late in his career. \u201cI\u2019ve never been to prison,\u201d he told a class at the California Institute of the Arts in 1985, \u201cbut I hear it\u2019s a closed world where there are different roles and people behave different from when they walk&#8230;<\/p>\n","protected":false},"featured_media":15545,"comment_status":"closed","ping_status":"closed","template":"","meta":[],"product_brand":[],"product_cat":[4521],"product_tag":[1647,514],"class_list":{"0":"post-15555","1":"product","2":"type-product","3":"status-publish","4":"has-post-thumbnail","6":"product_cat-silva-rerum-en-en","7":"product_tag-erotica","8":"product_tag-men-en","9":"pa_author_att-dian-hanson-en","10":"pa_author_att-tom-of-finland-en","11":"pa_cover-hardcover","12":"pa_format-20-x-145-cm-en","13":"pa_isbn-9783836588676-en","14":"pa_language-multi","15":"pa_pages-192-en","16":"pa_published-2023-06-21-en","17":"pa_publisher-taschen-en-en","19":"first","20":"outofstock","21":"sold-individually","22":"shipping-taxable","23":"purchasable","24":"product-type-simple"},"yoast_head":"<!-- This site is optimized with the Yoast SEO plugin v27.4 - https:\/\/yoast.com\/product\/yoast-seo-wordpress\/ -->\n<title>Little Book of Tom: Cops &amp; Robbers (Dian Hanson, Tom of Finland) - book \/ album - Folio<\/title>\n<meta name=\"description\" content=\"Wejd\u017a i kup ksi\u0105\u017ck\u0119 Little Book of Tom: Cops &amp; Robbers autorstwa Dian Hanson, Tom of Finland wydan\u0105 przez TASCHEN (2023-06-21) w formacie 20 x 14,5 cm (ISBN: 9783836588676). Zapraszamy!\" \/>\n<meta name=\"robots\" content=\"index, follow, max-snippet:-1, max-image-preview:large, max-video-preview:-1\" \/>\n<link rel=\"canonical\" href=\"https:\/\/foliobooks.pl\/en\/shop\/little-book-of-tom-cops-robbers\/\" \/>\n<meta property=\"og:locale\" content=\"en_US\" \/>\n<meta property=\"og:type\" content=\"article\" \/>\n<meta property=\"og:title\" content=\"Little Book of Tom: Cops &amp; Robbers (Dian Hanson, Tom of Finland) - book \/ album - Folio\" \/>\n<meta property=\"og:description\" content=\"Wejd\u017a i kup ksi\u0105\u017ck\u0119 Little Book of Tom: Cops &amp; Robbers autorstwa Dian Hanson, Tom of Finland wydan\u0105 przez TASCHEN (2023-06-21) w formacie 20 x 14,5 cm (ISBN: 9783836588676). Zapraszamy!\" \/>\n<meta property=\"og:url\" content=\"https:\/\/foliobooks.pl\/en\/shop\/little-book-of-tom-cops-robbers\/\" \/>\n<meta property=\"og:site_name\" content=\"Folio\" \/>\n<meta property=\"article:modified_time\" content=\"2023-07-24T12:01:16+00:00\" \/>\n<meta property=\"og:image\" content=\"https:\/\/foliobooks.pl\/wp-content\/uploads\/2016\/08\/9783836540735.png\" \/>\n\t<meta property=\"og:image:width\" content=\"570\" \/>\n\t<meta property=\"og:image:height\" content=\"708\" \/>\n\t<meta property=\"og:image:type\" content=\"image\/png\" \/>\n<meta name=\"twitter:card\" content=\"summary_large_image\" \/>\n<meta name=\"twitter:label1\" content=\"Est. reading time\" \/>\n\t<meta name=\"twitter:data1\" content=\"1 minute\" \/>\n<script type=\"application\/ld+json\" class=\"yoast-schema-graph\">{\"@context\":\"https:\\\/\\\/schema.org\",\"@graph\":[{\"@type\":\"WebPage\",\"@id\":\"https:\\\/\\\/foliobooks.pl\\\/en\\\/shop\\\/little-book-of-tom-cops-robbers\\\/\",\"url\":\"https:\\\/\\\/foliobooks.pl\\\/en\\\/shop\\\/little-book-of-tom-cops-robbers\\\/\",\"name\":\"Little Book of Tom: Cops & Robbers (Dian Hanson, Tom of Finland) - book \\\/ album - Folio\",\"isPartOf\":{\"@id\":\"https:\\\/\\\/foliobooks.pl\\\/en\\\/#website\"},\"primaryImageOfPage\":{\"@id\":\"https:\\\/\\\/foliobooks.pl\\\/en\\\/shop\\\/little-book-of-tom-cops-robbers\\\/#primaryimage\"},\"image\":{\"@id\":\"https:\\\/\\\/foliobooks.pl\\\/en\\\/shop\\\/little-book-of-tom-cops-robbers\\\/#primaryimage\"},\"thumbnailUrl\":\"https:\\\/\\\/foliobooks.pl\\\/wp-content\\\/uploads\\\/2016\\\/08\\\/9783836540735.png\",\"datePublished\":\"2016-08-02T11:29:10+00:00\",\"dateModified\":\"2023-07-24T12:01:16+00:00\",\"description\":\"Wejd\u017a i kup ksi\u0105\u017ck\u0119 Little Book of Tom: Cops & Robbers autorstwa Dian Hanson, Tom of Finland wydan\u0105 przez TASCHEN (2023-06-21) w formacie 20 x 14,5 cm (ISBN: 9783836588676). Zapraszamy!\",\"breadcrumb\":{\"@id\":\"https:\\\/\\\/foliobooks.pl\\\/en\\\/shop\\\/little-book-of-tom-cops-robbers\\\/#breadcrumb\"},\"inLanguage\":\"en-US\",\"potentialAction\":[{\"@type\":\"ReadAction\",\"target\":[\"https:\\\/\\\/foliobooks.pl\\\/en\\\/shop\\\/little-book-of-tom-cops-robbers\\\/\"]}]},{\"@type\":\"ImageObject\",\"inLanguage\":\"en-US\",\"@id\":\"https:\\\/\\\/foliobooks.pl\\\/en\\\/shop\\\/little-book-of-tom-cops-robbers\\\/#primaryimage\",\"url\":\"https:\\\/\\\/foliobooks.pl\\\/wp-content\\\/uploads\\\/2016\\\/08\\\/9783836540735.png\",\"contentUrl\":\"https:\\\/\\\/foliobooks.pl\\\/wp-content\\\/uploads\\\/2016\\\/08\\\/9783836540735.png\",\"width\":570,\"height\":708},{\"@type\":\"BreadcrumbList\",\"@id\":\"https:\\\/\\\/foliobooks.pl\\\/en\\\/shop\\\/little-book-of-tom-cops-robbers\\\/#breadcrumb\",\"itemListElement\":[{\"@type\":\"ListItem\",\"position\":1,\"name\":\"Strona g\u0142\u00f3wna\",\"item\":\"https:\\\/\\\/foliobooks.pl\\\/en\\\/\"},{\"@type\":\"ListItem\",\"position\":2,\"name\":\"Shop\",\"item\":\"https:\\\/\\\/foliobooks.pl\\\/en\\\/shop\\\/\"},{\"@type\":\"ListItem\",\"position\":3,\"name\":\"Little Book of Tom: Cops &#038; Robbers\"}]},{\"@type\":\"WebSite\",\"@id\":\"https:\\\/\\\/foliobooks.pl\\\/en\\\/#website\",\"url\":\"https:\\\/\\\/foliobooks.pl\\\/en\\\/\",\"name\":\"Folio\",\"description\":\"Ksi\u0119garnia internetowa\",\"potentialAction\":[{\"@type\":\"SearchAction\",\"target\":{\"@type\":\"EntryPoint\",\"urlTemplate\":\"https:\\\/\\\/foliobooks.pl\\\/en\\\/?s={search_term_string}\"},\"query-input\":{\"@type\":\"PropertyValueSpecification\",\"valueRequired\":true,\"valueName\":\"search_term_string\"}}],\"inLanguage\":\"en-US\"}]}<\/script>\n<!-- \/ Yoast SEO plugin. -->","yoast_head_json":{"title":"Little Book of Tom: Cops & Robbers (Dian Hanson, Tom of Finland) - book \/ album - Folio","description":"Wejd\u017a i kup ksi\u0105\u017ck\u0119 Little Book of Tom: Cops & Robbers autorstwa Dian Hanson, Tom of Finland wydan\u0105 przez TASCHEN (2023-06-21) w formacie 20 x 14,5 cm (ISBN: 9783836588676). Zapraszamy!","robots":{"index":"index","follow":"follow","max-snippet":"max-snippet:-1","max-image-preview":"max-image-preview:large","max-video-preview":"max-video-preview:-1"},"canonical":"https:\/\/foliobooks.pl\/en\/shop\/little-book-of-tom-cops-robbers\/","og_locale":"en_US","og_type":"article","og_title":"Little Book of Tom: Cops & Robbers (Dian Hanson, Tom of Finland) - book \/ album - Folio","og_description":"Wejd\u017a i kup ksi\u0105\u017ck\u0119 Little Book of Tom: Cops & Robbers autorstwa Dian Hanson, Tom of Finland wydan\u0105 przez TASCHEN (2023-06-21) w formacie 20 x 14,5 cm (ISBN: 9783836588676). Zapraszamy!","og_url":"https:\/\/foliobooks.pl\/en\/shop\/little-book-of-tom-cops-robbers\/","og_site_name":"Folio","article_modified_time":"2023-07-24T12:01:16+00:00","og_image":[{"width":570,"height":708,"url":"https:\/\/foliobooks.pl\/wp-content\/uploads\/2016\/08\/9783836540735.png","type":"image\/png"}],"twitter_card":"summary_large_image","twitter_misc":{"Est. reading time":"1 minute"},"schema":{"@context":"https:\/\/schema.org","@graph":[{"@type":"WebPage","@id":"https:\/\/foliobooks.pl\/en\/shop\/little-book-of-tom-cops-robbers\/","url":"https:\/\/foliobooks.pl\/en\/shop\/little-book-of-tom-cops-robbers\/","name":"Little Book of Tom: Cops & Robbers (Dian Hanson, Tom of Finland) - book \/ album - Folio","isPartOf":{"@id":"https:\/\/foliobooks.pl\/en\/#website"},"primaryImageOfPage":{"@id":"https:\/\/foliobooks.pl\/en\/shop\/little-book-of-tom-cops-robbers\/#primaryimage"},"image":{"@id":"https:\/\/foliobooks.pl\/en\/shop\/little-book-of-tom-cops-robbers\/#primaryimage"},"thumbnailUrl":"https:\/\/foliobooks.pl\/wp-content\/uploads\/2016\/08\/9783836540735.png","datePublished":"2016-08-02T11:29:10+00:00","dateModified":"2023-07-24T12:01:16+00:00","description":"Wejd\u017a i kup ksi\u0105\u017ck\u0119 Little Book of Tom: Cops & Robbers autorstwa Dian Hanson, Tom of Finland wydan\u0105 przez TASCHEN (2023-06-21) w formacie 20 x 14,5 cm (ISBN: 9783836588676). Zapraszamy!","breadcrumb":{"@id":"https:\/\/foliobooks.pl\/en\/shop\/little-book-of-tom-cops-robbers\/#breadcrumb"},"inLanguage":"en-US","potentialAction":[{"@type":"ReadAction","target":["https:\/\/foliobooks.pl\/en\/shop\/little-book-of-tom-cops-robbers\/"]}]},{"@type":"ImageObject","inLanguage":"en-US","@id":"https:\/\/foliobooks.pl\/en\/shop\/little-book-of-tom-cops-robbers\/#primaryimage","url":"https:\/\/foliobooks.pl\/wp-content\/uploads\/2016\/08\/9783836540735.png","contentUrl":"https:\/\/foliobooks.pl\/wp-content\/uploads\/2016\/08\/9783836540735.png","width":570,"height":708},{"@type":"BreadcrumbList","@id":"https:\/\/foliobooks.pl\/en\/shop\/little-book-of-tom-cops-robbers\/#breadcrumb","itemListElement":[{"@type":"ListItem","position":1,"name":"Strona g\u0142\u00f3wna","item":"https:\/\/foliobooks.pl\/en\/"},{"@type":"ListItem","position":2,"name":"Shop","item":"https:\/\/foliobooks.pl\/en\/shop\/"},{"@type":"ListItem","position":3,"name":"Little Book of Tom: Cops &#038; Robbers"}]},{"@type":"WebSite","@id":"https:\/\/foliobooks.pl\/en\/#website","url":"https:\/\/foliobooks.pl\/en\/","name":"Folio","description":"Ksi\u0119garnia internetowa","potentialAction":[{"@type":"SearchAction","target":{"@type":"EntryPoint","urlTemplate":"https:\/\/foliobooks.pl\/en\/?s={search_term_string}"},"query-input":{"@type":"PropertyValueSpecification","valueRequired":true,"valueName":"search_term_string"}}],"inLanguage":"en-US"}]}},"_links":{"self":[{"href":"https:\/\/foliobooks.pl\/en\/wp-json\/wp\/v2\/product\/15555","targetHints":{"allow":["GET"]}}],"collection":[{"href":"https:\/\/foliobooks.pl\/en\/wp-json\/wp\/v2\/product"}],"about":[{"href":"https:\/\/foliobooks.pl\/en\/wp-json\/wp\/v2\/types\/product"}],"replies":[{"embeddable":true,"href":"https:\/\/foliobooks.pl\/en\/wp-json\/wp\/v2\/comments?post=15555"}],"wp:featuredmedia":[{"embeddable":true,"href":"https:\/\/foliobooks.pl\/en\/wp-json\/wp\/v2\/media\/15545"}],"wp:attachment":[{"href":"https:\/\/foliobooks.pl\/en\/wp-json\/wp\/v2\/media?parent=15555"}],"wp:term":[{"taxonomy":"product_brand","embeddable":true,"href":"https:\/\/foliobooks.pl\/en\/wp-json\/wp\/v2\/product_brand?post=15555"},{"taxonomy":"product_cat","embeddable":true,"href":"https:\/\/foliobooks.pl\/en\/wp-json\/wp\/v2\/product_cat?post=15555"},{"taxonomy":"product_tag","embeddable":true,"href":"https:\/\/foliobooks.pl\/en\/wp-json\/wp\/v2\/product_tag?post=15555"}],"curies":[{"name":"wp","href":"https:\/\/api.w.org\/{rel}","templated":true}]}}