{"id":15464,"date":"2016-08-01T14:08:30","date_gmt":"2016-08-01T12:08:30","guid":{"rendered":"http:\/\/foliobooks.pl\/en\/sklep\/circus-1870s-1950s\/"},"modified":"2022-09-20T15:47:19","modified_gmt":"2022-09-20T13:47:19","slug":"circus-1870s-1950s","status":"publish","type":"product","link":"https:\/\/foliobooks.pl\/en\/shop\/circus-1870s-1950s\/","title":{"rendered":"Circus. 1870s\u20131950s"},"content":{"rendered":"<p>At its heyday, the American circus was the largest showbiz industry the world had ever seen. From the mid-1800s to mid-1900s, traveling circuses performed for audiences of up to 14,000 per show, employed as many as 1,600 men and women, and crisscrossed the country on 20,000 miles of railroad in one season alone. The spectacle of death-defying daredevils, strapping superheroes and scantily clad starlets, fearless animal trainers, and startling \u201cfreaks\u201d gripped the American imagination, outshining theater, vaudeville, comedy, and minstrel shows.<\/p>\n<p>This book sheds fresh light on the circus phenomenon. With photographic gems of early circus performers, as well as original posters, lithographs, sideshow banners and engravings from the 16th to 19th centuries illustrating the worldwide roots of the circus, readers are transported to a world of thrill and skill, grit and glamor. Highlights include iconic circus photographs by Mathew Brady, Cornell Capa, Walker Evans, Weegee, and Lisette Model, and little-known circus images by Stanley Kubrick and Charles and Ray Eames.<\/p>\n","protected":false},"excerpt":{"rendered":"<p>At its heyday, the American circus was the largest showbiz industry the world had ever seen. From the mid-1800s to mid-1900s, traveling circuses performed for audiences of up to 14,000 per show, employed as many as 1,600 men and women, and crisscrossed the country on 20,000 miles of railroad in one season alone. The spectacle&#8230;<\/p>\n","protected":false},"featured_media":15455,"comment_status":"closed","ping_status":"closed","template":"","meta":[],"product_brand":[],"product_cat":[4523,4525,4521],"product_tag":[2253,1681,1649],"class_list":{"0":"post-15464","1":"product","2":"type-product","3":"status-publish","4":"has-post-thumbnail","6":"product_cat-design-en-en","7":"product_cat-graphic-design","8":"product_cat-silva-rerum-en-en","9":"product_tag-graphics","10":"product_tag-history","11":"product_tag-illustration","12":"pa_author_att-fred-dahlinger-en","13":"pa_author_att-linda-granfield-en","14":"pa_author_att-noel-daniel-en","15":"pa_cover-hardcover","16":"pa_format-14-x-195-cm-en","17":"pa_isbn-9783836556668-en","18":"pa_language-multi","19":"pa_pages-888-en","20":"pa_published-2016-06-05-en","21":"pa_publisher-taschen-en-en","23":"first","24":"outofstock","25":"sold-individually","26":"shipping-taxable","27":"purchasable","28":"product-type-simple"},"yoast_head":"<!-- This site is optimized with the Yoast SEO plugin v27.4 - https:\/\/yoast.com\/product\/yoast-seo-wordpress\/ -->\n<title>Circus. 1870s\u20131950s (Fred Dahlinger, Linda Granfield, Noel Daniel) - book \/ album - Folio<\/title>\n<meta name=\"description\" content=\"Wejd\u017a i kup ksi\u0105\u017ck\u0119 Circus. 1870s\u20131950s autorstwa Fred Dahlinger, Linda Granfield, Noel Daniel wydan\u0105 przez TASCHEN (2016-06-05) w formacie 14 x 19,5 cm (ISBN: 9783836556668). Zapraszamy!\" \/>\n<meta name=\"robots\" content=\"index, follow, max-snippet:-1, max-image-preview:large, max-video-preview:-1\" \/>\n<link rel=\"canonical\" href=\"https:\/\/foliobooks.pl\/en\/shop\/circus-1870s-1950s\/\" \/>\n<meta property=\"og:locale\" content=\"en_US\" \/>\n<meta property=\"og:type\" content=\"article\" \/>\n<meta property=\"og:title\" content=\"Circus. 1870s\u20131950s (Fred Dahlinger, Linda Granfield, Noel Daniel) - book \/ album - Folio\" \/>\n<meta property=\"og:description\" content=\"Wejd\u017a i kup ksi\u0105\u017ck\u0119 Circus. 1870s\u20131950s autorstwa Fred Dahlinger, Linda Granfield, Noel Daniel wydan\u0105 przez TASCHEN (2016-06-05) w formacie 14 x 19,5 cm (ISBN: 9783836556668). Zapraszamy!\" \/>\n<meta property=\"og:url\" content=\"https:\/\/foliobooks.pl\/en\/shop\/circus-1870s-1950s\/\" \/>\n<meta property=\"og:site_name\" content=\"Folio\" \/>\n<meta property=\"article:modified_time\" content=\"2022-09-20T13:47:19+00:00\" \/>\n<meta property=\"og:image\" content=\"https:\/\/foliobooks.pl\/wp-content\/uploads\/2016\/08\/9783836556668.png\" \/>\n\t<meta property=\"og:image:width\" content=\"570\" \/>\n\t<meta property=\"og:image:height\" content=\"708\" \/>\n\t<meta property=\"og:image:type\" content=\"image\/png\" \/>\n<meta name=\"twitter:card\" content=\"summary_large_image\" \/>\n<meta name=\"twitter:label1\" content=\"Est. reading time\" \/>\n\t<meta name=\"twitter:data1\" content=\"1 minute\" \/>\n<script type=\"application\/ld+json\" class=\"yoast-schema-graph\">{\"@context\":\"https:\\\/\\\/schema.org\",\"@graph\":[{\"@type\":\"WebPage\",\"@id\":\"https:\\\/\\\/foliobooks.pl\\\/en\\\/shop\\\/circus-1870s-1950s\\\/\",\"url\":\"https:\\\/\\\/foliobooks.pl\\\/en\\\/shop\\\/circus-1870s-1950s\\\/\",\"name\":\"Circus. 1870s\u20131950s (Fred Dahlinger, Linda Granfield, Noel Daniel) - book \\\/ album - Folio\",\"isPartOf\":{\"@id\":\"https:\\\/\\\/foliobooks.pl\\\/en\\\/#website\"},\"primaryImageOfPage\":{\"@id\":\"https:\\\/\\\/foliobooks.pl\\\/en\\\/shop\\\/circus-1870s-1950s\\\/#primaryimage\"},\"image\":{\"@id\":\"https:\\\/\\\/foliobooks.pl\\\/en\\\/shop\\\/circus-1870s-1950s\\\/#primaryimage\"},\"thumbnailUrl\":\"https:\\\/\\\/foliobooks.pl\\\/wp-content\\\/uploads\\\/2016\\\/08\\\/9783836556668.png\",\"datePublished\":\"2016-08-01T12:08:30+00:00\",\"dateModified\":\"2022-09-20T13:47:19+00:00\",\"description\":\"Wejd\u017a i kup ksi\u0105\u017ck\u0119 Circus. 1870s\u20131950s autorstwa Fred Dahlinger, Linda Granfield, Noel Daniel wydan\u0105 przez TASCHEN (2016-06-05) w formacie 14 x 19,5 cm (ISBN: 9783836556668). Zapraszamy!\",\"breadcrumb\":{\"@id\":\"https:\\\/\\\/foliobooks.pl\\\/en\\\/shop\\\/circus-1870s-1950s\\\/#breadcrumb\"},\"inLanguage\":\"en-US\",\"potentialAction\":[{\"@type\":\"ReadAction\",\"target\":[\"https:\\\/\\\/foliobooks.pl\\\/en\\\/shop\\\/circus-1870s-1950s\\\/\"]}]},{\"@type\":\"ImageObject\",\"inLanguage\":\"en-US\",\"@id\":\"https:\\\/\\\/foliobooks.pl\\\/en\\\/shop\\\/circus-1870s-1950s\\\/#primaryimage\",\"url\":\"https:\\\/\\\/foliobooks.pl\\\/wp-content\\\/uploads\\\/2016\\\/08\\\/9783836556668.png\",\"contentUrl\":\"https:\\\/\\\/foliobooks.pl\\\/wp-content\\\/uploads\\\/2016\\\/08\\\/9783836556668.png\",\"width\":570,\"height\":708},{\"@type\":\"BreadcrumbList\",\"@id\":\"https:\\\/\\\/foliobooks.pl\\\/en\\\/shop\\\/circus-1870s-1950s\\\/#breadcrumb\",\"itemListElement\":[{\"@type\":\"ListItem\",\"position\":1,\"name\":\"Strona g\u0142\u00f3wna\",\"item\":\"https:\\\/\\\/foliobooks.pl\\\/en\\\/\"},{\"@type\":\"ListItem\",\"position\":2,\"name\":\"Shop\",\"item\":\"https:\\\/\\\/foliobooks.pl\\\/en\\\/shop\\\/\"},{\"@type\":\"ListItem\",\"position\":3,\"name\":\"Circus. 1870s\u20131950s\"}]},{\"@type\":\"WebSite\",\"@id\":\"https:\\\/\\\/foliobooks.pl\\\/en\\\/#website\",\"url\":\"https:\\\/\\\/foliobooks.pl\\\/en\\\/\",\"name\":\"Folio\",\"description\":\"Ksi\u0119garnia internetowa\",\"potentialAction\":[{\"@type\":\"SearchAction\",\"target\":{\"@type\":\"EntryPoint\",\"urlTemplate\":\"https:\\\/\\\/foliobooks.pl\\\/en\\\/?s={search_term_string}\"},\"query-input\":{\"@type\":\"PropertyValueSpecification\",\"valueRequired\":true,\"valueName\":\"search_term_string\"}}],\"inLanguage\":\"en-US\"}]}<\/script>\n<!-- \/ Yoast SEO plugin. -->","yoast_head_json":{"title":"Circus. 1870s\u20131950s (Fred Dahlinger, Linda Granfield, Noel Daniel) - book \/ album - Folio","description":"Wejd\u017a i kup ksi\u0105\u017ck\u0119 Circus. 1870s\u20131950s autorstwa Fred Dahlinger, Linda Granfield, Noel Daniel wydan\u0105 przez TASCHEN (2016-06-05) w formacie 14 x 19,5 cm (ISBN: 9783836556668). Zapraszamy!","robots":{"index":"index","follow":"follow","max-snippet":"max-snippet:-1","max-image-preview":"max-image-preview:large","max-video-preview":"max-video-preview:-1"},"canonical":"https:\/\/foliobooks.pl\/en\/shop\/circus-1870s-1950s\/","og_locale":"en_US","og_type":"article","og_title":"Circus. 1870s\u20131950s (Fred Dahlinger, Linda Granfield, Noel Daniel) - book \/ album - Folio","og_description":"Wejd\u017a i kup ksi\u0105\u017ck\u0119 Circus. 1870s\u20131950s autorstwa Fred Dahlinger, Linda Granfield, Noel Daniel wydan\u0105 przez TASCHEN (2016-06-05) w formacie 14 x 19,5 cm (ISBN: 9783836556668). Zapraszamy!","og_url":"https:\/\/foliobooks.pl\/en\/shop\/circus-1870s-1950s\/","og_site_name":"Folio","article_modified_time":"2022-09-20T13:47:19+00:00","og_image":[{"width":570,"height":708,"url":"https:\/\/foliobooks.pl\/wp-content\/uploads\/2016\/08\/9783836556668.png","type":"image\/png"}],"twitter_card":"summary_large_image","twitter_misc":{"Est. reading time":"1 minute"},"schema":{"@context":"https:\/\/schema.org","@graph":[{"@type":"WebPage","@id":"https:\/\/foliobooks.pl\/en\/shop\/circus-1870s-1950s\/","url":"https:\/\/foliobooks.pl\/en\/shop\/circus-1870s-1950s\/","name":"Circus. 1870s\u20131950s (Fred Dahlinger, Linda Granfield, Noel Daniel) - book \/ album - Folio","isPartOf":{"@id":"https:\/\/foliobooks.pl\/en\/#website"},"primaryImageOfPage":{"@id":"https:\/\/foliobooks.pl\/en\/shop\/circus-1870s-1950s\/#primaryimage"},"image":{"@id":"https:\/\/foliobooks.pl\/en\/shop\/circus-1870s-1950s\/#primaryimage"},"thumbnailUrl":"https:\/\/foliobooks.pl\/wp-content\/uploads\/2016\/08\/9783836556668.png","datePublished":"2016-08-01T12:08:30+00:00","dateModified":"2022-09-20T13:47:19+00:00","description":"Wejd\u017a i kup ksi\u0105\u017ck\u0119 Circus. 1870s\u20131950s autorstwa Fred Dahlinger, Linda Granfield, Noel Daniel wydan\u0105 przez TASCHEN (2016-06-05) w formacie 14 x 19,5 cm (ISBN: 9783836556668). Zapraszamy!","breadcrumb":{"@id":"https:\/\/foliobooks.pl\/en\/shop\/circus-1870s-1950s\/#breadcrumb"},"inLanguage":"en-US","potentialAction":[{"@type":"ReadAction","target":["https:\/\/foliobooks.pl\/en\/shop\/circus-1870s-1950s\/"]}]},{"@type":"ImageObject","inLanguage":"en-US","@id":"https:\/\/foliobooks.pl\/en\/shop\/circus-1870s-1950s\/#primaryimage","url":"https:\/\/foliobooks.pl\/wp-content\/uploads\/2016\/08\/9783836556668.png","contentUrl":"https:\/\/foliobooks.pl\/wp-content\/uploads\/2016\/08\/9783836556668.png","width":570,"height":708},{"@type":"BreadcrumbList","@id":"https:\/\/foliobooks.pl\/en\/shop\/circus-1870s-1950s\/#breadcrumb","itemListElement":[{"@type":"ListItem","position":1,"name":"Strona g\u0142\u00f3wna","item":"https:\/\/foliobooks.pl\/en\/"},{"@type":"ListItem","position":2,"name":"Shop","item":"https:\/\/foliobooks.pl\/en\/shop\/"},{"@type":"ListItem","position":3,"name":"Circus. 1870s\u20131950s"}]},{"@type":"WebSite","@id":"https:\/\/foliobooks.pl\/en\/#website","url":"https:\/\/foliobooks.pl\/en\/","name":"Folio","description":"Ksi\u0119garnia internetowa","potentialAction":[{"@type":"SearchAction","target":{"@type":"EntryPoint","urlTemplate":"https:\/\/foliobooks.pl\/en\/?s={search_term_string}"},"query-input":{"@type":"PropertyValueSpecification","valueRequired":true,"valueName":"search_term_string"}}],"inLanguage":"en-US"}]}},"_links":{"self":[{"href":"https:\/\/foliobooks.pl\/en\/wp-json\/wp\/v2\/product\/15464","targetHints":{"allow":["GET"]}}],"collection":[{"href":"https:\/\/foliobooks.pl\/en\/wp-json\/wp\/v2\/product"}],"about":[{"href":"https:\/\/foliobooks.pl\/en\/wp-json\/wp\/v2\/types\/product"}],"replies":[{"embeddable":true,"href":"https:\/\/foliobooks.pl\/en\/wp-json\/wp\/v2\/comments?post=15464"}],"wp:featuredmedia":[{"embeddable":true,"href":"https:\/\/foliobooks.pl\/en\/wp-json\/wp\/v2\/media\/15455"}],"wp:attachment":[{"href":"https:\/\/foliobooks.pl\/en\/wp-json\/wp\/v2\/media?parent=15464"}],"wp:term":[{"taxonomy":"product_brand","embeddable":true,"href":"https:\/\/foliobooks.pl\/en\/wp-json\/wp\/v2\/product_brand?post=15464"},{"taxonomy":"product_cat","embeddable":true,"href":"https:\/\/foliobooks.pl\/en\/wp-json\/wp\/v2\/product_cat?post=15464"},{"taxonomy":"product_tag","embeddable":true,"href":"https:\/\/foliobooks.pl\/en\/wp-json\/wp\/v2\/product_tag?post=15464"}],"curies":[{"name":"wp","href":"https:\/\/api.w.org\/{rel}","templated":true}]}}