{"id":15451,"date":"2016-08-01T14:02:50","date_gmt":"2016-08-01T12:02:50","guid":{"rendered":"http:\/\/foliobooks.pl\/en\/sklep\/vermeer-basic-art-series\/"},"modified":"2025-06-18T18:10:41","modified_gmt":"2025-06-18T16:10:41","slug":"vermeer-basic-art-series","status":"publish","type":"product","link":"https:\/\/foliobooks.pl\/en\/shop\/vermeer-basic-art-series\/","title":{"rendered":"Vermeer. Basic Art Series"},"content":{"rendered":"<p>Though numbering just 35 known works, the \u0153uvre of Johannes Vermeer (1632\u20131675) is hailed as one of the most important and inspiring portfolios in art history. His paintings have prompted a New York Times bestseller, a film starring Scarlett Johansson, and record visitor numbers at art institutions from Amsterdam to Washington.<\/p>\n<p>Vermeer\u2019s subjects focus on daily domestic activities, from letter writing to music playing to preparations in the kitchen. The scenes astound with their meticulous detail, majestic planes of light, and with Vermeer\u2019s extraordinary ability to draw out narrative intrigues. In such beloved paintings as Lady Standing at a Virginal, A Lady Writing a Letter with Her Maid and, most famously, the enigmatic, wide-eyed, and enchanting Girl with a Pearl Earring, Vermeer evokes not only the effects of substance and texture, but also the many stories and secrets that reside beneath the surface.<\/p>\n<p>Featuring all Vermeer\u2019s known works and succinct, accessible texts, this essential introduction explores Vermeer\u2019s leading place in art history and his unique ability to transform oil paint into a living, breathing scene of human life.<\/p>\n","protected":false},"excerpt":{"rendered":"<p>Though numbering just 35 known works, the \u0153uvre of Johannes Vermeer (1632\u20131675) is hailed as one of the most important and inspiring portfolios in art history. His paintings have prompted a New York Times bestseller, a film starring Scarlett Johansson, and record visitor numbers at art institutions from Amsterdam to Washington. Vermeer\u2019s subjects focus on&#8230;<\/p>\n","protected":false},"featured_media":15442,"comment_status":"closed","ping_status":"closed","template":"","meta":[],"product_brand":[],"product_cat":[4522],"product_tag":[154,524],"class_list":{"0":"post-15451","1":"product","2":"type-product","3":"status-publish","4":"has-post-thumbnail","6":"product_cat-art-en","7":"product_tag-monographs","8":"product_tag-painting-en","9":"pa_author_att-norbert-schneider-en","10":"pa_cover-hardcover","11":"pa_format-21-x-26-cm-en","12":"pa_isbn-9783836504898-en","13":"pa_language-eng","14":"pa_pages-96-en","15":"pa_published-2016-05-01-en","16":"pa_publisher-taschen-en-en","18":"first","19":"instock","20":"sold-individually","21":"shipping-taxable","22":"purchasable","23":"product-type-simple"},"yoast_head":"<!-- This site is optimized with the Yoast SEO plugin v27.4 - https:\/\/yoast.com\/product\/yoast-seo-wordpress\/ -->\n<title>Vermeer. Basic Art Series (Norbert Schneider) - book \/ album - Folio<\/title>\n<meta name=\"description\" content=\"Wejd\u017a i kup ksi\u0105\u017ck\u0119 Vermeer. Basic Art Series autorstwa Norbert Schneider wydan\u0105 przez TASCHEN (2016-05-01) w formacie 21 x 26 cm (ISBN: 9783836504898). Zapraszamy!\" \/>\n<meta name=\"robots\" content=\"index, follow, max-snippet:-1, max-image-preview:large, max-video-preview:-1\" \/>\n<link rel=\"canonical\" href=\"https:\/\/foliobooks.pl\/en\/shop\/vermeer-basic-art-series\/\" \/>\n<meta property=\"og:locale\" content=\"en_US\" \/>\n<meta property=\"og:type\" content=\"article\" \/>\n<meta property=\"og:title\" content=\"Vermeer. Basic Art Series (Norbert Schneider) - book \/ album - Folio\" \/>\n<meta property=\"og:description\" content=\"Wejd\u017a i kup ksi\u0105\u017ck\u0119 Vermeer. Basic Art Series autorstwa Norbert Schneider wydan\u0105 przez TASCHEN (2016-05-01) w formacie 21 x 26 cm (ISBN: 9783836504898). Zapraszamy!\" \/>\n<meta property=\"og:url\" content=\"https:\/\/foliobooks.pl\/en\/shop\/vermeer-basic-art-series\/\" \/>\n<meta property=\"og:site_name\" content=\"Folio\" \/>\n<meta property=\"article:modified_time\" content=\"2025-06-18T16:10:41+00:00\" \/>\n<meta property=\"og:image\" content=\"https:\/\/foliobooks.pl\/wp-content\/uploads\/2016\/08\/9783836504898.png\" \/>\n\t<meta property=\"og:image:width\" content=\"570\" \/>\n\t<meta property=\"og:image:height\" content=\"708\" \/>\n\t<meta property=\"og:image:type\" content=\"image\/png\" \/>\n<meta name=\"twitter:card\" content=\"summary_large_image\" \/>\n<meta name=\"twitter:label1\" content=\"Est. reading time\" \/>\n\t<meta name=\"twitter:data1\" content=\"1 minute\" \/>\n<script type=\"application\/ld+json\" class=\"yoast-schema-graph\">{\"@context\":\"https:\\\/\\\/schema.org\",\"@graph\":[{\"@type\":\"WebPage\",\"@id\":\"https:\\\/\\\/foliobooks.pl\\\/en\\\/shop\\\/vermeer-basic-art-series\\\/\",\"url\":\"https:\\\/\\\/foliobooks.pl\\\/en\\\/shop\\\/vermeer-basic-art-series\\\/\",\"name\":\"Vermeer. Basic Art Series (Norbert Schneider) - book \\\/ album - Folio\",\"isPartOf\":{\"@id\":\"https:\\\/\\\/foliobooks.pl\\\/en\\\/#website\"},\"primaryImageOfPage\":{\"@id\":\"https:\\\/\\\/foliobooks.pl\\\/en\\\/shop\\\/vermeer-basic-art-series\\\/#primaryimage\"},\"image\":{\"@id\":\"https:\\\/\\\/foliobooks.pl\\\/en\\\/shop\\\/vermeer-basic-art-series\\\/#primaryimage\"},\"thumbnailUrl\":\"https:\\\/\\\/foliobooks.pl\\\/wp-content\\\/uploads\\\/2016\\\/08\\\/9783836504898.png\",\"datePublished\":\"2016-08-01T12:02:50+00:00\",\"dateModified\":\"2025-06-18T16:10:41+00:00\",\"description\":\"Wejd\u017a i kup ksi\u0105\u017ck\u0119 Vermeer. Basic Art Series autorstwa Norbert Schneider wydan\u0105 przez TASCHEN (2016-05-01) w formacie 21 x 26 cm (ISBN: 9783836504898). Zapraszamy!\",\"breadcrumb\":{\"@id\":\"https:\\\/\\\/foliobooks.pl\\\/en\\\/shop\\\/vermeer-basic-art-series\\\/#breadcrumb\"},\"inLanguage\":\"en-US\",\"potentialAction\":[{\"@type\":\"ReadAction\",\"target\":[\"https:\\\/\\\/foliobooks.pl\\\/en\\\/shop\\\/vermeer-basic-art-series\\\/\"]}]},{\"@type\":\"ImageObject\",\"inLanguage\":\"en-US\",\"@id\":\"https:\\\/\\\/foliobooks.pl\\\/en\\\/shop\\\/vermeer-basic-art-series\\\/#primaryimage\",\"url\":\"https:\\\/\\\/foliobooks.pl\\\/wp-content\\\/uploads\\\/2016\\\/08\\\/9783836504898.png\",\"contentUrl\":\"https:\\\/\\\/foliobooks.pl\\\/wp-content\\\/uploads\\\/2016\\\/08\\\/9783836504898.png\",\"width\":570,\"height\":708},{\"@type\":\"BreadcrumbList\",\"@id\":\"https:\\\/\\\/foliobooks.pl\\\/en\\\/shop\\\/vermeer-basic-art-series\\\/#breadcrumb\",\"itemListElement\":[{\"@type\":\"ListItem\",\"position\":1,\"name\":\"Strona g\u0142\u00f3wna\",\"item\":\"https:\\\/\\\/foliobooks.pl\\\/en\\\/\"},{\"@type\":\"ListItem\",\"position\":2,\"name\":\"Shop\",\"item\":\"https:\\\/\\\/foliobooks.pl\\\/en\\\/shop\\\/\"},{\"@type\":\"ListItem\",\"position\":3,\"name\":\"Vermeer. Basic Art Series\"}]},{\"@type\":\"WebSite\",\"@id\":\"https:\\\/\\\/foliobooks.pl\\\/en\\\/#website\",\"url\":\"https:\\\/\\\/foliobooks.pl\\\/en\\\/\",\"name\":\"Folio\",\"description\":\"Ksi\u0119garnia internetowa\",\"potentialAction\":[{\"@type\":\"SearchAction\",\"target\":{\"@type\":\"EntryPoint\",\"urlTemplate\":\"https:\\\/\\\/foliobooks.pl\\\/en\\\/?s={search_term_string}\"},\"query-input\":{\"@type\":\"PropertyValueSpecification\",\"valueRequired\":true,\"valueName\":\"search_term_string\"}}],\"inLanguage\":\"en-US\"}]}<\/script>\n<!-- \/ Yoast SEO plugin. -->","yoast_head_json":{"title":"Vermeer. Basic Art Series (Norbert Schneider) - book \/ album - Folio","description":"Wejd\u017a i kup ksi\u0105\u017ck\u0119 Vermeer. Basic Art Series autorstwa Norbert Schneider wydan\u0105 przez TASCHEN (2016-05-01) w formacie 21 x 26 cm (ISBN: 9783836504898). Zapraszamy!","robots":{"index":"index","follow":"follow","max-snippet":"max-snippet:-1","max-image-preview":"max-image-preview:large","max-video-preview":"max-video-preview:-1"},"canonical":"https:\/\/foliobooks.pl\/en\/shop\/vermeer-basic-art-series\/","og_locale":"en_US","og_type":"article","og_title":"Vermeer. Basic Art Series (Norbert Schneider) - book \/ album - Folio","og_description":"Wejd\u017a i kup ksi\u0105\u017ck\u0119 Vermeer. Basic Art Series autorstwa Norbert Schneider wydan\u0105 przez TASCHEN (2016-05-01) w formacie 21 x 26 cm (ISBN: 9783836504898). Zapraszamy!","og_url":"https:\/\/foliobooks.pl\/en\/shop\/vermeer-basic-art-series\/","og_site_name":"Folio","article_modified_time":"2025-06-18T16:10:41+00:00","og_image":[{"width":570,"height":708,"url":"https:\/\/foliobooks.pl\/wp-content\/uploads\/2016\/08\/9783836504898.png","type":"image\/png"}],"twitter_card":"summary_large_image","twitter_misc":{"Est. reading time":"1 minute"},"schema":{"@context":"https:\/\/schema.org","@graph":[{"@type":"WebPage","@id":"https:\/\/foliobooks.pl\/en\/shop\/vermeer-basic-art-series\/","url":"https:\/\/foliobooks.pl\/en\/shop\/vermeer-basic-art-series\/","name":"Vermeer. Basic Art Series (Norbert Schneider) - book \/ album - Folio","isPartOf":{"@id":"https:\/\/foliobooks.pl\/en\/#website"},"primaryImageOfPage":{"@id":"https:\/\/foliobooks.pl\/en\/shop\/vermeer-basic-art-series\/#primaryimage"},"image":{"@id":"https:\/\/foliobooks.pl\/en\/shop\/vermeer-basic-art-series\/#primaryimage"},"thumbnailUrl":"https:\/\/foliobooks.pl\/wp-content\/uploads\/2016\/08\/9783836504898.png","datePublished":"2016-08-01T12:02:50+00:00","dateModified":"2025-06-18T16:10:41+00:00","description":"Wejd\u017a i kup ksi\u0105\u017ck\u0119 Vermeer. Basic Art Series autorstwa Norbert Schneider wydan\u0105 przez TASCHEN (2016-05-01) w formacie 21 x 26 cm (ISBN: 9783836504898). Zapraszamy!","breadcrumb":{"@id":"https:\/\/foliobooks.pl\/en\/shop\/vermeer-basic-art-series\/#breadcrumb"},"inLanguage":"en-US","potentialAction":[{"@type":"ReadAction","target":["https:\/\/foliobooks.pl\/en\/shop\/vermeer-basic-art-series\/"]}]},{"@type":"ImageObject","inLanguage":"en-US","@id":"https:\/\/foliobooks.pl\/en\/shop\/vermeer-basic-art-series\/#primaryimage","url":"https:\/\/foliobooks.pl\/wp-content\/uploads\/2016\/08\/9783836504898.png","contentUrl":"https:\/\/foliobooks.pl\/wp-content\/uploads\/2016\/08\/9783836504898.png","width":570,"height":708},{"@type":"BreadcrumbList","@id":"https:\/\/foliobooks.pl\/en\/shop\/vermeer-basic-art-series\/#breadcrumb","itemListElement":[{"@type":"ListItem","position":1,"name":"Strona g\u0142\u00f3wna","item":"https:\/\/foliobooks.pl\/en\/"},{"@type":"ListItem","position":2,"name":"Shop","item":"https:\/\/foliobooks.pl\/en\/shop\/"},{"@type":"ListItem","position":3,"name":"Vermeer. Basic Art Series"}]},{"@type":"WebSite","@id":"https:\/\/foliobooks.pl\/en\/#website","url":"https:\/\/foliobooks.pl\/en\/","name":"Folio","description":"Ksi\u0119garnia internetowa","potentialAction":[{"@type":"SearchAction","target":{"@type":"EntryPoint","urlTemplate":"https:\/\/foliobooks.pl\/en\/?s={search_term_string}"},"query-input":{"@type":"PropertyValueSpecification","valueRequired":true,"valueName":"search_term_string"}}],"inLanguage":"en-US"}]}},"_links":{"self":[{"href":"https:\/\/foliobooks.pl\/en\/wp-json\/wp\/v2\/product\/15451","targetHints":{"allow":["GET"]}}],"collection":[{"href":"https:\/\/foliobooks.pl\/en\/wp-json\/wp\/v2\/product"}],"about":[{"href":"https:\/\/foliobooks.pl\/en\/wp-json\/wp\/v2\/types\/product"}],"replies":[{"embeddable":true,"href":"https:\/\/foliobooks.pl\/en\/wp-json\/wp\/v2\/comments?post=15451"}],"wp:featuredmedia":[{"embeddable":true,"href":"https:\/\/foliobooks.pl\/en\/wp-json\/wp\/v2\/media\/15442"}],"wp:attachment":[{"href":"https:\/\/foliobooks.pl\/en\/wp-json\/wp\/v2\/media?parent=15451"}],"wp:term":[{"taxonomy":"product_brand","embeddable":true,"href":"https:\/\/foliobooks.pl\/en\/wp-json\/wp\/v2\/product_brand?post=15451"},{"taxonomy":"product_cat","embeddable":true,"href":"https:\/\/foliobooks.pl\/en\/wp-json\/wp\/v2\/product_cat?post=15451"},{"taxonomy":"product_tag","embeddable":true,"href":"https:\/\/foliobooks.pl\/en\/wp-json\/wp\/v2\/product_tag?post=15451"}],"curies":[{"name":"wp","href":"https:\/\/api.w.org\/{rel}","templated":true}]}}