{"id":15415,"date":"2016-08-01T13:47:26","date_gmt":"2016-08-01T11:47:26","guid":{"rendered":"http:\/\/foliobooks.pl\/en\/sklep\/okeeffe-basic-art-series\/"},"modified":"2022-10-05T12:40:30","modified_gmt":"2022-10-05T10:40:30","slug":"okeeffe-basic-art-series","status":"publish","type":"product","link":"https:\/\/foliobooks.pl\/en\/shop\/okeeffe-basic-art-series\/","title":{"rendered":"O&#8217;Keeffe. Basic Art Series"},"content":{"rendered":"<p>Georgia O\u2019Keeffe (1887\u20131986) was a major figure in modern American art for some seven decades. Importantly, her fame was not associated with shifting art styles and trends, but rather with her own unique vision, based on finding essential and abstract forms in nature.<\/p>\n<p>O\u2019Keeffe\u2019s primary subjects were landscapes, flowers, and bones, each explored in successive series over several years. Certain works went on for decades, producing 12 or more variations of an original image. Among these, O\u2019Keeffe\u2019s magnified pictures of calla lilies and irises are her most famous. Enlarging the tiniest petals to fill an entire canvas, O\u2019Keeffe created a proto-abstract vocabulary of shapes and lines, earning her the moniker \u201cmother of American modernism.\u201d In 1946, O\u2019Keeffe became the first female artist to be given a solo show at the MoMA in New York.<\/p>\n<p>This introductory book from TASCHEN Basic Art 2.0 traces O\u2019Keeffe\u2019s long and luminous career through key paintings, contemporary photographs, and portraits taken by Alfred Stieglitz, to whom O\u2019Keeffe was married. We follow the artist through her pioneering innovations, major breakthroughs, and her travels and inspirations in Southeast Asia, India, the Middle East, and, above all, New Mexico, where she was particularly inspired by the majestic landscapes, vivid colors and exotic vegetation.<\/p>\n","protected":false},"excerpt":{"rendered":"<p>Georgia O\u2019Keeffe (1887\u20131986) was a major figure in modern American art for some seven decades. Importantly, her fame was not associated with shifting art styles and trends, but rather with her own unique vision, based on finding essential and abstract forms in nature. O\u2019Keeffe\u2019s primary subjects were landscapes, flowers, and bones, each explored in successive&#8230;<\/p>\n","protected":false},"featured_media":15406,"comment_status":"closed","ping_status":"closed","template":"","meta":[],"product_brand":[],"product_cat":[4522],"product_tag":[154,524],"class_list":{"0":"post-15415","1":"product","2":"type-product","3":"status-publish","4":"has-post-thumbnail","6":"product_cat-art-en","7":"product_tag-monographs","8":"product_tag-painting-en","9":"pa_author_att-britta-benke-en","10":"pa_cover-hardcover","11":"pa_format-21-x-26-cm-en","12":"pa_isbn-9783836542319-en","13":"pa_language-eng","14":"pa_pages-96-en","15":"pa_published-2016-07-31-en","16":"pa_publisher-taschen-en-en","18":"first","19":"outofstock","20":"sold-individually","21":"shipping-taxable","22":"purchasable","23":"product-type-simple"},"yoast_head":"<!-- This site is optimized with the Yoast SEO plugin v27.4 - https:\/\/yoast.com\/product\/yoast-seo-wordpress\/ -->\n<title>O&#039;Keeffe. Basic Art Series (Britta Benke) - book \/ album - Folio<\/title>\n<meta name=\"description\" content=\"Wejd\u017a i kup ksi\u0105\u017ck\u0119 O&#039;Keeffe. Basic Art Series autorstwa Britta Benke wydan\u0105 przez TASCHEN (2016-07-31) w formacie 21 x 26 cm (ISBN: 9783836542319). Zapraszamy!\" \/>\n<meta name=\"robots\" content=\"index, follow, max-snippet:-1, max-image-preview:large, max-video-preview:-1\" \/>\n<link rel=\"canonical\" href=\"https:\/\/foliobooks.pl\/en\/shop\/okeeffe-basic-art-series\/\" \/>\n<meta property=\"og:locale\" content=\"en_US\" \/>\n<meta property=\"og:type\" content=\"article\" \/>\n<meta property=\"og:title\" content=\"O&#039;Keeffe. Basic Art Series (Britta Benke) - book \/ album - Folio\" \/>\n<meta property=\"og:description\" content=\"Wejd\u017a i kup ksi\u0105\u017ck\u0119 O&#039;Keeffe. Basic Art Series autorstwa Britta Benke wydan\u0105 przez TASCHEN (2016-07-31) w formacie 21 x 26 cm (ISBN: 9783836542319). Zapraszamy!\" \/>\n<meta property=\"og:url\" content=\"https:\/\/foliobooks.pl\/en\/shop\/okeeffe-basic-art-series\/\" \/>\n<meta property=\"og:site_name\" content=\"Folio\" \/>\n<meta property=\"article:modified_time\" content=\"2022-10-05T10:40:30+00:00\" \/>\n<meta property=\"og:image\" content=\"https:\/\/foliobooks.pl\/wp-content\/uploads\/2016\/08\/9783836542319.png\" \/>\n\t<meta property=\"og:image:width\" content=\"570\" \/>\n\t<meta property=\"og:image:height\" content=\"708\" \/>\n\t<meta property=\"og:image:type\" content=\"image\/png\" \/>\n<meta name=\"twitter:card\" content=\"summary_large_image\" \/>\n<meta name=\"twitter:label1\" content=\"Est. reading time\" \/>\n\t<meta name=\"twitter:data1\" content=\"1 minute\" \/>\n<script type=\"application\/ld+json\" class=\"yoast-schema-graph\">{\"@context\":\"https:\\\/\\\/schema.org\",\"@graph\":[{\"@type\":\"WebPage\",\"@id\":\"https:\\\/\\\/foliobooks.pl\\\/en\\\/shop\\\/okeeffe-basic-art-series\\\/\",\"url\":\"https:\\\/\\\/foliobooks.pl\\\/en\\\/shop\\\/okeeffe-basic-art-series\\\/\",\"name\":\"O'Keeffe. Basic Art Series (Britta Benke) - book \\\/ album - Folio\",\"isPartOf\":{\"@id\":\"https:\\\/\\\/foliobooks.pl\\\/en\\\/#website\"},\"primaryImageOfPage\":{\"@id\":\"https:\\\/\\\/foliobooks.pl\\\/en\\\/shop\\\/okeeffe-basic-art-series\\\/#primaryimage\"},\"image\":{\"@id\":\"https:\\\/\\\/foliobooks.pl\\\/en\\\/shop\\\/okeeffe-basic-art-series\\\/#primaryimage\"},\"thumbnailUrl\":\"https:\\\/\\\/foliobooks.pl\\\/wp-content\\\/uploads\\\/2016\\\/08\\\/9783836542319.png\",\"datePublished\":\"2016-08-01T11:47:26+00:00\",\"dateModified\":\"2022-10-05T10:40:30+00:00\",\"description\":\"Wejd\u017a i kup ksi\u0105\u017ck\u0119 O'Keeffe. Basic Art Series autorstwa Britta Benke wydan\u0105 przez TASCHEN (2016-07-31) w formacie 21 x 26 cm (ISBN: 9783836542319). Zapraszamy!\",\"breadcrumb\":{\"@id\":\"https:\\\/\\\/foliobooks.pl\\\/en\\\/shop\\\/okeeffe-basic-art-series\\\/#breadcrumb\"},\"inLanguage\":\"en-US\",\"potentialAction\":[{\"@type\":\"ReadAction\",\"target\":[\"https:\\\/\\\/foliobooks.pl\\\/en\\\/shop\\\/okeeffe-basic-art-series\\\/\"]}]},{\"@type\":\"ImageObject\",\"inLanguage\":\"en-US\",\"@id\":\"https:\\\/\\\/foliobooks.pl\\\/en\\\/shop\\\/okeeffe-basic-art-series\\\/#primaryimage\",\"url\":\"https:\\\/\\\/foliobooks.pl\\\/wp-content\\\/uploads\\\/2016\\\/08\\\/9783836542319.png\",\"contentUrl\":\"https:\\\/\\\/foliobooks.pl\\\/wp-content\\\/uploads\\\/2016\\\/08\\\/9783836542319.png\",\"width\":570,\"height\":708},{\"@type\":\"BreadcrumbList\",\"@id\":\"https:\\\/\\\/foliobooks.pl\\\/en\\\/shop\\\/okeeffe-basic-art-series\\\/#breadcrumb\",\"itemListElement\":[{\"@type\":\"ListItem\",\"position\":1,\"name\":\"Strona g\u0142\u00f3wna\",\"item\":\"https:\\\/\\\/foliobooks.pl\\\/en\\\/\"},{\"@type\":\"ListItem\",\"position\":2,\"name\":\"Shop\",\"item\":\"https:\\\/\\\/foliobooks.pl\\\/en\\\/shop\\\/\"},{\"@type\":\"ListItem\",\"position\":3,\"name\":\"O&#8217;Keeffe. Basic Art Series\"}]},{\"@type\":\"WebSite\",\"@id\":\"https:\\\/\\\/foliobooks.pl\\\/en\\\/#website\",\"url\":\"https:\\\/\\\/foliobooks.pl\\\/en\\\/\",\"name\":\"Folio\",\"description\":\"Ksi\u0119garnia internetowa\",\"potentialAction\":[{\"@type\":\"SearchAction\",\"target\":{\"@type\":\"EntryPoint\",\"urlTemplate\":\"https:\\\/\\\/foliobooks.pl\\\/en\\\/?s={search_term_string}\"},\"query-input\":{\"@type\":\"PropertyValueSpecification\",\"valueRequired\":true,\"valueName\":\"search_term_string\"}}],\"inLanguage\":\"en-US\"}]}<\/script>\n<!-- \/ Yoast SEO plugin. -->","yoast_head_json":{"title":"O'Keeffe. Basic Art Series (Britta Benke) - book \/ album - Folio","description":"Wejd\u017a i kup ksi\u0105\u017ck\u0119 O'Keeffe. Basic Art Series autorstwa Britta Benke wydan\u0105 przez TASCHEN (2016-07-31) w formacie 21 x 26 cm (ISBN: 9783836542319). Zapraszamy!","robots":{"index":"index","follow":"follow","max-snippet":"max-snippet:-1","max-image-preview":"max-image-preview:large","max-video-preview":"max-video-preview:-1"},"canonical":"https:\/\/foliobooks.pl\/en\/shop\/okeeffe-basic-art-series\/","og_locale":"en_US","og_type":"article","og_title":"O'Keeffe. Basic Art Series (Britta Benke) - book \/ album - Folio","og_description":"Wejd\u017a i kup ksi\u0105\u017ck\u0119 O'Keeffe. Basic Art Series autorstwa Britta Benke wydan\u0105 przez TASCHEN (2016-07-31) w formacie 21 x 26 cm (ISBN: 9783836542319). Zapraszamy!","og_url":"https:\/\/foliobooks.pl\/en\/shop\/okeeffe-basic-art-series\/","og_site_name":"Folio","article_modified_time":"2022-10-05T10:40:30+00:00","og_image":[{"width":570,"height":708,"url":"https:\/\/foliobooks.pl\/wp-content\/uploads\/2016\/08\/9783836542319.png","type":"image\/png"}],"twitter_card":"summary_large_image","twitter_misc":{"Est. reading time":"1 minute"},"schema":{"@context":"https:\/\/schema.org","@graph":[{"@type":"WebPage","@id":"https:\/\/foliobooks.pl\/en\/shop\/okeeffe-basic-art-series\/","url":"https:\/\/foliobooks.pl\/en\/shop\/okeeffe-basic-art-series\/","name":"O'Keeffe. Basic Art Series (Britta Benke) - book \/ album - Folio","isPartOf":{"@id":"https:\/\/foliobooks.pl\/en\/#website"},"primaryImageOfPage":{"@id":"https:\/\/foliobooks.pl\/en\/shop\/okeeffe-basic-art-series\/#primaryimage"},"image":{"@id":"https:\/\/foliobooks.pl\/en\/shop\/okeeffe-basic-art-series\/#primaryimage"},"thumbnailUrl":"https:\/\/foliobooks.pl\/wp-content\/uploads\/2016\/08\/9783836542319.png","datePublished":"2016-08-01T11:47:26+00:00","dateModified":"2022-10-05T10:40:30+00:00","description":"Wejd\u017a i kup ksi\u0105\u017ck\u0119 O'Keeffe. Basic Art Series autorstwa Britta Benke wydan\u0105 przez TASCHEN (2016-07-31) w formacie 21 x 26 cm (ISBN: 9783836542319). Zapraszamy!","breadcrumb":{"@id":"https:\/\/foliobooks.pl\/en\/shop\/okeeffe-basic-art-series\/#breadcrumb"},"inLanguage":"en-US","potentialAction":[{"@type":"ReadAction","target":["https:\/\/foliobooks.pl\/en\/shop\/okeeffe-basic-art-series\/"]}]},{"@type":"ImageObject","inLanguage":"en-US","@id":"https:\/\/foliobooks.pl\/en\/shop\/okeeffe-basic-art-series\/#primaryimage","url":"https:\/\/foliobooks.pl\/wp-content\/uploads\/2016\/08\/9783836542319.png","contentUrl":"https:\/\/foliobooks.pl\/wp-content\/uploads\/2016\/08\/9783836542319.png","width":570,"height":708},{"@type":"BreadcrumbList","@id":"https:\/\/foliobooks.pl\/en\/shop\/okeeffe-basic-art-series\/#breadcrumb","itemListElement":[{"@type":"ListItem","position":1,"name":"Strona g\u0142\u00f3wna","item":"https:\/\/foliobooks.pl\/en\/"},{"@type":"ListItem","position":2,"name":"Shop","item":"https:\/\/foliobooks.pl\/en\/shop\/"},{"@type":"ListItem","position":3,"name":"O&#8217;Keeffe. Basic Art Series"}]},{"@type":"WebSite","@id":"https:\/\/foliobooks.pl\/en\/#website","url":"https:\/\/foliobooks.pl\/en\/","name":"Folio","description":"Ksi\u0119garnia internetowa","potentialAction":[{"@type":"SearchAction","target":{"@type":"EntryPoint","urlTemplate":"https:\/\/foliobooks.pl\/en\/?s={search_term_string}"},"query-input":{"@type":"PropertyValueSpecification","valueRequired":true,"valueName":"search_term_string"}}],"inLanguage":"en-US"}]}},"_links":{"self":[{"href":"https:\/\/foliobooks.pl\/en\/wp-json\/wp\/v2\/product\/15415","targetHints":{"allow":["GET"]}}],"collection":[{"href":"https:\/\/foliobooks.pl\/en\/wp-json\/wp\/v2\/product"}],"about":[{"href":"https:\/\/foliobooks.pl\/en\/wp-json\/wp\/v2\/types\/product"}],"replies":[{"embeddable":true,"href":"https:\/\/foliobooks.pl\/en\/wp-json\/wp\/v2\/comments?post=15415"}],"wp:featuredmedia":[{"embeddable":true,"href":"https:\/\/foliobooks.pl\/en\/wp-json\/wp\/v2\/media\/15406"}],"wp:attachment":[{"href":"https:\/\/foliobooks.pl\/en\/wp-json\/wp\/v2\/media?parent=15415"}],"wp:term":[{"taxonomy":"product_brand","embeddable":true,"href":"https:\/\/foliobooks.pl\/en\/wp-json\/wp\/v2\/product_brand?post=15415"},{"taxonomy":"product_cat","embeddable":true,"href":"https:\/\/foliobooks.pl\/en\/wp-json\/wp\/v2\/product_cat?post=15415"},{"taxonomy":"product_tag","embeddable":true,"href":"https:\/\/foliobooks.pl\/en\/wp-json\/wp\/v2\/product_tag?post=15415"}],"curies":[{"name":"wp","href":"https:\/\/api.w.org\/{rel}","templated":true}]}}