{"id":15379,"date":"2016-08-01T13:32:17","date_gmt":"2016-08-01T11:32:17","guid":{"rendered":"http:\/\/foliobooks.pl\/en\/sklep\/zaha-hadid-basic-architecture-series\/"},"modified":"2023-06-02T16:26:08","modified_gmt":"2023-06-02T14:26:08","slug":"zaha-hadid-basic-architecture-series","status":"publish","type":"product","link":"https:\/\/foliobooks.pl\/en\/shop\/zaha-hadid-basic-architecture-series\/","title":{"rendered":"Zaha Hadid. Basic Architecture Series"},"content":{"rendered":"<p>Zaha Hadid was a revolutionary architect, who for many years built almost nothing, despite winning critical acclaim. Some even said her audacious, futuristic designs were unbuildable.<\/p>\n<p>During the latter years of her life, Hadid\u2019s daring visions became a reality, bringing a unique new architectural language to cities and structures as varied as the Rosenthal Center for Contemporary Art in Cincinnati, hailed by The New York Times as \u201cthe most important new building in America since the Cold War;\u201d the MAXXI Museum in Rome; the Guangzhou Opera House in China; and the London 2012 Olympics Aquatics Centre.<\/p>\n<p>At the time of her unexpected death in 2016, Hadid was firmly established among the elite of world architecture, recognized as the first woman to win both the Pritzker Prize for architecture and the RIBA Royal Gold Medal, but above all as a giver of new forms, the first great architect of the noughties.<\/p>\n<p>From her early sharply angled buildings to later more fluid architecture that made floors, ceilings, walls, and furniture part of an overall design, this essential introduction presents key examples of Hadid\u2019s pioneering practice. She was an artist, as much as an architect, who fought to break the old rules and crafted her own 21st-century universe.<\/p>\n","protected":false},"excerpt":{"rendered":"<p>Zaha Hadid was a revolutionary architect, who for many years built almost nothing, despite winning critical acclaim. Some even said her audacious, futuristic designs were unbuildable. During the latter years of her life, Hadid\u2019s daring visions became a reality, bringing a unique new architectural language to cities and structures as varied as the Rosenthal Center&#8230;<\/p>\n","protected":false},"featured_media":15370,"comment_status":"closed","ping_status":"closed","template":"","meta":[],"product_brand":[],"product_cat":[4516],"product_tag":[1126,154],"class_list":{"0":"post-15379","1":"product","2":"type-product","3":"status-publish","4":"has-post-thumbnail","6":"product_cat-architecture-en","7":"product_tag-architects-en","8":"product_tag-monographs","9":"pa_author_att-philip-jodidio-en","10":"pa_cover-hardcover","11":"pa_format-21-x-26-cm-en","12":"pa_isbn-9783836536356-en","13":"pa_language-eng","14":"pa_pages-96-en","15":"pa_published-2016-07-31-en","16":"pa_publisher-taschen-en-en","18":"first","19":"instock","20":"sold-individually","21":"shipping-taxable","22":"purchasable","23":"product-type-simple"},"yoast_head":"<!-- This site is optimized with the Yoast SEO plugin v27.4 - https:\/\/yoast.com\/product\/yoast-seo-wordpress\/ -->\n<title>Zaha Hadid. Basic Architecture Series (Philip Jodidio) - book \/ album - Folio<\/title>\n<meta name=\"description\" content=\"Wejd\u017a i kup ksi\u0105\u017ck\u0119 Zaha Hadid. Basic Architecture Series autorstwa Philip Jodidio wydan\u0105 przez TASCHEN (2016-07-31) w formacie 21 x 26 cm (ISBN: 9783836536356). Zapraszamy!\" \/>\n<meta name=\"robots\" content=\"index, follow, max-snippet:-1, max-image-preview:large, max-video-preview:-1\" \/>\n<link rel=\"canonical\" href=\"https:\/\/foliobooks.pl\/en\/shop\/zaha-hadid-basic-architecture-series\/\" \/>\n<meta property=\"og:locale\" content=\"en_US\" \/>\n<meta property=\"og:type\" content=\"article\" \/>\n<meta property=\"og:title\" content=\"Zaha Hadid. Basic Architecture Series (Philip Jodidio) - book \/ album - Folio\" \/>\n<meta property=\"og:description\" content=\"Wejd\u017a i kup ksi\u0105\u017ck\u0119 Zaha Hadid. Basic Architecture Series autorstwa Philip Jodidio wydan\u0105 przez TASCHEN (2016-07-31) w formacie 21 x 26 cm (ISBN: 9783836536356). Zapraszamy!\" \/>\n<meta property=\"og:url\" content=\"https:\/\/foliobooks.pl\/en\/shop\/zaha-hadid-basic-architecture-series\/\" \/>\n<meta property=\"og:site_name\" content=\"Folio\" \/>\n<meta property=\"article:modified_time\" content=\"2023-06-02T14:26:08+00:00\" \/>\n<meta property=\"og:image\" content=\"https:\/\/foliobooks.pl\/wp-content\/uploads\/2016\/08\/9783836536356.png\" \/>\n\t<meta property=\"og:image:width\" content=\"570\" \/>\n\t<meta property=\"og:image:height\" content=\"708\" \/>\n\t<meta property=\"og:image:type\" content=\"image\/png\" \/>\n<meta name=\"twitter:card\" content=\"summary_large_image\" \/>\n<meta name=\"twitter:label1\" content=\"Est. reading time\" \/>\n\t<meta name=\"twitter:data1\" content=\"1 minute\" \/>\n<script type=\"application\/ld+json\" class=\"yoast-schema-graph\">{\"@context\":\"https:\\\/\\\/schema.org\",\"@graph\":[{\"@type\":\"WebPage\",\"@id\":\"https:\\\/\\\/foliobooks.pl\\\/en\\\/shop\\\/zaha-hadid-basic-architecture-series\\\/\",\"url\":\"https:\\\/\\\/foliobooks.pl\\\/en\\\/shop\\\/zaha-hadid-basic-architecture-series\\\/\",\"name\":\"Zaha Hadid. Basic Architecture Series (Philip Jodidio) - book \\\/ album - Folio\",\"isPartOf\":{\"@id\":\"https:\\\/\\\/foliobooks.pl\\\/en\\\/#website\"},\"primaryImageOfPage\":{\"@id\":\"https:\\\/\\\/foliobooks.pl\\\/en\\\/shop\\\/zaha-hadid-basic-architecture-series\\\/#primaryimage\"},\"image\":{\"@id\":\"https:\\\/\\\/foliobooks.pl\\\/en\\\/shop\\\/zaha-hadid-basic-architecture-series\\\/#primaryimage\"},\"thumbnailUrl\":\"https:\\\/\\\/foliobooks.pl\\\/wp-content\\\/uploads\\\/2016\\\/08\\\/9783836536356.png\",\"datePublished\":\"2016-08-01T11:32:17+00:00\",\"dateModified\":\"2023-06-02T14:26:08+00:00\",\"description\":\"Wejd\u017a i kup ksi\u0105\u017ck\u0119 Zaha Hadid. Basic Architecture Series autorstwa Philip Jodidio wydan\u0105 przez TASCHEN (2016-07-31) w formacie 21 x 26 cm (ISBN: 9783836536356). Zapraszamy!\",\"breadcrumb\":{\"@id\":\"https:\\\/\\\/foliobooks.pl\\\/en\\\/shop\\\/zaha-hadid-basic-architecture-series\\\/#breadcrumb\"},\"inLanguage\":\"en-US\",\"potentialAction\":[{\"@type\":\"ReadAction\",\"target\":[\"https:\\\/\\\/foliobooks.pl\\\/en\\\/shop\\\/zaha-hadid-basic-architecture-series\\\/\"]}]},{\"@type\":\"ImageObject\",\"inLanguage\":\"en-US\",\"@id\":\"https:\\\/\\\/foliobooks.pl\\\/en\\\/shop\\\/zaha-hadid-basic-architecture-series\\\/#primaryimage\",\"url\":\"https:\\\/\\\/foliobooks.pl\\\/wp-content\\\/uploads\\\/2016\\\/08\\\/9783836536356.png\",\"contentUrl\":\"https:\\\/\\\/foliobooks.pl\\\/wp-content\\\/uploads\\\/2016\\\/08\\\/9783836536356.png\",\"width\":570,\"height\":708},{\"@type\":\"BreadcrumbList\",\"@id\":\"https:\\\/\\\/foliobooks.pl\\\/en\\\/shop\\\/zaha-hadid-basic-architecture-series\\\/#breadcrumb\",\"itemListElement\":[{\"@type\":\"ListItem\",\"position\":1,\"name\":\"Strona g\u0142\u00f3wna\",\"item\":\"https:\\\/\\\/foliobooks.pl\\\/en\\\/\"},{\"@type\":\"ListItem\",\"position\":2,\"name\":\"Shop\",\"item\":\"https:\\\/\\\/foliobooks.pl\\\/en\\\/shop\\\/\"},{\"@type\":\"ListItem\",\"position\":3,\"name\":\"Zaha Hadid. Basic Architecture Series\"}]},{\"@type\":\"WebSite\",\"@id\":\"https:\\\/\\\/foliobooks.pl\\\/en\\\/#website\",\"url\":\"https:\\\/\\\/foliobooks.pl\\\/en\\\/\",\"name\":\"Folio\",\"description\":\"Ksi\u0119garnia internetowa\",\"potentialAction\":[{\"@type\":\"SearchAction\",\"target\":{\"@type\":\"EntryPoint\",\"urlTemplate\":\"https:\\\/\\\/foliobooks.pl\\\/en\\\/?s={search_term_string}\"},\"query-input\":{\"@type\":\"PropertyValueSpecification\",\"valueRequired\":true,\"valueName\":\"search_term_string\"}}],\"inLanguage\":\"en-US\"}]}<\/script>\n<!-- \/ Yoast SEO plugin. -->","yoast_head_json":{"title":"Zaha Hadid. Basic Architecture Series (Philip Jodidio) - book \/ album - Folio","description":"Wejd\u017a i kup ksi\u0105\u017ck\u0119 Zaha Hadid. Basic Architecture Series autorstwa Philip Jodidio wydan\u0105 przez TASCHEN (2016-07-31) w formacie 21 x 26 cm (ISBN: 9783836536356). Zapraszamy!","robots":{"index":"index","follow":"follow","max-snippet":"max-snippet:-1","max-image-preview":"max-image-preview:large","max-video-preview":"max-video-preview:-1"},"canonical":"https:\/\/foliobooks.pl\/en\/shop\/zaha-hadid-basic-architecture-series\/","og_locale":"en_US","og_type":"article","og_title":"Zaha Hadid. Basic Architecture Series (Philip Jodidio) - book \/ album - Folio","og_description":"Wejd\u017a i kup ksi\u0105\u017ck\u0119 Zaha Hadid. Basic Architecture Series autorstwa Philip Jodidio wydan\u0105 przez TASCHEN (2016-07-31) w formacie 21 x 26 cm (ISBN: 9783836536356). Zapraszamy!","og_url":"https:\/\/foliobooks.pl\/en\/shop\/zaha-hadid-basic-architecture-series\/","og_site_name":"Folio","article_modified_time":"2023-06-02T14:26:08+00:00","og_image":[{"width":570,"height":708,"url":"https:\/\/foliobooks.pl\/wp-content\/uploads\/2016\/08\/9783836536356.png","type":"image\/png"}],"twitter_card":"summary_large_image","twitter_misc":{"Est. reading time":"1 minute"},"schema":{"@context":"https:\/\/schema.org","@graph":[{"@type":"WebPage","@id":"https:\/\/foliobooks.pl\/en\/shop\/zaha-hadid-basic-architecture-series\/","url":"https:\/\/foliobooks.pl\/en\/shop\/zaha-hadid-basic-architecture-series\/","name":"Zaha Hadid. Basic Architecture Series (Philip Jodidio) - book \/ album - Folio","isPartOf":{"@id":"https:\/\/foliobooks.pl\/en\/#website"},"primaryImageOfPage":{"@id":"https:\/\/foliobooks.pl\/en\/shop\/zaha-hadid-basic-architecture-series\/#primaryimage"},"image":{"@id":"https:\/\/foliobooks.pl\/en\/shop\/zaha-hadid-basic-architecture-series\/#primaryimage"},"thumbnailUrl":"https:\/\/foliobooks.pl\/wp-content\/uploads\/2016\/08\/9783836536356.png","datePublished":"2016-08-01T11:32:17+00:00","dateModified":"2023-06-02T14:26:08+00:00","description":"Wejd\u017a i kup ksi\u0105\u017ck\u0119 Zaha Hadid. Basic Architecture Series autorstwa Philip Jodidio wydan\u0105 przez TASCHEN (2016-07-31) w formacie 21 x 26 cm (ISBN: 9783836536356). Zapraszamy!","breadcrumb":{"@id":"https:\/\/foliobooks.pl\/en\/shop\/zaha-hadid-basic-architecture-series\/#breadcrumb"},"inLanguage":"en-US","potentialAction":[{"@type":"ReadAction","target":["https:\/\/foliobooks.pl\/en\/shop\/zaha-hadid-basic-architecture-series\/"]}]},{"@type":"ImageObject","inLanguage":"en-US","@id":"https:\/\/foliobooks.pl\/en\/shop\/zaha-hadid-basic-architecture-series\/#primaryimage","url":"https:\/\/foliobooks.pl\/wp-content\/uploads\/2016\/08\/9783836536356.png","contentUrl":"https:\/\/foliobooks.pl\/wp-content\/uploads\/2016\/08\/9783836536356.png","width":570,"height":708},{"@type":"BreadcrumbList","@id":"https:\/\/foliobooks.pl\/en\/shop\/zaha-hadid-basic-architecture-series\/#breadcrumb","itemListElement":[{"@type":"ListItem","position":1,"name":"Strona g\u0142\u00f3wna","item":"https:\/\/foliobooks.pl\/en\/"},{"@type":"ListItem","position":2,"name":"Shop","item":"https:\/\/foliobooks.pl\/en\/shop\/"},{"@type":"ListItem","position":3,"name":"Zaha Hadid. Basic Architecture Series"}]},{"@type":"WebSite","@id":"https:\/\/foliobooks.pl\/en\/#website","url":"https:\/\/foliobooks.pl\/en\/","name":"Folio","description":"Ksi\u0119garnia internetowa","potentialAction":[{"@type":"SearchAction","target":{"@type":"EntryPoint","urlTemplate":"https:\/\/foliobooks.pl\/en\/?s={search_term_string}"},"query-input":{"@type":"PropertyValueSpecification","valueRequired":true,"valueName":"search_term_string"}}],"inLanguage":"en-US"}]}},"_links":{"self":[{"href":"https:\/\/foliobooks.pl\/en\/wp-json\/wp\/v2\/product\/15379","targetHints":{"allow":["GET"]}}],"collection":[{"href":"https:\/\/foliobooks.pl\/en\/wp-json\/wp\/v2\/product"}],"about":[{"href":"https:\/\/foliobooks.pl\/en\/wp-json\/wp\/v2\/types\/product"}],"replies":[{"embeddable":true,"href":"https:\/\/foliobooks.pl\/en\/wp-json\/wp\/v2\/comments?post=15379"}],"wp:featuredmedia":[{"embeddable":true,"href":"https:\/\/foliobooks.pl\/en\/wp-json\/wp\/v2\/media\/15370"}],"wp:attachment":[{"href":"https:\/\/foliobooks.pl\/en\/wp-json\/wp\/v2\/media?parent=15379"}],"wp:term":[{"taxonomy":"product_brand","embeddable":true,"href":"https:\/\/foliobooks.pl\/en\/wp-json\/wp\/v2\/product_brand?post=15379"},{"taxonomy":"product_cat","embeddable":true,"href":"https:\/\/foliobooks.pl\/en\/wp-json\/wp\/v2\/product_cat?post=15379"},{"taxonomy":"product_tag","embeddable":true,"href":"https:\/\/foliobooks.pl\/en\/wp-json\/wp\/v2\/product_tag?post=15379"}],"curies":[{"name":"wp","href":"https:\/\/api.w.org\/{rel}","templated":true}]}}