{"id":15330,"date":"2016-08-01T11:46:37","date_gmt":"2016-08-01T09:46:37","guid":{"rendered":"http:\/\/foliobooks.pl\/en\/sklep\/calatrava-basic-architecture-series\/"},"modified":"2025-06-18T18:04:19","modified_gmt":"2025-06-18T16:04:19","slug":"calatrava-basic-architecture-series","status":"publish","type":"product","link":"https:\/\/foliobooks.pl\/en\/shop\/calatrava-basic-architecture-series\/","title":{"rendered":"Calatrava. Basic Architecture Series"},"content":{"rendered":"<p>Spanish visionary Santiago Calatrava is renowned around the world as an architect, structural engineer, sculptor, and artist. Famed for bridges as much as buildings, he has made his name with neofuturistic structures that combine deft engineering solutions with dramatic visual impact.<\/p>\n<p>From the Athens 2004 Olympic sports complex and the Museum of Tomorrow to the Peace Bridge in Calgary, Alamillo Bridge in Seville, and the Mujer Bridge in Buenos Aires, Calatrava\u2019s creations show particular interest in the meeting point of movement and balance. With influences ranging from NASA space design to da Vinci\u2019s nature studies, the structures dazzle with a sense of lightness, agility, and aerodynamism, but always with a graceful poise amid their particular surroundings.<\/p>\n<p>This compact introduction explores Calatrava\u2019s unique aesthetic with key projects from his career, from early breakthroughs to his most recent work. Through buildings of culture, science, faith, and across his many famous bridges, we explore his integration of organic forms and human movements, and a uniquely fluid futurism, soaring towards tomorrow.<\/p>\n","protected":false},"excerpt":{"rendered":"<p>Spanish visionary Santiago Calatrava is renowned around the world as an architect, structural engineer, sculptor, and artist. Famed for bridges as much as buildings, he has made his name with neofuturistic structures that combine deft engineering solutions with dramatic visual impact. From the Athens 2004 Olympic sports complex and the Museum of Tomorrow to the&#8230;<\/p>\n","protected":false},"featured_media":15321,"comment_status":"closed","ping_status":"closed","template":"","meta":[],"product_brand":[],"product_cat":[4516],"product_tag":[1126,154],"class_list":{"0":"post-15330","1":"product","2":"type-product","3":"status-publish","4":"has-post-thumbnail","6":"product_cat-architecture-en","7":"product_tag-architects-en","8":"product_tag-monographs","9":"pa_author_att-peter-gossel-en","10":"pa_author_att-philip-jodidio-en","11":"pa_cover-hardcover","12":"pa_format-21-x-26-cm-en","13":"pa_isbn-9783836535656-en","14":"pa_language-eng","15":"pa_pages-96-en","16":"pa_published-2016-07-31-en","17":"pa_publisher-taschen-en-en","19":"first","20":"instock","21":"sold-individually","22":"shipping-taxable","23":"purchasable","24":"product-type-simple"},"yoast_head":"<!-- This site is optimized with the Yoast SEO plugin v27.5 - https:\/\/yoast.com\/product\/yoast-seo-wordpress\/ -->\n<title>Calatrava. Basic Architecture Series (Peter G\u00f6ssel, Philip Jodidio) - book \/ album - Folio<\/title>\n<meta name=\"description\" content=\"Wejd\u017a i kup ksi\u0105\u017ck\u0119 Calatrava. Basic Architecture Series autorstwa Peter G\u00f6ssel, Philip Jodidio wydan\u0105 przez TASCHEN (2016-07-31) w formacie 21 x 26 cm (ISBN: 9783836535656). Zapraszamy!\" \/>\n<meta name=\"robots\" content=\"index, follow, max-snippet:-1, max-image-preview:large, max-video-preview:-1\" \/>\n<link rel=\"canonical\" href=\"https:\/\/foliobooks.pl\/en\/shop\/calatrava-basic-architecture-series\/\" \/>\n<meta property=\"og:locale\" content=\"en_US\" \/>\n<meta property=\"og:type\" content=\"article\" \/>\n<meta property=\"og:title\" content=\"Calatrava. Basic Architecture Series (Peter G\u00f6ssel, Philip Jodidio) - book \/ album - Folio\" \/>\n<meta property=\"og:description\" content=\"Wejd\u017a i kup ksi\u0105\u017ck\u0119 Calatrava. Basic Architecture Series autorstwa Peter G\u00f6ssel, Philip Jodidio wydan\u0105 przez TASCHEN (2016-07-31) w formacie 21 x 26 cm (ISBN: 9783836535656). Zapraszamy!\" \/>\n<meta property=\"og:url\" content=\"https:\/\/foliobooks.pl\/en\/shop\/calatrava-basic-architecture-series\/\" \/>\n<meta property=\"og:site_name\" content=\"Folio\" \/>\n<meta property=\"article:modified_time\" content=\"2025-06-18T16:04:19+00:00\" \/>\n<meta property=\"og:image\" content=\"https:\/\/foliobooks.pl\/wp-content\/uploads\/2016\/08\/9783836535656.png\" \/>\n\t<meta property=\"og:image:width\" content=\"570\" \/>\n\t<meta property=\"og:image:height\" content=\"708\" \/>\n\t<meta property=\"og:image:type\" content=\"image\/png\" \/>\n<meta name=\"twitter:card\" content=\"summary_large_image\" \/>\n<meta name=\"twitter:label1\" content=\"Est. reading time\" \/>\n\t<meta name=\"twitter:data1\" content=\"1 minute\" \/>\n<script type=\"application\/ld+json\" class=\"yoast-schema-graph\">{\"@context\":\"https:\\\/\\\/schema.org\",\"@graph\":[{\"@type\":\"WebPage\",\"@id\":\"https:\\\/\\\/foliobooks.pl\\\/en\\\/shop\\\/calatrava-basic-architecture-series\\\/\",\"url\":\"https:\\\/\\\/foliobooks.pl\\\/en\\\/shop\\\/calatrava-basic-architecture-series\\\/\",\"name\":\"Calatrava. Basic Architecture Series (Peter G\u00f6ssel, Philip Jodidio) - book \\\/ album - Folio\",\"isPartOf\":{\"@id\":\"https:\\\/\\\/foliobooks.pl\\\/en\\\/#website\"},\"primaryImageOfPage\":{\"@id\":\"https:\\\/\\\/foliobooks.pl\\\/en\\\/shop\\\/calatrava-basic-architecture-series\\\/#primaryimage\"},\"image\":{\"@id\":\"https:\\\/\\\/foliobooks.pl\\\/en\\\/shop\\\/calatrava-basic-architecture-series\\\/#primaryimage\"},\"thumbnailUrl\":\"https:\\\/\\\/foliobooks.pl\\\/wp-content\\\/uploads\\\/2016\\\/08\\\/9783836535656.png\",\"datePublished\":\"2016-08-01T09:46:37+00:00\",\"dateModified\":\"2025-06-18T16:04:19+00:00\",\"description\":\"Wejd\u017a i kup ksi\u0105\u017ck\u0119 Calatrava. Basic Architecture Series autorstwa Peter G\u00f6ssel, Philip Jodidio wydan\u0105 przez TASCHEN (2016-07-31) w formacie 21 x 26 cm (ISBN: 9783836535656). Zapraszamy!\",\"breadcrumb\":{\"@id\":\"https:\\\/\\\/foliobooks.pl\\\/en\\\/shop\\\/calatrava-basic-architecture-series\\\/#breadcrumb\"},\"inLanguage\":\"en-US\",\"potentialAction\":[{\"@type\":\"ReadAction\",\"target\":[\"https:\\\/\\\/foliobooks.pl\\\/en\\\/shop\\\/calatrava-basic-architecture-series\\\/\"]}]},{\"@type\":\"ImageObject\",\"inLanguage\":\"en-US\",\"@id\":\"https:\\\/\\\/foliobooks.pl\\\/en\\\/shop\\\/calatrava-basic-architecture-series\\\/#primaryimage\",\"url\":\"https:\\\/\\\/foliobooks.pl\\\/wp-content\\\/uploads\\\/2016\\\/08\\\/9783836535656.png\",\"contentUrl\":\"https:\\\/\\\/foliobooks.pl\\\/wp-content\\\/uploads\\\/2016\\\/08\\\/9783836535656.png\",\"width\":570,\"height\":708},{\"@type\":\"BreadcrumbList\",\"@id\":\"https:\\\/\\\/foliobooks.pl\\\/en\\\/shop\\\/calatrava-basic-architecture-series\\\/#breadcrumb\",\"itemListElement\":[{\"@type\":\"ListItem\",\"position\":1,\"name\":\"Strona g\u0142\u00f3wna\",\"item\":\"https:\\\/\\\/foliobooks.pl\\\/en\\\/\"},{\"@type\":\"ListItem\",\"position\":2,\"name\":\"Shop\",\"item\":\"https:\\\/\\\/foliobooks.pl\\\/en\\\/shop\\\/\"},{\"@type\":\"ListItem\",\"position\":3,\"name\":\"Calatrava. Basic Architecture Series\"}]},{\"@type\":\"WebSite\",\"@id\":\"https:\\\/\\\/foliobooks.pl\\\/en\\\/#website\",\"url\":\"https:\\\/\\\/foliobooks.pl\\\/en\\\/\",\"name\":\"Folio\",\"description\":\"Ksi\u0119garnia internetowa\",\"potentialAction\":[{\"@type\":\"SearchAction\",\"target\":{\"@type\":\"EntryPoint\",\"urlTemplate\":\"https:\\\/\\\/foliobooks.pl\\\/en\\\/?s={search_term_string}\"},\"query-input\":{\"@type\":\"PropertyValueSpecification\",\"valueRequired\":true,\"valueName\":\"search_term_string\"}}],\"inLanguage\":\"en-US\"}]}<\/script>\n<!-- \/ Yoast SEO plugin. -->","yoast_head_json":{"title":"Calatrava. Basic Architecture Series (Peter G\u00f6ssel, Philip Jodidio) - book \/ album - Folio","description":"Wejd\u017a i kup ksi\u0105\u017ck\u0119 Calatrava. Basic Architecture Series autorstwa Peter G\u00f6ssel, Philip Jodidio wydan\u0105 przez TASCHEN (2016-07-31) w formacie 21 x 26 cm (ISBN: 9783836535656). Zapraszamy!","robots":{"index":"index","follow":"follow","max-snippet":"max-snippet:-1","max-image-preview":"max-image-preview:large","max-video-preview":"max-video-preview:-1"},"canonical":"https:\/\/foliobooks.pl\/en\/shop\/calatrava-basic-architecture-series\/","og_locale":"en_US","og_type":"article","og_title":"Calatrava. Basic Architecture Series (Peter G\u00f6ssel, Philip Jodidio) - book \/ album - Folio","og_description":"Wejd\u017a i kup ksi\u0105\u017ck\u0119 Calatrava. Basic Architecture Series autorstwa Peter G\u00f6ssel, Philip Jodidio wydan\u0105 przez TASCHEN (2016-07-31) w formacie 21 x 26 cm (ISBN: 9783836535656). Zapraszamy!","og_url":"https:\/\/foliobooks.pl\/en\/shop\/calatrava-basic-architecture-series\/","og_site_name":"Folio","article_modified_time":"2025-06-18T16:04:19+00:00","og_image":[{"width":570,"height":708,"url":"https:\/\/foliobooks.pl\/wp-content\/uploads\/2016\/08\/9783836535656.png","type":"image\/png"}],"twitter_card":"summary_large_image","twitter_misc":{"Est. reading time":"1 minute"},"schema":{"@context":"https:\/\/schema.org","@graph":[{"@type":"WebPage","@id":"https:\/\/foliobooks.pl\/en\/shop\/calatrava-basic-architecture-series\/","url":"https:\/\/foliobooks.pl\/en\/shop\/calatrava-basic-architecture-series\/","name":"Calatrava. Basic Architecture Series (Peter G\u00f6ssel, Philip Jodidio) - book \/ album - Folio","isPartOf":{"@id":"https:\/\/foliobooks.pl\/en\/#website"},"primaryImageOfPage":{"@id":"https:\/\/foliobooks.pl\/en\/shop\/calatrava-basic-architecture-series\/#primaryimage"},"image":{"@id":"https:\/\/foliobooks.pl\/en\/shop\/calatrava-basic-architecture-series\/#primaryimage"},"thumbnailUrl":"https:\/\/foliobooks.pl\/wp-content\/uploads\/2016\/08\/9783836535656.png","datePublished":"2016-08-01T09:46:37+00:00","dateModified":"2025-06-18T16:04:19+00:00","description":"Wejd\u017a i kup ksi\u0105\u017ck\u0119 Calatrava. Basic Architecture Series autorstwa Peter G\u00f6ssel, Philip Jodidio wydan\u0105 przez TASCHEN (2016-07-31) w formacie 21 x 26 cm (ISBN: 9783836535656). Zapraszamy!","breadcrumb":{"@id":"https:\/\/foliobooks.pl\/en\/shop\/calatrava-basic-architecture-series\/#breadcrumb"},"inLanguage":"en-US","potentialAction":[{"@type":"ReadAction","target":["https:\/\/foliobooks.pl\/en\/shop\/calatrava-basic-architecture-series\/"]}]},{"@type":"ImageObject","inLanguage":"en-US","@id":"https:\/\/foliobooks.pl\/en\/shop\/calatrava-basic-architecture-series\/#primaryimage","url":"https:\/\/foliobooks.pl\/wp-content\/uploads\/2016\/08\/9783836535656.png","contentUrl":"https:\/\/foliobooks.pl\/wp-content\/uploads\/2016\/08\/9783836535656.png","width":570,"height":708},{"@type":"BreadcrumbList","@id":"https:\/\/foliobooks.pl\/en\/shop\/calatrava-basic-architecture-series\/#breadcrumb","itemListElement":[{"@type":"ListItem","position":1,"name":"Strona g\u0142\u00f3wna","item":"https:\/\/foliobooks.pl\/en\/"},{"@type":"ListItem","position":2,"name":"Shop","item":"https:\/\/foliobooks.pl\/en\/shop\/"},{"@type":"ListItem","position":3,"name":"Calatrava. Basic Architecture Series"}]},{"@type":"WebSite","@id":"https:\/\/foliobooks.pl\/en\/#website","url":"https:\/\/foliobooks.pl\/en\/","name":"Folio","description":"Ksi\u0119garnia internetowa","potentialAction":[{"@type":"SearchAction","target":{"@type":"EntryPoint","urlTemplate":"https:\/\/foliobooks.pl\/en\/?s={search_term_string}"},"query-input":{"@type":"PropertyValueSpecification","valueRequired":true,"valueName":"search_term_string"}}],"inLanguage":"en-US"}]}},"_links":{"self":[{"href":"https:\/\/foliobooks.pl\/en\/wp-json\/wp\/v2\/product\/15330","targetHints":{"allow":["GET"]}}],"collection":[{"href":"https:\/\/foliobooks.pl\/en\/wp-json\/wp\/v2\/product"}],"about":[{"href":"https:\/\/foliobooks.pl\/en\/wp-json\/wp\/v2\/types\/product"}],"replies":[{"embeddable":true,"href":"https:\/\/foliobooks.pl\/en\/wp-json\/wp\/v2\/comments?post=15330"}],"wp:featuredmedia":[{"embeddable":true,"href":"https:\/\/foliobooks.pl\/en\/wp-json\/wp\/v2\/media\/15321"}],"wp:attachment":[{"href":"https:\/\/foliobooks.pl\/en\/wp-json\/wp\/v2\/media?parent=15330"}],"wp:term":[{"taxonomy":"product_brand","embeddable":true,"href":"https:\/\/foliobooks.pl\/en\/wp-json\/wp\/v2\/product_brand?post=15330"},{"taxonomy":"product_cat","embeddable":true,"href":"https:\/\/foliobooks.pl\/en\/wp-json\/wp\/v2\/product_cat?post=15330"},{"taxonomy":"product_tag","embeddable":true,"href":"https:\/\/foliobooks.pl\/en\/wp-json\/wp\/v2\/product_tag?post=15330"}],"curies":[{"name":"wp","href":"https:\/\/api.w.org\/{rel}","templated":true}]}}