{"id":15318,"date":"2016-08-01T11:28:54","date_gmt":"2016-08-01T09:28:54","guid":{"rendered":"http:\/\/foliobooks.pl\/en\/sklep\/tom-of-finland-xxl\/"},"modified":"2025-03-06T15:40:33","modified_gmt":"2025-03-06T14:40:33","slug":"tom-of-finland-xxl","status":"publish","type":"product","link":"https:\/\/foliobooks.pl\/en\/shop\/tom-of-finland-xxl\/","title":{"rendered":"Tom of Finland XXL"},"content":{"rendered":"<p>In 1998, TASCHEN introduced the world to the masterful art of Touko Laaksonen with The Art of Pleasure. Prior to that, Laaksonen, better known as Tom of Finland, enjoyed an intense cult following in the international gay community but was largely unknown to a broader audience.<\/p>\n<p>In 2009, TASCHEN followed up with the ultimate Tom overview: Tom of Finland XXL, a beautiful big collector\u2019s edition with over 1,000 images, covering six decades of the artist\u2019s career. The work was gathered from collections across the United States and Europe with the help of the Tom of Finland Foundation, featuring many drawings, paintings, and sketches never previously reproduced. Other images had only been seen out of context and were finally presented in the sequential order Tom intended for full artistic appreciation and erotic impact.<\/p>\n<p>The elegant oversized volume showed the full range of Tom\u2019s talent, from sensitive portraits to frank sexual pleasure to tender expressions of love and haunting tributes to young men struck down by AIDS, and was completed by eight commissioned essays on Tom\u2019s social and personal impact by Camille Paglia, John Waters, Armistead Maupin, Todd Oldham, and others, plus a scholarly analysis of individual drawings by art historian Edward Lucie-Smith.<\/p>\n<p>The only thing missing from Tom of Finland XXL was a widely affordable price tag\u2014until now. The new Tom of Finland XXL is still big enough to work your biceps, and includes all of the original content, but costs a fraction of the original price. You\u2019re welcome.<\/p>\n","protected":false},"excerpt":{"rendered":"<p>In 1998, TASCHEN introduced the world to the masterful art of Touko Laaksonen with The Art of Pleasure. Prior to that, Laaksonen, better known as Tom of Finland, enjoyed an intense cult following in the international gay community but was largely unknown to a broader audience. In 2009, TASCHEN followed up with the ultimate Tom&#8230;<\/p>\n","protected":false},"featured_media":15311,"comment_status":"closed","ping_status":"closed","template":"","meta":[],"product_brand":[],"product_cat":[4521],"product_tag":[1647,514],"class_list":{"0":"post-15318","1":"product","2":"type-product","3":"status-publish","4":"has-post-thumbnail","6":"product_cat-silva-rerum-en-en","7":"product_tag-erotica","8":"product_tag-men-en","9":"pa_author_att-dian-hanson-en","10":"pa_author_att-john-waters-en","11":"pa_cover-hardcover","12":"pa_format-245-x-342-cm-en","13":"pa_isbn-9783836527248-en","14":"pa_language-multi","15":"pa_pages-666-en","16":"pa_published-2016-07-31-en","17":"pa_publisher-taschen-en-en","19":"first","20":"outofstock","21":"sold-individually","22":"shipping-taxable","23":"purchasable","24":"product-type-simple"},"yoast_head":"<!-- This site is optimized with the Yoast SEO plugin v27.4 - https:\/\/yoast.com\/product\/yoast-seo-wordpress\/ -->\n<title>Tom of Finland XXL (Dian Hanson, John Waters) - book \/ album - Folio<\/title>\n<meta name=\"description\" content=\"Wejd\u017a i kup ksi\u0105\u017ck\u0119 Tom of Finland XXL autorstwa Dian Hanson, John Waters wydan\u0105 przez TASCHEN (2016-07-31) w formacie 24,5 x 34,2 cm (ISBN: 9783836527248). Zapraszamy!\" \/>\n<meta name=\"robots\" content=\"index, follow, max-snippet:-1, max-image-preview:large, max-video-preview:-1\" \/>\n<link rel=\"canonical\" href=\"https:\/\/foliobooks.pl\/en\/shop\/tom-of-finland-xxl\/\" \/>\n<meta property=\"og:locale\" content=\"en_US\" \/>\n<meta property=\"og:type\" content=\"article\" \/>\n<meta property=\"og:title\" content=\"Tom of Finland XXL (Dian Hanson, John Waters) - book \/ album - Folio\" \/>\n<meta property=\"og:description\" content=\"Wejd\u017a i kup ksi\u0105\u017ck\u0119 Tom of Finland XXL autorstwa Dian Hanson, John Waters wydan\u0105 przez TASCHEN (2016-07-31) w formacie 24,5 x 34,2 cm (ISBN: 9783836527248). Zapraszamy!\" \/>\n<meta property=\"og:url\" content=\"https:\/\/foliobooks.pl\/en\/shop\/tom-of-finland-xxl\/\" \/>\n<meta property=\"og:site_name\" content=\"Folio\" \/>\n<meta property=\"article:modified_time\" content=\"2025-03-06T14:40:33+00:00\" \/>\n<meta property=\"og:image\" content=\"https:\/\/foliobooks.pl\/wp-content\/uploads\/2016\/08\/9783836527248.png\" \/>\n\t<meta property=\"og:image:width\" content=\"570\" \/>\n\t<meta property=\"og:image:height\" content=\"708\" \/>\n\t<meta property=\"og:image:type\" content=\"image\/png\" \/>\n<meta name=\"twitter:card\" content=\"summary_large_image\" \/>\n<meta name=\"twitter:label1\" content=\"Est. reading time\" \/>\n\t<meta name=\"twitter:data1\" content=\"1 minute\" \/>\n<script type=\"application\/ld+json\" class=\"yoast-schema-graph\">{\"@context\":\"https:\\\/\\\/schema.org\",\"@graph\":[{\"@type\":\"WebPage\",\"@id\":\"https:\\\/\\\/foliobooks.pl\\\/en\\\/shop\\\/tom-of-finland-xxl\\\/\",\"url\":\"https:\\\/\\\/foliobooks.pl\\\/en\\\/shop\\\/tom-of-finland-xxl\\\/\",\"name\":\"Tom of Finland XXL (Dian Hanson, John Waters) - book \\\/ album - Folio\",\"isPartOf\":{\"@id\":\"https:\\\/\\\/foliobooks.pl\\\/en\\\/#website\"},\"primaryImageOfPage\":{\"@id\":\"https:\\\/\\\/foliobooks.pl\\\/en\\\/shop\\\/tom-of-finland-xxl\\\/#primaryimage\"},\"image\":{\"@id\":\"https:\\\/\\\/foliobooks.pl\\\/en\\\/shop\\\/tom-of-finland-xxl\\\/#primaryimage\"},\"thumbnailUrl\":\"https:\\\/\\\/foliobooks.pl\\\/wp-content\\\/uploads\\\/2016\\\/08\\\/9783836527248.png\",\"datePublished\":\"2016-08-01T09:28:54+00:00\",\"dateModified\":\"2025-03-06T14:40:33+00:00\",\"description\":\"Wejd\u017a i kup ksi\u0105\u017ck\u0119 Tom of Finland XXL autorstwa Dian Hanson, John Waters wydan\u0105 przez TASCHEN (2016-07-31) w formacie 24,5 x 34,2 cm (ISBN: 9783836527248). Zapraszamy!\",\"breadcrumb\":{\"@id\":\"https:\\\/\\\/foliobooks.pl\\\/en\\\/shop\\\/tom-of-finland-xxl\\\/#breadcrumb\"},\"inLanguage\":\"en-US\",\"potentialAction\":[{\"@type\":\"ReadAction\",\"target\":[\"https:\\\/\\\/foliobooks.pl\\\/en\\\/shop\\\/tom-of-finland-xxl\\\/\"]}]},{\"@type\":\"ImageObject\",\"inLanguage\":\"en-US\",\"@id\":\"https:\\\/\\\/foliobooks.pl\\\/en\\\/shop\\\/tom-of-finland-xxl\\\/#primaryimage\",\"url\":\"https:\\\/\\\/foliobooks.pl\\\/wp-content\\\/uploads\\\/2016\\\/08\\\/9783836527248.png\",\"contentUrl\":\"https:\\\/\\\/foliobooks.pl\\\/wp-content\\\/uploads\\\/2016\\\/08\\\/9783836527248.png\",\"width\":570,\"height\":708},{\"@type\":\"BreadcrumbList\",\"@id\":\"https:\\\/\\\/foliobooks.pl\\\/en\\\/shop\\\/tom-of-finland-xxl\\\/#breadcrumb\",\"itemListElement\":[{\"@type\":\"ListItem\",\"position\":1,\"name\":\"Strona g\u0142\u00f3wna\",\"item\":\"https:\\\/\\\/foliobooks.pl\\\/en\\\/\"},{\"@type\":\"ListItem\",\"position\":2,\"name\":\"Shop\",\"item\":\"https:\\\/\\\/foliobooks.pl\\\/en\\\/shop\\\/\"},{\"@type\":\"ListItem\",\"position\":3,\"name\":\"Tom of Finland XXL\"}]},{\"@type\":\"WebSite\",\"@id\":\"https:\\\/\\\/foliobooks.pl\\\/en\\\/#website\",\"url\":\"https:\\\/\\\/foliobooks.pl\\\/en\\\/\",\"name\":\"Folio\",\"description\":\"Ksi\u0119garnia internetowa\",\"potentialAction\":[{\"@type\":\"SearchAction\",\"target\":{\"@type\":\"EntryPoint\",\"urlTemplate\":\"https:\\\/\\\/foliobooks.pl\\\/en\\\/?s={search_term_string}\"},\"query-input\":{\"@type\":\"PropertyValueSpecification\",\"valueRequired\":true,\"valueName\":\"search_term_string\"}}],\"inLanguage\":\"en-US\"}]}<\/script>\n<!-- \/ Yoast SEO plugin. -->","yoast_head_json":{"title":"Tom of Finland XXL (Dian Hanson, John Waters) - book \/ album - Folio","description":"Wejd\u017a i kup ksi\u0105\u017ck\u0119 Tom of Finland XXL autorstwa Dian Hanson, John Waters wydan\u0105 przez TASCHEN (2016-07-31) w formacie 24,5 x 34,2 cm (ISBN: 9783836527248). Zapraszamy!","robots":{"index":"index","follow":"follow","max-snippet":"max-snippet:-1","max-image-preview":"max-image-preview:large","max-video-preview":"max-video-preview:-1"},"canonical":"https:\/\/foliobooks.pl\/en\/shop\/tom-of-finland-xxl\/","og_locale":"en_US","og_type":"article","og_title":"Tom of Finland XXL (Dian Hanson, John Waters) - book \/ album - Folio","og_description":"Wejd\u017a i kup ksi\u0105\u017ck\u0119 Tom of Finland XXL autorstwa Dian Hanson, John Waters wydan\u0105 przez TASCHEN (2016-07-31) w formacie 24,5 x 34,2 cm (ISBN: 9783836527248). Zapraszamy!","og_url":"https:\/\/foliobooks.pl\/en\/shop\/tom-of-finland-xxl\/","og_site_name":"Folio","article_modified_time":"2025-03-06T14:40:33+00:00","og_image":[{"width":570,"height":708,"url":"https:\/\/foliobooks.pl\/wp-content\/uploads\/2016\/08\/9783836527248.png","type":"image\/png"}],"twitter_card":"summary_large_image","twitter_misc":{"Est. reading time":"1 minute"},"schema":{"@context":"https:\/\/schema.org","@graph":[{"@type":"WebPage","@id":"https:\/\/foliobooks.pl\/en\/shop\/tom-of-finland-xxl\/","url":"https:\/\/foliobooks.pl\/en\/shop\/tom-of-finland-xxl\/","name":"Tom of Finland XXL (Dian Hanson, John Waters) - book \/ album - Folio","isPartOf":{"@id":"https:\/\/foliobooks.pl\/en\/#website"},"primaryImageOfPage":{"@id":"https:\/\/foliobooks.pl\/en\/shop\/tom-of-finland-xxl\/#primaryimage"},"image":{"@id":"https:\/\/foliobooks.pl\/en\/shop\/tom-of-finland-xxl\/#primaryimage"},"thumbnailUrl":"https:\/\/foliobooks.pl\/wp-content\/uploads\/2016\/08\/9783836527248.png","datePublished":"2016-08-01T09:28:54+00:00","dateModified":"2025-03-06T14:40:33+00:00","description":"Wejd\u017a i kup ksi\u0105\u017ck\u0119 Tom of Finland XXL autorstwa Dian Hanson, John Waters wydan\u0105 przez TASCHEN (2016-07-31) w formacie 24,5 x 34,2 cm (ISBN: 9783836527248). Zapraszamy!","breadcrumb":{"@id":"https:\/\/foliobooks.pl\/en\/shop\/tom-of-finland-xxl\/#breadcrumb"},"inLanguage":"en-US","potentialAction":[{"@type":"ReadAction","target":["https:\/\/foliobooks.pl\/en\/shop\/tom-of-finland-xxl\/"]}]},{"@type":"ImageObject","inLanguage":"en-US","@id":"https:\/\/foliobooks.pl\/en\/shop\/tom-of-finland-xxl\/#primaryimage","url":"https:\/\/foliobooks.pl\/wp-content\/uploads\/2016\/08\/9783836527248.png","contentUrl":"https:\/\/foliobooks.pl\/wp-content\/uploads\/2016\/08\/9783836527248.png","width":570,"height":708},{"@type":"BreadcrumbList","@id":"https:\/\/foliobooks.pl\/en\/shop\/tom-of-finland-xxl\/#breadcrumb","itemListElement":[{"@type":"ListItem","position":1,"name":"Strona g\u0142\u00f3wna","item":"https:\/\/foliobooks.pl\/en\/"},{"@type":"ListItem","position":2,"name":"Shop","item":"https:\/\/foliobooks.pl\/en\/shop\/"},{"@type":"ListItem","position":3,"name":"Tom of Finland XXL"}]},{"@type":"WebSite","@id":"https:\/\/foliobooks.pl\/en\/#website","url":"https:\/\/foliobooks.pl\/en\/","name":"Folio","description":"Ksi\u0119garnia internetowa","potentialAction":[{"@type":"SearchAction","target":{"@type":"EntryPoint","urlTemplate":"https:\/\/foliobooks.pl\/en\/?s={search_term_string}"},"query-input":{"@type":"PropertyValueSpecification","valueRequired":true,"valueName":"search_term_string"}}],"inLanguage":"en-US"}]}},"_links":{"self":[{"href":"https:\/\/foliobooks.pl\/en\/wp-json\/wp\/v2\/product\/15318","targetHints":{"allow":["GET"]}}],"collection":[{"href":"https:\/\/foliobooks.pl\/en\/wp-json\/wp\/v2\/product"}],"about":[{"href":"https:\/\/foliobooks.pl\/en\/wp-json\/wp\/v2\/types\/product"}],"replies":[{"embeddable":true,"href":"https:\/\/foliobooks.pl\/en\/wp-json\/wp\/v2\/comments?post=15318"}],"wp:featuredmedia":[{"embeddable":true,"href":"https:\/\/foliobooks.pl\/en\/wp-json\/wp\/v2\/media\/15311"}],"wp:attachment":[{"href":"https:\/\/foliobooks.pl\/en\/wp-json\/wp\/v2\/media?parent=15318"}],"wp:term":[{"taxonomy":"product_brand","embeddable":true,"href":"https:\/\/foliobooks.pl\/en\/wp-json\/wp\/v2\/product_brand?post=15318"},{"taxonomy":"product_cat","embeddable":true,"href":"https:\/\/foliobooks.pl\/en\/wp-json\/wp\/v2\/product_cat?post=15318"},{"taxonomy":"product_tag","embeddable":true,"href":"https:\/\/foliobooks.pl\/en\/wp-json\/wp\/v2\/product_tag?post=15318"}],"curies":[{"name":"wp","href":"https:\/\/api.w.org\/{rel}","templated":true}]}}